{"id":4334,"date":"2024-04-26T11:22:56","date_gmt":"2024-04-26T11:22:56","guid":{"rendered":"https:\/\/www.nlighten.com\/team\/"},"modified":"2025-11-14T09:57:35","modified_gmt":"2025-11-14T09:57:35","slug":"notre-equipe","status":"publish","type":"page","link":"https:\/\/www.nlighten.com\/fr\/notre-equipe\/","title":{"rendered":"Team"},"content":{"rendered":"\t\t<div data-elementor-type=\"wp-page\" data-elementor-id=\"4334\" class=\"elementor elementor-4334 elementor-2962\" data-elementor-post-type=\"page\">\n\t\t\t\t<div class=\"elementor-element elementor-element-e0a7f14 e-flex e-con-boxed e-con e-parent\" data-id=\"e0a7f14\" data-element_type=\"container\" data-e-type=\"container\">\n\t\t\t\t\t<div class=\"e-con-inner\">\n\t\t\t\t<div class=\"elementor-element elementor-element-acc24dc elementor-widget elementor-widget-heading\" data-id=\"acc24dc\" data-element_type=\"widget\" data-e-type=\"widget\" data-widget_type=\"heading.default\">\n\t\t\t\t<div class=\"elementor-widget-container\">\n\t\t\t\t\t<h2 class=\"elementor-heading-title elementor-size-default\">Pourquoi nLighten<\/h2>\t\t\t\t<\/div>\n\t\t\t\t<\/div>\n\t\t\t\t<div class=\"elementor-element elementor-element-b3eb179 elementor-widget elementor-widget-heading\" data-id=\"b3eb179\" data-element_type=\"widget\" data-e-type=\"widget\" data-widget_type=\"heading.default\">\n\t\t\t\t<div class=\"elementor-widget-container\">\n\t\t\t\t\t<h1 class=\"elementor-heading-title elementor-size-default\">Rencontrez notre \u00e9quipe<\/h1>\t\t\t\t<\/div>\n\t\t\t\t<\/div>\n\t\t\t\t<div class=\"elementor-element elementor-element-fd83a63 elementor-widget elementor-widget-heading\" data-id=\"fd83a63\" data-element_type=\"widget\" data-e-type=\"widget\" data-widget_type=\"heading.default\">\n\t\t\t\t<div class=\"elementor-widget-container\">\n\t\t\t\t\t<h3 class=\"elementor-heading-title elementor-size-default\">Les visages derri\u00e8re notre mission<\/h3>\t\t\t\t<\/div>\n\t\t\t\t<\/div>\n\t\t\t\t<div class=\"elementor-element elementor-element-40db0aa elementor-widget elementor-widget-text-editor\" data-id=\"40db0aa\" data-element_type=\"widget\" data-e-type=\"widget\" data-widget_type=\"text-editor.default\">\n\t\t\t\t<div class=\"elementor-widget-container\">\n\t\t\t\t\t\t\t\t\t<p>Bienvenue au c\u0153ur de nLighten \u2014 l\u00e0 o\u00f9 la vision de notre \u00e9quipe de direction et le d\u00e9vouement de plus de 300 collaborateurs \u00e0 travers l\u2019Europe propulsent notre mission vers l\u2019avenir. Ensemble, nous construisons une nouvelle g\u00e9n\u00e9ration de data centers de proximit\u00e9 \u2014 Close, Coupled et Connected \u2014 afin de transformer les infrastructures num\u00e9riques pour un futur plus durable et plus intelligent.<\/p><p>Chez nLighten, les personnes sont au centre de tout ce que nous faisons. De notre \u00e9quipe de direction, qui d\u00e9finit l\u2019orientation strat\u00e9gique, \u00e0 nos ing\u00e9nieurs, sp\u00e9cialistes des op\u00e9rations et experts clients, qui garantissent l\u2019excellence au quotidien \u2014 chacun apporte son expertise et sa passion uniques.<\/p><p>C\u2019est cette \u00e9nergie collective et ce sens du but commun qui font de nLighten bien plus qu\u2019une entreprise \u2014 une v\u00e9ritable communaut\u00e9 engag\u00e9e \u00e0 cr\u00e9er un impact significatif dans le monde num\u00e9rique.<\/p>\t\t\t\t\t\t\t\t<\/div>\n\t\t\t\t<\/div>\n\t\t\t\t<div class=\"elementor-element elementor-element-55b1d67 elementor-widget elementor-widget-image\" data-id=\"55b1d67\" data-element_type=\"widget\" data-e-type=\"widget\" data-widget_type=\"image.default\">\n\t\t\t\t<div class=\"elementor-widget-container\">\n\t\t\t\t\t\t\t\t\t\t\t\t\t\t\t<img fetchpriority=\"high\" decoding=\"async\" width=\"1200\" height=\"1500\" src=\"https:\/\/www.nlighten.com\/wp-content\/uploads\/2025\/11\/Photo-Management-Team.jpg\" class=\"attachment-full size-full wp-image-21008\" alt=\"nLighten Team\" srcset=\"https:\/\/www.nlighten.com\/wp-content\/uploads\/2025\/11\/Photo-Management-Team.jpg 1200w, https:\/\/www.nlighten.com\/wp-content\/uploads\/2025\/11\/Photo-Management-Team-240x300.jpg 240w, https:\/\/www.nlighten.com\/wp-content\/uploads\/2025\/11\/Photo-Management-Team-819x1024.jpg 819w, https:\/\/www.nlighten.com\/wp-content\/uploads\/2025\/11\/Photo-Management-Team-120x150.jpg 120w, https:\/\/www.nlighten.com\/wp-content\/uploads\/2025\/11\/Photo-Management-Team-768x960.jpg 768w\" sizes=\"(max-width: 1200px) 100vw, 1200px\" \/>\t\t\t\t\t\t\t\t\t\t\t\t\t\t\t<\/div>\n\t\t\t\t<\/div>\n\t\t\t\t\t<\/div>\n\t\t\t\t<\/div>\n\t\t<div class=\"elementor-element elementor-element-4aa0912 elementor-hidden-tablet elementor-hidden-mobile e-flex e-con-boxed e-con e-parent\" data-id=\"4aa0912\" data-element_type=\"container\" data-e-type=\"container\" data-settings=\"{&quot;background_background&quot;:&quot;classic&quot;}\">\n\t\t\t\t\t<div class=\"e-con-inner\">\n\t\t\t\t<div class=\"elementor-element elementor-element-13471b7 elementor-absolute elementor-hidden-tablet elementor-hidden-mobile elementor-widget elementor-widget-image\" data-id=\"13471b7\" data-element_type=\"widget\" data-e-type=\"widget\" data-settings=\"{&quot;_position&quot;:&quot;absolute&quot;}\" data-widget_type=\"image.default\">\n\t\t\t\t<div class=\"elementor-widget-container\">\n\t\t\t\t\t\t\t\t\t\t\t\t\t\t\t<img decoding=\"async\" width=\"342\" height=\"1048\" src=\"https:\/\/www.nlighten.com\/wp-content\/uploads\/2024\/04\/services-grapic-element-large-bottom-1.webp\" class=\"attachment-full size-full wp-image-3425\" alt=\"\" srcset=\"https:\/\/www.nlighten.com\/wp-content\/uploads\/2024\/04\/services-grapic-element-large-bottom-1.webp 342w, https:\/\/www.nlighten.com\/wp-content\/uploads\/2024\/04\/services-grapic-element-large-bottom-1-98x300.webp 98w, https:\/\/www.nlighten.com\/wp-content\/uploads\/2024\/04\/services-grapic-element-large-bottom-1-334x1024.webp 334w\" sizes=\"(max-width: 342px) 100vw, 342px\" \/>\t\t\t\t\t\t\t\t\t\t\t\t\t\t\t<\/div>\n\t\t\t\t<\/div>\n\t\t\t\t\t<\/div>\n\t\t\t\t<\/div>\n\t\t<div class=\"elementor-element elementor-element-d4da12f pale-green-grad-bg e-flex e-con-boxed e-con e-parent\" data-id=\"d4da12f\" data-element_type=\"container\" data-e-type=\"container\" data-settings=\"{&quot;background_background&quot;:&quot;classic&quot;}\">\n\t\t\t\t\t<div class=\"e-con-inner\">\n\t\t\t\t<div class=\"elementor-element elementor-element-88f0fd1 elementor-widget__width-initial elementor-widget-mobile__width-inherit elementor-widget elementor-widget-text-editor\" data-id=\"88f0fd1\" data-element_type=\"widget\" data-e-type=\"widget\" data-widget_type=\"text-editor.default\">\n\t\t\t\t<div class=\"elementor-widget-container\">\n\t\t\t\t\t\t\t\t\t<p>Voulez-vous nous contacter?<\/p>\n\t\t\t\t\t\t\t\t<\/div>\n\t\t\t\t<\/div>\n\t\t\t\t<div class=\"elementor-element elementor-element-0bff2ca elementor-widget elementor-widget-button\" data-id=\"0bff2ca\" data-element_type=\"widget\" data-e-type=\"widget\" data-widget_type=\"button.default\">\n\t\t\t\t<div class=\"elementor-widget-container\">\n\t\t\t\t\t\t\t\t\t<div class=\"elementor-button-wrapper\">\n\t\t\t\t\t<a class=\"elementor-button elementor-button-link elementor-size-sm\" href=\"http:\/\/www.nlighten.com\/fr\/contact\/\">\n\t\t\t\t\t\t<span class=\"elementor-button-content-wrapper\">\n\t\t\t\t\t\t\t\t\t<span class=\"elementor-button-text\">Contactez-nous<\/span>\n\t\t\t\t\t<\/span>\n\t\t\t\t\t<\/a>\n\t\t\t\t<\/div>\n\t\t\t\t\t\t\t\t<\/div>\n\t\t\t\t<\/div>\n\t\t\t\t\t<\/div>\n\t\t\t\t<\/div>\n\t\t\t\t<\/div>\n\t\t","protected":false},"excerpt":{"rendered":"<p>Pourquoi nLighten Rencontrez notre \u00e9quipe Les visages derri\u00e8re notre mission Bienvenue au c\u0153ur de nLighten \u2014 l\u00e0 o\u00f9 la vision de notre \u00e9quipe de direction et le d\u00e9vouement de plus &#8230; <a title=\"Team\" class=\"read-more\" href=\"https:\/\/www.nlighten.com\/fr\/notre-equipe\/\" aria-label=\"En savoir plus sur Team\">Lire la suite<\/a><\/p>\n","protected":false},"author":2,"featured_media":0,"parent":0,"menu_order":0,"comment_status":"closed","ping_status":"closed","template":"","meta":{"_acf_changed":false,"footnotes":""},"class_list":["post-4334","page","type-page","status-publish"],"acf":[],"yoast_head":"<!-- This site is optimized with the Yoast SEO plugin v27.4 - https:\/\/yoast.com\/product\/yoast-seo-wordpress\/ -->\n<title>L&#039;\u00e9quipe NLighten<\/title>\n<meta name=\"description\" content=\"nLighten, le data center vert \u00ab pr\u00e8s de chez moi \u00bb. Choisissez parmi 10 colocations cl\u00e9s en Allemagne pour une latence ultra-faible &amp; verte.\" \/>\n<meta name=\"robots\" content=\"index, follow, max-snippet:-1, max-image-preview:large, max-video-preview:-1\" \/>\n<link rel=\"canonical\" href=\"https:\/\/www.nlighten.com\/fr\/notre-equipe\/\" \/>\n<meta property=\"og:locale\" content=\"fr_FR\" \/>\n<meta property=\"og:type\" content=\"article\" \/>\n<meta property=\"og:title\" content=\"L&#039;\u00e9quipe NLighten\" \/>\n<meta property=\"og:description\" content=\"nLighten, le data center vert \u00ab pr\u00e8s de chez moi \u00bb. Choisissez parmi 10 colocations cl\u00e9s en Allemagne pour une latence ultra-faible &amp; verte.\" \/>\n<meta property=\"og:url\" content=\"https:\/\/www.nlighten.com\/fr\/notre-equipe\/\" \/>\n<meta property=\"og:site_name\" content=\"nLighten\" \/>\n<meta property=\"article:modified_time\" content=\"2025-11-14T09:57:35+00:00\" \/>\n<meta property=\"og:image\" content=\"https:\/\/www.nlighten.com\/wp-content\/uploads\/2025\/11\/Photo-Management-Team.jpg\" \/>\n\t<meta property=\"og:image:width\" content=\"1200\" \/>\n\t<meta property=\"og:image:height\" content=\"1500\" \/>\n\t<meta property=\"og:image:type\" content=\"image\/jpeg\" \/>\n<meta name=\"twitter:card\" content=\"summary_large_image\" \/>\n<meta name=\"twitter:label1\" content=\"Dur\u00e9e de lecture estim\u00e9e\" \/>\n\t<meta name=\"twitter:data1\" content=\"2 minutes\" \/>\n<script type=\"application\/ld+json\" class=\"yoast-schema-graph\">{\"@context\":\"https:\\\/\\\/schema.org\",\"@graph\":[{\"@type\":\"WebPage\",\"@id\":\"https:\\\/\\\/www.nlighten.com\\\/fr\\\/notre-equipe\\\/\",\"url\":\"https:\\\/\\\/www.nlighten.com\\\/fr\\\/notre-equipe\\\/\",\"name\":\"L'\u00e9quipe NLighten\",\"isPartOf\":{\"@id\":\"https:\\\/\\\/www.nlighten.com\\\/fr\\\/#website\"},\"primaryImageOfPage\":{\"@id\":\"https:\\\/\\\/www.nlighten.com\\\/fr\\\/notre-equipe\\\/#primaryimage\"},\"image\":{\"@id\":\"https:\\\/\\\/www.nlighten.com\\\/fr\\\/notre-equipe\\\/#primaryimage\"},\"thumbnailUrl\":\"https:\\\/\\\/www.nlighten.com\\\/wp-content\\\/uploads\\\/2025\\\/11\\\/Photo-Management-Team.jpg\",\"datePublished\":\"2024-04-26T11:22:56+00:00\",\"dateModified\":\"2025-11-14T09:57:35+00:00\",\"description\":\"nLighten, le data center vert \u00ab pr\u00e8s de chez moi \u00bb. Choisissez parmi 10 colocations cl\u00e9s en Allemagne pour une latence ultra-faible & verte.\",\"breadcrumb\":{\"@id\":\"https:\\\/\\\/www.nlighten.com\\\/fr\\\/notre-equipe\\\/#breadcrumb\"},\"inLanguage\":\"fr-FR\",\"potentialAction\":[{\"@type\":\"ReadAction\",\"target\":[\"https:\\\/\\\/www.nlighten.com\\\/fr\\\/notre-equipe\\\/\"]}]},{\"@type\":\"ImageObject\",\"inLanguage\":\"fr-FR\",\"@id\":\"https:\\\/\\\/www.nlighten.com\\\/fr\\\/notre-equipe\\\/#primaryimage\",\"url\":\"https:\\\/\\\/www.nlighten.com\\\/wp-content\\\/uploads\\\/2025\\\/11\\\/Photo-Management-Team.jpg\",\"contentUrl\":\"https:\\\/\\\/www.nlighten.com\\\/wp-content\\\/uploads\\\/2025\\\/11\\\/Photo-Management-Team.jpg\"},{\"@type\":\"BreadcrumbList\",\"@id\":\"https:\\\/\\\/www.nlighten.com\\\/fr\\\/notre-equipe\\\/#breadcrumb\",\"itemListElement\":[{\"@type\":\"ListItem\",\"position\":1,\"name\":\"Home\",\"item\":\"https:\\\/\\\/www.nlighten.com\\\/fr\\\/\"},{\"@type\":\"ListItem\",\"position\":2,\"name\":\"Team\"}]},{\"@type\":\"WebSite\",\"@id\":\"https:\\\/\\\/www.nlighten.com\\\/fr\\\/#website\",\"url\":\"https:\\\/\\\/www.nlighten.com\\\/fr\\\/\",\"name\":\"nLighten\",\"description\":\"\",\"publisher\":{\"@id\":\"https:\\\/\\\/www.nlighten.com\\\/fr\\\/#organization\"},\"potentialAction\":[{\"@type\":\"SearchAction\",\"target\":{\"@type\":\"EntryPoint\",\"urlTemplate\":\"https:\\\/\\\/www.nlighten.com\\\/fr\\\/?s={search_term_string}\"},\"query-input\":{\"@type\":\"PropertyValueSpecification\",\"valueRequired\":true,\"valueName\":\"search_term_string\"}}],\"inLanguage\":\"fr-FR\"},{\"@type\":\"Organization\",\"@id\":\"https:\\\/\\\/www.nlighten.com\\\/fr\\\/#organization\",\"name\":\"nLighten\",\"url\":\"https:\\\/\\\/www.nlighten.com\\\/fr\\\/\",\"logo\":{\"@type\":\"ImageObject\",\"inLanguage\":\"fr-FR\",\"@id\":\"https:\\\/\\\/www.nlighten.com\\\/fr\\\/#\\\/schema\\\/logo\\\/image\\\/\",\"url\":\"https:\\\/\\\/www.nlighten.com\\\/wp-content\\\/uploads\\\/2024\\\/05\\\/nlighten_logo_green_bg.png\",\"contentUrl\":\"https:\\\/\\\/www.nlighten.com\\\/wp-content\\\/uploads\\\/2024\\\/05\\\/nlighten_logo_green_bg.png\",\"width\":696,\"height\":696,\"caption\":\"nLighten\"},\"image\":{\"@id\":\"https:\\\/\\\/www.nlighten.com\\\/fr\\\/#\\\/schema\\\/logo\\\/image\\\/\"},\"sameAs\":[\"https:\\\/\\\/www.linkedin.com\\\/company\\\/nlighten-datacenters\\\/\"]}]}<\/script>\n<!-- \/ Yoast SEO plugin. -->","yoast_head_json":{"title":"L'\u00e9quipe NLighten","description":"nLighten, le data center vert \u00ab pr\u00e8s de chez moi \u00bb. Choisissez parmi 10 colocations cl\u00e9s en Allemagne pour une latence ultra-faible & verte.","robots":{"index":"index","follow":"follow","max-snippet":"max-snippet:-1","max-image-preview":"max-image-preview:large","max-video-preview":"max-video-preview:-1"},"canonical":"https:\/\/www.nlighten.com\/fr\/notre-equipe\/","og_locale":"fr_FR","og_type":"article","og_title":"L'\u00e9quipe NLighten","og_description":"nLighten, le data center vert \u00ab pr\u00e8s de chez moi \u00bb. Choisissez parmi 10 colocations cl\u00e9s en Allemagne pour une latence ultra-faible & verte.","og_url":"https:\/\/www.nlighten.com\/fr\/notre-equipe\/","og_site_name":"nLighten","article_modified_time":"2025-11-14T09:57:35+00:00","og_image":[{"width":1200,"height":1500,"url":"https:\/\/www.nlighten.com\/wp-content\/uploads\/2025\/11\/Photo-Management-Team.jpg","type":"image\/jpeg"}],"twitter_card":"summary_large_image","twitter_misc":{"Dur\u00e9e de lecture estim\u00e9e":"2 minutes"},"schema":{"@context":"https:\/\/schema.org","@graph":[{"@type":"WebPage","@id":"https:\/\/www.nlighten.com\/fr\/notre-equipe\/","url":"https:\/\/www.nlighten.com\/fr\/notre-equipe\/","name":"L'\u00e9quipe NLighten","isPartOf":{"@id":"https:\/\/www.nlighten.com\/fr\/#website"},"primaryImageOfPage":{"@id":"https:\/\/www.nlighten.com\/fr\/notre-equipe\/#primaryimage"},"image":{"@id":"https:\/\/www.nlighten.com\/fr\/notre-equipe\/#primaryimage"},"thumbnailUrl":"https:\/\/www.nlighten.com\/wp-content\/uploads\/2025\/11\/Photo-Management-Team.jpg","datePublished":"2024-04-26T11:22:56+00:00","dateModified":"2025-11-14T09:57:35+00:00","description":"nLighten, le data center vert \u00ab pr\u00e8s de chez moi \u00bb. Choisissez parmi 10 colocations cl\u00e9s en Allemagne pour une latence ultra-faible & verte.","breadcrumb":{"@id":"https:\/\/www.nlighten.com\/fr\/notre-equipe\/#breadcrumb"},"inLanguage":"fr-FR","potentialAction":[{"@type":"ReadAction","target":["https:\/\/www.nlighten.com\/fr\/notre-equipe\/"]}]},{"@type":"ImageObject","inLanguage":"fr-FR","@id":"https:\/\/www.nlighten.com\/fr\/notre-equipe\/#primaryimage","url":"https:\/\/www.nlighten.com\/wp-content\/uploads\/2025\/11\/Photo-Management-Team.jpg","contentUrl":"https:\/\/www.nlighten.com\/wp-content\/uploads\/2025\/11\/Photo-Management-Team.jpg"},{"@type":"BreadcrumbList","@id":"https:\/\/www.nlighten.com\/fr\/notre-equipe\/#breadcrumb","itemListElement":[{"@type":"ListItem","position":1,"name":"Home","item":"https:\/\/www.nlighten.com\/fr\/"},{"@type":"ListItem","position":2,"name":"Team"}]},{"@type":"WebSite","@id":"https:\/\/www.nlighten.com\/fr\/#website","url":"https:\/\/www.nlighten.com\/fr\/","name":"nLighten","description":"","publisher":{"@id":"https:\/\/www.nlighten.com\/fr\/#organization"},"potentialAction":[{"@type":"SearchAction","target":{"@type":"EntryPoint","urlTemplate":"https:\/\/www.nlighten.com\/fr\/?s={search_term_string}"},"query-input":{"@type":"PropertyValueSpecification","valueRequired":true,"valueName":"search_term_string"}}],"inLanguage":"fr-FR"},{"@type":"Organization","@id":"https:\/\/www.nlighten.com\/fr\/#organization","name":"nLighten","url":"https:\/\/www.nlighten.com\/fr\/","logo":{"@type":"ImageObject","inLanguage":"fr-FR","@id":"https:\/\/www.nlighten.com\/fr\/#\/schema\/logo\/image\/","url":"https:\/\/www.nlighten.com\/wp-content\/uploads\/2024\/05\/nlighten_logo_green_bg.png","contentUrl":"https:\/\/www.nlighten.com\/wp-content\/uploads\/2024\/05\/nlighten_logo_green_bg.png","width":696,"height":696,"caption":"nLighten"},"image":{"@id":"https:\/\/www.nlighten.com\/fr\/#\/schema\/logo\/image\/"},"sameAs":["https:\/\/www.linkedin.com\/company\/nlighten-datacenters\/"]}]}},"publishpress_future_workflow_manual_trigger":{"enabledWorkflows":[]},"_links":{"self":[{"href":"https:\/\/www.nlighten.com\/fr\/wp-json\/wp\/v2\/pages\/4334","targetHints":{"allow":["GET"]}}],"collection":[{"href":"https:\/\/www.nlighten.com\/fr\/wp-json\/wp\/v2\/pages"}],"about":[{"href":"https:\/\/www.nlighten.com\/fr\/wp-json\/wp\/v2\/types\/page"}],"author":[{"embeddable":true,"href":"https:\/\/www.nlighten.com\/fr\/wp-json\/wp\/v2\/users\/2"}],"replies":[{"embeddable":true,"href":"https:\/\/www.nlighten.com\/fr\/wp-json\/wp\/v2\/comments?post=4334"}],"version-history":[{"count":0,"href":"https:\/\/www.nlighten.com\/fr\/wp-json\/wp\/v2\/pages\/4334\/revisions"}],"wp:attachment":[{"href":"https:\/\/www.nlighten.com\/fr\/wp-json\/wp\/v2\/media?parent=4334"}],"curies":[{"name":"wp","href":"https:\/\/api.w.org\/{rel}","templated":true}]}}