{"id":4284,"date":"2024-04-25T08:10:46","date_gmt":"2024-04-25T08:10:46","guid":{"rendered":"https:\/\/www.nlighten.com\/espagne\/"},"modified":"2026-03-06T16:09:22","modified_gmt":"2026-03-06T16:09:22","slug":"espagne","status":"publish","type":"page","link":"https:\/\/www.nlighten.com\/fr\/sites-pages-details\/espagne\/","title":{"rendered":"Espagne"},"content":{"rendered":"\t\t<div data-elementor-type=\"wp-page\" data-elementor-id=\"4284\" class=\"elementor elementor-4284 elementor-1658\" data-elementor-post-type=\"page\">\n\t\t\t\t<div class=\"elementor-element elementor-element-fb71edd e-flex e-con-boxed e-con e-parent\" data-id=\"fb71edd\" data-element_type=\"container\" data-e-type=\"container\" data-settings=\"{&quot;background_background&quot;:&quot;classic&quot;}\">\n\t\t\t\t\t<div class=\"e-con-inner\">\n\t\t\t\t<div class=\"elementor-element elementor-element-14577ec elementor-widget-tablet__width-inherit elementor-widget elementor-widget-heading\" data-id=\"14577ec\" data-element_type=\"widget\" data-e-type=\"widget\" data-widget_type=\"heading.default\">\n\t\t\t\t<div class=\"elementor-widget-container\">\n\t\t\t\t\t<h3 class=\"elementor-heading-title elementor-size-default\">Implantations de nos data centres Edge<\/h3>\t\t\t\t<\/div>\n\t\t\t\t<\/div>\n\t\t\t\t<div class=\"elementor-element elementor-element-f346ae3 elementor-widget-tablet__width-inherit elementor-widget elementor-widget-heading\" data-id=\"f346ae3\" data-element_type=\"widget\" data-e-type=\"widget\" data-widget_type=\"heading.default\">\n\t\t\t\t<div class=\"elementor-widget-container\">\n\t\t\t\t\t<h1 class=\"elementor-heading-title elementor-size-default\">nLighten Espagne<\/h1>\t\t\t\t<\/div>\n\t\t\t\t<\/div>\n\t\t\t\t<div class=\"elementor-element elementor-element-3c985ae elementor-widget-tablet__width-inherit elementor-widget elementor-widget-text-editor\" data-id=\"3c985ae\" data-element_type=\"widget\" data-e-type=\"widget\" data-widget_type=\"text-editor.default\">\n\t\t\t\t<div class=\"elementor-widget-container\">\n\t\t\t\t\t\t\t\t\t<p>La force \u00e9conomique de l&rsquo;Espagne repose sur des industries telles que le tourisme, l\u2019assemblage automobile, les \u00e9nergies renouvelables et les technologies de l&rsquo;information. En outre, l&rsquo;Espagne b\u00e9n\u00e9ficie d&rsquo;une situation g\u00e9ographique strat\u00e9gique en tant que passerelle entre l&rsquo;Europe et l&rsquo;Am\u00e9rique latine. Une politique commerciale ouverte et des exportations importantes font du pays une destination attrayante pour les investisseurs internationaux. Madrid et Barcelone sont des centres technologiques europ\u00e9ens de premier plan, offrant des \u00e9cosyst\u00e8mes riches pour les startups et les entreprises. Barcelone est \u00e9galement l&rsquo;un des ports les plus importants du bassin m\u00e9diterran\u00e9en. Des villes comme Valence, S\u00e9ville, Bilbao et Malaga sont \u00e9galement des centres \u00e9conomiques importants. L&rsquo;infrastructure des t\u00e9l\u00e9communications se caract\u00e9rise par un r\u00e9seau bien d\u00e9velopp\u00e9 avec des services de t\u00e9l\u00e9phonie mobile de haute qualit\u00e9. La disponibilit\u00e9 de l&rsquo;internet \u00e0 haut d\u00e9bit est particuli\u00e8rement \u00e9lev\u00e9e dans les zones urbaines. Des investissements intensifs sont r\u00e9alis\u00e9s dans le d\u00e9veloppement de la 5G.        <\/p>\n\t\t\t\t\t\t\t\t<\/div>\n\t\t\t\t<\/div>\n\t\t\t\t\t<\/div>\n\t\t\t\t<\/div>\n\t\t<div class=\"elementor-element elementor-element-203fc01 e-flex e-con-boxed e-con e-parent\" data-id=\"203fc01\" data-element_type=\"container\" data-e-type=\"container\">\n\t\t\t\t\t<div class=\"e-con-inner\">\n\t\t\t\t<div class=\"elementor-element elementor-element-1bcba81 elementor-widget-tablet__width-inherit elementor-widget elementor-widget-heading\" data-id=\"1bcba81\" data-element_type=\"widget\" data-e-type=\"widget\" data-widget_type=\"heading.default\">\n\t\t\t\t<div class=\"elementor-widget-container\">\n\t\t\t\t\t<h2 class=\"elementor-heading-title elementor-size-default\">O\u00f9 sont situ\u00e9s nos datacentres en Belgique ?<\/h2>\t\t\t\t<\/div>\n\t\t\t\t<\/div>\n\t\t<div class=\"elementor-element elementor-element-8a588e8 e-flex e-con-boxed e-con e-child\" data-id=\"8a588e8\" data-element_type=\"container\" data-e-type=\"container\">\n\t\t\t\t\t<div class=\"e-con-inner\">\n\t\t<div class=\"elementor-element elementor-element-5a6bdcd e-con-full e-flex e-con e-child\" data-id=\"5a6bdcd\" data-element_type=\"container\" data-e-type=\"container\">\n\t\t\t\t<div class=\"elementor-element elementor-element-a2d83be elementor-widget elementor-widget-n-accordion\" data-id=\"a2d83be\" data-element_type=\"widget\" data-e-type=\"widget\" data-settings=\"{&quot;default_state&quot;:&quot;all_collapsed&quot;,&quot;max_items_expended&quot;:&quot;one&quot;,&quot;n_accordion_animation_duration&quot;:{&quot;unit&quot;:&quot;ms&quot;,&quot;size&quot;:400,&quot;sizes&quot;:[]}}\" data-widget_type=\"nested-accordion.default\">\n\t\t\t\t<div class=\"elementor-widget-container\">\n\t\t\t\t\t\t\t<div class=\"e-n-accordion\" aria-label=\"Accordion. Open links with Enter or Space, close with Escape, and navigate with Arrow Keys\">\n\t\t\t\t\t\t<details id=\"e-n-accordion-item-1700\" class=\"e-n-accordion-item\" >\n\t\t\t\t<summary class=\"e-n-accordion-item-title\" data-accordion-index=\"1\" tabindex=\"0\" aria-expanded=\"false\" aria-controls=\"e-n-accordion-item-1700\" >\n\t\t\t\t\t<span class='e-n-accordion-item-title-header'><div class=\"e-n-accordion-item-title-text\"> MADRID <\/div><\/span>\n\t\t\t\t\t\t\t\t\t<\/summary>\n\t\t\t\t<div role=\"region\" aria-labelledby=\"e-n-accordion-item-1700\" class=\"elementor-element elementor-element-c7fe1c5 e-con-full e-flex e-con e-child\" data-id=\"c7fe1c5\" data-element_type=\"container\" data-e-type=\"container\">\n\t\t\t\t<div class=\"elementor-element elementor-element-81e73db elementor-widget elementor-widget-button\" data-id=\"81e73db\" data-element_type=\"widget\" data-e-type=\"widget\" data-widget_type=\"button.default\">\n\t\t\t\t<div class=\"elementor-widget-container\">\n\t\t\t\t\t\t\t\t\t<div class=\"elementor-button-wrapper\">\n\t\t\t\t\t<a class=\"elementor-button elementor-button-link elementor-size-sm\" href=\"http:\/\/www.nlighten.com\/fr\/spain-data-centers\/madrid\/\">\n\t\t\t\t\t\t<span class=\"elementor-button-content-wrapper\">\n\t\t\t\t\t\t\t\t\t<span class=\"elementor-button-text\">Afficher plus de d\u00e9tails<\/span>\n\t\t\t\t\t<\/span>\n\t\t\t\t\t<\/a>\n\t\t\t\t<\/div>\n\t\t\t\t\t\t\t\t<\/div>\n\t\t\t\t<\/div>\n\t\t\t\t<\/div>\n\t\t\t\t\t<\/details>\n\t\t\t\t\t<\/div>\n\t\t\t\t\t\t<\/div>\n\t\t\t\t<\/div>\n\t\t\t\t<\/div>\n\t\t<div class=\"elementor-element elementor-element-d2ce270 e-con-full e-flex e-con e-child\" data-id=\"d2ce270\" data-element_type=\"container\" data-e-type=\"container\" data-settings=\"{&quot;background_background&quot;:&quot;classic&quot;}\">\n\t\t\t\t<div class=\"elementor-element elementor-element-421e703 hotspot-map elementor-widget elementor-widget-hotspot\" data-id=\"421e703\" data-element_type=\"widget\" data-e-type=\"widget\" data-settings=\"{&quot;hotspot&quot;:[{&quot;hotspot_label&quot;:&quot;Madrid&quot;,&quot;hotspot_icon&quot;:{&quot;value&quot;:&quot;fas fa-circle&quot;,&quot;library&quot;:&quot;fa-solid&quot;},&quot;hotspot_icon_position&quot;:&quot;&quot;,&quot;hotspot_custom_size&quot;:&quot;&quot;,&quot;hotspot_offset_x&quot;:{&quot;unit&quot;:&quot;%&quot;,&quot;size&quot;:35,&quot;sizes&quot;:[]},&quot;hotspot_offset_y&quot;:{&quot;unit&quot;:&quot;%&quot;,&quot;size&quot;:51,&quot;sizes&quot;:[]},&quot;_id&quot;:&quot;9f16d26&quot;,&quot;hotspot_tooltip_content&quot;:&quot;&quot;,&quot;hotspot_link&quot;:{&quot;url&quot;:&quot;http:\\\/\\\/www.nlighten.com\\\/fr\\\/spain-data-centers\\\/madrid\\\/&quot;,&quot;is_external&quot;:&quot;&quot;,&quot;nofollow&quot;:&quot;&quot;,&quot;custom_attributes&quot;:&quot;&quot;},&quot;index&quot;:0,&quot;__dynamic__&quot;:null,&quot;hotspot_horizontal&quot;:&quot;left&quot;,&quot;hotspot_vertical&quot;:&quot;top&quot;,&quot;hotspot_tooltip_position&quot;:&quot;no&quot;,&quot;hotspot_position&quot;:null,&quot;hotspot_position_tablet&quot;:null,&quot;hotspot_position_mobile&quot;:null,&quot;hotspot_icon_spacing&quot;:{&quot;unit&quot;:&quot;px&quot;,&quot;size&quot;:5,&quot;sizes&quot;:[]},&quot;hotspot_width&quot;:null,&quot;hotspot_height&quot;:null,&quot;hotspot_offset_x_tablet&quot;:{&quot;unit&quot;:&quot;px&quot;,&quot;size&quot;:&quot;&quot;,&quot;sizes&quot;:[]},&quot;hotspot_offset_x_mobile&quot;:{&quot;unit&quot;:&quot;px&quot;,&quot;size&quot;:&quot;&quot;,&quot;sizes&quot;:[]},&quot;hotspot_offset_y_tablet&quot;:{&quot;unit&quot;:&quot;px&quot;,&quot;size&quot;:&quot;&quot;,&quot;sizes&quot;:[]},&quot;hotspot_offset_y_mobile&quot;:{&quot;unit&quot;:&quot;px&quot;,&quot;size&quot;:&quot;&quot;,&quot;sizes&quot;:[]},&quot;hotspot_tooltip_width&quot;:null,&quot;hotspot_tooltip_width_tablet&quot;:null,&quot;hotspot_tooltip_width_mobile&quot;:null,&quot;hotspot_tooltip_text_wrap&quot;:null}],&quot;tooltip_position&quot;:&quot;left&quot;,&quot;tooltip_trigger&quot;:&quot;click&quot;,&quot;tooltip_animation&quot;:&quot;e-hotspot--fade-in-out&quot;}\" data-widget_type=\"hotspot.default\">\n\t\t\t\t<div class=\"elementor-widget-container\">\n\t\t\t\t\t<img fetchpriority=\"high\" decoding=\"async\" width=\"685\" height=\"572\" src=\"https:\/\/www.nlighten.com\/wp-content\/uploads\/2024\/04\/map-loc-ES-920x920-1.svg\" class=\"attachment-full size-full wp-image-3512\" alt=\"Map of Spain\" \/>\n\t\t\t\t\t\t<a class=\"e-hotspot elementor-repeater-item-9f16d26  e-hotspot--position-left e-hotspot--position-top e-hotspot--link e-hotspot--no-tooltip\" href=\"http:\/\/www.nlighten.com\/fr\/spain-data-centers\/madrid\/\">\n\n\t\t\t\t\t\t\t\t<div class=\"e-hotspot__button e-hotspot--overlay\">\n\t\t\t\t\t\t\t\t\t\t\t\t\t\t\t\t\t\t<div class=\"e-hotspot__icon\"><svg class=\"e-font-icon-svg e-fas-circle\" viewBox=\"0 0 512 512\" xmlns=\"http:\/\/www.w3.org\/2000\/svg\" aria-hidden=\"true\" aria-hidden=\"true\"><path d=\"M256 8C119 8 8 119 8 256s111 248 248 248 248-111 248-248S393 8 256 8z\"><\/path><\/svg><\/div>\n\t\t\t\t\t\t\t\t\t\t\t\t\t\t\t\t\t\t\t<div class=\"e-hotspot__label\">Madrid<\/div>\n\t\t\t\t\t\t\t\t\t\t\t\t\t\t\t<\/div>\n\n\t\t\t\t\t\t\t\t\n\t\t\t<\/a>\n\n\t\n\t\t\t\t\t\t<\/div>\n\t\t\t\t<\/div>\n\t\t\t\t<\/div>\n\t\t\t\t\t<\/div>\n\t\t\t\t<\/div>\n\t\t\t\t\t<\/div>\n\t\t\t\t<\/div>\n\t\t<div class=\"elementor-element elementor-element-a6e61fa e-flex e-con-boxed e-con e-parent\" data-id=\"a6e61fa\" data-element_type=\"container\" data-e-type=\"container\" data-settings=\"{&quot;background_background&quot;:&quot;classic&quot;}\">\n\t\t\t\t\t<div class=\"e-con-inner\">\n\t\t\t\t<div class=\"elementor-element elementor-element-7930207 elementor-widget elementor-widget-heading\" data-id=\"7930207\" data-element_type=\"widget\" data-e-type=\"widget\" data-widget_type=\"heading.default\">\n\t\t\t\t<div class=\"elementor-widget-container\">\n\t\t\t\t\t<h2 class=\"elementor-heading-title elementor-size-default\">Votre contact en Espagne<\/h2>\t\t\t\t<\/div>\n\t\t\t\t<\/div>\n\t\t<div class=\"elementor-element elementor-element-ebfcd86 e-flex e-con-boxed e-con e-child\" data-id=\"ebfcd86\" data-element_type=\"container\" data-e-type=\"container\">\n\t\t\t\t\t<div class=\"e-con-inner\">\n\t\t<div class=\"elementor-element elementor-element-1dec231 e-flex e-con-boxed e-con e-child\" data-id=\"1dec231\" data-element_type=\"container\" data-e-type=\"container\">\n\t\t\t\t\t<div class=\"e-con-inner\">\n\t\t\t\t<div class=\"elementor-element elementor-element-d575c04 elementor-widget elementor-widget-image\" data-id=\"d575c04\" data-element_type=\"widget\" data-e-type=\"widget\" data-widget_type=\"image.default\">\n\t\t\t\t<div class=\"elementor-widget-container\">\n\t\t\t\t\t\t\t\t\t\t\t\t\t\t\t<img decoding=\"async\" width=\"985\" height=\"525\" src=\"https:\/\/www.nlighten.com\/wp-content\/uploads\/2024\/04\/bulb-img-985x520@1x.webp\" class=\"attachment-full size-full wp-image-3494\" alt=\"\" srcset=\"https:\/\/www.nlighten.com\/wp-content\/uploads\/2024\/04\/bulb-img-985x520@1x.webp 985w, https:\/\/www.nlighten.com\/wp-content\/uploads\/2024\/04\/bulb-img-985x520@1x-300x160.webp 300w, https:\/\/www.nlighten.com\/wp-content\/uploads\/2024\/04\/bulb-img-985x520@1x-768x409.webp 768w\" sizes=\"(max-width: 985px) 100vw, 985px\" \/>\t\t\t\t\t\t\t\t\t\t\t\t\t\t\t<\/div>\n\t\t\t\t<\/div>\n\t\t\t\t\t<\/div>\n\t\t\t\t<\/div>\n\t\t<div class=\"elementor-element elementor-element-4c58650 e-con-full e-flex e-con e-child\" data-id=\"4c58650\" data-element_type=\"container\" data-e-type=\"container\" data-settings=\"{&quot;background_background&quot;:&quot;classic&quot;}\">\n\t\t<div class=\"elementor-element elementor-element-722eb5d e-con-full e-flex e-con e-child\" data-id=\"722eb5d\" data-element_type=\"container\" data-e-type=\"container\" data-settings=\"{&quot;background_background&quot;:&quot;classic&quot;}\">\n\t\t\t\t<div class=\"elementor-element elementor-element-881a596 elementor-widget elementor-widget-text-editor\" data-id=\"881a596\" data-element_type=\"widget\" data-e-type=\"widget\" data-widget_type=\"text-editor.default\">\n\t\t\t\t<div class=\"elementor-widget-container\">\n\t\t\t\t\t\t\t\t\t<p class=\"text-weight-xbold\"><strong>Si\u00e8ge social de nLighten, Espagne<\/strong><\/p><p>Calle de Lezama 4<br \/>28034 Madrid<br \/>Espagne<\/p><p>Phone\u00a0<a id=\"nlighten-488659\" href=\"tel:+34919037979\"><strong>+34 919 037979<\/strong><br \/><\/a><\/p>\t\t\t\t\t\t\t\t<\/div>\n\t\t\t\t<\/div>\n\t\t<div class=\"elementor-element elementor-element-bb87308 e-flex e-con-boxed e-con e-child\" data-id=\"bb87308\" data-element_type=\"container\" data-e-type=\"container\">\n\t\t\t\t\t<div class=\"e-con-inner\">\n\t\t\t\t<div class=\"elementor-element elementor-element-0a0f227 elementor-widget__width-auto elementor-view-default elementor-widget elementor-widget-icon\" data-id=\"0a0f227\" data-element_type=\"widget\" data-e-type=\"widget\" data-widget_type=\"icon.default\">\n\t\t\t\t<div class=\"elementor-widget-container\">\n\t\t\t\t\t\t\t<div class=\"elementor-icon-wrapper\">\n\t\t\t<a class=\"elementor-icon\" href=\"#\">\n\t\t\t<svg aria-hidden=\"true\" class=\"e-font-icon-svg e-fas-arrow-right\" viewBox=\"0 0 448 512\" xmlns=\"http:\/\/www.w3.org\/2000\/svg\" aria-hidden=\"true\" aria-hidden=\"true\"><path d=\"M190.5 66.9l22.2-22.2c9.4-9.4 24.6-9.4 33.9 0L441 239c9.4 9.4 9.4 24.6 0 33.9L246.6 467.3c-9.4 9.4-24.6 9.4-33.9 0l-22.2-22.2c-9.5-9.5-9.3-25 .4-34.3L311.4 296H24c-13.3 0-24-10.7-24-24v-32c0-13.3 10.7-24 24-24h287.4L190.9 101.2c-9.8-9.3-10-24.8-.4-34.3z\"><\/path><\/svg>\t\t\t<\/a>\n\t\t<\/div>\n\t\t\t\t\t\t<\/div>\n\t\t\t\t<\/div>\n\t\t\t\t<div class=\"elementor-element elementor-element-eff4d0b elementor-widget__width-auto elementor-widget elementor-widget-button\" data-id=\"eff4d0b\" data-element_type=\"widget\" data-e-type=\"widget\" data-widget_type=\"button.default\">\n\t\t\t\t<div class=\"elementor-widget-container\">\n\t\t\t\t\t\t\t\t\t<div class=\"elementor-button-wrapper\">\n\t\t\t\t\t<a class=\"elementor-button elementor-button-link elementor-size-sm\" href=\"https:\/\/www.nlighten.com\/fr\/demandes-de-vente\/\">\n\t\t\t\t\t\t<span class=\"elementor-button-content-wrapper\">\n\t\t\t\t\t\t\t\t\t<span class=\"elementor-button-text\">Contactez-nous<\/span>\n\t\t\t\t\t<\/span>\n\t\t\t\t\t<\/a>\n\t\t\t\t<\/div>\n\t\t\t\t\t\t\t\t<\/div>\n\t\t\t\t<\/div>\n\t\t\t\t\t<\/div>\n\t\t\t\t<\/div>\n\t\t\t\t<\/div>\n\t\t\t\t<\/div>\n\t\t\t\t\t<\/div>\n\t\t\t\t<\/div>\n\t\t\t\t\t<\/div>\n\t\t\t\t<\/div>\n\t\t\t\t<\/div>\n\t\t","protected":false},"excerpt":{"rendered":"<p>Implantations de nos data centres Edge nLighten Espagne La force \u00e9conomique de l&rsquo;Espagne repose sur des industries telles que le tourisme, l\u2019assemblage automobile, les \u00e9nergies renouvelables et les technologies de &#8230; <a title=\"Espagne\" class=\"read-more\" href=\"https:\/\/www.nlighten.com\/fr\/sites-pages-details\/espagne\/\" aria-label=\"En savoir plus sur Espagne\">Lire la suite<\/a><\/p>\n","protected":false},"author":1,"featured_media":0,"parent":0,"menu_order":0,"comment_status":"closed","ping_status":"closed","template":"","meta":{"_acf_changed":false,"footnotes":""},"class_list":["post-4284","page","type-page","status-publish"],"acf":[],"yoast_head":"<!-- This site is optimized with the Yoast SEO plugin v27.4 - https:\/\/yoast.com\/product\/yoast-seo-wordpress\/ -->\n<title>Centres de donn\u00e9es Edge et colocation en Espagne | nLighten<\/title>\n<meta name=\"description\" content=\"Notre centre de donn\u00e9es Edge en Espagne assure la colocation et la connectivit\u00e9. \u2713 Madrid\" \/>\n<meta name=\"robots\" content=\"index, follow, max-snippet:-1, max-image-preview:large, max-video-preview:-1\" \/>\n<link rel=\"canonical\" href=\"https:\/\/www.nlighten.com\/fr\/sites-pages-details\/espagne\/\" \/>\n<meta property=\"og:locale\" content=\"fr_FR\" \/>\n<meta property=\"og:type\" content=\"article\" \/>\n<meta property=\"og:title\" content=\"Centres de donn\u00e9es Edge et colocation en Espagne | nLighten\" \/>\n<meta property=\"og:description\" content=\"Notre centre de donn\u00e9es Edge en Espagne assure la colocation et la connectivit\u00e9. \u2713 Madrid\" \/>\n<meta property=\"og:url\" content=\"https:\/\/www.nlighten.com\/fr\/sites-pages-details\/espagne\/\" \/>\n<meta property=\"og:site_name\" content=\"nLighten\" \/>\n<meta property=\"article:modified_time\" content=\"2026-03-06T16:09:22+00:00\" \/>\n<meta name=\"twitter:card\" content=\"summary_large_image\" \/>\n<meta name=\"twitter:label1\" content=\"Dur\u00e9e de lecture estim\u00e9e\" \/>\n\t<meta name=\"twitter:data1\" content=\"2 minutes\" \/>\n<script type=\"application\/ld+json\" class=\"yoast-schema-graph\">{\"@context\":\"https:\\\/\\\/schema.org\",\"@graph\":[{\"@type\":\"WebPage\",\"@id\":\"https:\\\/\\\/www.nlighten.com\\\/fr\\\/sites-pages-details\\\/espagne\\\/\",\"url\":\"https:\\\/\\\/www.nlighten.com\\\/fr\\\/sites-pages-details\\\/espagne\\\/\",\"name\":\"Centres de donn\u00e9es Edge et colocation en Espagne | nLighten\",\"isPartOf\":{\"@id\":\"https:\\\/\\\/www.nlighten.com\\\/fr\\\/#website\"},\"primaryImageOfPage\":{\"@id\":\"https:\\\/\\\/www.nlighten.com\\\/fr\\\/sites-pages-details\\\/espagne\\\/#primaryimage\"},\"image\":{\"@id\":\"https:\\\/\\\/www.nlighten.com\\\/fr\\\/sites-pages-details\\\/espagne\\\/#primaryimage\"},\"thumbnailUrl\":\"https:\\\/\\\/www.nlighten.com\\\/wp-content\\\/uploads\\\/2024\\\/04\\\/map-loc-ES-920x920-1.svg\",\"datePublished\":\"2024-04-25T08:10:46+00:00\",\"dateModified\":\"2026-03-06T16:09:22+00:00\",\"description\":\"Notre centre de donn\u00e9es Edge en Espagne assure la colocation et la connectivit\u00e9. \u2713 Madrid\",\"breadcrumb\":{\"@id\":\"https:\\\/\\\/www.nlighten.com\\\/fr\\\/sites-pages-details\\\/espagne\\\/#breadcrumb\"},\"inLanguage\":\"fr-FR\",\"potentialAction\":[{\"@type\":\"ReadAction\",\"target\":[\"https:\\\/\\\/www.nlighten.com\\\/fr\\\/sites-pages-details\\\/espagne\\\/\"]}]},{\"@type\":\"ImageObject\",\"inLanguage\":\"fr-FR\",\"@id\":\"https:\\\/\\\/www.nlighten.com\\\/fr\\\/sites-pages-details\\\/espagne\\\/#primaryimage\",\"url\":\"https:\\\/\\\/www.nlighten.com\\\/wp-content\\\/uploads\\\/2024\\\/04\\\/map-loc-ES-920x920-1.svg\",\"contentUrl\":\"https:\\\/\\\/www.nlighten.com\\\/wp-content\\\/uploads\\\/2024\\\/04\\\/map-loc-ES-920x920-1.svg\"},{\"@type\":\"BreadcrumbList\",\"@id\":\"https:\\\/\\\/www.nlighten.com\\\/fr\\\/sites-pages-details\\\/espagne\\\/#breadcrumb\",\"itemListElement\":[{\"@type\":\"ListItem\",\"position\":1,\"name\":\"Home\",\"item\":\"https:\\\/\\\/www.nlighten.com\\\/fr\\\/\"},{\"@type\":\"ListItem\",\"position\":2,\"name\":\"Espagne\"}]},{\"@type\":\"WebSite\",\"@id\":\"https:\\\/\\\/www.nlighten.com\\\/fr\\\/#website\",\"url\":\"https:\\\/\\\/www.nlighten.com\\\/fr\\\/\",\"name\":\"nLighten\",\"description\":\"\",\"publisher\":{\"@id\":\"https:\\\/\\\/www.nlighten.com\\\/fr\\\/#organization\"},\"potentialAction\":[{\"@type\":\"SearchAction\",\"target\":{\"@type\":\"EntryPoint\",\"urlTemplate\":\"https:\\\/\\\/www.nlighten.com\\\/fr\\\/?s={search_term_string}\"},\"query-input\":{\"@type\":\"PropertyValueSpecification\",\"valueRequired\":true,\"valueName\":\"search_term_string\"}}],\"inLanguage\":\"fr-FR\"},{\"@type\":\"Organization\",\"@id\":\"https:\\\/\\\/www.nlighten.com\\\/fr\\\/#organization\",\"name\":\"nLighten\",\"url\":\"https:\\\/\\\/www.nlighten.com\\\/fr\\\/\",\"logo\":{\"@type\":\"ImageObject\",\"inLanguage\":\"fr-FR\",\"@id\":\"https:\\\/\\\/www.nlighten.com\\\/fr\\\/#\\\/schema\\\/logo\\\/image\\\/\",\"url\":\"https:\\\/\\\/www.nlighten.com\\\/wp-content\\\/uploads\\\/2024\\\/05\\\/nlighten_logo_green_bg.png\",\"contentUrl\":\"https:\\\/\\\/www.nlighten.com\\\/wp-content\\\/uploads\\\/2024\\\/05\\\/nlighten_logo_green_bg.png\",\"width\":696,\"height\":696,\"caption\":\"nLighten\"},\"image\":{\"@id\":\"https:\\\/\\\/www.nlighten.com\\\/fr\\\/#\\\/schema\\\/logo\\\/image\\\/\"},\"sameAs\":[\"https:\\\/\\\/www.linkedin.com\\\/company\\\/nlighten-datacenters\\\/\"]}]}<\/script>\n<!-- \/ Yoast SEO plugin. -->","yoast_head_json":{"title":"Centres de donn\u00e9es Edge et colocation en Espagne | nLighten","description":"Notre centre de donn\u00e9es Edge en Espagne assure la colocation et la connectivit\u00e9. \u2713 Madrid","robots":{"index":"index","follow":"follow","max-snippet":"max-snippet:-1","max-image-preview":"max-image-preview:large","max-video-preview":"max-video-preview:-1"},"canonical":"https:\/\/www.nlighten.com\/fr\/sites-pages-details\/espagne\/","og_locale":"fr_FR","og_type":"article","og_title":"Centres de donn\u00e9es Edge et colocation en Espagne | nLighten","og_description":"Notre centre de donn\u00e9es Edge en Espagne assure la colocation et la connectivit\u00e9. \u2713 Madrid","og_url":"https:\/\/www.nlighten.com\/fr\/sites-pages-details\/espagne\/","og_site_name":"nLighten","article_modified_time":"2026-03-06T16:09:22+00:00","twitter_card":"summary_large_image","twitter_misc":{"Dur\u00e9e de lecture estim\u00e9e":"2 minutes"},"schema":{"@context":"https:\/\/schema.org","@graph":[{"@type":"WebPage","@id":"https:\/\/www.nlighten.com\/fr\/sites-pages-details\/espagne\/","url":"https:\/\/www.nlighten.com\/fr\/sites-pages-details\/espagne\/","name":"Centres de donn\u00e9es Edge et colocation en Espagne | nLighten","isPartOf":{"@id":"https:\/\/www.nlighten.com\/fr\/#website"},"primaryImageOfPage":{"@id":"https:\/\/www.nlighten.com\/fr\/sites-pages-details\/espagne\/#primaryimage"},"image":{"@id":"https:\/\/www.nlighten.com\/fr\/sites-pages-details\/espagne\/#primaryimage"},"thumbnailUrl":"https:\/\/www.nlighten.com\/wp-content\/uploads\/2024\/04\/map-loc-ES-920x920-1.svg","datePublished":"2024-04-25T08:10:46+00:00","dateModified":"2026-03-06T16:09:22+00:00","description":"Notre centre de donn\u00e9es Edge en Espagne assure la colocation et la connectivit\u00e9. \u2713 Madrid","breadcrumb":{"@id":"https:\/\/www.nlighten.com\/fr\/sites-pages-details\/espagne\/#breadcrumb"},"inLanguage":"fr-FR","potentialAction":[{"@type":"ReadAction","target":["https:\/\/www.nlighten.com\/fr\/sites-pages-details\/espagne\/"]}]},{"@type":"ImageObject","inLanguage":"fr-FR","@id":"https:\/\/www.nlighten.com\/fr\/sites-pages-details\/espagne\/#primaryimage","url":"https:\/\/www.nlighten.com\/wp-content\/uploads\/2024\/04\/map-loc-ES-920x920-1.svg","contentUrl":"https:\/\/www.nlighten.com\/wp-content\/uploads\/2024\/04\/map-loc-ES-920x920-1.svg"},{"@type":"BreadcrumbList","@id":"https:\/\/www.nlighten.com\/fr\/sites-pages-details\/espagne\/#breadcrumb","itemListElement":[{"@type":"ListItem","position":1,"name":"Home","item":"https:\/\/www.nlighten.com\/fr\/"},{"@type":"ListItem","position":2,"name":"Espagne"}]},{"@type":"WebSite","@id":"https:\/\/www.nlighten.com\/fr\/#website","url":"https:\/\/www.nlighten.com\/fr\/","name":"nLighten","description":"","publisher":{"@id":"https:\/\/www.nlighten.com\/fr\/#organization"},"potentialAction":[{"@type":"SearchAction","target":{"@type":"EntryPoint","urlTemplate":"https:\/\/www.nlighten.com\/fr\/?s={search_term_string}"},"query-input":{"@type":"PropertyValueSpecification","valueRequired":true,"valueName":"search_term_string"}}],"inLanguage":"fr-FR"},{"@type":"Organization","@id":"https:\/\/www.nlighten.com\/fr\/#organization","name":"nLighten","url":"https:\/\/www.nlighten.com\/fr\/","logo":{"@type":"ImageObject","inLanguage":"fr-FR","@id":"https:\/\/www.nlighten.com\/fr\/#\/schema\/logo\/image\/","url":"https:\/\/www.nlighten.com\/wp-content\/uploads\/2024\/05\/nlighten_logo_green_bg.png","contentUrl":"https:\/\/www.nlighten.com\/wp-content\/uploads\/2024\/05\/nlighten_logo_green_bg.png","width":696,"height":696,"caption":"nLighten"},"image":{"@id":"https:\/\/www.nlighten.com\/fr\/#\/schema\/logo\/image\/"},"sameAs":["https:\/\/www.linkedin.com\/company\/nlighten-datacenters\/"]}]}},"publishpress_future_workflow_manual_trigger":{"enabledWorkflows":[]},"_links":{"self":[{"href":"https:\/\/www.nlighten.com\/fr\/wp-json\/wp\/v2\/pages\/4284","targetHints":{"allow":["GET"]}}],"collection":[{"href":"https:\/\/www.nlighten.com\/fr\/wp-json\/wp\/v2\/pages"}],"about":[{"href":"https:\/\/www.nlighten.com\/fr\/wp-json\/wp\/v2\/types\/page"}],"author":[{"embeddable":true,"href":"https:\/\/www.nlighten.com\/fr\/wp-json\/wp\/v2\/users\/1"}],"replies":[{"embeddable":true,"href":"https:\/\/www.nlighten.com\/fr\/wp-json\/wp\/v2\/comments?post=4284"}],"version-history":[{"count":3,"href":"https:\/\/www.nlighten.com\/fr\/wp-json\/wp\/v2\/pages\/4284\/revisions"}],"predecessor-version":[{"id":24230,"href":"https:\/\/www.nlighten.com\/fr\/wp-json\/wp\/v2\/pages\/4284\/revisions\/24230"}],"wp:attachment":[{"href":"https:\/\/www.nlighten.com\/fr\/wp-json\/wp\/v2\/media?parent=4284"}],"curies":[{"name":"wp","href":"https:\/\/api.w.org\/{rel}","templated":true}]}}