{"id":4093,"date":"2024-04-26T13:09:42","date_gmt":"2024-04-26T13:09:42","guid":{"rendered":"https:\/\/www.nlighten.com\/politique-de-sante-et-de-securite\/"},"modified":"2025-10-08T16:10:14","modified_gmt":"2025-10-08T16:10:14","slug":"politique-de-sante-et-de-securite","status":"publish","type":"page","link":"https:\/\/www.nlighten.com\/fr\/toutes-les-politiques\/politique-de-sante-et-de-securite\/","title":{"rendered":"Politique de sant\u00e9 et de s\u00e9curit\u00e9"},"content":{"rendered":"\t\t<div data-elementor-type=\"wp-page\" data-elementor-id=\"4093\" class=\"elementor elementor-4093 elementor-3094\" data-elementor-post-type=\"page\">\n\t\t\t\t<div class=\"elementor-element elementor-element-b97a771 e-flex e-con-boxed e-con e-parent\" data-id=\"b97a771\" data-element_type=\"container\" data-e-type=\"container\">\n\t\t\t\t\t<div class=\"e-con-inner\">\n\t\t\t\t<div class=\"elementor-element elementor-element-2fd3c62 elementor-widget__width-initial elementor-widget-tablet__width-inherit elementor-widget elementor-widget-heading\" data-id=\"2fd3c62\" data-element_type=\"widget\" data-e-type=\"widget\" data-widget_type=\"heading.default\">\n\t\t\t\t<div class=\"elementor-widget-container\">\n\t\t\t\t\t<h3 class=\"elementor-heading-title elementor-size-default\">Toutes les politiques<\/h3>\t\t\t\t<\/div>\n\t\t\t\t<\/div>\n\t\t\t\t<div class=\"elementor-element elementor-element-cda50b0 elementor-widget__width-inherit elementor-widget-tablet__width-inherit elementor-widget elementor-widget-heading\" data-id=\"cda50b0\" data-element_type=\"widget\" data-e-type=\"widget\" data-widget_type=\"heading.default\">\n\t\t\t\t<div class=\"elementor-widget-container\">\n\t\t\t\t\t<h1 class=\"elementor-heading-title elementor-size-default\">Politique de sant\u00e9 et de s\u00e9curit\u00e9<\/h1>\t\t\t\t<\/div>\n\t\t\t\t<\/div>\n\t\t\t\t<div class=\"elementor-element elementor-element-397e9ce elementor-widget__width-inherit elementor-widget-tablet__width-inherit elementor-widget elementor-widget-heading\" data-id=\"397e9ce\" data-element_type=\"widget\" data-e-type=\"widget\" data-widget_type=\"heading.default\">\n\t\t\t\t<div class=\"elementor-widget-container\">\n\t\t\t\t\t<h2 class=\"elementor-heading-title elementor-size-default\">Notre engagement en faveur de la sant\u00e9, de la s\u00e9curit\u00e9 et du bien-\u00eatre<\/h2>\t\t\t\t<\/div>\n\t\t\t\t<\/div>\n\t\t\t\t<div class=\"elementor-element elementor-element-9adb6a6 elementor-widget elementor-widget-text-editor\" data-id=\"9adb6a6\" data-element_type=\"widget\" data-e-type=\"widget\" data-widget_type=\"text-editor.default\">\n\t\t\t\t<div class=\"elementor-widget-container\">\n\t\t\t\t\t\t\t\t\t<p>Chez nLighten, nous nous engageons \u00e0 garantir la sant\u00e9, la s\u00e9curit\u00e9 et le bien-\u00eatre de toutes les personnes impliqu\u00e9es dans nos activit\u00e9s. Notre politique en mati\u00e8re de sant\u00e9 et de s\u00e9curit\u00e9 d\u00e9crit les principes, les responsabilit\u00e9s et les mesures que nous prenons pour cr\u00e9er et maintenir un environnement de travail s\u00fbr sur tous nos sites.<\/p><p>Vous pouvez consulter l&rsquo;int\u00e9gralit\u00e9 de cette politique dans le document int\u00e9gr\u00e9 ci-dessous. Elle d\u00e9taille notre approche de la gestion des risques, de la formation, de la r\u00e9ponse aux incidents et de l&rsquo;am\u00e9lioration continue des pratiques en mati\u00e8re de sant\u00e9 et de s\u00e9curit\u00e9.<\/p><p><em>Remarque: le document de politique est fourni en anglais.<\/em><\/p>\t\t\t\t\t\t\t\t<\/div>\n\t\t\t\t<\/div>\n\t\t\t\t<div class=\"elementor-element elementor-element-d156e71 elementor-widget elementor-widget-button\" data-id=\"d156e71\" data-element_type=\"widget\" data-e-type=\"widget\" data-widget_type=\"button.default\">\n\t\t\t\t<div class=\"elementor-widget-container\">\n\t\t\t\t\t\t\t\t\t<div class=\"elementor-button-wrapper\">\n\t\t\t\t\t<a class=\"elementor-button elementor-button-link elementor-size-sm\" href=\"https:\/\/www.nlighten.com\/wp-content\/uploads\/2025\/05\/POL-GLOBAL-Health-and-Safety.pdf\" target=\"_blank\">\n\t\t\t\t\t\t<span class=\"elementor-button-content-wrapper\">\n\t\t\t\t\t\t\t\t\t<span class=\"elementor-button-text\">Consultez la politique de sant\u00e9 et de s\u00e9curit\u00e9 de nLighten<\/span>\n\t\t\t\t\t<\/span>\n\t\t\t\t\t<\/a>\n\t\t\t\t<\/div>\n\t\t\t\t\t\t\t\t<\/div>\n\t\t\t\t<\/div>\n\t\t\t\t\t<\/div>\n\t\t\t\t<\/div>\n\t\t<div class=\"elementor-element elementor-element-409ad23 elementor-hidden-desktop elementor-hidden-tablet elementor-hidden-mobile e-flex e-con-boxed e-con e-parent\" data-id=\"409ad23\" data-element_type=\"container\" data-e-type=\"container\">\n\t\t\t\t\t<div class=\"e-con-inner\">\n\t\t<div class=\"elementor-element elementor-element-0a90ed7 e-con-full e-flex e-con e-child\" data-id=\"0a90ed7\" data-element_type=\"container\" data-e-type=\"container\">\n\t\t\t\t<div class=\"elementor-element elementor-element-be90c7e elementor-widget elementor-widget-heading\" data-id=\"be90c7e\" data-element_type=\"widget\" data-e-type=\"widget\" data-widget_type=\"heading.default\">\n\t\t\t\t<div class=\"elementor-widget-container\">\n\t\t\t\t\t<h2 class=\"elementor-heading-title elementor-size-default\">Introduction<\/h2>\t\t\t\t<\/div>\n\t\t\t\t<\/div>\n\t\t\t\t<div class=\"elementor-element elementor-element-a50ee02 elementor-widget elementor-widget-text-editor\" data-id=\"a50ee02\" data-element_type=\"widget\" data-e-type=\"widget\" data-widget_type=\"text-editor.default\">\n\t\t\t\t<div class=\"elementor-widget-container\">\n\t\t\t\t\t\t\t\t\t<p>La pr\u00e9sente Politique de sant\u00e9 et de s\u00e9curit\u00e9 (\u00ab\u00a0<strong>Politique\u00a0<\/strong>\u00bb) s\u2019applique \u00e0 nLighten HQ BV et \u00e0 ses filiales (collectivement, la \u00ab\u00a0<strong>Soci\u00e9t\u00e9 <\/strong>\u00bb ou \u00ab\u00a0<strong>nLighten<\/strong>\u00a0\u00bb).<\/p><p>Chez nLighten, nous reconnaissons notre responsabilit\u00e9 en mati\u00e8re de protection du bien-\u00eatre et de la s\u00e9curit\u00e9 des employ\u00e9s, des contractants et des visiteurs. La Soci\u00e9t\u00e9 s\u2019engage \u00e0 pr\u00e9venir les blessures et les probl\u00e8mes de sant\u00e9, \u00e0 \u00e9liminer les dangers, \u00e0 pr\u00e9venir les risques pour la sant\u00e9 et la s\u00e9curit\u00e9, et \u00e0 offrir un environnement de travail s\u00e9curis\u00e9.<\/p><p>\u00a0<\/p><p>Nous nous focalisons sur la mise en \u0153uvre de processus qui am\u00e9liorent la sant\u00e9 et la s\u00e9curit\u00e9, notamment\u00a0:<\/p><ul><li>la mise \u00e0 disposition de ressources, d\u2019informations, d\u2019instructions, de formations et de supervisions pour cr\u00e9er un environnement de travail s\u00fbr<\/li><\/ul><ul><li>l\u2019\u00e9laboration et la maintenance de plans d\u2019urgence pour tous nos centres de donn\u00e9es et la garantie d\u2019une inspection de nos \u00e9quipements et certifications en mati\u00e8re d\u2019incendie conforme aux exigences locales<\/li><li>l\u2019\u00e9valuation des risques et les plans de traitement des risques<\/li><li>l\u2019enl\u00e8vement des machines inutilis\u00e9es<\/li><li>un programme de protection contre les dangers \u00e9lectriques et les d\u00e9charges \u00e9lectrostatiques<\/li><li>l\u2019int\u00e9gration de contr\u00f4les d\u2019incendie approfondis<\/li><li>des restrictions quant \u00e0 l\u2019acc\u00e8s physique aux zones dangereuses<\/li><li>une gestion stricte des sous-traitants afin de s\u2019assurer que toutes les activit\u00e9s ont \u00e9t\u00e9 coordonn\u00e9es avec la direction du site<\/li><li>la mise \u00e0 disposition de nos employ\u00e9s d\u2019\u00e9quipements appropri\u00e9s, afin de garantir qu\u2019ils puissent travailler en toute s\u00e9curit\u00e9 et de pr\u00e9venir les accidents du travail<\/li><li>l\u2019offre d\u2019une formation appropri\u00e9e \u00e0 nos employ\u00e9s pour garantir qu\u2019ils puissent travailler en toute s\u00e9curit\u00e9 dans les centres de donn\u00e9es<\/li><li>l\u2019am\u00e9lioration de l\u2019ergonomie<\/li><li>l\u2019utilisation de proc\u00e9dures visant \u00e0 minimiser le risque de propagation des infections sur le lieu de travail.<\/li><\/ul><p>Il incombe \u00e0 chaque employ\u00e9, contractant et visiteur de respecter les r\u00e8gles et pratiques en mati\u00e8re de s\u00e9curit\u00e9 et de sant\u00e9, et de signaler les accidents, les blessures et les pratiques, conditions ou \u00e9quipements dangereux. La violence et les comportements mena\u00e7ants ne sont pas autoris\u00e9s. Tout incident ou signalement peut \u00eatre soumis \u00e0 l\u2019adresse suivante : <a href=\"mailto:compliance@nlighten.com\">compliance@nlighten.com<\/a>.<\/p><p>Les employ\u00e9s doivent se pr\u00e9senter au travail en \u00e9tat de remplir leurs fonctions, sans \u00eatre sous l\u2019influence de la drogue ou de l\u2019alcool. La consommation de drogues sur le lieu de travail n\u2019est pas tol\u00e9r\u00e9e, car l\u2019entreprise est tenue de se conformer aux lois et r\u00e9glementations nationales applicables en mati\u00e8re de sant\u00e9 et de s\u00e9curit\u00e9. Parall\u00e8lement, nous reconnaissons que les employ\u00e9s qui souffrent d\u2019une d\u00e9pendance \u00e0 la drogue ou \u00e0 l\u2019alcool peuvent \u00eatre soign\u00e9s, et nous les encourageons \u00e0 solliciter des soins et des conseils professionnels. Si vous avez besoin d\u2019un soutien initial, vous pouvez contacter le responsable de la conformit\u00e9 \u00e0 l\u2019adresse suivante: <a href=\"mailto:compliance@nlighten.com\">compliance@nlighten.com<\/a>.<\/p><p>Le cas \u00e9ch\u00e9ant, cette Politique est applicable aux tiers, y compris les agents, distributeurs ou fournisseurs, contractants et sous-traitants ayant acc\u00e8s \u00e0 nos bureaux ou \u00e0 nos centres de donn\u00e9es. Pour toute question concernant cette politique, veuillez envoyer un courriel \u00e0 l\u2019adresse suivante\u00a0: <a href=\"mailto:compliance@nlighten.com\">compliance@nlighten.com<\/a>.<\/p>\t\t\t\t\t\t\t\t<\/div>\n\t\t\t\t<\/div>\n\t\t\t\t<\/div>\n\t\t\t\t\t<\/div>\n\t\t\t\t<\/div>\n\t\t\t\t<\/div>\n\t\t","protected":false},"excerpt":{"rendered":"<p>Toutes les politiques Politique de sant\u00e9 et de s\u00e9curit\u00e9 Notre engagement en faveur de la sant\u00e9, de la s\u00e9curit\u00e9 et du bien-\u00eatre Chez nLighten, nous nous engageons \u00e0 garantir la &#8230; <a title=\"Politique de sant\u00e9 et de s\u00e9curit\u00e9\" class=\"read-more\" href=\"https:\/\/www.nlighten.com\/fr\/toutes-les-politiques\/politique-de-sante-et-de-securite\/\" aria-label=\"En savoir plus sur Politique de sant\u00e9 et de s\u00e9curit\u00e9\">Lire la suite<\/a><\/p>\n","protected":false},"author":1,"featured_media":0,"parent":0,"menu_order":0,"comment_status":"closed","ping_status":"closed","template":"","meta":{"_acf_changed":false,"footnotes":""},"class_list":["post-4093","page","type-page","status-publish"],"acf":[],"yoast_head":"<!-- This site is optimized with the Yoast SEO plugin v27.2 - https:\/\/yoast.com\/product\/yoast-seo-wordpress\/ -->\n<title>nLighten \u2013 Politique de sant\u00e9 et de s\u00e9curit\u00e9<\/title>\n<meta name=\"description\" content=\"Lisez notre Politique de sant\u00e9 et s\u00e9curit\u00e9 pour savoir comment vos donn\u00e9es personnelles sont collect\u00e9es, utilis\u00e9es et trait\u00e9es dans nos activit\u00e9s.\" \/>\n<meta name=\"robots\" content=\"index, follow, max-snippet:-1, max-image-preview:large, max-video-preview:-1\" \/>\n<link rel=\"canonical\" href=\"https:\/\/www.nlighten.com\/fr\/toutes-les-politiques\/politique-de-sante-et-de-securite\/\" \/>\n<meta property=\"og:locale\" content=\"fr_FR\" \/>\n<meta property=\"og:type\" content=\"article\" \/>\n<meta property=\"og:title\" content=\"nLighten \u2013 Politique de sant\u00e9 et de s\u00e9curit\u00e9\" \/>\n<meta property=\"og:description\" content=\"Lisez notre Politique de sant\u00e9 et s\u00e9curit\u00e9 pour savoir comment vos donn\u00e9es personnelles sont collect\u00e9es, utilis\u00e9es et trait\u00e9es dans nos activit\u00e9s.\" \/>\n<meta property=\"og:url\" content=\"https:\/\/www.nlighten.com\/fr\/toutes-les-politiques\/politique-de-sante-et-de-securite\/\" \/>\n<meta property=\"og:site_name\" content=\"nLighten\" \/>\n<meta property=\"article:modified_time\" content=\"2025-10-08T16:10:14+00:00\" \/>\n<meta name=\"twitter:card\" content=\"summary_large_image\" \/>\n<meta name=\"twitter:label1\" content=\"Dur\u00e9e de lecture estim\u00e9e\" \/>\n\t<meta name=\"twitter:data1\" content=\"3 minutes\" \/>\n<script type=\"application\/ld+json\" class=\"yoast-schema-graph\">{\"@context\":\"https:\/\/schema.org\",\"@graph\":[{\"@type\":\"WebPage\",\"@id\":\"https:\/\/www.nlighten.com\/fr\/toutes-les-politiques\/politique-de-sante-et-de-securite\/\",\"url\":\"https:\/\/www.nlighten.com\/fr\/toutes-les-politiques\/politique-de-sante-et-de-securite\/\",\"name\":\"nLighten \u2013 Politique de sant\u00e9 et de s\u00e9curit\u00e9\",\"isPartOf\":{\"@id\":\"https:\/\/www.nlighten.com\/fr\/#website\"},\"datePublished\":\"2024-04-26T13:09:42+00:00\",\"dateModified\":\"2025-10-08T16:10:14+00:00\",\"description\":\"Lisez notre Politique de sant\u00e9 et s\u00e9curit\u00e9 pour savoir comment vos donn\u00e9es personnelles sont collect\u00e9es, utilis\u00e9es et trait\u00e9es dans nos activit\u00e9s.\",\"breadcrumb\":{\"@id\":\"https:\/\/www.nlighten.com\/fr\/toutes-les-politiques\/politique-de-sante-et-de-securite\/#breadcrumb\"},\"inLanguage\":\"fr-FR\",\"potentialAction\":[{\"@type\":\"ReadAction\",\"target\":[\"https:\/\/www.nlighten.com\/fr\/toutes-les-politiques\/politique-de-sante-et-de-securite\/\"]}]},{\"@type\":\"BreadcrumbList\",\"@id\":\"https:\/\/www.nlighten.com\/fr\/toutes-les-politiques\/politique-de-sante-et-de-securite\/#breadcrumb\",\"itemListElement\":[{\"@type\":\"ListItem\",\"position\":1,\"name\":\"Home\",\"item\":\"https:\/\/www.nlighten.com\/fr\/\"},{\"@type\":\"ListItem\",\"position\":2,\"name\":\"Politique de sant\u00e9 et de s\u00e9curit\u00e9\"}]},{\"@type\":\"WebSite\",\"@id\":\"https:\/\/www.nlighten.com\/fr\/#website\",\"url\":\"https:\/\/www.nlighten.com\/fr\/\",\"name\":\"nLighten\",\"description\":\"\",\"publisher\":{\"@id\":\"https:\/\/www.nlighten.com\/fr\/#organization\"},\"potentialAction\":[{\"@type\":\"SearchAction\",\"target\":{\"@type\":\"EntryPoint\",\"urlTemplate\":\"https:\/\/www.nlighten.com\/fr\/?s={search_term_string}\"},\"query-input\":{\"@type\":\"PropertyValueSpecification\",\"valueRequired\":true,\"valueName\":\"search_term_string\"}}],\"inLanguage\":\"fr-FR\"},{\"@type\":\"Organization\",\"@id\":\"https:\/\/www.nlighten.com\/fr\/#organization\",\"name\":\"nLighten\",\"url\":\"https:\/\/www.nlighten.com\/fr\/\",\"logo\":{\"@type\":\"ImageObject\",\"inLanguage\":\"fr-FR\",\"@id\":\"https:\/\/www.nlighten.com\/fr\/#\/schema\/logo\/image\/\",\"url\":\"https:\/\/www.nlighten.com\/wp-content\/uploads\/2024\/05\/nlighten_logo_green_bg.png\",\"contentUrl\":\"https:\/\/www.nlighten.com\/wp-content\/uploads\/2024\/05\/nlighten_logo_green_bg.png\",\"width\":696,\"height\":696,\"caption\":\"nLighten\"},\"image\":{\"@id\":\"https:\/\/www.nlighten.com\/fr\/#\/schema\/logo\/image\/\"},\"sameAs\":[\"https:\/\/www.linkedin.com\/company\/nlighten-datacenters\/\"]}]}<\/script>\n<!-- \/ Yoast SEO plugin. -->","yoast_head_json":{"title":"nLighten \u2013 Politique de sant\u00e9 et de s\u00e9curit\u00e9","description":"Lisez notre Politique de sant\u00e9 et s\u00e9curit\u00e9 pour savoir comment vos donn\u00e9es personnelles sont collect\u00e9es, utilis\u00e9es et trait\u00e9es dans nos activit\u00e9s.","robots":{"index":"index","follow":"follow","max-snippet":"max-snippet:-1","max-image-preview":"max-image-preview:large","max-video-preview":"max-video-preview:-1"},"canonical":"https:\/\/www.nlighten.com\/fr\/toutes-les-politiques\/politique-de-sante-et-de-securite\/","og_locale":"fr_FR","og_type":"article","og_title":"nLighten \u2013 Politique de sant\u00e9 et de s\u00e9curit\u00e9","og_description":"Lisez notre Politique de sant\u00e9 et s\u00e9curit\u00e9 pour savoir comment vos donn\u00e9es personnelles sont collect\u00e9es, utilis\u00e9es et trait\u00e9es dans nos activit\u00e9s.","og_url":"https:\/\/www.nlighten.com\/fr\/toutes-les-politiques\/politique-de-sante-et-de-securite\/","og_site_name":"nLighten","article_modified_time":"2025-10-08T16:10:14+00:00","twitter_card":"summary_large_image","twitter_misc":{"Dur\u00e9e de lecture estim\u00e9e":"3 minutes"},"schema":{"@context":"https:\/\/schema.org","@graph":[{"@type":"WebPage","@id":"https:\/\/www.nlighten.com\/fr\/toutes-les-politiques\/politique-de-sante-et-de-securite\/","url":"https:\/\/www.nlighten.com\/fr\/toutes-les-politiques\/politique-de-sante-et-de-securite\/","name":"nLighten \u2013 Politique de sant\u00e9 et de s\u00e9curit\u00e9","isPartOf":{"@id":"https:\/\/www.nlighten.com\/fr\/#website"},"datePublished":"2024-04-26T13:09:42+00:00","dateModified":"2025-10-08T16:10:14+00:00","description":"Lisez notre Politique de sant\u00e9 et s\u00e9curit\u00e9 pour savoir comment vos donn\u00e9es personnelles sont collect\u00e9es, utilis\u00e9es et trait\u00e9es dans nos activit\u00e9s.","breadcrumb":{"@id":"https:\/\/www.nlighten.com\/fr\/toutes-les-politiques\/politique-de-sante-et-de-securite\/#breadcrumb"},"inLanguage":"fr-FR","potentialAction":[{"@type":"ReadAction","target":["https:\/\/www.nlighten.com\/fr\/toutes-les-politiques\/politique-de-sante-et-de-securite\/"]}]},{"@type":"BreadcrumbList","@id":"https:\/\/www.nlighten.com\/fr\/toutes-les-politiques\/politique-de-sante-et-de-securite\/#breadcrumb","itemListElement":[{"@type":"ListItem","position":1,"name":"Home","item":"https:\/\/www.nlighten.com\/fr\/"},{"@type":"ListItem","position":2,"name":"Politique de sant\u00e9 et de s\u00e9curit\u00e9"}]},{"@type":"WebSite","@id":"https:\/\/www.nlighten.com\/fr\/#website","url":"https:\/\/www.nlighten.com\/fr\/","name":"nLighten","description":"","publisher":{"@id":"https:\/\/www.nlighten.com\/fr\/#organization"},"potentialAction":[{"@type":"SearchAction","target":{"@type":"EntryPoint","urlTemplate":"https:\/\/www.nlighten.com\/fr\/?s={search_term_string}"},"query-input":{"@type":"PropertyValueSpecification","valueRequired":true,"valueName":"search_term_string"}}],"inLanguage":"fr-FR"},{"@type":"Organization","@id":"https:\/\/www.nlighten.com\/fr\/#organization","name":"nLighten","url":"https:\/\/www.nlighten.com\/fr\/","logo":{"@type":"ImageObject","inLanguage":"fr-FR","@id":"https:\/\/www.nlighten.com\/fr\/#\/schema\/logo\/image\/","url":"https:\/\/www.nlighten.com\/wp-content\/uploads\/2024\/05\/nlighten_logo_green_bg.png","contentUrl":"https:\/\/www.nlighten.com\/wp-content\/uploads\/2024\/05\/nlighten_logo_green_bg.png","width":696,"height":696,"caption":"nLighten"},"image":{"@id":"https:\/\/www.nlighten.com\/fr\/#\/schema\/logo\/image\/"},"sameAs":["https:\/\/www.linkedin.com\/company\/nlighten-datacenters\/"]}]}},"publishpress_future_workflow_manual_trigger":{"enabledWorkflows":[]},"_links":{"self":[{"href":"https:\/\/www.nlighten.com\/fr\/wp-json\/wp\/v2\/pages\/4093","targetHints":{"allow":["GET"]}}],"collection":[{"href":"https:\/\/www.nlighten.com\/fr\/wp-json\/wp\/v2\/pages"}],"about":[{"href":"https:\/\/www.nlighten.com\/fr\/wp-json\/wp\/v2\/types\/page"}],"author":[{"embeddable":true,"href":"https:\/\/www.nlighten.com\/fr\/wp-json\/wp\/v2\/users\/1"}],"replies":[{"embeddable":true,"href":"https:\/\/www.nlighten.com\/fr\/wp-json\/wp\/v2\/comments?post=4093"}],"version-history":[{"count":0,"href":"https:\/\/www.nlighten.com\/fr\/wp-json\/wp\/v2\/pages\/4093\/revisions"}],"wp:attachment":[{"href":"https:\/\/www.nlighten.com\/fr\/wp-json\/wp\/v2\/media?parent=4093"}],"curies":[{"name":"wp","href":"https:\/\/api.w.org\/{rel}","templated":true}]}}