{"id":4009,"date":"2024-04-26T13:07:39","date_gmt":"2024-04-26T13:07:39","guid":{"rendered":"https:\/\/www.nlighten.com\/declaration-de-durabilite-environnementale\/"},"modified":"2025-10-08T09:44:21","modified_gmt":"2025-10-08T09:44:21","slug":"declaration-de-durabilite-environnementale","status":"publish","type":"page","link":"https:\/\/www.nlighten.com\/fr\/toutes-les-politiques\/declaration-de-durabilite-environnementale\/","title":{"rendered":"D\u00e9claration de durabilit\u00e9 environnementale"},"content":{"rendered":"\t\t<div data-elementor-type=\"wp-page\" data-elementor-id=\"4009\" class=\"elementor elementor-4009 elementor-3083\" data-elementor-post-type=\"page\">\n\t\t\t\t<div class=\"elementor-element elementor-element-b97a771 e-flex e-con-boxed e-con e-parent\" data-id=\"b97a771\" data-element_type=\"container\" data-e-type=\"container\">\n\t\t\t\t\t<div class=\"e-con-inner\">\n\t\t\t\t<div class=\"elementor-element elementor-element-2fd3c62 elementor-widget__width-initial elementor-widget-tablet__width-inherit elementor-widget elementor-widget-heading\" data-id=\"2fd3c62\" data-element_type=\"widget\" data-e-type=\"widget\" data-widget_type=\"heading.default\">\n\t\t\t\t<div class=\"elementor-widget-container\">\n\t\t\t\t\t<h3 class=\"elementor-heading-title elementor-size-default\">Toutes les politiques<\/h3>\t\t\t\t<\/div>\n\t\t\t\t<\/div>\n\t\t\t\t<div class=\"elementor-element elementor-element-cda50b0 elementor-widget__width-inherit elementor-widget-tablet__width-inherit elementor-widget elementor-widget-heading\" data-id=\"cda50b0\" data-element_type=\"widget\" data-e-type=\"widget\" data-widget_type=\"heading.default\">\n\t\t\t\t<div class=\"elementor-widget-container\">\n\t\t\t\t\t<h1 class=\"elementor-heading-title elementor-size-default\">Politique de Durabilit\u00e9 Environnementale<\/h1>\t\t\t\t<\/div>\n\t\t\t\t<\/div>\n\t\t\t\t<div class=\"elementor-element elementor-element-a31bda4 elementor-widget__width-inherit elementor-widget-tablet__width-inherit elementor-widget elementor-widget-heading\" data-id=\"a31bda4\" data-element_type=\"widget\" data-e-type=\"widget\" data-widget_type=\"heading.default\">\n\t\t\t\t<div class=\"elementor-widget-container\">\n\t\t\t\t\t<h2 class=\"elementor-heading-title elementor-size-default\">Notre engagement en faveur de la durabilit\u00e9 environnementale<\/h2>\t\t\t\t<\/div>\n\t\t\t\t<\/div>\n\t\t\t\t<div class=\"elementor-element elementor-element-39697ef elementor-widget elementor-widget-text-editor\" data-id=\"39697ef\" data-element_type=\"widget\" data-e-type=\"widget\" data-widget_type=\"text-editor.default\">\n\t\t\t\t<div class=\"elementor-widget-container\">\n\t\t\t\t\t\t\t\t\t<p>Chez nLighten, nous reconnaissons notre responsabilit\u00e9 d\u2019agir de mani\u00e8re \u00e0 soutenir activement la durabilit\u00e9 environnementale.<\/p><p>Notre Politique de Durabilit\u00e9 Environnementale d\u00e9finit les principes, les strat\u00e9gies et les actions que nous mettons en \u0153uvre pour minimiser notre impact sur l\u2019environnement tout en continuant \u00e0 fournir des services de haute qualit\u00e9.<\/p><p>Vous pouvez consulter la politique compl\u00e8te dans le document int\u00e9gr\u00e9 ci-dessous.<br \/>Elle refl\u00e8te nos efforts continus et nos engagements dans des domaines tels que l\u2019efficacit\u00e9 \u00e9nerg\u00e9tique, l\u2019utilisation d\u2019\u00e9nergies renouvelables, la r\u00e9duction des d\u00e9chets et l\u2019implication des parties prenantes.<\/p><p><em>Remarque : le document d&rsquo;orientation est r\u00e9dig\u00e9 en anglais.<\/em><\/p>\t\t\t\t\t\t\t\t<\/div>\n\t\t\t\t<\/div>\n\t\t\t\t<div class=\"elementor-element elementor-element-b48a4c1 elementor-widget elementor-widget-button\" data-id=\"b48a4c1\" data-element_type=\"widget\" data-e-type=\"widget\" data-widget_type=\"button.default\">\n\t\t\t\t<div class=\"elementor-widget-container\">\n\t\t\t\t\t\t\t\t\t<div class=\"elementor-button-wrapper\">\n\t\t\t\t\t<a class=\"elementor-button elementor-button-link elementor-size-sm\" href=\"https:\/\/www.nlighten.com\/wp-content\/uploads\/2025\/05\/POL-GLOBAL-Environmental-Sustainability.pdf\" target=\"_blank\">\n\t\t\t\t\t\t<span class=\"elementor-button-content-wrapper\">\n\t\t\t\t\t\t\t\t\t<span class=\"elementor-button-text\">Voir la politique de durabilit\u00e9 environnementale de nLighten &gt;<\/span>\n\t\t\t\t\t<\/span>\n\t\t\t\t\t<\/a>\n\t\t\t\t<\/div>\n\t\t\t\t\t\t\t\t<\/div>\n\t\t\t\t<\/div>\n\t\t\t\t\t<\/div>\n\t\t\t\t<\/div>\n\t\t<div class=\"elementor-element elementor-element-bcda1ec elementor-hidden-desktop elementor-hidden-tablet elementor-hidden-mobile e-flex e-con-boxed e-con e-parent\" data-id=\"bcda1ec\" data-element_type=\"container\" data-e-type=\"container\">\n\t\t\t\t\t<div class=\"e-con-inner\">\n\t\t<div class=\"elementor-element elementor-element-654d8af e-con-full e-flex e-con e-child\" data-id=\"654d8af\" data-element_type=\"container\" data-e-type=\"container\">\n\t\t\t\t<div class=\"elementor-element elementor-element-e646c67 elementor-widget elementor-widget-heading\" data-id=\"e646c67\" data-element_type=\"widget\" data-e-type=\"widget\" data-widget_type=\"heading.default\">\n\t\t\t\t<div class=\"elementor-widget-container\">\n\t\t\t\t\t<h2 class=\"elementor-heading-title elementor-size-default\">Br\u00e8ve pr\u00e9sentation de la politique en la mati\u00e8re<\/h2>\t\t\t\t<\/div>\n\t\t\t\t<\/div>\n\t\t\t\t<div class=\"elementor-element elementor-element-5dbc53b elementor-widget elementor-widget-text-editor\" data-id=\"5dbc53b\" data-element_type=\"widget\" data-e-type=\"widget\" data-widget_type=\"text-editor.default\">\n\t\t\t\t<div class=\"elementor-widget-container\">\n\t\t\t\t\t\t\t\t\t<p>La pr\u00e9sente D\u00e9claration de durabilit\u00e9 environnementale s\u2019applique \u00e0 nLighten HQ BV et \u00e0 ses filiales (collectivement, la \u00ab\u00a0<strong>Soci\u00e9t\u00e9<\/strong>\u00a0\u00bb ou \u00ab\u00a0<strong>nLighten<\/strong>\u00a0\u00bb).<\/p><p>Le secteur des centres de donn\u00e9es continue de faciliter la transformation num\u00e9rique de notre soci\u00e9t\u00e9. Cette croissance n\u00e9cessite des quantit\u00e9s toujours plus importantes d\u2019\u00e9nergie et de ressources naturelles et la durabilit\u00e9 devient par cons\u00e9quent un facteur essentiel dans ce secteur.<\/p><p>nLighten est un fournisseur europ\u00e9en de solutions pour centres de donn\u00e9es. Nos centres de donn\u00e9es sont un \u00e9l\u00e9ment essentiel de l\u2019infrastructure permettant le march\u00e9 num\u00e9rique, ainsi que le stockage et la distribution des donn\u00e9es. Nous reconnaissons qu\u2019en exer\u00e7ant et en d\u00e9veloppant notre activit\u00e9, notre empreinte environnementale, y compris l\u2019impact sur le changement climatique, augmente et demande donc un mode de prestation de services plus durable et plus responsable. Nos objectifs sont les suivants\u00a0:<\/p><ul><li>Offrir des solutions de centres de donn\u00e9es qui optimisent la productivit\u00e9 \u00e9nerg\u00e9tique et l\u2019efficacit\u00e9 des ressources. Notre ultime ambition est d\u2019\u00e9voluer vers des solutions de centres de donn\u00e9es neutres en carbone.<\/li><li>Communiquer r\u00e9guli\u00e8rement et de mani\u00e8re transparente nos performances \u00e0 nos parties prenantes.<\/li><\/ul><p>Communiquer nos performances r\u00e9guli\u00e8rement et de mani\u00e8re transparente \u00e0 nos parties prenantes.<\/p><p>nLighten souhaite mettre en place des solutions \u00e0 long terme. Les pratiques environnementales, sociales et de gouvernance (ESG) sont des aspects cl\u00e9s de la fa\u00e7on dont nLighten continue de d\u00e9ployer ses activit\u00e9s, d\u2019engager ses employ\u00e9s, de soutenir ses clients et de minimiser ses impacts sur l\u2019environnement.<\/p>\t\t\t\t\t\t\t\t<\/div>\n\t\t\t\t<\/div>\n\t\t\t\t<div class=\"elementor-element elementor-element-8452a87 elementor-widget elementor-widget-heading\" data-id=\"8452a87\" data-element_type=\"widget\" data-e-type=\"widget\" data-widget_type=\"heading.default\">\n\t\t\t\t<div class=\"elementor-widget-container\">\n\t\t\t\t\t<h2 class=\"elementor-heading-title elementor-size-default\">Ambitions en mati\u00e8re de durabilit\u00e9 environnementale <\/h2>\t\t\t\t<\/div>\n\t\t\t\t<\/div>\n\t\t\t\t<div class=\"elementor-element elementor-element-30c539d elementor-widget elementor-widget-text-editor\" data-id=\"30c539d\" data-element_type=\"widget\" data-e-type=\"widget\" data-widget_type=\"text-editor.default\">\n\t\t\t\t<div class=\"elementor-widget-container\">\n\t\t\t\t\t\t\t\t\t<p>Dans le cadre des efforts d\u00e9ploy\u00e9s par nLighten pour cr\u00e9er et offrir des solutions de centre de donn\u00e9es plus durables, nous misons sur les actions suivantes :<\/p><ul><li>Utiliser au maximum l\u2019\u00e9nergie renouvelable pour nos centres de donn\u00e9es, avec une vision \u00e0 long terme consistant \u00e0 utiliser uniquement de l\u2019\u00e9nergie renouvelable.<\/li><li>Continuer \u00e0 faire \u00e9voluer la conception de nos centres de donn\u00e9es, afin d\u2019atteindre notre ultime objectif, \u00e0 savoir l\u2019utilisation de 100 % d\u2019\u00e9nergie renouvelable en tant que solution \u00e9nerg\u00e9tique principale et de secours, ainsi que la r\u00e9duction de la consommation globale d\u2019\u00e9nergie.<\/li><li>\u00c9laborer des processus de gestion du cycle de vie pour nos centres de donn\u00e9es et chercher \u00e0 r\u00e9utiliser et recycler l\u00e0 o\u00f9 c\u2019est possible<\/li><li>Encourager nos employ\u00e9s, clients et fournisseurs \u00e0 am\u00e9liorer l\u2019efficacit\u00e9 des ressources dans le cadre de la gestion de l\u2019\u00e9nergie et de l\u2019eau, ainsi qu\u2019\u00e0 r\u00e9duire leurs d\u00e9chets et leur empreinte carbone.<\/li><li>Mesurer et communiquer les param\u00e8tres cl\u00e9s relatifs aux progr\u00e8s r\u00e9alis\u00e9s dans le cadre de nos ambitions en mati\u00e8re de durabilit\u00e9 environnementale pour nos centres de donn\u00e9es, dans le but de rendre compte r\u00e9guli\u00e8rement de nos performances \u00e0 nos parties prenantes.<\/li><\/ul><p>Nous sommes convaincus qu\u2019il est essentiel de contr\u00f4ler rigoureusement la consommation d\u2019\u00e9nergie de nos centres de donn\u00e9es, et de nous efforcer de respecter les normes les plus strictes en mati\u00e8re d\u2019efficacit\u00e9 \u00e9nerg\u00e9tique. Pour atteindre cet objectif, nous surveillons en permanence le march\u00e9, de mani\u00e8re \u00e0 comprendre l\u2019\u00e9volution de la demande en \u00e9nergie des centres de donn\u00e9es et le cas \u00e9ch\u00e9ant, nous continuerons \u00e0 collaborer avec nos clients et fournisseurs pour optimiser l\u2019efficacit\u00e9 de la consommation d\u2019\u00e9nergie des centres de donn\u00e9es sur l\u2019ensemble de notre empreinte. Cet effort comprend des investissements dans les domaines suivants\u00a0:<\/p><ul><li>une infrastructure \u00e9nerg\u00e9tique permettant de garantir la mise en place de l\u2019\u00e9quipement le plus efficace et le plus performant, y compris les syst\u00e8mes de refroidissement et les appareils d\u2019enregistrement des \u00e9nergies et des temp\u00e9ratures ;<\/li><li>des produits con\u00e7us de mani\u00e8re \u00e0 ce que les principaux composants puissent \u00eatre r\u00e9par\u00e9s ou mis \u00e0 niveau ;<\/li><li>des circuits de mesure pour surveiller la consommation d\u2019\u00e9nergie.<\/li><\/ul>\t\t\t\t\t\t\t\t<\/div>\n\t\t\t\t<\/div>\n\t\t\t\t<\/div>\n\t\t\t\t\t<\/div>\n\t\t\t\t<\/div>\n\t\t\t\t<\/div>\n\t\t","protected":false},"excerpt":{"rendered":"<p>Toutes les politiques Politique de Durabilit\u00e9 Environnementale Notre engagement en faveur de la durabilit\u00e9 environnementale Chez nLighten, nous reconnaissons notre responsabilit\u00e9 d\u2019agir de mani\u00e8re \u00e0 soutenir activement la durabilit\u00e9 environnementale. &#8230; <a title=\"D\u00e9claration de durabilit\u00e9 environnementale\" class=\"read-more\" href=\"https:\/\/www.nlighten.com\/fr\/toutes-les-politiques\/declaration-de-durabilite-environnementale\/\" aria-label=\"En savoir plus sur D\u00e9claration de durabilit\u00e9 environnementale\">Lire la suite<\/a><\/p>\n","protected":false},"author":1,"featured_media":0,"parent":0,"menu_order":0,"comment_status":"closed","ping_status":"closed","template":"","meta":{"_acf_changed":false,"footnotes":""},"class_list":["post-4009","page","type-page","status-publish"],"acf":[],"yoast_head":"<!-- This site is optimized with the Yoast SEO plugin v27.4 - https:\/\/yoast.com\/product\/yoast-seo-wordpress\/ -->\n<title>nLighten \u2013 D\u00e9claration de durabilit\u00e9 environnementale<\/title>\n<meta name=\"description\" content=\"Chez nLighten, nous reconnaissons notre responsabilit\u00e9 d\u2019agir de mani\u00e8re \u00e0 soutenir activement la durabilit\u00e9 environnementale.\" \/>\n<meta name=\"robots\" content=\"index, follow, max-snippet:-1, max-image-preview:large, max-video-preview:-1\" \/>\n<link rel=\"canonical\" href=\"https:\/\/www.nlighten.com\/fr\/toutes-les-politiques\/declaration-de-durabilite-environnementale\/\" \/>\n<meta property=\"og:locale\" content=\"fr_FR\" \/>\n<meta property=\"og:type\" content=\"article\" \/>\n<meta property=\"og:title\" content=\"nLighten \u2013 D\u00e9claration de durabilit\u00e9 environnementale\" \/>\n<meta property=\"og:description\" content=\"Chez nLighten, nous reconnaissons notre responsabilit\u00e9 d\u2019agir de mani\u00e8re \u00e0 soutenir activement la durabilit\u00e9 environnementale.\" \/>\n<meta property=\"og:url\" content=\"https:\/\/www.nlighten.com\/fr\/toutes-les-politiques\/declaration-de-durabilite-environnementale\/\" \/>\n<meta property=\"og:site_name\" content=\"nLighten\" \/>\n<meta property=\"article:modified_time\" content=\"2025-10-08T09:44:21+00:00\" \/>\n<meta name=\"twitter:card\" content=\"summary_large_image\" \/>\n<meta name=\"twitter:label1\" content=\"Dur\u00e9e de lecture estim\u00e9e\" \/>\n\t<meta name=\"twitter:data1\" content=\"4 minutes\" \/>\n<script type=\"application\/ld+json\" class=\"yoast-schema-graph\">{\"@context\":\"https:\\\/\\\/schema.org\",\"@graph\":[{\"@type\":\"WebPage\",\"@id\":\"https:\\\/\\\/www.nlighten.com\\\/fr\\\/toutes-les-politiques\\\/declaration-de-durabilite-environnementale\\\/\",\"url\":\"https:\\\/\\\/www.nlighten.com\\\/fr\\\/toutes-les-politiques\\\/declaration-de-durabilite-environnementale\\\/\",\"name\":\"nLighten \u2013 D\u00e9claration de durabilit\u00e9 environnementale\",\"isPartOf\":{\"@id\":\"https:\\\/\\\/www.nlighten.com\\\/fr\\\/#website\"},\"datePublished\":\"2024-04-26T13:07:39+00:00\",\"dateModified\":\"2025-10-08T09:44:21+00:00\",\"description\":\"Chez nLighten, nous reconnaissons notre responsabilit\u00e9 d\u2019agir de mani\u00e8re \u00e0 soutenir activement la durabilit\u00e9 environnementale.\",\"breadcrumb\":{\"@id\":\"https:\\\/\\\/www.nlighten.com\\\/fr\\\/toutes-les-politiques\\\/declaration-de-durabilite-environnementale\\\/#breadcrumb\"},\"inLanguage\":\"fr-FR\",\"potentialAction\":[{\"@type\":\"ReadAction\",\"target\":[\"https:\\\/\\\/www.nlighten.com\\\/fr\\\/toutes-les-politiques\\\/declaration-de-durabilite-environnementale\\\/\"]}]},{\"@type\":\"BreadcrumbList\",\"@id\":\"https:\\\/\\\/www.nlighten.com\\\/fr\\\/toutes-les-politiques\\\/declaration-de-durabilite-environnementale\\\/#breadcrumb\",\"itemListElement\":[{\"@type\":\"ListItem\",\"position\":1,\"name\":\"Home\",\"item\":\"https:\\\/\\\/www.nlighten.com\\\/fr\\\/\"},{\"@type\":\"ListItem\",\"position\":2,\"name\":\"D\u00e9claration de durabilit\u00e9 environnementale\"}]},{\"@type\":\"WebSite\",\"@id\":\"https:\\\/\\\/www.nlighten.com\\\/fr\\\/#website\",\"url\":\"https:\\\/\\\/www.nlighten.com\\\/fr\\\/\",\"name\":\"nLighten\",\"description\":\"\",\"publisher\":{\"@id\":\"https:\\\/\\\/www.nlighten.com\\\/fr\\\/#organization\"},\"potentialAction\":[{\"@type\":\"SearchAction\",\"target\":{\"@type\":\"EntryPoint\",\"urlTemplate\":\"https:\\\/\\\/www.nlighten.com\\\/fr\\\/?s={search_term_string}\"},\"query-input\":{\"@type\":\"PropertyValueSpecification\",\"valueRequired\":true,\"valueName\":\"search_term_string\"}}],\"inLanguage\":\"fr-FR\"},{\"@type\":\"Organization\",\"@id\":\"https:\\\/\\\/www.nlighten.com\\\/fr\\\/#organization\",\"name\":\"nLighten\",\"url\":\"https:\\\/\\\/www.nlighten.com\\\/fr\\\/\",\"logo\":{\"@type\":\"ImageObject\",\"inLanguage\":\"fr-FR\",\"@id\":\"https:\\\/\\\/www.nlighten.com\\\/fr\\\/#\\\/schema\\\/logo\\\/image\\\/\",\"url\":\"https:\\\/\\\/www.nlighten.com\\\/wp-content\\\/uploads\\\/2024\\\/05\\\/nlighten_logo_green_bg.png\",\"contentUrl\":\"https:\\\/\\\/www.nlighten.com\\\/wp-content\\\/uploads\\\/2024\\\/05\\\/nlighten_logo_green_bg.png\",\"width\":696,\"height\":696,\"caption\":\"nLighten\"},\"image\":{\"@id\":\"https:\\\/\\\/www.nlighten.com\\\/fr\\\/#\\\/schema\\\/logo\\\/image\\\/\"},\"sameAs\":[\"https:\\\/\\\/www.linkedin.com\\\/company\\\/nlighten-datacenters\\\/\"]}]}<\/script>\n<!-- \/ Yoast SEO plugin. -->","yoast_head_json":{"title":"nLighten \u2013 D\u00e9claration de durabilit\u00e9 environnementale","description":"Chez nLighten, nous reconnaissons notre responsabilit\u00e9 d\u2019agir de mani\u00e8re \u00e0 soutenir activement la durabilit\u00e9 environnementale.","robots":{"index":"index","follow":"follow","max-snippet":"max-snippet:-1","max-image-preview":"max-image-preview:large","max-video-preview":"max-video-preview:-1"},"canonical":"https:\/\/www.nlighten.com\/fr\/toutes-les-politiques\/declaration-de-durabilite-environnementale\/","og_locale":"fr_FR","og_type":"article","og_title":"nLighten \u2013 D\u00e9claration de durabilit\u00e9 environnementale","og_description":"Chez nLighten, nous reconnaissons notre responsabilit\u00e9 d\u2019agir de mani\u00e8re \u00e0 soutenir activement la durabilit\u00e9 environnementale.","og_url":"https:\/\/www.nlighten.com\/fr\/toutes-les-politiques\/declaration-de-durabilite-environnementale\/","og_site_name":"nLighten","article_modified_time":"2025-10-08T09:44:21+00:00","twitter_card":"summary_large_image","twitter_misc":{"Dur\u00e9e de lecture estim\u00e9e":"4 minutes"},"schema":{"@context":"https:\/\/schema.org","@graph":[{"@type":"WebPage","@id":"https:\/\/www.nlighten.com\/fr\/toutes-les-politiques\/declaration-de-durabilite-environnementale\/","url":"https:\/\/www.nlighten.com\/fr\/toutes-les-politiques\/declaration-de-durabilite-environnementale\/","name":"nLighten \u2013 D\u00e9claration de durabilit\u00e9 environnementale","isPartOf":{"@id":"https:\/\/www.nlighten.com\/fr\/#website"},"datePublished":"2024-04-26T13:07:39+00:00","dateModified":"2025-10-08T09:44:21+00:00","description":"Chez nLighten, nous reconnaissons notre responsabilit\u00e9 d\u2019agir de mani\u00e8re \u00e0 soutenir activement la durabilit\u00e9 environnementale.","breadcrumb":{"@id":"https:\/\/www.nlighten.com\/fr\/toutes-les-politiques\/declaration-de-durabilite-environnementale\/#breadcrumb"},"inLanguage":"fr-FR","potentialAction":[{"@type":"ReadAction","target":["https:\/\/www.nlighten.com\/fr\/toutes-les-politiques\/declaration-de-durabilite-environnementale\/"]}]},{"@type":"BreadcrumbList","@id":"https:\/\/www.nlighten.com\/fr\/toutes-les-politiques\/declaration-de-durabilite-environnementale\/#breadcrumb","itemListElement":[{"@type":"ListItem","position":1,"name":"Home","item":"https:\/\/www.nlighten.com\/fr\/"},{"@type":"ListItem","position":2,"name":"D\u00e9claration de durabilit\u00e9 environnementale"}]},{"@type":"WebSite","@id":"https:\/\/www.nlighten.com\/fr\/#website","url":"https:\/\/www.nlighten.com\/fr\/","name":"nLighten","description":"","publisher":{"@id":"https:\/\/www.nlighten.com\/fr\/#organization"},"potentialAction":[{"@type":"SearchAction","target":{"@type":"EntryPoint","urlTemplate":"https:\/\/www.nlighten.com\/fr\/?s={search_term_string}"},"query-input":{"@type":"PropertyValueSpecification","valueRequired":true,"valueName":"search_term_string"}}],"inLanguage":"fr-FR"},{"@type":"Organization","@id":"https:\/\/www.nlighten.com\/fr\/#organization","name":"nLighten","url":"https:\/\/www.nlighten.com\/fr\/","logo":{"@type":"ImageObject","inLanguage":"fr-FR","@id":"https:\/\/www.nlighten.com\/fr\/#\/schema\/logo\/image\/","url":"https:\/\/www.nlighten.com\/wp-content\/uploads\/2024\/05\/nlighten_logo_green_bg.png","contentUrl":"https:\/\/www.nlighten.com\/wp-content\/uploads\/2024\/05\/nlighten_logo_green_bg.png","width":696,"height":696,"caption":"nLighten"},"image":{"@id":"https:\/\/www.nlighten.com\/fr\/#\/schema\/logo\/image\/"},"sameAs":["https:\/\/www.linkedin.com\/company\/nlighten-datacenters\/"]}]}},"publishpress_future_workflow_manual_trigger":{"enabledWorkflows":[]},"_links":{"self":[{"href":"https:\/\/www.nlighten.com\/fr\/wp-json\/wp\/v2\/pages\/4009","targetHints":{"allow":["GET"]}}],"collection":[{"href":"https:\/\/www.nlighten.com\/fr\/wp-json\/wp\/v2\/pages"}],"about":[{"href":"https:\/\/www.nlighten.com\/fr\/wp-json\/wp\/v2\/types\/page"}],"author":[{"embeddable":true,"href":"https:\/\/www.nlighten.com\/fr\/wp-json\/wp\/v2\/users\/1"}],"replies":[{"embeddable":true,"href":"https:\/\/www.nlighten.com\/fr\/wp-json\/wp\/v2\/comments?post=4009"}],"version-history":[{"count":0,"href":"https:\/\/www.nlighten.com\/fr\/wp-json\/wp\/v2\/pages\/4009\/revisions"}],"wp:attachment":[{"href":"https:\/\/www.nlighten.com\/fr\/wp-json\/wp\/v2\/media?parent=4009"}],"curies":[{"name":"wp","href":"https:\/\/api.w.org\/{rel}","templated":true}]}}