{"id":3976,"date":"2024-04-25T11:17:50","date_gmt":"2024-04-25T11:17:50","guid":{"rendered":"https:\/\/www.nlighten.com\/connectivity-services\/"},"modified":"2025-10-08T16:08:35","modified_gmt":"2025-10-08T16:08:35","slug":"connectivity-services","status":"publish","type":"page","link":"https:\/\/www.nlighten.com\/fr\/services-et-solutions\/connectivity-services\/","title":{"rendered":"Connectivity Services"},"content":{"rendered":"\t\t<div data-elementor-type=\"wp-page\" data-elementor-id=\"3976\" class=\"elementor elementor-3976 elementor-2007\" data-elementor-post-type=\"page\">\n\t\t\t\t<div class=\"elementor-element elementor-element-3a68bc5 e-flex e-con-boxed e-con e-parent\" data-id=\"3a68bc5\" data-element_type=\"container\" data-e-type=\"container\" data-settings=\"{&quot;background_background&quot;:&quot;classic&quot;}\">\n\t\t\t\t\t<div class=\"e-con-inner\">\n\t\t\t\t<div class=\"elementor-element elementor-element-2fd3c62 elementor-widget__width-initial elementor-widget-tablet__width-inherit elementor-widget elementor-widget-heading\" data-id=\"2fd3c62\" data-element_type=\"widget\" data-e-type=\"widget\" data-widget_type=\"heading.default\">\n\t\t\t\t<div class=\"elementor-widget-container\">\n\t\t\t\t\t<h3 class=\"elementor-heading-title elementor-size-default\">Services et solutions<\/h3>\t\t\t\t<\/div>\n\t\t\t\t<\/div>\n\t\t\t\t<div class=\"elementor-element elementor-element-cda50b0 elementor-widget__width-inherit elementor-widget-tablet__width-inherit elementor-widget elementor-widget-heading\" data-id=\"cda50b0\" data-element_type=\"widget\" data-e-type=\"widget\" data-widget_type=\"heading.default\">\n\t\t\t\t<div class=\"elementor-widget-container\">\n\t\t\t\t\t<h1 class=\"elementor-heading-title elementor-size-default\">Connectivity Services<\/h1>\t\t\t\t<\/div>\n\t\t\t\t<\/div>\n\t\t\t\t<div class=\"elementor-element elementor-element-df8dd41 elementor-widget__width-inherit elementor-widget-tablet__width-inherit elementor-widget elementor-widget-text-editor\" data-id=\"df8dd41\" data-element_type=\"widget\" data-e-type=\"widget\" data-widget_type=\"text-editor.default\">\n\t\t\t\t<div class=\"elementor-widget-container\">\n\t\t\t\t\t\t\t\t\t<p>En plus de nos services de colocation standard, nous proposons des solutions de connectivit\u00e9 adapt\u00e9es en fonction des besoins sp\u00e9cifiques de nos clients. Notre offre de transit IP multi op\u00e9rateurs offre ainsi une qualit\u00e9 de service optimis\u00e9 et redond\u00e9. Notre \u00e9cosyst\u00e8me d\u2019op\u00e9rateurs pr\u00e9sents sur l\u2019ensemble de nos sites permet \u00e0 nos clients de choisir, s\u2019ils le souhaitent, d\u2019utiliser leurs services directement. L\u2019ensemble de nos sites est interconnect\u00e9 sur des parcours diff\u00e9rents et de haute disponibilit\u00e9.<\/p>\t\t\t\t\t\t\t\t<\/div>\n\t\t\t\t<\/div>\n\t\t\t\t<div class=\"elementor-element elementor-element-cab8cda elementor-widget__width-inherit elementor-widget-tablet__width-inherit elementor-widget elementor-widget-text-editor\" data-id=\"cab8cda\" data-element_type=\"widget\" data-e-type=\"widget\" data-widget_type=\"text-editor.default\">\n\t\t\t\t<div class=\"elementor-widget-container\">\n\t\t\t\t\t\t\t\t\t<p>Notre offre de transit IP multi op\u00e9rateurs offre ainsi une qualit\u00e9 de service optimis\u00e9 et redond\u00e9. Notre \u00e9cosyst\u00e8me d\u2019op\u00e9rateurs pr\u00e9sents sur l\u2019ensemble de nos sites permet \u00e0 nos clients de choisir, s\u2019ils le souhaitent, d\u2019utiliser leurs services directement. L\u2019ensemble de nos sites est interconnect\u00e9 sur des parcours diff\u00e9rents et de haute disponibilit\u00e9. <\/p>\n\t\t\t\t\t\t\t\t<\/div>\n\t\t\t\t<\/div>\n\t\t\t\t\t<\/div>\n\t\t\t\t<\/div>\n\t\t<div class=\"elementor-element elementor-element-1fdc675 e-flex e-con-boxed e-con e-parent\" data-id=\"1fdc675\" data-element_type=\"container\" data-e-type=\"container\">\n\t\t\t\t\t<div class=\"e-con-inner\">\n\t\t\t\t<div class=\"elementor-element elementor-element-eba7b74 elementor-widget elementor-widget-heading\" data-id=\"eba7b74\" data-element_type=\"widget\" data-e-type=\"widget\" data-widget_type=\"heading.default\">\n\t\t\t\t<div class=\"elementor-widget-container\">\n\t\t\t\t\t<h2 class=\"elementor-heading-title elementor-size-default\">Fonctionnalit\u00e9s <span style=\"color: var( --e-global-color-secondary )\">...<\/span><\/h2>\t\t\t\t<\/div>\n\t\t\t\t<\/div>\n\t\t\t\t<div class=\"elementor-element elementor-element-4c5240c e-n-tabs-mobile elementor-widget elementor-widget-n-tabs\" data-id=\"4c5240c\" data-element_type=\"widget\" data-e-type=\"widget\" data-settings=\"{&quot;horizontal_scroll_tablet&quot;:&quot;disable&quot;}\" data-widget_type=\"nested-tabs.default\">\n\t\t\t\t<div class=\"elementor-widget-container\">\n\t\t\t\t\t\t\t<div class=\"e-n-tabs\" data-widget-number=\"80028684\" aria-label=\"Onglets. Ouvrez des \u00e9l\u00e9ments avec Entrer ou Espace, fermez-les avec Echape et naviguez \u00e0 l&#039;aide des touches fl\u00e9ch\u00e9es.\">\n\t\t\t<div class=\"e-n-tabs-heading\" role=\"tablist\">\n\t\t\t\t\t<button id=\"e-n-tab-title-800286841\" data-tab-title-id=\"e-n-tab-title-800286841\" class=\"e-n-tab-title\" aria-selected=\"true\" data-tab-index=\"1\" role=\"tab\" tabindex=\"0\" aria-controls=\"e-n-tab-content-800286841\" style=\"--n-tabs-title-order: 1;\">\n\t\t\t\t\t\t<span class=\"e-n-tab-title-text\">\n\t\t\t\tDE NOMBREUX OP\u00c9RATEURS <span style=\"color: var( --e-global-color-secondary)\">...<\/span>\t\t\t<\/span>\n\t\t<\/button>\n\t\t\t\t<button id=\"e-n-tab-title-800286842\" data-tab-title-id=\"e-n-tab-title-800286842\" class=\"e-n-tab-title\" aria-selected=\"false\" data-tab-index=\"2\" role=\"tab\" tabindex=\"-1\" aria-controls=\"e-n-tab-content-800286842\" style=\"--n-tabs-title-order: 2;\">\n\t\t\t\t\t\t<span class=\"e-n-tab-title-text\">\n\t\t\t\tCONNECTIVIT\u00c9 CLOUD <span style=\"color: var( --e-global-color-secondary)\">...<\/span>\t\t\t<\/span>\n\t\t<\/button>\n\t\t\t\t<button id=\"e-n-tab-title-800286843\" data-tab-title-id=\"e-n-tab-title-800286843\" class=\"e-n-tab-title\" aria-selected=\"false\" data-tab-index=\"3\" role=\"tab\" tabindex=\"-1\" aria-controls=\"e-n-tab-content-800286843\" style=\"--n-tabs-title-order: 3;\">\n\t\t\t\t\t\t<span class=\"e-n-tab-title-text\">\n\t\t\t\tDATACENTERS NEUTRES <span style=\"color: var( --e-global-color-secondary)\">...<\/span>\t\t\t<\/span>\n\t\t<\/button>\n\t\t\t\t<button id=\"e-n-tab-title-800286844\" data-tab-title-id=\"e-n-tab-title-800286844\" class=\"e-n-tab-title\" aria-selected=\"false\" data-tab-index=\"4\" role=\"tab\" tabindex=\"-1\" aria-controls=\"e-n-tab-content-800286844\" style=\"--n-tabs-title-order: 4;\">\n\t\t\t\t\t\t<span class=\"e-n-tab-title-text\">\n\t\t\t\tREDONDANCE ET OPTIONS DE BAIES \u00c0 BAIES <span style=\"color: var( --e-global-color-secondary)\">...<\/span>\t\t\t<\/span>\n\t\t<\/button>\n\t\t\t\t\t<\/div>\n\t\t\t<div class=\"e-n-tabs-content\">\n\t\t\t\t<div id=\"e-n-tab-content-800286841\" role=\"tabpanel\" aria-labelledby=\"e-n-tab-title-800286841\" data-tab-index=\"1\" style=\"--n-tabs-title-order: 1;\" class=\"e-active elementor-element elementor-element-5782c13 e-con-full e-flex e-con e-child\" data-id=\"5782c13\" data-element_type=\"container\" data-e-type=\"container\" data-settings=\"{&quot;background_background&quot;:&quot;classic&quot;}\">\n\t\t\t\t<div class=\"elementor-element elementor-element-d275be8 elementor-widget elementor-widget-text-editor\" data-id=\"d275be8\" data-element_type=\"widget\" data-e-type=\"widget\" data-widget_type=\"text-editor.default\">\n\t\t\t\t<div class=\"elementor-widget-container\">\n\t\t\t\t\t\t\t\t\t<p>Les centres de donn\u00e9es nLighten sont \u00e0 la fois neutres vis-\u00e0-vis des op\u00e9rateurs et ind\u00e9pendants des fournisseurs. Gr\u00e2ce \u00e0 la pr\u00e9sence europ\u00e9enne de nLighten, faites votre choix parmi plus de 65 op\u00e9rateurs et partenaires pour r\u00e9pondre exactement \u00e0 vos besoins.<\/p>\n\t\t\t\t\t\t\t\t<\/div>\n\t\t\t\t<\/div>\n\t\t\t\t<\/div>\n\t\t<div id=\"e-n-tab-content-800286842\" role=\"tabpanel\" aria-labelledby=\"e-n-tab-title-800286842\" data-tab-index=\"2\" style=\"--n-tabs-title-order: 2;\" class=\" elementor-element elementor-element-a6fa4f7 e-con-full e-flex e-con e-child\" data-id=\"a6fa4f7\" data-element_type=\"container\" data-e-type=\"container\" data-settings=\"{&quot;background_background&quot;:&quot;classic&quot;}\">\n\t\t\t\t<div class=\"elementor-element elementor-element-9edbf86 elementor-widget elementor-widget-text-editor\" data-id=\"9edbf86\" data-element_type=\"widget\" data-e-type=\"widget\" data-widget_type=\"text-editor.default\">\n\t\t\t\t<div class=\"elementor-widget-container\">\n\t\t\t\t\t\t\t\t\t<p>Gr\u00e2ce \u00e0 nos partenaires, acc\u00e9dez \u00e0 des dizaines de clouds publics et ainsi profitez pleinement de votre strat\u00e9gie de cloud hybride en toute s\u00e9curit\u00e9. <\/p>\n\t\t\t\t\t\t\t\t<\/div>\n\t\t\t\t<\/div>\n\t\t\t\t<\/div>\n\t\t<div id=\"e-n-tab-content-800286843\" role=\"tabpanel\" aria-labelledby=\"e-n-tab-title-800286843\" data-tab-index=\"3\" style=\"--n-tabs-title-order: 3;\" class=\" elementor-element elementor-element-2c37bdb e-con-full e-flex e-con e-child\" data-id=\"2c37bdb\" data-element_type=\"container\" data-e-type=\"container\" data-settings=\"{&quot;background_background&quot;:&quot;classic&quot;}\">\n\t\t\t\t<div class=\"elementor-element elementor-element-c6d3423 elementor-widget elementor-widget-text-editor\" data-id=\"c6d3423\" data-element_type=\"widget\" data-e-type=\"widget\" data-widget_type=\"text-editor.default\">\n\t\t\t\t<div class=\"elementor-widget-container\">\n\t\t\t\t\t\t\t\t\t<p>Les datacenters nLighten sont \u00e0 la fois neutres vis-\u00e0-vis des op\u00e9rateurs et ind\u00e9pendants des fournisseurs. Acc\u00e9dez \u00e0 plus de 65 op\u00e9rateurs et partenaires pour r\u00e9pondre exactement \u00e0 vos besoins gr\u00e2ce \u00e0 la pr\u00e9sence europ\u00e9enne de nLighten. <\/p>\n\t\t\t\t\t\t\t\t<\/div>\n\t\t\t\t<\/div>\n\t\t\t\t<\/div>\n\t\t<div id=\"e-n-tab-content-800286844\" role=\"tabpanel\" aria-labelledby=\"e-n-tab-title-800286844\" data-tab-index=\"4\" style=\"--n-tabs-title-order: 4;\" class=\" elementor-element elementor-element-6ddf91c e-con-full e-flex e-con e-child\" data-id=\"6ddf91c\" data-element_type=\"container\" data-e-type=\"container\" data-settings=\"{&quot;background_background&quot;:&quot;classic&quot;}\">\n\t\t\t\t<div class=\"elementor-element elementor-element-153f665 elementor-widget elementor-widget-text-editor\" data-id=\"153f665\" data-element_type=\"widget\" data-e-type=\"widget\" data-widget_type=\"text-editor.default\">\n\t\t\t\t<div class=\"elementor-widget-container\">\n\t\t\t\t\t\t\t\t\t<p>Les points d&rsquo;entr\u00e9e des fibres et les salles \u00ab Meet Me Room \u00bb sont positionn\u00e9s de mani\u00e8re \u00e0 permettre des connexions \u00e0 routage diff\u00e9rents afin de garantir la redondance de votre syst\u00e8me d\u2019information.<\/p>\n\t\t\t\t\t\t\t\t<\/div>\n\t\t\t\t<\/div>\n\t\t\t\t<\/div>\n\t\t\t\t\t<\/div>\n\t\t<\/div>\n\t\t\t\t\t\t<\/div>\n\t\t\t\t<\/div>\n\t\t\t\t\t<\/div>\n\t\t\t\t<\/div>\n\t\t<div class=\"elementor-element elementor-element-29a277d elementor-hidden-tablet elementor-hidden-mobile e-flex e-con-boxed e-con e-parent\" data-id=\"29a277d\" data-element_type=\"container\" data-e-type=\"container\" data-settings=\"{&quot;background_background&quot;:&quot;classic&quot;}\">\n\t\t\t\t\t<div class=\"e-con-inner\">\n\t\t\t\t<div class=\"elementor-element elementor-element-41b2fac elementor-absolute elementor-hidden-tablet elementor-hidden-mobile elementor-widget elementor-widget-image\" data-id=\"41b2fac\" data-element_type=\"widget\" data-e-type=\"widget\" data-settings=\"{&quot;_position&quot;:&quot;absolute&quot;}\" data-widget_type=\"image.default\">\n\t\t\t\t<div class=\"elementor-widget-container\">\n\t\t\t\t\t\t\t\t\t\t\t\t\t\t\t<img fetchpriority=\"high\" decoding=\"async\" width=\"342\" height=\"1048\" src=\"https:\/\/www.nlighten.com\/wp-content\/uploads\/2024\/04\/services-grapic-element-large-bottom-1.webp\" class=\"attachment-full size-full wp-image-3425\" alt=\"\" srcset=\"https:\/\/www.nlighten.com\/wp-content\/uploads\/2024\/04\/services-grapic-element-large-bottom-1.webp 342w, https:\/\/www.nlighten.com\/wp-content\/uploads\/2024\/04\/services-grapic-element-large-bottom-1-98x300.webp 98w, https:\/\/www.nlighten.com\/wp-content\/uploads\/2024\/04\/services-grapic-element-large-bottom-1-334x1024.webp 334w\" sizes=\"(max-width: 342px) 100vw, 342px\" \/>\t\t\t\t\t\t\t\t\t\t\t\t\t\t\t<\/div>\n\t\t\t\t<\/div>\n\t\t\t\t\t<\/div>\n\t\t\t\t<\/div>\n\t\t<div class=\"elementor-element elementor-element-8fd9d54 e-flex e-con-boxed e-con e-parent\" data-id=\"8fd9d54\" data-element_type=\"container\" data-e-type=\"container\" data-settings=\"{&quot;background_background&quot;:&quot;gradient&quot;}\">\n\t\t\t\t\t<div class=\"e-con-inner\">\n\t\t\t\t<div class=\"elementor-element elementor-element-5920c50 elementor-widget__width-initial elementor-widget-mobile__width-inherit elementor-widget elementor-widget-text-editor\" data-id=\"5920c50\" data-element_type=\"widget\" data-e-type=\"widget\" data-widget_type=\"text-editor.default\">\n\t\t\t\t<div class=\"elementor-widget-container\">\n\t\t\t\t\t\t\t\t\t<p>Vous avez une question, un projet ou souhaitez simplement nous contacter ?<\/p>\n\t\t\t\t\t\t\t\t<\/div>\n\t\t\t\t<\/div>\n\t\t\t\t<div class=\"elementor-element elementor-element-134ce78 elementor-widget elementor-widget-button\" data-id=\"134ce78\" data-element_type=\"widget\" data-e-type=\"widget\" data-widget_type=\"button.default\">\n\t\t\t\t<div class=\"elementor-widget-container\">\n\t\t\t\t\t\t\t\t\t<div class=\"elementor-button-wrapper\">\n\t\t\t\t\t<a class=\"elementor-button elementor-button-link elementor-size-sm\" href=\"https:\/\/www.nlighten.com\/fr\/demandes-generales\/\">\n\t\t\t\t\t\t<span class=\"elementor-button-content-wrapper\">\n\t\t\t\t\t\t\t\t\t<span class=\"elementor-button-text\">Contactez-nous<\/span>\n\t\t\t\t\t<\/span>\n\t\t\t\t\t<\/a>\n\t\t\t\t<\/div>\n\t\t\t\t\t\t\t\t<\/div>\n\t\t\t\t<\/div>\n\t\t\t\t\t<\/div>\n\t\t\t\t<\/div>\n\t\t\t\t<\/div>\n\t\t","protected":false},"excerpt":{"rendered":"<p>Services et solutions Connectivity Services En plus de nos services de colocation standard, nous proposons des solutions de connectivit\u00e9 adapt\u00e9es en fonction des besoins sp\u00e9cifiques de nos clients. Notre offre &#8230; <a title=\"Connectivity Services\" class=\"read-more\" href=\"https:\/\/www.nlighten.com\/fr\/services-et-solutions\/connectivity-services\/\" aria-label=\"En savoir plus sur Connectivity Services\">Lire la suite<\/a><\/p>\n","protected":false},"author":1,"featured_media":7605,"parent":0,"menu_order":0,"comment_status":"closed","ping_status":"closed","template":"","meta":{"_acf_changed":false,"footnotes":""},"class_list":["post-3976","page","type-page","status-publish","has-post-thumbnail"],"acf":[],"yoast_head":"<!-- This site is optimized with the Yoast SEO plugin v27.4 - https:\/\/yoast.com\/product\/yoast-seo-wordpress\/ -->\n<title>Data Center Connectivity Solutions UK &amp; Europe | nLighten<\/title>\n<meta name=\"description\" content=\"Solutions d&#039;interconnexion avanc\u00e9es dans nos centres de donn\u00e9es neutres, offrant un acc\u00e8s aux fournisseurs de services r\u00e9seau au Royaume-Uni et en Europe.\" \/>\n<meta name=\"robots\" content=\"index, follow, max-snippet:-1, max-image-preview:large, max-video-preview:-1\" \/>\n<link rel=\"canonical\" href=\"https:\/\/www.nlighten.com\/fr\/services-et-solutions\/connectivity-services\/\" \/>\n<meta property=\"og:locale\" content=\"fr_FR\" \/>\n<meta property=\"og:type\" content=\"article\" \/>\n<meta property=\"og:title\" content=\"Data Center Connectivity Solutions UK &amp; Europe | nLighten\" \/>\n<meta property=\"og:description\" content=\"Solutions d&#039;interconnexion avanc\u00e9es dans nos centres de donn\u00e9es neutres, offrant un acc\u00e8s aux fournisseurs de services r\u00e9seau au Royaume-Uni et en Europe.\" \/>\n<meta property=\"og:url\" content=\"https:\/\/www.nlighten.com\/fr\/services-et-solutions\/connectivity-services\/\" \/>\n<meta property=\"og:site_name\" content=\"nLighten\" \/>\n<meta property=\"article:modified_time\" content=\"2025-10-08T16:08:35+00:00\" \/>\n<meta property=\"og:image\" content=\"https:\/\/www.nlighten.com\/wp-content\/uploads\/2024\/07\/AdobeStock_298559220-edit.jpg\" \/>\n\t<meta property=\"og:image:width\" content=\"1920\" \/>\n\t<meta property=\"og:image:height\" content=\"1080\" \/>\n\t<meta property=\"og:image:type\" content=\"image\/jpeg\" \/>\n<meta name=\"twitter:card\" content=\"summary_large_image\" \/>\n<meta name=\"twitter:label1\" content=\"Dur\u00e9e de lecture estim\u00e9e\" \/>\n\t<meta name=\"twitter:data1\" content=\"3 minutes\" \/>\n<script type=\"application\/ld+json\" class=\"yoast-schema-graph\">{\"@context\":\"https:\\\/\\\/schema.org\",\"@graph\":[{\"@type\":\"WebPage\",\"@id\":\"https:\\\/\\\/www.nlighten.com\\\/fr\\\/services-et-solutions\\\/connectivity-services\\\/\",\"url\":\"https:\\\/\\\/www.nlighten.com\\\/fr\\\/services-et-solutions\\\/connectivity-services\\\/\",\"name\":\"Data Center Connectivity Solutions UK & Europe | nLighten\",\"isPartOf\":{\"@id\":\"https:\\\/\\\/www.nlighten.com\\\/fr\\\/#website\"},\"primaryImageOfPage\":{\"@id\":\"https:\\\/\\\/www.nlighten.com\\\/fr\\\/services-et-solutions\\\/connectivity-services\\\/#primaryimage\"},\"image\":{\"@id\":\"https:\\\/\\\/www.nlighten.com\\\/fr\\\/services-et-solutions\\\/connectivity-services\\\/#primaryimage\"},\"thumbnailUrl\":\"https:\\\/\\\/www.nlighten.com\\\/wp-content\\\/uploads\\\/2024\\\/07\\\/AdobeStock_298559220-edit.jpg\",\"datePublished\":\"2024-04-25T11:17:50+00:00\",\"dateModified\":\"2025-10-08T16:08:35+00:00\",\"description\":\"Solutions d'interconnexion avanc\u00e9es dans nos centres de donn\u00e9es neutres, offrant un acc\u00e8s aux fournisseurs de services r\u00e9seau au Royaume-Uni et en Europe.\",\"breadcrumb\":{\"@id\":\"https:\\\/\\\/www.nlighten.com\\\/fr\\\/services-et-solutions\\\/connectivity-services\\\/#breadcrumb\"},\"inLanguage\":\"fr-FR\",\"potentialAction\":[{\"@type\":\"ReadAction\",\"target\":[\"https:\\\/\\\/www.nlighten.com\\\/fr\\\/services-et-solutions\\\/connectivity-services\\\/\"]}]},{\"@type\":\"ImageObject\",\"inLanguage\":\"fr-FR\",\"@id\":\"https:\\\/\\\/www.nlighten.com\\\/fr\\\/services-et-solutions\\\/connectivity-services\\\/#primaryimage\",\"url\":\"https:\\\/\\\/www.nlighten.com\\\/wp-content\\\/uploads\\\/2024\\\/07\\\/AdobeStock_298559220-edit.jpg\",\"contentUrl\":\"https:\\\/\\\/www.nlighten.com\\\/wp-content\\\/uploads\\\/2024\\\/07\\\/AdobeStock_298559220-edit.jpg\",\"width\":1920,\"height\":1080},{\"@type\":\"BreadcrumbList\",\"@id\":\"https:\\\/\\\/www.nlighten.com\\\/fr\\\/services-et-solutions\\\/connectivity-services\\\/#breadcrumb\",\"itemListElement\":[{\"@type\":\"ListItem\",\"position\":1,\"name\":\"Home\",\"item\":\"https:\\\/\\\/www.nlighten.com\\\/fr\\\/\"},{\"@type\":\"ListItem\",\"position\":2,\"name\":\"Connectivity Services\"}]},{\"@type\":\"WebSite\",\"@id\":\"https:\\\/\\\/www.nlighten.com\\\/fr\\\/#website\",\"url\":\"https:\\\/\\\/www.nlighten.com\\\/fr\\\/\",\"name\":\"nLighten\",\"description\":\"\",\"publisher\":{\"@id\":\"https:\\\/\\\/www.nlighten.com\\\/fr\\\/#organization\"},\"potentialAction\":[{\"@type\":\"SearchAction\",\"target\":{\"@type\":\"EntryPoint\",\"urlTemplate\":\"https:\\\/\\\/www.nlighten.com\\\/fr\\\/?s={search_term_string}\"},\"query-input\":{\"@type\":\"PropertyValueSpecification\",\"valueRequired\":true,\"valueName\":\"search_term_string\"}}],\"inLanguage\":\"fr-FR\"},{\"@type\":\"Organization\",\"@id\":\"https:\\\/\\\/www.nlighten.com\\\/fr\\\/#organization\",\"name\":\"nLighten\",\"url\":\"https:\\\/\\\/www.nlighten.com\\\/fr\\\/\",\"logo\":{\"@type\":\"ImageObject\",\"inLanguage\":\"fr-FR\",\"@id\":\"https:\\\/\\\/www.nlighten.com\\\/fr\\\/#\\\/schema\\\/logo\\\/image\\\/\",\"url\":\"https:\\\/\\\/www.nlighten.com\\\/wp-content\\\/uploads\\\/2024\\\/05\\\/nlighten_logo_green_bg.png\",\"contentUrl\":\"https:\\\/\\\/www.nlighten.com\\\/wp-content\\\/uploads\\\/2024\\\/05\\\/nlighten_logo_green_bg.png\",\"width\":696,\"height\":696,\"caption\":\"nLighten\"},\"image\":{\"@id\":\"https:\\\/\\\/www.nlighten.com\\\/fr\\\/#\\\/schema\\\/logo\\\/image\\\/\"},\"sameAs\":[\"https:\\\/\\\/www.linkedin.com\\\/company\\\/nlighten-datacenters\\\/\"]}]}<\/script>\n<!-- \/ Yoast SEO plugin. -->","yoast_head_json":{"title":"Data Center Connectivity Solutions UK & Europe | nLighten","description":"Solutions d'interconnexion avanc\u00e9es dans nos centres de donn\u00e9es neutres, offrant un acc\u00e8s aux fournisseurs de services r\u00e9seau au Royaume-Uni et en Europe.","robots":{"index":"index","follow":"follow","max-snippet":"max-snippet:-1","max-image-preview":"max-image-preview:large","max-video-preview":"max-video-preview:-1"},"canonical":"https:\/\/www.nlighten.com\/fr\/services-et-solutions\/connectivity-services\/","og_locale":"fr_FR","og_type":"article","og_title":"Data Center Connectivity Solutions UK & Europe | nLighten","og_description":"Solutions d'interconnexion avanc\u00e9es dans nos centres de donn\u00e9es neutres, offrant un acc\u00e8s aux fournisseurs de services r\u00e9seau au Royaume-Uni et en Europe.","og_url":"https:\/\/www.nlighten.com\/fr\/services-et-solutions\/connectivity-services\/","og_site_name":"nLighten","article_modified_time":"2025-10-08T16:08:35+00:00","og_image":[{"width":1920,"height":1080,"url":"https:\/\/www.nlighten.com\/wp-content\/uploads\/2024\/07\/AdobeStock_298559220-edit.jpg","type":"image\/jpeg"}],"twitter_card":"summary_large_image","twitter_misc":{"Dur\u00e9e de lecture estim\u00e9e":"3 minutes"},"schema":{"@context":"https:\/\/schema.org","@graph":[{"@type":"WebPage","@id":"https:\/\/www.nlighten.com\/fr\/services-et-solutions\/connectivity-services\/","url":"https:\/\/www.nlighten.com\/fr\/services-et-solutions\/connectivity-services\/","name":"Data Center Connectivity Solutions UK & Europe | nLighten","isPartOf":{"@id":"https:\/\/www.nlighten.com\/fr\/#website"},"primaryImageOfPage":{"@id":"https:\/\/www.nlighten.com\/fr\/services-et-solutions\/connectivity-services\/#primaryimage"},"image":{"@id":"https:\/\/www.nlighten.com\/fr\/services-et-solutions\/connectivity-services\/#primaryimage"},"thumbnailUrl":"https:\/\/www.nlighten.com\/wp-content\/uploads\/2024\/07\/AdobeStock_298559220-edit.jpg","datePublished":"2024-04-25T11:17:50+00:00","dateModified":"2025-10-08T16:08:35+00:00","description":"Solutions d'interconnexion avanc\u00e9es dans nos centres de donn\u00e9es neutres, offrant un acc\u00e8s aux fournisseurs de services r\u00e9seau au Royaume-Uni et en Europe.","breadcrumb":{"@id":"https:\/\/www.nlighten.com\/fr\/services-et-solutions\/connectivity-services\/#breadcrumb"},"inLanguage":"fr-FR","potentialAction":[{"@type":"ReadAction","target":["https:\/\/www.nlighten.com\/fr\/services-et-solutions\/connectivity-services\/"]}]},{"@type":"ImageObject","inLanguage":"fr-FR","@id":"https:\/\/www.nlighten.com\/fr\/services-et-solutions\/connectivity-services\/#primaryimage","url":"https:\/\/www.nlighten.com\/wp-content\/uploads\/2024\/07\/AdobeStock_298559220-edit.jpg","contentUrl":"https:\/\/www.nlighten.com\/wp-content\/uploads\/2024\/07\/AdobeStock_298559220-edit.jpg","width":1920,"height":1080},{"@type":"BreadcrumbList","@id":"https:\/\/www.nlighten.com\/fr\/services-et-solutions\/connectivity-services\/#breadcrumb","itemListElement":[{"@type":"ListItem","position":1,"name":"Home","item":"https:\/\/www.nlighten.com\/fr\/"},{"@type":"ListItem","position":2,"name":"Connectivity Services"}]},{"@type":"WebSite","@id":"https:\/\/www.nlighten.com\/fr\/#website","url":"https:\/\/www.nlighten.com\/fr\/","name":"nLighten","description":"","publisher":{"@id":"https:\/\/www.nlighten.com\/fr\/#organization"},"potentialAction":[{"@type":"SearchAction","target":{"@type":"EntryPoint","urlTemplate":"https:\/\/www.nlighten.com\/fr\/?s={search_term_string}"},"query-input":{"@type":"PropertyValueSpecification","valueRequired":true,"valueName":"search_term_string"}}],"inLanguage":"fr-FR"},{"@type":"Organization","@id":"https:\/\/www.nlighten.com\/fr\/#organization","name":"nLighten","url":"https:\/\/www.nlighten.com\/fr\/","logo":{"@type":"ImageObject","inLanguage":"fr-FR","@id":"https:\/\/www.nlighten.com\/fr\/#\/schema\/logo\/image\/","url":"https:\/\/www.nlighten.com\/wp-content\/uploads\/2024\/05\/nlighten_logo_green_bg.png","contentUrl":"https:\/\/www.nlighten.com\/wp-content\/uploads\/2024\/05\/nlighten_logo_green_bg.png","width":696,"height":696,"caption":"nLighten"},"image":{"@id":"https:\/\/www.nlighten.com\/fr\/#\/schema\/logo\/image\/"},"sameAs":["https:\/\/www.linkedin.com\/company\/nlighten-datacenters\/"]}]}},"publishpress_future_workflow_manual_trigger":{"enabledWorkflows":[]},"_links":{"self":[{"href":"https:\/\/www.nlighten.com\/fr\/wp-json\/wp\/v2\/pages\/3976","targetHints":{"allow":["GET"]}}],"collection":[{"href":"https:\/\/www.nlighten.com\/fr\/wp-json\/wp\/v2\/pages"}],"about":[{"href":"https:\/\/www.nlighten.com\/fr\/wp-json\/wp\/v2\/types\/page"}],"author":[{"embeddable":true,"href":"https:\/\/www.nlighten.com\/fr\/wp-json\/wp\/v2\/users\/1"}],"replies":[{"embeddable":true,"href":"https:\/\/www.nlighten.com\/fr\/wp-json\/wp\/v2\/comments?post=3976"}],"version-history":[{"count":0,"href":"https:\/\/www.nlighten.com\/fr\/wp-json\/wp\/v2\/pages\/3976\/revisions"}],"wp:featuredmedia":[{"embeddable":true,"href":"https:\/\/www.nlighten.com\/fr\/wp-json\/wp\/v2\/media\/7605"}],"wp:attachment":[{"href":"https:\/\/www.nlighten.com\/fr\/wp-json\/wp\/v2\/media?parent=3976"}],"curies":[{"name":"wp","href":"https:\/\/api.w.org\/{rel}","templated":true}]}}