{"id":3937,"date":"2024-04-19T09:26:57","date_gmt":"2024-04-19T09:26:57","guid":{"rendered":"https:\/\/www.nlighten.com\/close\/"},"modified":"2025-10-08T16:20:31","modified_gmt":"2025-10-08T16:20:31","slug":"close","status":"publish","type":"page","link":"https:\/\/www.nlighten.com\/fr\/close\/","title":{"rendered":"Close"},"content":{"rendered":"\t\t<div data-elementor-type=\"wp-page\" data-elementor-id=\"3937\" class=\"elementor elementor-3937 elementor-59\" data-elementor-post-type=\"page\">\n\t\t\t\t<div class=\"elementor-element elementor-element-f0bdc01 e-con-full elementor-hidden-tablet elementor-hidden-mobile e-flex e-con e-parent\" data-id=\"f0bdc01\" data-element_type=\"container\" data-e-type=\"container\" data-settings=\"{&quot;background_background&quot;:&quot;classic&quot;}\">\n\t\t<div class=\"elementor-element elementor-element-d222338 e-flex e-con-boxed e-con e-child\" data-id=\"d222338\" data-element_type=\"container\" data-e-type=\"container\" data-settings=\"{&quot;background_background&quot;:&quot;classic&quot;}\">\n\t\t\t\t\t<div class=\"e-con-inner\">\n\t\t<div class=\"elementor-element elementor-element-26f61e0 e-flex e-con-boxed e-con e-child\" data-id=\"26f61e0\" data-element_type=\"container\" data-e-type=\"container\">\n\t\t\t\t\t<div class=\"e-con-inner\">\n\t\t\t\t<div class=\"elementor-element elementor-element-1aee6fd elementor-widget elementor-widget-heading\" data-id=\"1aee6fd\" data-element_type=\"widget\" data-e-type=\"widget\" data-widget_type=\"heading.default\">\n\t\t\t\t<div class=\"elementor-widget-container\">\n\t\t\t\t\t<h1 class=\"elementor-heading-title elementor-size-default\"><span style=\"color:var( --e-global-color-4e82ce6 );font-weight: 300\">nLighten<\/span><br>\nLe centre de donn\u00e9es<br>\n\u201cpr\u00e8s de chez moi\u201d<\/h1>\t\t\t\t<\/div>\n\t\t\t\t<\/div>\n\t\t\t\t\t<\/div>\n\t\t\t\t<\/div>\n\t\t<div class=\"elementor-element elementor-element-8639117 e-con-full e-flex e-con e-child\" data-id=\"8639117\" data-element_type=\"container\" data-e-type=\"container\" data-settings=\"{&quot;background_background&quot;:&quot;classic&quot;}\">\n\t\t\t\t<\/div>\n\t\t\t\t\t<\/div>\n\t\t\t\t<\/div>\n\t\t\t\t<\/div>\n\t\t<div class=\"elementor-element elementor-element-b6c9eda background-gradient-section elementor-hidden-desktop e-flex e-con-boxed e-con e-parent\" data-id=\"b6c9eda\" data-element_type=\"container\" data-e-type=\"container\">\n\t\t\t\t\t<div class=\"e-con-inner\">\n\t\t<div class=\"elementor-element elementor-element-b629328 e-con-full e-flex e-con e-child\" data-id=\"b629328\" data-element_type=\"container\" data-e-type=\"container\">\n\t\t\t\t<div class=\"elementor-element elementor-element-a245433 elementor-widget elementor-widget-heading\" data-id=\"a245433\" data-element_type=\"widget\" data-e-type=\"widget\" data-widget_type=\"heading.default\">\n\t\t\t\t<div class=\"elementor-widget-container\">\n\t\t\t\t\t<h1 class=\"elementor-heading-title elementor-size-default\"><span style=\"color:var( --e-global-color-4e82ce6 );font-weight: 300\">nLighten<\/span><br>\nLe centre de donn\u00e9es<br>\n\u201cpr\u00e8s de chez moi\u201d<\/h1>\t\t\t\t<\/div>\n\t\t\t\t<\/div>\n\t\t\t\t<\/div>\n\t\t<div class=\"elementor-element elementor-element-9f0abbe e-con-full e-flex e-con e-child\" data-id=\"9f0abbe\" data-element_type=\"container\" data-e-type=\"container\">\n\t\t\t\t<div class=\"elementor-element elementor-element-2d152fa elementor-widget elementor-widget-image\" data-id=\"2d152fa\" data-element_type=\"widget\" data-e-type=\"widget\" data-widget_type=\"image.default\">\n\t\t\t\t<div class=\"elementor-widget-container\">\n\t\t\t\t\t\t\t\t\t\t\t\t\t\t\t<img fetchpriority=\"high\" decoding=\"async\" width=\"991\" height=\"657\" src=\"https:\/\/www.nlighten.com\/wp-content\/uploads\/2024\/04\/652d421c3cb8095bc56b0078_close-mobile.webp\" class=\"attachment-full size-full wp-image-3476\" alt=\"\" srcset=\"https:\/\/www.nlighten.com\/wp-content\/uploads\/2024\/04\/652d421c3cb8095bc56b0078_close-mobile.webp 991w, https:\/\/www.nlighten.com\/wp-content\/uploads\/2024\/04\/652d421c3cb8095bc56b0078_close-mobile-300x199.webp 300w, https:\/\/www.nlighten.com\/wp-content\/uploads\/2024\/04\/652d421c3cb8095bc56b0078_close-mobile-768x509.webp 768w\" sizes=\"(max-width: 991px) 100vw, 991px\" \/>\t\t\t\t\t\t\t\t\t\t\t\t\t\t\t<\/div>\n\t\t\t\t<\/div>\n\t\t\t\t<\/div>\n\t\t\t\t\t<\/div>\n\t\t\t\t<\/div>\n\t\t<div class=\"elementor-element elementor-element-03cf02b background-gradient-section e-flex e-con-boxed e-con e-parent\" data-id=\"03cf02b\" data-element_type=\"container\" data-e-type=\"container\" data-settings=\"{&quot;background_background&quot;:&quot;classic&quot;}\">\n\t\t\t\t\t<div class=\"e-con-inner\">\n\t\t\t\t<div class=\"elementor-element elementor-element-6750b6c elementor-absolute elementor-hidden-tablet elementor-hidden-mobile elementor-widget elementor-widget-image\" data-id=\"6750b6c\" data-element_type=\"widget\" data-e-type=\"widget\" data-settings=\"{&quot;_position&quot;:&quot;absolute&quot;}\" data-widget_type=\"image.default\">\n\t\t\t\t<div class=\"elementor-widget-container\">\n\t\t\t\t\t\t\t\t\t\t\t\t\t\t\t<img decoding=\"async\" width=\"401\" height=\"835\" src=\"https:\/\/www.nlighten.com\/wp-content\/uploads\/2024\/04\/graphic-element-intro-top-a-home.webp\" class=\"attachment-full size-full wp-image-3422\" alt=\"\" srcset=\"https:\/\/www.nlighten.com\/wp-content\/uploads\/2024\/04\/graphic-element-intro-top-a-home.webp 401w, https:\/\/www.nlighten.com\/wp-content\/uploads\/2024\/04\/graphic-element-intro-top-a-home-144x300.webp 144w\" sizes=\"(max-width: 401px) 100vw, 401px\" \/>\t\t\t\t\t\t\t\t\t\t\t\t\t\t\t<\/div>\n\t\t\t\t<\/div>\n\t\t\t\t<div class=\"elementor-element elementor-element-4a8e1e5 elementor-absolute elementor-hidden-tablet elementor-hidden-mobile elementor-widget elementor-widget-image\" data-id=\"4a8e1e5\" data-element_type=\"widget\" data-e-type=\"widget\" data-settings=\"{&quot;_position&quot;:&quot;absolute&quot;}\" data-widget_type=\"image.default\">\n\t\t\t\t<div class=\"elementor-widget-container\">\n\t\t\t\t\t\t\t\t\t\t\t\t\t\t\t<img decoding=\"async\" width=\"401\" height=\"868\" src=\"https:\/\/www.nlighten.com\/wp-content\/uploads\/2024\/04\/graphic-element-intro-top-b-home.webp\" class=\"attachment-full size-full wp-image-3419\" alt=\"\" srcset=\"https:\/\/www.nlighten.com\/wp-content\/uploads\/2024\/04\/graphic-element-intro-top-b-home.webp 401w, https:\/\/www.nlighten.com\/wp-content\/uploads\/2024\/04\/graphic-element-intro-top-b-home-139x300.webp 139w\" sizes=\"(max-width: 401px) 100vw, 401px\" \/>\t\t\t\t\t\t\t\t\t\t\t\t\t\t\t<\/div>\n\t\t\t\t<\/div>\n\t\t\t\t\t<\/div>\n\t\t\t\t<\/div>\n\t\t<div class=\"elementor-element elementor-element-2a854b6 background-gradient-section e-flex e-con-boxed e-con e-parent\" data-id=\"2a854b6\" data-element_type=\"container\" data-e-type=\"container\" data-settings=\"{&quot;background_background&quot;:&quot;classic&quot;}\">\n\t\t\t\t\t<div class=\"e-con-inner\">\n\t\t<div class=\"elementor-element elementor-element-a50d250 e-con-full e-flex e-con e-child\" data-id=\"a50d250\" data-element_type=\"container\" data-e-type=\"container\" data-settings=\"{&quot;background_background&quot;:&quot;classic&quot;}\">\n\t\t<div class=\"elementor-element elementor-element-44e9e31 e-con-full e-flex e-con e-child\" data-id=\"44e9e31\" data-element_type=\"container\" data-e-type=\"container\">\n\t\t\t\t<div class=\"elementor-element elementor-element-fe7a5bf elementor-widget__width-initial elementor-widget elementor-widget-text-editor\" data-id=\"fe7a5bf\" data-element_type=\"widget\" data-e-type=\"widget\" data-widget_type=\"text-editor.default\">\n\t\t\t\t<div class=\"elementor-widget-container\">\n\t\t\t\t\t\t\t\t\t<p>nLighten est une plateforme d&rsquo;infrastructure num\u00e9rique. Nous exploitons des datecenters edge implant\u00e9s dans plusieurs grands p\u00f4les \u00e9conomiques europ\u00e9ens. Ils permettent un excellent acc\u00e8s au r\u00e9seau \u00e0 faible latence pour l&rsquo;industrie locale, les utilisateurs priv\u00e9s (TPE \/ PME) ou ceux en mobilit\u00e9.  <\/p>\n\t\t\t\t\t\t\t\t<\/div>\n\t\t\t\t<\/div>\n\t\t\t\t<\/div>\n\t\t\t\t<\/div>\n\t\t\t\t\t<\/div>\n\t\t\t\t<\/div>\n\t\t<div class=\"elementor-element elementor-element-e200248 e-con-full e-flex e-con e-parent\" data-id=\"e200248\" data-element_type=\"container\" data-e-type=\"container\" data-settings=\"{&quot;background_background&quot;:&quot;classic&quot;}\">\n\t\t\t\t<div class=\"elementor-element elementor-element-dbe9c4f elementor-absolute elementor-hidden-tablet elementor-hidden-mobile elementor-widget elementor-widget-image\" data-id=\"dbe9c4f\" data-element_type=\"widget\" data-e-type=\"widget\" data-settings=\"{&quot;_position&quot;:&quot;absolute&quot;}\" data-widget_type=\"image.default\">\n\t\t\t\t<div class=\"elementor-widget-container\">\n\t\t\t\t\t\t\t\t\t\t\t\t\t\t\t<img loading=\"lazy\" decoding=\"async\" width=\"342\" height=\"1048\" src=\"https:\/\/www.nlighten.com\/wp-content\/uploads\/2024\/04\/services-grapic-element-large-bottom-1.webp\" class=\"attachment-full size-full wp-image-3425\" alt=\"\" srcset=\"https:\/\/www.nlighten.com\/wp-content\/uploads\/2024\/04\/services-grapic-element-large-bottom-1.webp 342w, https:\/\/www.nlighten.com\/wp-content\/uploads\/2024\/04\/services-grapic-element-large-bottom-1-98x300.webp 98w, https:\/\/www.nlighten.com\/wp-content\/uploads\/2024\/04\/services-grapic-element-large-bottom-1-334x1024.webp 334w\" sizes=\"(max-width: 342px) 100vw, 342px\" \/>\t\t\t\t\t\t\t\t\t\t\t\t\t\t\t<\/div>\n\t\t\t\t<\/div>\n\t\t\t\t<\/div>\n\t\t<div class=\"elementor-element elementor-element-8bbe218 e-flex e-con-boxed e-con e-parent\" data-id=\"8bbe218\" data-element_type=\"container\" data-e-type=\"container\" data-settings=\"{&quot;background_background&quot;:&quot;classic&quot;}\">\n\t\t\t\t\t<div class=\"e-con-inner\">\n\t\t<div class=\"elementor-element elementor-element-8c59be9 e-flex e-con-boxed e-con e-child\" data-id=\"8c59be9\" data-element_type=\"container\" data-e-type=\"container\">\n\t\t\t\t\t<div class=\"e-con-inner\">\n\t\t\t\t<div class=\"elementor-element elementor-element-9df5f40 elementor-widget elementor-widget-heading\" data-id=\"9df5f40\" data-element_type=\"widget\" data-e-type=\"widget\" data-widget_type=\"heading.default\">\n\t\t\t\t<div class=\"elementor-widget-container\">\n\t\t\t\t\t<h2 class=\"elementor-heading-title elementor-size-default\">nLighten \u2014 votre partenaire de proximit\u00e9<\/h2>\t\t\t\t<\/div>\n\t\t\t\t<\/div>\n\t\t\t\t<div class=\"elementor-element elementor-element-2c0991d elementor-widget elementor-widget-text-editor\" data-id=\"2c0991d\" data-element_type=\"widget\" data-e-type=\"widget\" data-widget_type=\"text-editor.default\">\n\t\t\t\t<div class=\"elementor-widget-container\">\n\t\t\t\t\t\t\t\t\t<p>Lorsque nous parlons de proximit\u00e9, notre champ d&rsquo;application va au-del\u00e0 de la simple commodit\u00e9 g\u00e9ographique. Nous avons construit une infrastructure de <a href=\"https:\/\/www.nlighten.com\/fr\/pourquoi-opter-pour-un-datacenter-edge\/\">datacenters edge<\/a> sp\u00e9cialement con\u00e7ue pour prendre en charge la colocation et les applications n\u00e9cessitant une latence minimale.<\/p><p>Les datacenters edge de nLighten sont situ\u00e9s dans des emplacements privil\u00e9gi\u00e9s, \u00e0 proximit\u00e9 de nos clients et de leurs clients, de leurs collaborateurs qui travaillent en distantiel et de nos partenaires strat\u00e9giques.<\/p><p>Nos clients ont acc\u00e8s au r\u00e9seau d&rsquo;infrastructures de pointe le plus complet d&rsquo;Europe. Cette plateforme favorise un \u00e9cosyst\u00e8me dynamique pour les entreprises locales, la distribution de contenu, les connexions r\u00e9seau et les solutions cloud.<\/p><p>Chez nLighten, nous sommes suffisamment dimensionn\u00e9s pour proposer une plateforme d&rsquo;infrastructure de nouvelle g\u00e9n\u00e9ration, tout en \u00e9tant suffisamment agiles pour r\u00e9pondre rapidement et localement, \u00e0 vos besoins sp\u00e9cifiques.<\/p>\t\t\t\t\t\t\t\t<\/div>\n\t\t\t\t<\/div>\n\t\t\t\t\t<\/div>\n\t\t\t\t<\/div>\n\t\t\t\t\t<\/div>\n\t\t\t\t<\/div>\n\t\t<div class=\"elementor-element elementor-element-e87834d light-green-bg e-flex e-con-boxed e-con e-parent\" data-id=\"e87834d\" data-element_type=\"container\" data-e-type=\"container\" data-settings=\"{&quot;background_background&quot;:&quot;classic&quot;}\">\n\t\t\t\t\t<div class=\"e-con-inner\">\n\t\t<div class=\"elementor-element elementor-element-dbb4b63 e-con-full e-flex e-con e-child\" data-id=\"dbb4b63\" data-element_type=\"container\" data-e-type=\"container\" data-settings=\"{&quot;background_background&quot;:&quot;classic&quot;}\">\n\t\t\t\t<div class=\"elementor-element elementor-element-615a377 elementor-widget elementor-widget-heading\" data-id=\"615a377\" data-element_type=\"widget\" data-e-type=\"widget\" data-widget_type=\"heading.default\">\n\t\t\t\t<div class=\"elementor-widget-container\">\n\t\t\t\t\t<h2 class=\"elementor-heading-title elementor-size-default\">Vous avez une question, un projet ou souhaitez simplement nous contacter ?<\/h2>\t\t\t\t<\/div>\n\t\t\t\t<\/div>\n\t\t\t\t<div class=\"elementor-element elementor-element-54948c9 elementor-widget elementor-widget-heading\" data-id=\"54948c9\" data-element_type=\"widget\" data-e-type=\"widget\" data-widget_type=\"heading.default\">\n\t\t\t\t<div class=\"elementor-widget-container\">\n\t\t\t\t\t<h3 class=\"elementor-heading-title elementor-size-default\">D\u00e9couvrons ensemble quelle solution vous convient le mieux.\n<\/h3>\t\t\t\t<\/div>\n\t\t\t\t<\/div>\n\t\t\t\t<div class=\"elementor-element elementor-element-8804d5e elementor-widget elementor-widget-button\" data-id=\"8804d5e\" data-element_type=\"widget\" data-e-type=\"widget\" data-widget_type=\"button.default\">\n\t\t\t\t<div class=\"elementor-widget-container\">\n\t\t\t\t\t\t\t\t\t<div class=\"elementor-button-wrapper\">\n\t\t\t\t\t<a class=\"elementor-button elementor-button-link elementor-size-sm\" href=\"https:\/\/www.nlighten.com\/fr\/demandes-generales\/\">\n\t\t\t\t\t\t<span class=\"elementor-button-content-wrapper\">\n\t\t\t\t\t\t\t\t\t<span class=\"elementor-button-text\">Contactez-nous<\/span>\n\t\t\t\t\t<\/span>\n\t\t\t\t\t<\/a>\n\t\t\t\t<\/div>\n\t\t\t\t\t\t\t\t<\/div>\n\t\t\t\t<\/div>\n\t\t\t\t<\/div>\n\t\t\t\t\t<\/div>\n\t\t\t\t<\/div>\n\t\t\t\t<\/div>\n\t\t","protected":false},"excerpt":{"rendered":"<p>nLighten Le centre de donn\u00e9es \u201cpr\u00e8s de chez moi\u201d nLighten Le centre de donn\u00e9es \u201cpr\u00e8s de chez moi\u201d nLighten est une plateforme d&rsquo;infrastructure num\u00e9rique. Nous exploitons des datecenters edge implant\u00e9s &#8230; <a title=\"Close\" class=\"read-more\" href=\"https:\/\/www.nlighten.com\/fr\/close\/\" aria-label=\"En savoir plus sur Close\">Lire la suite<\/a><\/p>\n","protected":false},"author":1,"featured_media":0,"parent":0,"menu_order":0,"comment_status":"closed","ping_status":"closed","template":"","meta":{"_acf_changed":false,"footnotes":""},"class_list":["post-3937","page","type-page","status-publish"],"acf":[],"yoast_head":"<!-- This site is optimized with the Yoast SEO plugin v27.4 - https:\/\/yoast.com\/product\/yoast-seo-wordpress\/ -->\n<title>NLighten \u2013 Centres de donn\u00e9es de colocation proches de chez vous<\/title>\n<meta name=\"description\" content=\"Choisissez l&#039;une des 10 colocations allemandes cl\u00e9s pour une latence ultra-faible aliment\u00e9e par une \u00e9nergie verte. Haute dispo &amp; latence ultra-faible.\" \/>\n<meta name=\"robots\" content=\"index, follow, max-snippet:-1, max-image-preview:large, max-video-preview:-1\" \/>\n<link rel=\"canonical\" href=\"https:\/\/www.nlighten.com\/fr\/close\/\" \/>\n<meta property=\"og:locale\" content=\"fr_FR\" \/>\n<meta property=\"og:type\" content=\"article\" \/>\n<meta property=\"og:title\" content=\"NLighten \u2013 Centres de donn\u00e9es de colocation proches de chez vous\" \/>\n<meta property=\"og:description\" content=\"Choisissez l&#039;une des 10 colocations allemandes cl\u00e9s pour une latence ultra-faible aliment\u00e9e par une \u00e9nergie verte. Haute dispo &amp; latence ultra-faible.\" \/>\n<meta property=\"og:url\" content=\"https:\/\/www.nlighten.com\/fr\/close\/\" \/>\n<meta property=\"og:site_name\" content=\"nLighten\" \/>\n<meta property=\"article:modified_time\" content=\"2025-10-08T16:20:31+00:00\" \/>\n<meta property=\"og:image\" content=\"https:\/\/www.nlighten.com\/wp-content\/uploads\/2024\/04\/652d421c3cb8095bc56b0078_close-mobile.webp\" \/>\n<meta name=\"twitter:card\" content=\"summary_large_image\" \/>\n<meta name=\"twitter:label1\" content=\"Dur\u00e9e de lecture estim\u00e9e\" \/>\n\t<meta name=\"twitter:data1\" content=\"2 minutes\" \/>\n<script type=\"application\/ld+json\" class=\"yoast-schema-graph\">{\"@context\":\"https:\\\/\\\/schema.org\",\"@graph\":[{\"@type\":\"WebPage\",\"@id\":\"https:\\\/\\\/www.nlighten.com\\\/fr\\\/close\\\/\",\"url\":\"https:\\\/\\\/www.nlighten.com\\\/fr\\\/close\\\/\",\"name\":\"NLighten \u2013 Centres de donn\u00e9es de colocation proches de chez vous\",\"isPartOf\":{\"@id\":\"https:\\\/\\\/www.nlighten.com\\\/fr\\\/#website\"},\"primaryImageOfPage\":{\"@id\":\"https:\\\/\\\/www.nlighten.com\\\/fr\\\/close\\\/#primaryimage\"},\"image\":{\"@id\":\"https:\\\/\\\/www.nlighten.com\\\/fr\\\/close\\\/#primaryimage\"},\"thumbnailUrl\":\"https:\\\/\\\/www.nlighten.com\\\/wp-content\\\/uploads\\\/2024\\\/04\\\/652d421c3cb8095bc56b0078_close-mobile.webp\",\"datePublished\":\"2024-04-19T09:26:57+00:00\",\"dateModified\":\"2025-10-08T16:20:31+00:00\",\"description\":\"Choisissez l'une des 10 colocations allemandes cl\u00e9s pour une latence ultra-faible aliment\u00e9e par une \u00e9nergie verte. Haute dispo & latence ultra-faible.\",\"breadcrumb\":{\"@id\":\"https:\\\/\\\/www.nlighten.com\\\/fr\\\/close\\\/#breadcrumb\"},\"inLanguage\":\"fr-FR\",\"potentialAction\":[{\"@type\":\"ReadAction\",\"target\":[\"https:\\\/\\\/www.nlighten.com\\\/fr\\\/close\\\/\"]}]},{\"@type\":\"ImageObject\",\"inLanguage\":\"fr-FR\",\"@id\":\"https:\\\/\\\/www.nlighten.com\\\/fr\\\/close\\\/#primaryimage\",\"url\":\"https:\\\/\\\/www.nlighten.com\\\/wp-content\\\/uploads\\\/2024\\\/04\\\/652d421c3cb8095bc56b0078_close-mobile.webp\",\"contentUrl\":\"https:\\\/\\\/www.nlighten.com\\\/wp-content\\\/uploads\\\/2024\\\/04\\\/652d421c3cb8095bc56b0078_close-mobile.webp\"},{\"@type\":\"BreadcrumbList\",\"@id\":\"https:\\\/\\\/www.nlighten.com\\\/fr\\\/close\\\/#breadcrumb\",\"itemListElement\":[{\"@type\":\"ListItem\",\"position\":1,\"name\":\"Home\",\"item\":\"https:\\\/\\\/www.nlighten.com\\\/fr\\\/\"},{\"@type\":\"ListItem\",\"position\":2,\"name\":\"Close\"}]},{\"@type\":\"WebSite\",\"@id\":\"https:\\\/\\\/www.nlighten.com\\\/fr\\\/#website\",\"url\":\"https:\\\/\\\/www.nlighten.com\\\/fr\\\/\",\"name\":\"nLighten\",\"description\":\"\",\"publisher\":{\"@id\":\"https:\\\/\\\/www.nlighten.com\\\/fr\\\/#organization\"},\"potentialAction\":[{\"@type\":\"SearchAction\",\"target\":{\"@type\":\"EntryPoint\",\"urlTemplate\":\"https:\\\/\\\/www.nlighten.com\\\/fr\\\/?s={search_term_string}\"},\"query-input\":{\"@type\":\"PropertyValueSpecification\",\"valueRequired\":true,\"valueName\":\"search_term_string\"}}],\"inLanguage\":\"fr-FR\"},{\"@type\":\"Organization\",\"@id\":\"https:\\\/\\\/www.nlighten.com\\\/fr\\\/#organization\",\"name\":\"nLighten\",\"url\":\"https:\\\/\\\/www.nlighten.com\\\/fr\\\/\",\"logo\":{\"@type\":\"ImageObject\",\"inLanguage\":\"fr-FR\",\"@id\":\"https:\\\/\\\/www.nlighten.com\\\/fr\\\/#\\\/schema\\\/logo\\\/image\\\/\",\"url\":\"https:\\\/\\\/www.nlighten.com\\\/wp-content\\\/uploads\\\/2024\\\/05\\\/nlighten_logo_green_bg.png\",\"contentUrl\":\"https:\\\/\\\/www.nlighten.com\\\/wp-content\\\/uploads\\\/2024\\\/05\\\/nlighten_logo_green_bg.png\",\"width\":696,\"height\":696,\"caption\":\"nLighten\"},\"image\":{\"@id\":\"https:\\\/\\\/www.nlighten.com\\\/fr\\\/#\\\/schema\\\/logo\\\/image\\\/\"},\"sameAs\":[\"https:\\\/\\\/www.linkedin.com\\\/company\\\/nlighten-datacenters\\\/\"]}]}<\/script>\n<!-- \/ Yoast SEO plugin. -->","yoast_head_json":{"title":"NLighten \u2013 Centres de donn\u00e9es de colocation proches de chez vous","description":"Choisissez l'une des 10 colocations allemandes cl\u00e9s pour une latence ultra-faible aliment\u00e9e par une \u00e9nergie verte. Haute dispo & latence ultra-faible.","robots":{"index":"index","follow":"follow","max-snippet":"max-snippet:-1","max-image-preview":"max-image-preview:large","max-video-preview":"max-video-preview:-1"},"canonical":"https:\/\/www.nlighten.com\/fr\/close\/","og_locale":"fr_FR","og_type":"article","og_title":"NLighten \u2013 Centres de donn\u00e9es de colocation proches de chez vous","og_description":"Choisissez l'une des 10 colocations allemandes cl\u00e9s pour une latence ultra-faible aliment\u00e9e par une \u00e9nergie verte. Haute dispo & latence ultra-faible.","og_url":"https:\/\/www.nlighten.com\/fr\/close\/","og_site_name":"nLighten","article_modified_time":"2025-10-08T16:20:31+00:00","og_image":[{"url":"https:\/\/www.nlighten.com\/wp-content\/uploads\/2024\/04\/652d421c3cb8095bc56b0078_close-mobile.webp","type":"","width":"","height":""}],"twitter_card":"summary_large_image","twitter_misc":{"Dur\u00e9e de lecture estim\u00e9e":"2 minutes"},"schema":{"@context":"https:\/\/schema.org","@graph":[{"@type":"WebPage","@id":"https:\/\/www.nlighten.com\/fr\/close\/","url":"https:\/\/www.nlighten.com\/fr\/close\/","name":"NLighten \u2013 Centres de donn\u00e9es de colocation proches de chez vous","isPartOf":{"@id":"https:\/\/www.nlighten.com\/fr\/#website"},"primaryImageOfPage":{"@id":"https:\/\/www.nlighten.com\/fr\/close\/#primaryimage"},"image":{"@id":"https:\/\/www.nlighten.com\/fr\/close\/#primaryimage"},"thumbnailUrl":"https:\/\/www.nlighten.com\/wp-content\/uploads\/2024\/04\/652d421c3cb8095bc56b0078_close-mobile.webp","datePublished":"2024-04-19T09:26:57+00:00","dateModified":"2025-10-08T16:20:31+00:00","description":"Choisissez l'une des 10 colocations allemandes cl\u00e9s pour une latence ultra-faible aliment\u00e9e par une \u00e9nergie verte. Haute dispo & latence ultra-faible.","breadcrumb":{"@id":"https:\/\/www.nlighten.com\/fr\/close\/#breadcrumb"},"inLanguage":"fr-FR","potentialAction":[{"@type":"ReadAction","target":["https:\/\/www.nlighten.com\/fr\/close\/"]}]},{"@type":"ImageObject","inLanguage":"fr-FR","@id":"https:\/\/www.nlighten.com\/fr\/close\/#primaryimage","url":"https:\/\/www.nlighten.com\/wp-content\/uploads\/2024\/04\/652d421c3cb8095bc56b0078_close-mobile.webp","contentUrl":"https:\/\/www.nlighten.com\/wp-content\/uploads\/2024\/04\/652d421c3cb8095bc56b0078_close-mobile.webp"},{"@type":"BreadcrumbList","@id":"https:\/\/www.nlighten.com\/fr\/close\/#breadcrumb","itemListElement":[{"@type":"ListItem","position":1,"name":"Home","item":"https:\/\/www.nlighten.com\/fr\/"},{"@type":"ListItem","position":2,"name":"Close"}]},{"@type":"WebSite","@id":"https:\/\/www.nlighten.com\/fr\/#website","url":"https:\/\/www.nlighten.com\/fr\/","name":"nLighten","description":"","publisher":{"@id":"https:\/\/www.nlighten.com\/fr\/#organization"},"potentialAction":[{"@type":"SearchAction","target":{"@type":"EntryPoint","urlTemplate":"https:\/\/www.nlighten.com\/fr\/?s={search_term_string}"},"query-input":{"@type":"PropertyValueSpecification","valueRequired":true,"valueName":"search_term_string"}}],"inLanguage":"fr-FR"},{"@type":"Organization","@id":"https:\/\/www.nlighten.com\/fr\/#organization","name":"nLighten","url":"https:\/\/www.nlighten.com\/fr\/","logo":{"@type":"ImageObject","inLanguage":"fr-FR","@id":"https:\/\/www.nlighten.com\/fr\/#\/schema\/logo\/image\/","url":"https:\/\/www.nlighten.com\/wp-content\/uploads\/2024\/05\/nlighten_logo_green_bg.png","contentUrl":"https:\/\/www.nlighten.com\/wp-content\/uploads\/2024\/05\/nlighten_logo_green_bg.png","width":696,"height":696,"caption":"nLighten"},"image":{"@id":"https:\/\/www.nlighten.com\/fr\/#\/schema\/logo\/image\/"},"sameAs":["https:\/\/www.linkedin.com\/company\/nlighten-datacenters\/"]}]}},"publishpress_future_workflow_manual_trigger":{"enabledWorkflows":[]},"_links":{"self":[{"href":"https:\/\/www.nlighten.com\/fr\/wp-json\/wp\/v2\/pages\/3937","targetHints":{"allow":["GET"]}}],"collection":[{"href":"https:\/\/www.nlighten.com\/fr\/wp-json\/wp\/v2\/pages"}],"about":[{"href":"https:\/\/www.nlighten.com\/fr\/wp-json\/wp\/v2\/types\/page"}],"author":[{"embeddable":true,"href":"https:\/\/www.nlighten.com\/fr\/wp-json\/wp\/v2\/users\/1"}],"replies":[{"embeddable":true,"href":"https:\/\/www.nlighten.com\/fr\/wp-json\/wp\/v2\/comments?post=3937"}],"version-history":[{"count":0,"href":"https:\/\/www.nlighten.com\/fr\/wp-json\/wp\/v2\/pages\/3937\/revisions"}],"wp:attachment":[{"href":"https:\/\/www.nlighten.com\/fr\/wp-json\/wp\/v2\/media?parent=3937"}],"curies":[{"name":"wp","href":"https:\/\/api.w.org\/{rel}","templated":true}]}}