{"id":3823,"date":"2024-04-26T12:41:47","date_gmt":"2024-04-26T12:41:47","guid":{"rendered":"https:\/\/www.nlighten.com\/politiques-internes\/"},"modified":"2024-08-30T10:10:41","modified_gmt":"2024-08-30T10:10:41","slug":"nlighten-toutes-les-politiques","status":"publish","type":"page","link":"https:\/\/www.nlighten.com\/fr\/toutes-les-politiques\/nlighten-toutes-les-politiques\/","title":{"rendered":"Politiques internes"},"content":{"rendered":"\t\t<div data-elementor-type=\"wp-page\" data-elementor-id=\"3823\" class=\"elementor elementor-3823 elementor-3010\" data-elementor-post-type=\"page\">\n\t\t\t\t<div class=\"elementor-element elementor-element-b97a771 e-flex e-con-boxed e-con e-parent\" data-id=\"b97a771\" data-element_type=\"container\" data-e-type=\"container\" data-settings=\"{&quot;background_background&quot;:&quot;classic&quot;}\">\n\t\t\t\t\t<div class=\"e-con-inner\">\n\t\t\t\t<div class=\"elementor-element elementor-element-cda50b0 elementor-widget__width-inherit elementor-widget-tablet__width-inherit elementor-widget elementor-widget-heading\" data-id=\"cda50b0\" data-element_type=\"widget\" data-e-type=\"widget\" data-widget_type=\"heading.default\">\n\t\t\t\t<div class=\"elementor-widget-container\">\n\t\t\t\t\t<h1 class=\"elementor-heading-title elementor-size-default\">Politiques internes<\/h1>\t\t\t\t<\/div>\n\t\t\t\t<\/div>\n\t\t<div class=\"elementor-element elementor-element-22605f0 e-flex e-con-boxed e-con e-child\" data-id=\"22605f0\" data-element_type=\"container\" data-e-type=\"container\">\n\t\t\t\t\t<div class=\"e-con-inner\">\n\t\t<div class=\"elementor-element elementor-element-29be267 e-flex e-con-boxed e-con e-child\" data-id=\"29be267\" data-element_type=\"container\" data-e-type=\"container\">\n\t\t\t\t\t<div class=\"e-con-inner\">\n\t\t\t\t<div class=\"elementor-element elementor-element-05389ef elementor-widget-mobile__width-initial elementor-view-default elementor-widget elementor-widget-icon\" data-id=\"05389ef\" data-element_type=\"widget\" data-e-type=\"widget\" data-widget_type=\"icon.default\">\n\t\t\t\t<div class=\"elementor-widget-container\">\n\t\t\t\t\t\t\t<div class=\"elementor-icon-wrapper\">\n\t\t\t<div class=\"elementor-icon\">\n\t\t\t<svg aria-hidden=\"true\" class=\"e-font-icon-svg e-fas-arrow-right\" viewBox=\"0 0 448 512\" xmlns=\"http:\/\/www.w3.org\/2000\/svg\" aria-hidden=\"true\" aria-hidden=\"true\"><path d=\"M190.5 66.9l22.2-22.2c9.4-9.4 24.6-9.4 33.9 0L441 239c9.4 9.4 9.4 24.6 0 33.9L246.6 467.3c-9.4 9.4-24.6 9.4-33.9 0l-22.2-22.2c-9.5-9.5-9.3-25 .4-34.3L311.4 296H24c-13.3 0-24-10.7-24-24v-32c0-13.3 10.7-24 24-24h287.4L190.9 101.2c-9.8-9.3-10-24.8-.4-34.3z\"><\/path><\/svg>\t\t\t<\/div>\n\t\t<\/div>\n\t\t\t\t\t\t<\/div>\n\t\t\t\t<\/div>\n\t\t\t\t<div class=\"elementor-element elementor-element-095a712 elementor-widget-mobile__width-initial elementor-widget elementor-widget-text-editor\" data-id=\"095a712\" data-element_type=\"widget\" data-e-type=\"widget\" data-widget_type=\"text-editor.default\">\n\t\t\t\t<div class=\"elementor-widget-container\">\n\t\t\t\t\t\t\t\t\t<a style=\"font-size: 1.6rem;\" href=\"https:\/\/www.nlighten.com\/fr\/toutes-les-politiques\/nlighten-avis-de-confidentialite\/\"><span style=\"text-decoration: underline;\">Avis de confidentialit\u00e9 <\/span><\/a>\t\t\t\t\t\t\t\t<\/div>\n\t\t\t\t<\/div>\n\t\t\t\t\t<\/div>\n\t\t\t\t<\/div>\n\t\t<div class=\"elementor-element elementor-element-09c6cfe e-flex e-con-boxed e-con e-child\" data-id=\"09c6cfe\" data-element_type=\"container\" data-e-type=\"container\">\n\t\t\t\t\t<div class=\"e-con-inner\">\n\t\t\t\t<div class=\"elementor-element elementor-element-de83b53 elementor-widget-mobile__width-initial elementor-view-default elementor-widget elementor-widget-icon\" data-id=\"de83b53\" data-element_type=\"widget\" data-e-type=\"widget\" data-widget_type=\"icon.default\">\n\t\t\t\t<div class=\"elementor-widget-container\">\n\t\t\t\t\t\t\t<div class=\"elementor-icon-wrapper\">\n\t\t\t<div class=\"elementor-icon\">\n\t\t\t<svg aria-hidden=\"true\" class=\"e-font-icon-svg e-fas-arrow-right\" viewBox=\"0 0 448 512\" xmlns=\"http:\/\/www.w3.org\/2000\/svg\" aria-hidden=\"true\" aria-hidden=\"true\"><path d=\"M190.5 66.9l22.2-22.2c9.4-9.4 24.6-9.4 33.9 0L441 239c9.4 9.4 9.4 24.6 0 33.9L246.6 467.3c-9.4 9.4-24.6 9.4-33.9 0l-22.2-22.2c-9.5-9.5-9.3-25 .4-34.3L311.4 296H24c-13.3 0-24-10.7-24-24v-32c0-13.3 10.7-24 24-24h287.4L190.9 101.2c-9.8-9.3-10-24.8-.4-34.3z\"><\/path><\/svg>\t\t\t<\/div>\n\t\t<\/div>\n\t\t\t\t\t\t<\/div>\n\t\t\t\t<\/div>\n\t\t\t\t<div class=\"elementor-element elementor-element-4f9aeb3 elementor-widget-mobile__width-initial elementor-widget-tablet__width-initial elementor-widget elementor-widget-text-editor\" data-id=\"4f9aeb3\" data-element_type=\"widget\" data-e-type=\"widget\" data-widget_type=\"text-editor.default\">\n\t\t\t\t<div class=\"elementor-widget-container\">\n\t\t\t\t\t\t\t\t\t<a style=\"font-size: 1.6rem;\" href=\"https:\/\/www.nlighten.com\/fr\/toutes-les-politiques\/nlighten-code-de-conduite\/\"><span style=\"text-decoration: underline;\">Code de conduite de nLighten<\/span><\/a>\t\t\t\t\t\t\t\t<\/div>\n\t\t\t\t<\/div>\n\t\t\t\t\t<\/div>\n\t\t\t\t<\/div>\n\t\t<div class=\"elementor-element elementor-element-4ac7e87 e-flex e-con-boxed e-con e-child\" data-id=\"4ac7e87\" data-element_type=\"container\" data-e-type=\"container\">\n\t\t\t\t\t<div class=\"e-con-inner\">\n\t\t\t\t<div class=\"elementor-element elementor-element-00cdfd0 elementor-widget-mobile__width-initial elementor-view-default elementor-widget elementor-widget-icon\" data-id=\"00cdfd0\" data-element_type=\"widget\" data-e-type=\"widget\" data-widget_type=\"icon.default\">\n\t\t\t\t<div class=\"elementor-widget-container\">\n\t\t\t\t\t\t\t<div class=\"elementor-icon-wrapper\">\n\t\t\t<div class=\"elementor-icon\">\n\t\t\t<svg aria-hidden=\"true\" class=\"e-font-icon-svg e-fas-arrow-right\" viewBox=\"0 0 448 512\" xmlns=\"http:\/\/www.w3.org\/2000\/svg\" aria-hidden=\"true\" aria-hidden=\"true\"><path d=\"M190.5 66.9l22.2-22.2c9.4-9.4 24.6-9.4 33.9 0L441 239c9.4 9.4 9.4 24.6 0 33.9L246.6 467.3c-9.4 9.4-24.6 9.4-33.9 0l-22.2-22.2c-9.5-9.5-9.3-25 .4-34.3L311.4 296H24c-13.3 0-24-10.7-24-24v-32c0-13.3 10.7-24 24-24h287.4L190.9 101.2c-9.8-9.3-10-24.8-.4-34.3z\"><\/path><\/svg>\t\t\t<\/div>\n\t\t<\/div>\n\t\t\t\t\t\t<\/div>\n\t\t\t\t<\/div>\n\t\t\t\t<div class=\"elementor-element elementor-element-fc63f36 elementor-widget-tablet__width-initial elementor-widget-mobile__width-initial elementor-widget elementor-widget-text-editor\" data-id=\"fc63f36\" data-element_type=\"widget\" data-e-type=\"widget\" data-widget_type=\"text-editor.default\">\n\t\t\t\t<div class=\"elementor-widget-container\">\n\t\t\t\t\t\t\t\t\t<a style=\"font-size: 1.6rem;\" href=\"https:\/\/www.nlighten.com\/fr\/toutes-les-politiques\/declaration-de-durabilite-environnementale\/\"><span style=\"text-decoration: underline;\">D\u00e9claration de durabilit\u00e9 environnementale<\/span><\/a>\t\t\t\t\t\t\t\t<\/div>\n\t\t\t\t<\/div>\n\t\t\t\t\t<\/div>\n\t\t\t\t<\/div>\n\t\t<div class=\"elementor-element elementor-element-7e4dc62 e-flex e-con-boxed e-con e-child\" data-id=\"7e4dc62\" data-element_type=\"container\" data-e-type=\"container\">\n\t\t\t\t\t<div class=\"e-con-inner\">\n\t\t\t\t<div class=\"elementor-element elementor-element-0ea11a4 elementor-widget-mobile__width-initial elementor-view-default elementor-widget elementor-widget-icon\" data-id=\"0ea11a4\" data-element_type=\"widget\" data-e-type=\"widget\" data-widget_type=\"icon.default\">\n\t\t\t\t<div class=\"elementor-widget-container\">\n\t\t\t\t\t\t\t<div class=\"elementor-icon-wrapper\">\n\t\t\t<div class=\"elementor-icon\">\n\t\t\t<svg aria-hidden=\"true\" class=\"e-font-icon-svg e-fas-arrow-right\" viewBox=\"0 0 448 512\" xmlns=\"http:\/\/www.w3.org\/2000\/svg\" aria-hidden=\"true\" aria-hidden=\"true\"><path d=\"M190.5 66.9l22.2-22.2c9.4-9.4 24.6-9.4 33.9 0L441 239c9.4 9.4 9.4 24.6 0 33.9L246.6 467.3c-9.4 9.4-24.6 9.4-33.9 0l-22.2-22.2c-9.5-9.5-9.3-25 .4-34.3L311.4 296H24c-13.3 0-24-10.7-24-24v-32c0-13.3 10.7-24 24-24h287.4L190.9 101.2c-9.8-9.3-10-24.8-.4-34.3z\"><\/path><\/svg>\t\t\t<\/div>\n\t\t<\/div>\n\t\t\t\t\t\t<\/div>\n\t\t\t\t<\/div>\n\t\t\t\t<div class=\"elementor-element elementor-element-c280cf6 elementor-widget__width-initial elementor-widget elementor-widget-text-editor\" data-id=\"c280cf6\" data-element_type=\"widget\" data-e-type=\"widget\" data-widget_type=\"text-editor.default\">\n\t\t\t\t<div class=\"elementor-widget-container\">\n\t\t\t\t\t\t\t\t\t<a style=\"font-size: 1.6rem;\" href=\"https:\/\/www.nlighten.com\/fr\/toutes-les-politiques\/politique-de-sante-et-de-securite\/\"><span style=\"text-decoration: underline;\">Politique de sant\u00e9 et de s\u00e9curit\u00e9 de nLighten<\/span><\/a>\t\t\t\t\t\t\t\t<\/div>\n\t\t\t\t<\/div>\n\t\t\t\t\t<\/div>\n\t\t\t\t<\/div>\n\t\t<div class=\"elementor-element elementor-element-bbdfbde e-flex e-con-boxed e-con e-child\" data-id=\"bbdfbde\" data-element_type=\"container\" data-e-type=\"container\">\n\t\t\t\t\t<div class=\"e-con-inner\">\n\t\t\t\t<div class=\"elementor-element elementor-element-c7fd8d8 elementor-widget-mobile__width-initial elementor-view-default elementor-widget elementor-widget-icon\" data-id=\"c7fd8d8\" data-element_type=\"widget\" data-e-type=\"widget\" data-widget_type=\"icon.default\">\n\t\t\t\t<div class=\"elementor-widget-container\">\n\t\t\t\t\t\t\t<div class=\"elementor-icon-wrapper\">\n\t\t\t<div class=\"elementor-icon\">\n\t\t\t<svg aria-hidden=\"true\" class=\"e-font-icon-svg e-fas-arrow-right\" viewBox=\"0 0 448 512\" xmlns=\"http:\/\/www.w3.org\/2000\/svg\" aria-hidden=\"true\" aria-hidden=\"true\"><path d=\"M190.5 66.9l22.2-22.2c9.4-9.4 24.6-9.4 33.9 0L441 239c9.4 9.4 9.4 24.6 0 33.9L246.6 467.3c-9.4 9.4-24.6 9.4-33.9 0l-22.2-22.2c-9.5-9.5-9.3-25 .4-34.3L311.4 296H24c-13.3 0-24-10.7-24-24v-32c0-13.3 10.7-24 24-24h287.4L190.9 101.2c-9.8-9.3-10-24.8-.4-34.3z\"><\/path><\/svg>\t\t\t<\/div>\n\t\t<\/div>\n\t\t\t\t\t\t<\/div>\n\t\t\t\t<\/div>\n\t\t\t\t<div class=\"elementor-element elementor-element-ba53358 elementor-widget-tablet__width-initial elementor-widget elementor-widget-text-editor\" data-id=\"ba53358\" data-element_type=\"widget\" data-e-type=\"widget\" data-widget_type=\"text-editor.default\">\n\t\t\t\t<div class=\"elementor-widget-container\">\n\t\t\t\t\t\t\t\t\t<a style=\"font-size: 1.6rem;\" href=\"https:\/\/www.nlighten.com\/fr\/code-de-conduite-des-fournisseurs-de-nlighten\/\"><span style=\"text-decoration: underline;\">Code de conduite des fournisseurs de nLighten<\/span><\/a>\t\t\t\t\t\t\t\t<\/div>\n\t\t\t\t<\/div>\n\t\t\t\t\t<\/div>\n\t\t\t\t<\/div>\n\t\t\t\t\t<\/div>\n\t\t\t\t<\/div>\n\t\t\t\t\t<\/div>\n\t\t\t\t<\/div>\n\t\t\t\t<\/div>\n\t\t","protected":false},"excerpt":{"rendered":"<p>Politiques internes Avis de confidentialit\u00e9 Code de conduite de nLighten D\u00e9claration de durabilit\u00e9 environnementale Politique de sant\u00e9 et de s\u00e9curit\u00e9 de nLighten Code de conduite des fournisseurs de nLighten<\/p>\n","protected":false},"author":1,"featured_media":0,"parent":0,"menu_order":0,"comment_status":"closed","ping_status":"closed","template":"","meta":{"_acf_changed":false,"footnotes":""},"class_list":["post-3823","page","type-page","status-publish"],"acf":[],"yoast_head":"<!-- This site is optimized with the Yoast SEO plugin v27.4 - https:\/\/yoast.com\/product\/yoast-seo-wordpress\/ -->\n<title>nLighten \u2014 Toutes les politiques<\/title>\n<meta name=\"description\" content=\"Lisez notre code de conduite, notre politique de durabilit\u00e9 environnementale et le code de conduite des fournisseurs.\" \/>\n<meta name=\"robots\" content=\"index, follow, max-snippet:-1, max-image-preview:large, max-video-preview:-1\" \/>\n<link rel=\"canonical\" href=\"https:\/\/www.nlighten.com\/fr\/toutes-les-politiques\/nlighten-toutes-les-politiques\/\" \/>\n<meta property=\"og:locale\" content=\"fr_FR\" \/>\n<meta property=\"og:type\" content=\"article\" \/>\n<meta property=\"og:title\" content=\"nLighten \u2014 Toutes les politiques\" \/>\n<meta property=\"og:description\" content=\"Lisez notre code de conduite, notre politique de durabilit\u00e9 environnementale et le code de conduite des fournisseurs.\" \/>\n<meta property=\"og:url\" content=\"https:\/\/www.nlighten.com\/fr\/toutes-les-politiques\/nlighten-toutes-les-politiques\/\" \/>\n<meta property=\"og:site_name\" content=\"nLighten\" \/>\n<meta property=\"article:modified_time\" content=\"2024-08-30T10:10:41+00:00\" \/>\n<meta name=\"twitter:card\" content=\"summary_large_image\" \/>\n<meta name=\"twitter:label1\" content=\"Dur\u00e9e de lecture estim\u00e9e\" \/>\n\t<meta name=\"twitter:data1\" content=\"1 minute\" \/>\n<script type=\"application\/ld+json\" class=\"yoast-schema-graph\">{\"@context\":\"https:\\\/\\\/schema.org\",\"@graph\":[{\"@type\":\"WebPage\",\"@id\":\"https:\\\/\\\/www.nlighten.com\\\/fr\\\/toutes-les-politiques\\\/nlighten-toutes-les-politiques\\\/\",\"url\":\"https:\\\/\\\/www.nlighten.com\\\/fr\\\/toutes-les-politiques\\\/nlighten-toutes-les-politiques\\\/\",\"name\":\"nLighten \u2014 Toutes les politiques\",\"isPartOf\":{\"@id\":\"https:\\\/\\\/www.nlighten.com\\\/fr\\\/#website\"},\"datePublished\":\"2024-04-26T12:41:47+00:00\",\"dateModified\":\"2024-08-30T10:10:41+00:00\",\"description\":\"Lisez notre code de conduite, notre politique de durabilit\u00e9 environnementale et le code de conduite des fournisseurs.\",\"breadcrumb\":{\"@id\":\"https:\\\/\\\/www.nlighten.com\\\/fr\\\/toutes-les-politiques\\\/nlighten-toutes-les-politiques\\\/#breadcrumb\"},\"inLanguage\":\"fr-FR\",\"potentialAction\":[{\"@type\":\"ReadAction\",\"target\":[\"https:\\\/\\\/www.nlighten.com\\\/fr\\\/toutes-les-politiques\\\/nlighten-toutes-les-politiques\\\/\"]}]},{\"@type\":\"BreadcrumbList\",\"@id\":\"https:\\\/\\\/www.nlighten.com\\\/fr\\\/toutes-les-politiques\\\/nlighten-toutes-les-politiques\\\/#breadcrumb\",\"itemListElement\":[{\"@type\":\"ListItem\",\"position\":1,\"name\":\"Home\",\"item\":\"https:\\\/\\\/www.nlighten.com\\\/fr\\\/\"},{\"@type\":\"ListItem\",\"position\":2,\"name\":\"Politiques internes\"}]},{\"@type\":\"WebSite\",\"@id\":\"https:\\\/\\\/www.nlighten.com\\\/fr\\\/#website\",\"url\":\"https:\\\/\\\/www.nlighten.com\\\/fr\\\/\",\"name\":\"nLighten\",\"description\":\"\",\"publisher\":{\"@id\":\"https:\\\/\\\/www.nlighten.com\\\/fr\\\/#organization\"},\"potentialAction\":[{\"@type\":\"SearchAction\",\"target\":{\"@type\":\"EntryPoint\",\"urlTemplate\":\"https:\\\/\\\/www.nlighten.com\\\/fr\\\/?s={search_term_string}\"},\"query-input\":{\"@type\":\"PropertyValueSpecification\",\"valueRequired\":true,\"valueName\":\"search_term_string\"}}],\"inLanguage\":\"fr-FR\"},{\"@type\":\"Organization\",\"@id\":\"https:\\\/\\\/www.nlighten.com\\\/fr\\\/#organization\",\"name\":\"nLighten\",\"url\":\"https:\\\/\\\/www.nlighten.com\\\/fr\\\/\",\"logo\":{\"@type\":\"ImageObject\",\"inLanguage\":\"fr-FR\",\"@id\":\"https:\\\/\\\/www.nlighten.com\\\/fr\\\/#\\\/schema\\\/logo\\\/image\\\/\",\"url\":\"https:\\\/\\\/www.nlighten.com\\\/wp-content\\\/uploads\\\/2024\\\/05\\\/nlighten_logo_green_bg.png\",\"contentUrl\":\"https:\\\/\\\/www.nlighten.com\\\/wp-content\\\/uploads\\\/2024\\\/05\\\/nlighten_logo_green_bg.png\",\"width\":696,\"height\":696,\"caption\":\"nLighten\"},\"image\":{\"@id\":\"https:\\\/\\\/www.nlighten.com\\\/fr\\\/#\\\/schema\\\/logo\\\/image\\\/\"},\"sameAs\":[\"https:\\\/\\\/www.linkedin.com\\\/company\\\/nlighten-datacenters\\\/\"]}]}<\/script>\n<!-- \/ Yoast SEO plugin. -->","yoast_head_json":{"title":"nLighten \u2014 Toutes les politiques","description":"Lisez notre code de conduite, notre politique de durabilit\u00e9 environnementale et le code de conduite des fournisseurs.","robots":{"index":"index","follow":"follow","max-snippet":"max-snippet:-1","max-image-preview":"max-image-preview:large","max-video-preview":"max-video-preview:-1"},"canonical":"https:\/\/www.nlighten.com\/fr\/toutes-les-politiques\/nlighten-toutes-les-politiques\/","og_locale":"fr_FR","og_type":"article","og_title":"nLighten \u2014 Toutes les politiques","og_description":"Lisez notre code de conduite, notre politique de durabilit\u00e9 environnementale et le code de conduite des fournisseurs.","og_url":"https:\/\/www.nlighten.com\/fr\/toutes-les-politiques\/nlighten-toutes-les-politiques\/","og_site_name":"nLighten","article_modified_time":"2024-08-30T10:10:41+00:00","twitter_card":"summary_large_image","twitter_misc":{"Dur\u00e9e de lecture estim\u00e9e":"1 minute"},"schema":{"@context":"https:\/\/schema.org","@graph":[{"@type":"WebPage","@id":"https:\/\/www.nlighten.com\/fr\/toutes-les-politiques\/nlighten-toutes-les-politiques\/","url":"https:\/\/www.nlighten.com\/fr\/toutes-les-politiques\/nlighten-toutes-les-politiques\/","name":"nLighten \u2014 Toutes les politiques","isPartOf":{"@id":"https:\/\/www.nlighten.com\/fr\/#website"},"datePublished":"2024-04-26T12:41:47+00:00","dateModified":"2024-08-30T10:10:41+00:00","description":"Lisez notre code de conduite, notre politique de durabilit\u00e9 environnementale et le code de conduite des fournisseurs.","breadcrumb":{"@id":"https:\/\/www.nlighten.com\/fr\/toutes-les-politiques\/nlighten-toutes-les-politiques\/#breadcrumb"},"inLanguage":"fr-FR","potentialAction":[{"@type":"ReadAction","target":["https:\/\/www.nlighten.com\/fr\/toutes-les-politiques\/nlighten-toutes-les-politiques\/"]}]},{"@type":"BreadcrumbList","@id":"https:\/\/www.nlighten.com\/fr\/toutes-les-politiques\/nlighten-toutes-les-politiques\/#breadcrumb","itemListElement":[{"@type":"ListItem","position":1,"name":"Home","item":"https:\/\/www.nlighten.com\/fr\/"},{"@type":"ListItem","position":2,"name":"Politiques internes"}]},{"@type":"WebSite","@id":"https:\/\/www.nlighten.com\/fr\/#website","url":"https:\/\/www.nlighten.com\/fr\/","name":"nLighten","description":"","publisher":{"@id":"https:\/\/www.nlighten.com\/fr\/#organization"},"potentialAction":[{"@type":"SearchAction","target":{"@type":"EntryPoint","urlTemplate":"https:\/\/www.nlighten.com\/fr\/?s={search_term_string}"},"query-input":{"@type":"PropertyValueSpecification","valueRequired":true,"valueName":"search_term_string"}}],"inLanguage":"fr-FR"},{"@type":"Organization","@id":"https:\/\/www.nlighten.com\/fr\/#organization","name":"nLighten","url":"https:\/\/www.nlighten.com\/fr\/","logo":{"@type":"ImageObject","inLanguage":"fr-FR","@id":"https:\/\/www.nlighten.com\/fr\/#\/schema\/logo\/image\/","url":"https:\/\/www.nlighten.com\/wp-content\/uploads\/2024\/05\/nlighten_logo_green_bg.png","contentUrl":"https:\/\/www.nlighten.com\/wp-content\/uploads\/2024\/05\/nlighten_logo_green_bg.png","width":696,"height":696,"caption":"nLighten"},"image":{"@id":"https:\/\/www.nlighten.com\/fr\/#\/schema\/logo\/image\/"},"sameAs":["https:\/\/www.linkedin.com\/company\/nlighten-datacenters\/"]}]}},"publishpress_future_workflow_manual_trigger":{"enabledWorkflows":[]},"_links":{"self":[{"href":"https:\/\/www.nlighten.com\/fr\/wp-json\/wp\/v2\/pages\/3823","targetHints":{"allow":["GET"]}}],"collection":[{"href":"https:\/\/www.nlighten.com\/fr\/wp-json\/wp\/v2\/pages"}],"about":[{"href":"https:\/\/www.nlighten.com\/fr\/wp-json\/wp\/v2\/types\/page"}],"author":[{"embeddable":true,"href":"https:\/\/www.nlighten.com\/fr\/wp-json\/wp\/v2\/users\/1"}],"replies":[{"embeddable":true,"href":"https:\/\/www.nlighten.com\/fr\/wp-json\/wp\/v2\/comments?post=3823"}],"version-history":[{"count":0,"href":"https:\/\/www.nlighten.com\/fr\/wp-json\/wp\/v2\/pages\/3823\/revisions"}],"wp:attachment":[{"href":"https:\/\/www.nlighten.com\/fr\/wp-json\/wp\/v2\/media?parent=3823"}],"curies":[{"name":"wp","href":"https:\/\/api.w.org\/{rel}","templated":true}]}}