{"id":17478,"date":"2025-06-27T14:24:52","date_gmt":"2025-06-27T14:24:52","guid":{"rendered":"https:\/\/www.nlighten.com\/boosting-enterprise-it-performance-in-the-ai-age\/"},"modified":"2025-10-08T10:51:32","modified_gmt":"2025-10-08T10:51:32","slug":"boosting-enterprise-it-performance-in-the-ai-age","status":"publish","type":"page","link":"https:\/\/www.nlighten.com\/fr\/whitepapers\/boosting-enterprise-it-performance-in-the-ai-age\/","title":{"rendered":"Boosting Enterprise. IT Performance in the AI Age"},"content":{"rendered":"\t\t<div data-elementor-type=\"wp-page\" data-elementor-id=\"17478\" class=\"elementor elementor-17478 elementor-17324\" data-elementor-post-type=\"page\">\n\t\t\t\t<div class=\"elementor-element elementor-element-e0a7f14 e-flex e-con-boxed e-con e-parent\" data-id=\"e0a7f14\" data-element_type=\"container\" data-e-type=\"container\">\n\t\t\t\t\t<div class=\"e-con-inner\">\n\t\t\t\t<div class=\"elementor-element elementor-element-acc24dc elementor-widget elementor-widget-heading\" data-id=\"acc24dc\" data-element_type=\"widget\" data-e-type=\"widget\" data-widget_type=\"heading.default\">\n\t\t\t\t<div class=\"elementor-widget-container\">\n\t\t\t\t\t<h2 class=\"elementor-heading-title elementor-size-default\">Livres blancs<\/h2>\t\t\t\t<\/div>\n\t\t\t\t<\/div>\n\t\t\t\t<div class=\"elementor-element elementor-element-b3eb179 elementor-widget elementor-widget-heading\" data-id=\"b3eb179\" data-element_type=\"widget\" data-e-type=\"widget\" data-widget_type=\"heading.default\">\n\t\t\t\t<div class=\"elementor-widget-container\">\n\t\t\t\t\t<h1 class=\"elementor-heading-title elementor-size-default\">Boosting Enterprise.<br>IT Performance in the AI Age<\/h1>\t\t\t\t<\/div>\n\t\t\t\t<\/div>\n\t\t\t\t<div class=\"elementor-element elementor-element-40db0aa elementor-widget__width-initial elementor-widget elementor-widget-text-editor\" data-id=\"40db0aa\" data-element_type=\"widget\" data-e-type=\"widget\" data-widget_type=\"text-editor.default\">\n\t\t\t\t<div class=\"elementor-widget-container\">\n\t\t\t\t\t\t\t\t\t<p>D\u00e9couvrez pourquoi le moment est id\u00e9al pour les fournisseurs de services technologiques de migrer les charges de travail de leurs clients depuis des environnements sur site vers des centres de donn\u00e9es de colocation Edge modernes. Ce e-book offre des conseils pratiques pour aider les fournisseurs de services manag\u00e9s et les int\u00e9grateurs de syst\u00e8mes \u00e0 relever les d\u00e9fis li\u00e9s \u00e0 la performance, aux co\u00fbts et \u00e0 la conformit\u00e9. <\/p>\t\t\t\t\t\t\t\t<\/div>\n\t\t\t\t<\/div>\n\t\t<div class=\"elementor-element elementor-element-71a6290 e-con-full e-flex e-con e-child\" data-id=\"71a6290\" data-element_type=\"container\" data-e-type=\"container\">\n\t\t<div class=\"elementor-element elementor-element-432a673 e-con-full e-flex e-con e-child\" data-id=\"432a673\" data-element_type=\"container\" data-e-type=\"container\">\n\t\t\t\t<div class=\"elementor-element elementor-element-47c3fdb elementor-widget__width-inherit elementor-widget elementor-widget-html\" data-id=\"47c3fdb\" data-element_type=\"widget\" data-e-type=\"widget\" data-widget_type=\"html.default\">\n\t\t\t\t<div class=\"elementor-widget-container\">\n\t\t\t\t\t<script charset=\"utf-8\" type=\"text\/javascript\" src=\"\/\/js-eu1.hsforms.net\/forms\/embed\/v2.js\"><\/script>\n<script>\n  hbspt.forms.create({\n    portalId: \"144680407\",\n    formId: \"b00a28e0-af1f-4bc7-a7c8-9b055cd3fc80\",\n    region: \"eu1\"\n  });\n<\/script>\t\t\t\t<\/div>\n\t\t\t\t<\/div>\n\t\t\t\t<\/div>\n\t\t<div class=\"elementor-element elementor-element-66794d6 e-con-full e-flex e-con e-child\" data-id=\"66794d6\" data-element_type=\"container\" data-e-type=\"container\">\n\t\t\t\t<div class=\"elementor-element elementor-element-861f14d elementor-widget elementor-widget-image\" data-id=\"861f14d\" data-element_type=\"widget\" data-e-type=\"widget\" data-widget_type=\"image.default\">\n\t\t\t\t<div class=\"elementor-widget-container\">\n\t\t\t\t\t\t\t\t\t\t\t\t\t\t\t<img fetchpriority=\"high\" decoding=\"async\" width=\"900\" height=\"630\" src=\"https:\/\/www.nlighten.com\/wp-content\/uploads\/2024\/09\/AdobeStock_328894828-HEADER-1024x717.jpg\" class=\"attachment-large size-large wp-image-10122\" alt=\"\" srcset=\"https:\/\/www.nlighten.com\/wp-content\/uploads\/2024\/09\/AdobeStock_328894828-HEADER-1024x717.jpg 1024w, https:\/\/www.nlighten.com\/wp-content\/uploads\/2024\/09\/AdobeStock_328894828-HEADER-300x210.jpg 300w, https:\/\/www.nlighten.com\/wp-content\/uploads\/2024\/09\/AdobeStock_328894828-HEADER-150x105.jpg 150w, https:\/\/www.nlighten.com\/wp-content\/uploads\/2024\/09\/AdobeStock_328894828-HEADER-768x538.jpg 768w, https:\/\/www.nlighten.com\/wp-content\/uploads\/2024\/09\/AdobeStock_328894828-HEADER.jpg 1400w\" sizes=\"(max-width: 900px) 100vw, 900px\" \/>\t\t\t\t\t\t\t\t\t\t\t\t\t\t\t<\/div>\n\t\t\t\t<\/div>\n\t\t\t\t<\/div>\n\t\t\t\t<\/div>\n\t\t\t\t\t<\/div>\n\t\t\t\t<\/div>\n\t\t<div class=\"elementor-element elementor-element-4aa0912 elementor-hidden-tablet elementor-hidden-mobile e-flex e-con-boxed e-con e-parent\" data-id=\"4aa0912\" data-element_type=\"container\" data-e-type=\"container\" data-settings=\"{&quot;background_background&quot;:&quot;classic&quot;}\">\n\t\t\t\t\t<div class=\"e-con-inner\">\n\t\t\t\t<div class=\"elementor-element elementor-element-13471b7 elementor-absolute elementor-hidden-tablet elementor-hidden-mobile elementor-widget elementor-widget-image\" data-id=\"13471b7\" data-element_type=\"widget\" data-e-type=\"widget\" data-settings=\"{&quot;_position&quot;:&quot;absolute&quot;}\" data-widget_type=\"image.default\">\n\t\t\t\t<div class=\"elementor-widget-container\">\n\t\t\t\t\t\t\t\t\t\t\t\t\t\t\t<img decoding=\"async\" width=\"342\" height=\"1048\" src=\"https:\/\/www.nlighten.com\/wp-content\/uploads\/2024\/04\/services-grapic-element-large-bottom-1.webp\" class=\"attachment-full size-full wp-image-3425\" alt=\"\" srcset=\"https:\/\/www.nlighten.com\/wp-content\/uploads\/2024\/04\/services-grapic-element-large-bottom-1.webp 342w, https:\/\/www.nlighten.com\/wp-content\/uploads\/2024\/04\/services-grapic-element-large-bottom-1-98x300.webp 98w, https:\/\/www.nlighten.com\/wp-content\/uploads\/2024\/04\/services-grapic-element-large-bottom-1-334x1024.webp 334w\" sizes=\"(max-width: 342px) 100vw, 342px\" \/>\t\t\t\t\t\t\t\t\t\t\t\t\t\t\t<\/div>\n\t\t\t\t<\/div>\n\t\t\t\t\t<\/div>\n\t\t\t\t<\/div>\n\t\t<div class=\"elementor-element elementor-element-d4da12f pale-green-grad-bg e-flex e-con-boxed e-con e-parent\" data-id=\"d4da12f\" data-element_type=\"container\" data-e-type=\"container\" data-settings=\"{&quot;background_background&quot;:&quot;classic&quot;}\">\n\t\t\t\t\t<div class=\"e-con-inner\">\n\t\t\t\t<div class=\"elementor-element elementor-element-88f0fd1 elementor-widget__width-initial elementor-widget-mobile__width-inherit elementor-widget elementor-widget-text-editor\" data-id=\"88f0fd1\" data-element_type=\"widget\" data-e-type=\"widget\" data-widget_type=\"text-editor.default\">\n\t\t\t\t<div class=\"elementor-widget-container\">\n\t\t\t\t\t\t\t\t\t<p>Voulez-vous nous contacter?<\/p>\t\t\t\t\t\t\t\t<\/div>\n\t\t\t\t<\/div>\n\t\t\t\t<div class=\"elementor-element elementor-element-0bff2ca elementor-widget elementor-widget-button\" data-id=\"0bff2ca\" data-element_type=\"widget\" data-e-type=\"widget\" data-widget_type=\"button.default\">\n\t\t\t\t<div class=\"elementor-widget-container\">\n\t\t\t\t\t\t\t\t\t<div class=\"elementor-button-wrapper\">\n\t\t\t\t\t<a class=\"elementor-button elementor-button-link elementor-size-sm\" href=\"https:\/\/www.nlighten.com\/fr\/demandes-generales\/\">\n\t\t\t\t\t\t<span class=\"elementor-button-content-wrapper\">\n\t\t\t\t\t\t\t\t\t<span class=\"elementor-button-text\">Contactez-nous<\/span>\n\t\t\t\t\t<\/span>\n\t\t\t\t\t<\/a>\n\t\t\t\t<\/div>\n\t\t\t\t\t\t\t\t<\/div>\n\t\t\t\t<\/div>\n\t\t\t\t\t<\/div>\n\t\t\t\t<\/div>\n\t\t\t\t<\/div>\n\t\t","protected":false},"excerpt":{"rendered":"<p>Livres blancs Boosting Enterprise.IT Performance in the AI Age D\u00e9couvrez pourquoi le moment est id\u00e9al pour les fournisseurs de services technologiques de migrer les charges de travail de leurs clients &#8230; <a title=\"Boosting Enterprise. IT Performance in the AI Age\" class=\"read-more\" href=\"https:\/\/www.nlighten.com\/fr\/whitepapers\/boosting-enterprise-it-performance-in-the-ai-age\/\" aria-label=\"En savoir plus sur Boosting Enterprise. IT Performance in the AI Age\">Lire la suite<\/a><\/p>\n","protected":false},"author":2,"featured_media":17499,"parent":0,"menu_order":0,"comment_status":"closed","ping_status":"closed","template":"","meta":{"_acf_changed":false,"footnotes":""},"class_list":["post-17478","page","type-page","status-publish","has-post-thumbnail"],"acf":[],"yoast_head":"<!-- This site is optimized with the Yoast SEO plugin v27.4 - https:\/\/yoast.com\/product\/yoast-seo-wordpress\/ -->\n<title>Boosting Enterprise. IT Performance in the AI Age - nLighten<\/title>\n<meta name=\"description\" content=\"D\u00e9couvrez comment les data centers de proximit\u00e9 renforcent la performance IT, co\u00fbts et conformit\u00e9 \u00e0 l\u2019\u00e8re de l\u2019IA.\" \/>\n<meta name=\"robots\" content=\"index, follow, max-snippet:-1, max-image-preview:large, max-video-preview:-1\" \/>\n<link rel=\"canonical\" href=\"https:\/\/www.nlighten.com\/fr\/whitepapers\/boosting-enterprise-it-performance-in-the-ai-age\/\" \/>\n<meta property=\"og:locale\" content=\"fr_FR\" \/>\n<meta property=\"og:type\" content=\"article\" \/>\n<meta property=\"og:title\" content=\"Boosting Enterprise. IT Performance in the AI Age - nLighten\" \/>\n<meta property=\"og:description\" content=\"D\u00e9couvrez comment les data centers de proximit\u00e9 renforcent la performance IT, co\u00fbts et conformit\u00e9 \u00e0 l\u2019\u00e8re de l\u2019IA.\" \/>\n<meta property=\"og:url\" content=\"https:\/\/www.nlighten.com\/fr\/whitepapers\/boosting-enterprise-it-performance-in-the-ai-age\/\" \/>\n<meta property=\"og:site_name\" content=\"nLighten\" \/>\n<meta property=\"article:modified_time\" content=\"2025-10-08T10:51:32+00:00\" \/>\n<meta property=\"og:image\" content=\"https:\/\/www.nlighten.com\/wp-content\/uploads\/2025\/07\/AdobeStock_328894828-HEADER.jpg\" \/>\n\t<meta property=\"og:image:width\" content=\"1400\" \/>\n\t<meta property=\"og:image:height\" content=\"980\" \/>\n\t<meta property=\"og:image:type\" content=\"image\/jpeg\" \/>\n<meta name=\"twitter:card\" content=\"summary_large_image\" \/>\n<meta name=\"twitter:label1\" content=\"Dur\u00e9e de lecture estim\u00e9e\" \/>\n\t<meta name=\"twitter:data1\" content=\"1 minute\" \/>\n<script type=\"application\/ld+json\" class=\"yoast-schema-graph\">{\"@context\":\"https:\\\/\\\/schema.org\",\"@graph\":[{\"@type\":\"WebPage\",\"@id\":\"https:\\\/\\\/www.nlighten.com\\\/fr\\\/whitepapers\\\/boosting-enterprise-it-performance-in-the-ai-age\\\/\",\"url\":\"https:\\\/\\\/www.nlighten.com\\\/fr\\\/whitepapers\\\/boosting-enterprise-it-performance-in-the-ai-age\\\/\",\"name\":\"Boosting Enterprise. IT Performance in the AI Age - nLighten\",\"isPartOf\":{\"@id\":\"https:\\\/\\\/www.nlighten.com\\\/fr\\\/#website\"},\"primaryImageOfPage\":{\"@id\":\"https:\\\/\\\/www.nlighten.com\\\/fr\\\/whitepapers\\\/boosting-enterprise-it-performance-in-the-ai-age\\\/#primaryimage\"},\"image\":{\"@id\":\"https:\\\/\\\/www.nlighten.com\\\/fr\\\/whitepapers\\\/boosting-enterprise-it-performance-in-the-ai-age\\\/#primaryimage\"},\"thumbnailUrl\":\"https:\\\/\\\/www.nlighten.com\\\/wp-content\\\/uploads\\\/2025\\\/07\\\/AdobeStock_328894828-HEADER.jpg\",\"datePublished\":\"2025-06-27T14:24:52+00:00\",\"dateModified\":\"2025-10-08T10:51:32+00:00\",\"description\":\"D\u00e9couvrez comment les data centers de proximit\u00e9 renforcent la performance IT, co\u00fbts et conformit\u00e9 \u00e0 l\u2019\u00e8re de l\u2019IA.\",\"breadcrumb\":{\"@id\":\"https:\\\/\\\/www.nlighten.com\\\/fr\\\/whitepapers\\\/boosting-enterprise-it-performance-in-the-ai-age\\\/#breadcrumb\"},\"inLanguage\":\"fr-FR\",\"potentialAction\":[{\"@type\":\"ReadAction\",\"target\":[\"https:\\\/\\\/www.nlighten.com\\\/fr\\\/whitepapers\\\/boosting-enterprise-it-performance-in-the-ai-age\\\/\"]}]},{\"@type\":\"ImageObject\",\"inLanguage\":\"fr-FR\",\"@id\":\"https:\\\/\\\/www.nlighten.com\\\/fr\\\/whitepapers\\\/boosting-enterprise-it-performance-in-the-ai-age\\\/#primaryimage\",\"url\":\"https:\\\/\\\/www.nlighten.com\\\/wp-content\\\/uploads\\\/2025\\\/07\\\/AdobeStock_328894828-HEADER.jpg\",\"contentUrl\":\"https:\\\/\\\/www.nlighten.com\\\/wp-content\\\/uploads\\\/2025\\\/07\\\/AdobeStock_328894828-HEADER.jpg\",\"width\":1400,\"height\":980,\"caption\":\"Earth\"},{\"@type\":\"BreadcrumbList\",\"@id\":\"https:\\\/\\\/www.nlighten.com\\\/fr\\\/whitepapers\\\/boosting-enterprise-it-performance-in-the-ai-age\\\/#breadcrumb\",\"itemListElement\":[{\"@type\":\"ListItem\",\"position\":1,\"name\":\"Home\",\"item\":\"https:\\\/\\\/www.nlighten.com\\\/fr\\\/\"},{\"@type\":\"ListItem\",\"position\":2,\"name\":\"Boosting Enterprise. IT Performance in the AI Age\"}]},{\"@type\":\"WebSite\",\"@id\":\"https:\\\/\\\/www.nlighten.com\\\/fr\\\/#website\",\"url\":\"https:\\\/\\\/www.nlighten.com\\\/fr\\\/\",\"name\":\"nLighten\",\"description\":\"\",\"publisher\":{\"@id\":\"https:\\\/\\\/www.nlighten.com\\\/fr\\\/#organization\"},\"potentialAction\":[{\"@type\":\"SearchAction\",\"target\":{\"@type\":\"EntryPoint\",\"urlTemplate\":\"https:\\\/\\\/www.nlighten.com\\\/fr\\\/?s={search_term_string}\"},\"query-input\":{\"@type\":\"PropertyValueSpecification\",\"valueRequired\":true,\"valueName\":\"search_term_string\"}}],\"inLanguage\":\"fr-FR\"},{\"@type\":\"Organization\",\"@id\":\"https:\\\/\\\/www.nlighten.com\\\/fr\\\/#organization\",\"name\":\"nLighten\",\"url\":\"https:\\\/\\\/www.nlighten.com\\\/fr\\\/\",\"logo\":{\"@type\":\"ImageObject\",\"inLanguage\":\"fr-FR\",\"@id\":\"https:\\\/\\\/www.nlighten.com\\\/fr\\\/#\\\/schema\\\/logo\\\/image\\\/\",\"url\":\"https:\\\/\\\/www.nlighten.com\\\/wp-content\\\/uploads\\\/2024\\\/05\\\/nlighten_logo_green_bg.png\",\"contentUrl\":\"https:\\\/\\\/www.nlighten.com\\\/wp-content\\\/uploads\\\/2024\\\/05\\\/nlighten_logo_green_bg.png\",\"width\":696,\"height\":696,\"caption\":\"nLighten\"},\"image\":{\"@id\":\"https:\\\/\\\/www.nlighten.com\\\/fr\\\/#\\\/schema\\\/logo\\\/image\\\/\"},\"sameAs\":[\"https:\\\/\\\/www.linkedin.com\\\/company\\\/nlighten-datacenters\\\/\"]}]}<\/script>\n<!-- \/ Yoast SEO plugin. -->","yoast_head_json":{"title":"Boosting Enterprise. IT Performance in the AI Age - nLighten","description":"D\u00e9couvrez comment les data centers de proximit\u00e9 renforcent la performance IT, co\u00fbts et conformit\u00e9 \u00e0 l\u2019\u00e8re de l\u2019IA.","robots":{"index":"index","follow":"follow","max-snippet":"max-snippet:-1","max-image-preview":"max-image-preview:large","max-video-preview":"max-video-preview:-1"},"canonical":"https:\/\/www.nlighten.com\/fr\/whitepapers\/boosting-enterprise-it-performance-in-the-ai-age\/","og_locale":"fr_FR","og_type":"article","og_title":"Boosting Enterprise. IT Performance in the AI Age - nLighten","og_description":"D\u00e9couvrez comment les data centers de proximit\u00e9 renforcent la performance IT, co\u00fbts et conformit\u00e9 \u00e0 l\u2019\u00e8re de l\u2019IA.","og_url":"https:\/\/www.nlighten.com\/fr\/whitepapers\/boosting-enterprise-it-performance-in-the-ai-age\/","og_site_name":"nLighten","article_modified_time":"2025-10-08T10:51:32+00:00","og_image":[{"width":1400,"height":980,"url":"https:\/\/www.nlighten.com\/wp-content\/uploads\/2025\/07\/AdobeStock_328894828-HEADER.jpg","type":"image\/jpeg"}],"twitter_card":"summary_large_image","twitter_misc":{"Dur\u00e9e de lecture estim\u00e9e":"1 minute"},"schema":{"@context":"https:\/\/schema.org","@graph":[{"@type":"WebPage","@id":"https:\/\/www.nlighten.com\/fr\/whitepapers\/boosting-enterprise-it-performance-in-the-ai-age\/","url":"https:\/\/www.nlighten.com\/fr\/whitepapers\/boosting-enterprise-it-performance-in-the-ai-age\/","name":"Boosting Enterprise. IT Performance in the AI Age - nLighten","isPartOf":{"@id":"https:\/\/www.nlighten.com\/fr\/#website"},"primaryImageOfPage":{"@id":"https:\/\/www.nlighten.com\/fr\/whitepapers\/boosting-enterprise-it-performance-in-the-ai-age\/#primaryimage"},"image":{"@id":"https:\/\/www.nlighten.com\/fr\/whitepapers\/boosting-enterprise-it-performance-in-the-ai-age\/#primaryimage"},"thumbnailUrl":"https:\/\/www.nlighten.com\/wp-content\/uploads\/2025\/07\/AdobeStock_328894828-HEADER.jpg","datePublished":"2025-06-27T14:24:52+00:00","dateModified":"2025-10-08T10:51:32+00:00","description":"D\u00e9couvrez comment les data centers de proximit\u00e9 renforcent la performance IT, co\u00fbts et conformit\u00e9 \u00e0 l\u2019\u00e8re de l\u2019IA.","breadcrumb":{"@id":"https:\/\/www.nlighten.com\/fr\/whitepapers\/boosting-enterprise-it-performance-in-the-ai-age\/#breadcrumb"},"inLanguage":"fr-FR","potentialAction":[{"@type":"ReadAction","target":["https:\/\/www.nlighten.com\/fr\/whitepapers\/boosting-enterprise-it-performance-in-the-ai-age\/"]}]},{"@type":"ImageObject","inLanguage":"fr-FR","@id":"https:\/\/www.nlighten.com\/fr\/whitepapers\/boosting-enterprise-it-performance-in-the-ai-age\/#primaryimage","url":"https:\/\/www.nlighten.com\/wp-content\/uploads\/2025\/07\/AdobeStock_328894828-HEADER.jpg","contentUrl":"https:\/\/www.nlighten.com\/wp-content\/uploads\/2025\/07\/AdobeStock_328894828-HEADER.jpg","width":1400,"height":980,"caption":"Earth"},{"@type":"BreadcrumbList","@id":"https:\/\/www.nlighten.com\/fr\/whitepapers\/boosting-enterprise-it-performance-in-the-ai-age\/#breadcrumb","itemListElement":[{"@type":"ListItem","position":1,"name":"Home","item":"https:\/\/www.nlighten.com\/fr\/"},{"@type":"ListItem","position":2,"name":"Boosting Enterprise. IT Performance in the AI Age"}]},{"@type":"WebSite","@id":"https:\/\/www.nlighten.com\/fr\/#website","url":"https:\/\/www.nlighten.com\/fr\/","name":"nLighten","description":"","publisher":{"@id":"https:\/\/www.nlighten.com\/fr\/#organization"},"potentialAction":[{"@type":"SearchAction","target":{"@type":"EntryPoint","urlTemplate":"https:\/\/www.nlighten.com\/fr\/?s={search_term_string}"},"query-input":{"@type":"PropertyValueSpecification","valueRequired":true,"valueName":"search_term_string"}}],"inLanguage":"fr-FR"},{"@type":"Organization","@id":"https:\/\/www.nlighten.com\/fr\/#organization","name":"nLighten","url":"https:\/\/www.nlighten.com\/fr\/","logo":{"@type":"ImageObject","inLanguage":"fr-FR","@id":"https:\/\/www.nlighten.com\/fr\/#\/schema\/logo\/image\/","url":"https:\/\/www.nlighten.com\/wp-content\/uploads\/2024\/05\/nlighten_logo_green_bg.png","contentUrl":"https:\/\/www.nlighten.com\/wp-content\/uploads\/2024\/05\/nlighten_logo_green_bg.png","width":696,"height":696,"caption":"nLighten"},"image":{"@id":"https:\/\/www.nlighten.com\/fr\/#\/schema\/logo\/image\/"},"sameAs":["https:\/\/www.linkedin.com\/company\/nlighten-datacenters\/"]}]}},"publishpress_future_workflow_manual_trigger":{"enabledWorkflows":[]},"_links":{"self":[{"href":"https:\/\/www.nlighten.com\/fr\/wp-json\/wp\/v2\/pages\/17478","targetHints":{"allow":["GET"]}}],"collection":[{"href":"https:\/\/www.nlighten.com\/fr\/wp-json\/wp\/v2\/pages"}],"about":[{"href":"https:\/\/www.nlighten.com\/fr\/wp-json\/wp\/v2\/types\/page"}],"author":[{"embeddable":true,"href":"https:\/\/www.nlighten.com\/fr\/wp-json\/wp\/v2\/users\/2"}],"replies":[{"embeddable":true,"href":"https:\/\/www.nlighten.com\/fr\/wp-json\/wp\/v2\/comments?post=17478"}],"version-history":[{"count":0,"href":"https:\/\/www.nlighten.com\/fr\/wp-json\/wp\/v2\/pages\/17478\/revisions"}],"wp:featuredmedia":[{"embeddable":true,"href":"https:\/\/www.nlighten.com\/fr\/wp-json\/wp\/v2\/media\/17499"}],"wp:attachment":[{"href":"https:\/\/www.nlighten.com\/fr\/wp-json\/wp\/v2\/media?parent=17478"}],"curies":[{"name":"wp","href":"https:\/\/api.w.org\/{rel}","templated":true}]}}