{"id":21206,"date":"2025-11-26T11:39:41","date_gmt":"2025-11-26T11:39:41","guid":{"rendered":"https:\/\/www.nlighten.com\/donde-estan-realmente-tus-datos\/"},"modified":"2025-11-26T12:12:01","modified_gmt":"2025-11-26T12:12:01","slug":"donde-estan-realmente-tus-datos","status":"publish","type":"page","link":"https:\/\/www.nlighten.com\/es\/whitepapers\/donde-estan-realmente-tus-datos\/","title":{"rendered":"\u00bfD\u00f3nde est\u00e1n realmente tus datos?"},"content":{"rendered":"\t\t<div data-elementor-type=\"wp-page\" data-elementor-id=\"21206\" class=\"elementor elementor-21206 elementor-21181\" data-elementor-post-type=\"page\">\n\t\t\t\t<div class=\"elementor-element elementor-element-e0a7f14 e-flex e-con-boxed e-con e-parent\" data-id=\"e0a7f14\" data-element_type=\"container\" data-e-type=\"container\">\n\t\t\t\t\t<div class=\"e-con-inner\">\n\t\t\t\t<div class=\"elementor-element elementor-element-acc24dc elementor-widget elementor-widget-heading\" data-id=\"acc24dc\" data-element_type=\"widget\" data-e-type=\"widget\" data-widget_type=\"heading.default\">\n\t\t\t\t<div class=\"elementor-widget-container\">\n\t\t\t\t\t<h2 class=\"elementor-heading-title elementor-size-default\">Libros blancos<\/h2>\t\t\t\t<\/div>\n\t\t\t\t<\/div>\n\t\t\t\t<div class=\"elementor-element elementor-element-b3eb179 elementor-widget elementor-widget-heading\" data-id=\"b3eb179\" data-element_type=\"widget\" data-e-type=\"widget\" data-widget_type=\"heading.default\">\n\t\t\t\t<div class=\"elementor-widget-container\">\n\t\t\t\t\t<h1 class=\"elementor-heading-title elementor-size-default\">\u00bfD\u00f3nde est\u00e1n realmente tus datos?<\/h1>\t\t\t\t<\/div>\n\t\t\t\t<\/div>\n\t\t\t\t<div class=\"elementor-element elementor-element-40db0aa elementor-widget__width-initial elementor-widget elementor-widget-text-editor\" data-id=\"40db0aa\" data-element_type=\"widget\" data-e-type=\"widget\" data-widget_type=\"text-editor.default\">\n\t\t\t\t<div class=\"elementor-widget-container\">\n\t\t\t\t\t\t\t\t\t<p>Comprender la soberan\u00eda de los datos, la residencia de los datos y el cumplimiento normativo en la nueva era de la nube europea.<\/p>\t\t\t\t\t\t\t\t<\/div>\n\t\t\t\t<\/div>\n\t\t<div class=\"elementor-element elementor-element-71a6290 e-con-full e-flex e-con e-child\" data-id=\"71a6290\" data-element_type=\"container\" data-e-type=\"container\">\n\t\t<div class=\"elementor-element elementor-element-432a673 e-con-full e-flex e-con e-child\" data-id=\"432a673\" data-element_type=\"container\" data-e-type=\"container\">\n\t\t\t\t<div class=\"elementor-element elementor-element-47c3fdb elementor-widget__width-inherit elementor-widget elementor-widget-html\" data-id=\"47c3fdb\" data-element_type=\"widget\" data-e-type=\"widget\" data-widget_type=\"html.default\">\n\t\t\t\t<div class=\"elementor-widget-container\">\n\t\t\t\t\t<script charset=\"utf-8\" type=\"text\/javascript\" src=\"\/\/js-eu1.hsforms.net\/forms\/embed\/v2.js\"><\/script>\n\n<script>\n\nhbspt.forms.create({\n\nportalId: \"144680407\",\n\nformId: \"5264a4c7-a0b4-494a-ac8d-e0587426fc76\",\n\nregion: \"eu1\"\n\n});\n\n<\/script>\t\t\t\t<\/div>\n\t\t\t\t<\/div>\n\t\t\t\t<\/div>\n\t\t<div class=\"elementor-element elementor-element-66794d6 e-con-full e-flex e-con e-child\" data-id=\"66794d6\" data-element_type=\"container\" data-e-type=\"container\">\n\t\t\t\t<div class=\"elementor-element elementor-element-861f14d elementor-widget elementor-widget-image\" data-id=\"861f14d\" data-element_type=\"widget\" data-e-type=\"widget\" data-widget_type=\"image.default\">\n\t\t\t\t<div class=\"elementor-widget-container\">\n\t\t\t\t\t\t\t\t\t\t\t\t\t\t\t<img fetchpriority=\"high\" decoding=\"async\" width=\"900\" height=\"504\" src=\"https:\/\/www.nlighten.com\/wp-content\/uploads\/2025\/11\/blog-whereis-your-data-opt-1024x574.jpg\" class=\"attachment-large size-large wp-image-21187\" alt=\"Data server in a canyon\" srcset=\"https:\/\/www.nlighten.com\/wp-content\/uploads\/2025\/11\/blog-whereis-your-data-opt-1024x574.jpg 1024w, https:\/\/www.nlighten.com\/wp-content\/uploads\/2025\/11\/blog-whereis-your-data-opt-300x168.jpg 300w, https:\/\/www.nlighten.com\/wp-content\/uploads\/2025\/11\/blog-whereis-your-data-opt-150x84.jpg 150w, https:\/\/www.nlighten.com\/wp-content\/uploads\/2025\/11\/blog-whereis-your-data-opt-768x431.jpg 768w, https:\/\/www.nlighten.com\/wp-content\/uploads\/2025\/11\/blog-whereis-your-data-opt.jpg 1200w\" sizes=\"(max-width: 900px) 100vw, 900px\" \/>\t\t\t\t\t\t\t\t\t\t\t\t\t\t\t<\/div>\n\t\t\t\t<\/div>\n\t\t\t\t<\/div>\n\t\t\t\t<\/div>\n\t\t\t\t\t<\/div>\n\t\t\t\t<\/div>\n\t\t<div class=\"elementor-element elementor-element-4aa0912 elementor-hidden-tablet elementor-hidden-mobile e-flex e-con-boxed e-con e-parent\" data-id=\"4aa0912\" data-element_type=\"container\" data-e-type=\"container\" data-settings=\"{&quot;background_background&quot;:&quot;classic&quot;}\">\n\t\t\t\t\t<div class=\"e-con-inner\">\n\t\t\t\t<div class=\"elementor-element elementor-element-13471b7 elementor-absolute elementor-hidden-tablet elementor-hidden-mobile elementor-widget elementor-widget-image\" data-id=\"13471b7\" data-element_type=\"widget\" data-e-type=\"widget\" data-settings=\"{&quot;_position&quot;:&quot;absolute&quot;}\" data-widget_type=\"image.default\">\n\t\t\t\t<div class=\"elementor-widget-container\">\n\t\t\t\t\t\t\t\t\t\t\t\t\t\t\t<img decoding=\"async\" width=\"342\" height=\"1048\" src=\"https:\/\/www.nlighten.com\/wp-content\/uploads\/2024\/04\/services-grapic-element-large-bottom-1.webp\" class=\"attachment-full size-full wp-image-9786\" alt=\"\" srcset=\"https:\/\/www.nlighten.com\/wp-content\/uploads\/2024\/04\/services-grapic-element-large-bottom-1.webp 342w, https:\/\/www.nlighten.com\/wp-content\/uploads\/2024\/04\/services-grapic-element-large-bottom-1-98x300.webp 98w, https:\/\/www.nlighten.com\/wp-content\/uploads\/2024\/04\/services-grapic-element-large-bottom-1-334x1024.webp 334w\" sizes=\"(max-width: 342px) 100vw, 342px\" \/>\t\t\t\t\t\t\t\t\t\t\t\t\t\t\t<\/div>\n\t\t\t\t<\/div>\n\t\t\t\t\t<\/div>\n\t\t\t\t<\/div>\n\t\t<div class=\"elementor-element elementor-element-d4da12f pale-green-grad-bg e-flex e-con-boxed e-con e-parent\" data-id=\"d4da12f\" data-element_type=\"container\" data-e-type=\"container\" data-settings=\"{&quot;background_background&quot;:&quot;classic&quot;}\">\n\t\t\t\t\t<div class=\"e-con-inner\">\n\t\t\t\t<div class=\"elementor-element elementor-element-88f0fd1 elementor-widget__width-initial elementor-widget-mobile__width-inherit elementor-widget elementor-widget-text-editor\" data-id=\"88f0fd1\" data-element_type=\"widget\" data-e-type=\"widget\" data-widget_type=\"text-editor.default\">\n\t\t\t\t<div class=\"elementor-widget-container\">\n\t\t\t\t\t\t\t\t\t<p>\u00bfQuieres ponerte en contacto con nosotros?<\/p>\t\t\t\t\t\t\t\t<\/div>\n\t\t\t\t<\/div>\n\t\t\t\t<div class=\"elementor-element elementor-element-0bff2ca elementor-widget elementor-widget-button\" data-id=\"0bff2ca\" data-element_type=\"widget\" data-e-type=\"widget\" data-widget_type=\"button.default\">\n\t\t\t\t<div class=\"elementor-widget-container\">\n\t\t\t\t\t\t\t\t\t<div class=\"elementor-button-wrapper\">\n\t\t\t\t\t<a class=\"elementor-button elementor-button-link elementor-size-sm\" href=\"https:\/\/www.nlighten.com\/es\/consultas-generales\/\">\n\t\t\t\t\t\t<span class=\"elementor-button-content-wrapper\">\n\t\t\t\t\t\t\t\t\t<span class=\"elementor-button-text\">Cont\u00e1ctenos<\/span>\n\t\t\t\t\t<\/span>\n\t\t\t\t\t<\/a>\n\t\t\t\t<\/div>\n\t\t\t\t\t\t\t\t<\/div>\n\t\t\t\t<\/div>\n\t\t\t\t\t<\/div>\n\t\t\t\t<\/div>\n\t\t\t\t<\/div>\n\t\t","protected":false},"excerpt":{"rendered":"<p>Libros blancos \u00bfD\u00f3nde est\u00e1n realmente tus datos? Comprender la soberan\u00eda de los datos, la residencia de los datos y el cumplimiento normativo en la nueva era de la nube europea. &#8230; <a title=\"\u00bfD\u00f3nde est\u00e1n realmente tus datos?\" class=\"read-more\" href=\"https:\/\/www.nlighten.com\/es\/whitepapers\/donde-estan-realmente-tus-datos\/\" aria-label=\"Leer m\u00e1s sobre \u00bfD\u00f3nde est\u00e1n realmente tus datos?\">Leer m\u00e1s<\/a><\/p>\n","protected":false},"author":2,"featured_media":21187,"parent":0,"menu_order":0,"comment_status":"closed","ping_status":"closed","template":"","meta":{"_acf_changed":false,"footnotes":""},"class_list":["post-21206","page","type-page","status-publish","has-post-thumbnail"],"acf":[],"yoast_head":"<!-- This site is optimized with the Yoast SEO plugin v27.4 - https:\/\/yoast.com\/product\/yoast-seo-wordpress\/ -->\n<title>\u00bfD\u00f3nde est\u00e1n realmente tus datos? - nLighten<\/title>\n<meta name=\"description\" content=\"Comprender la soberan\u00eda de los datos, la residencia de los datos y el cumplimiento normativo en la nueva era de la nube europea.\" \/>\n<meta name=\"robots\" content=\"index, follow, max-snippet:-1, max-image-preview:large, max-video-preview:-1\" \/>\n<link rel=\"canonical\" href=\"https:\/\/www.nlighten.com\/es\/whitepapers\/donde-estan-realmente-tus-datos\/\" \/>\n<meta property=\"og:locale\" content=\"es_ES\" \/>\n<meta property=\"og:type\" content=\"article\" \/>\n<meta property=\"og:title\" content=\"\u00bfD\u00f3nde est\u00e1n realmente tus datos? - nLighten\" \/>\n<meta property=\"og:description\" content=\"Comprender la soberan\u00eda de los datos, la residencia de los datos y el cumplimiento normativo en la nueva era de la nube europea.\" \/>\n<meta property=\"og:url\" content=\"https:\/\/www.nlighten.com\/es\/whitepapers\/donde-estan-realmente-tus-datos\/\" \/>\n<meta property=\"og:site_name\" content=\"nLighten\" \/>\n<meta property=\"article:modified_time\" content=\"2025-11-26T12:12:01+00:00\" \/>\n<meta property=\"og:image\" content=\"https:\/\/www.nlighten.com\/wp-content\/uploads\/2025\/11\/blog-whereis-your-data-opt.jpg\" \/>\n\t<meta property=\"og:image:width\" content=\"1200\" \/>\n\t<meta property=\"og:image:height\" content=\"673\" \/>\n\t<meta property=\"og:image:type\" content=\"image\/jpeg\" \/>\n<meta name=\"twitter:card\" content=\"summary_large_image\" \/>\n<meta name=\"twitter:label1\" content=\"Tiempo de lectura\" \/>\n\t<meta name=\"twitter:data1\" content=\"1 minuto\" \/>\n<script type=\"application\/ld+json\" class=\"yoast-schema-graph\">{\"@context\":\"https:\\\/\\\/schema.org\",\"@graph\":[{\"@type\":\"WebPage\",\"@id\":\"https:\\\/\\\/www.nlighten.com\\\/es\\\/whitepapers\\\/donde-estan-realmente-tus-datos\\\/\",\"url\":\"https:\\\/\\\/www.nlighten.com\\\/es\\\/whitepapers\\\/donde-estan-realmente-tus-datos\\\/\",\"name\":\"\u00bfD\u00f3nde est\u00e1n realmente tus datos? - nLighten\",\"isPartOf\":{\"@id\":\"https:\\\/\\\/www.nlighten.com\\\/es\\\/#website\"},\"primaryImageOfPage\":{\"@id\":\"https:\\\/\\\/www.nlighten.com\\\/es\\\/whitepapers\\\/donde-estan-realmente-tus-datos\\\/#primaryimage\"},\"image\":{\"@id\":\"https:\\\/\\\/www.nlighten.com\\\/es\\\/whitepapers\\\/donde-estan-realmente-tus-datos\\\/#primaryimage\"},\"thumbnailUrl\":\"https:\\\/\\\/www.nlighten.com\\\/wp-content\\\/uploads\\\/2025\\\/11\\\/blog-whereis-your-data-opt.jpg\",\"datePublished\":\"2025-11-26T11:39:41+00:00\",\"dateModified\":\"2025-11-26T12:12:01+00:00\",\"description\":\"Comprender la soberan\u00eda de los datos, la residencia de los datos y el cumplimiento normativo en la nueva era de la nube europea.\",\"breadcrumb\":{\"@id\":\"https:\\\/\\\/www.nlighten.com\\\/es\\\/whitepapers\\\/donde-estan-realmente-tus-datos\\\/#breadcrumb\"},\"inLanguage\":\"es\",\"potentialAction\":[{\"@type\":\"ReadAction\",\"target\":[\"https:\\\/\\\/www.nlighten.com\\\/es\\\/whitepapers\\\/donde-estan-realmente-tus-datos\\\/\"]}]},{\"@type\":\"ImageObject\",\"inLanguage\":\"es\",\"@id\":\"https:\\\/\\\/www.nlighten.com\\\/es\\\/whitepapers\\\/donde-estan-realmente-tus-datos\\\/#primaryimage\",\"url\":\"https:\\\/\\\/www.nlighten.com\\\/wp-content\\\/uploads\\\/2025\\\/11\\\/blog-whereis-your-data-opt.jpg\",\"contentUrl\":\"https:\\\/\\\/www.nlighten.com\\\/wp-content\\\/uploads\\\/2025\\\/11\\\/blog-whereis-your-data-opt.jpg\",\"width\":1200,\"height\":673,\"caption\":\"Data server in a canyon\"},{\"@type\":\"BreadcrumbList\",\"@id\":\"https:\\\/\\\/www.nlighten.com\\\/es\\\/whitepapers\\\/donde-estan-realmente-tus-datos\\\/#breadcrumb\",\"itemListElement\":[{\"@type\":\"ListItem\",\"position\":1,\"name\":\"Home\",\"item\":\"https:\\\/\\\/www.nlighten.com\\\/es\\\/\"},{\"@type\":\"ListItem\",\"position\":2,\"name\":\"\u00bfD\u00f3nde est\u00e1n realmente tus datos?\"}]},{\"@type\":\"WebSite\",\"@id\":\"https:\\\/\\\/www.nlighten.com\\\/es\\\/#website\",\"url\":\"https:\\\/\\\/www.nlighten.com\\\/es\\\/\",\"name\":\"nLighten\",\"description\":\"\",\"publisher\":{\"@id\":\"https:\\\/\\\/www.nlighten.com\\\/es\\\/#organization\"},\"potentialAction\":[{\"@type\":\"SearchAction\",\"target\":{\"@type\":\"EntryPoint\",\"urlTemplate\":\"https:\\\/\\\/www.nlighten.com\\\/es\\\/?s={search_term_string}\"},\"query-input\":{\"@type\":\"PropertyValueSpecification\",\"valueRequired\":true,\"valueName\":\"search_term_string\"}}],\"inLanguage\":\"es\"},{\"@type\":\"Organization\",\"@id\":\"https:\\\/\\\/www.nlighten.com\\\/es\\\/#organization\",\"name\":\"nLighten\",\"url\":\"https:\\\/\\\/www.nlighten.com\\\/es\\\/\",\"logo\":{\"@type\":\"ImageObject\",\"inLanguage\":\"es\",\"@id\":\"https:\\\/\\\/www.nlighten.com\\\/es\\\/#\\\/schema\\\/logo\\\/image\\\/\",\"url\":\"https:\\\/\\\/www.nlighten.com\\\/wp-content\\\/uploads\\\/2024\\\/05\\\/nlighten_logo_green_bg.png\",\"contentUrl\":\"https:\\\/\\\/www.nlighten.com\\\/wp-content\\\/uploads\\\/2024\\\/05\\\/nlighten_logo_green_bg.png\",\"width\":696,\"height\":696,\"caption\":\"nLighten\"},\"image\":{\"@id\":\"https:\\\/\\\/www.nlighten.com\\\/es\\\/#\\\/schema\\\/logo\\\/image\\\/\"},\"sameAs\":[\"https:\\\/\\\/www.linkedin.com\\\/company\\\/nlighten-datacenters\\\/\"]}]}<\/script>\n<!-- \/ Yoast SEO plugin. -->","yoast_head_json":{"title":"\u00bfD\u00f3nde est\u00e1n realmente tus datos? - nLighten","description":"Comprender la soberan\u00eda de los datos, la residencia de los datos y el cumplimiento normativo en la nueva era de la nube europea.","robots":{"index":"index","follow":"follow","max-snippet":"max-snippet:-1","max-image-preview":"max-image-preview:large","max-video-preview":"max-video-preview:-1"},"canonical":"https:\/\/www.nlighten.com\/es\/whitepapers\/donde-estan-realmente-tus-datos\/","og_locale":"es_ES","og_type":"article","og_title":"\u00bfD\u00f3nde est\u00e1n realmente tus datos? - nLighten","og_description":"Comprender la soberan\u00eda de los datos, la residencia de los datos y el cumplimiento normativo en la nueva era de la nube europea.","og_url":"https:\/\/www.nlighten.com\/es\/whitepapers\/donde-estan-realmente-tus-datos\/","og_site_name":"nLighten","article_modified_time":"2025-11-26T12:12:01+00:00","og_image":[{"width":1200,"height":673,"url":"https:\/\/www.nlighten.com\/wp-content\/uploads\/2025\/11\/blog-whereis-your-data-opt.jpg","type":"image\/jpeg"}],"twitter_card":"summary_large_image","twitter_misc":{"Tiempo de lectura":"1 minuto"},"schema":{"@context":"https:\/\/schema.org","@graph":[{"@type":"WebPage","@id":"https:\/\/www.nlighten.com\/es\/whitepapers\/donde-estan-realmente-tus-datos\/","url":"https:\/\/www.nlighten.com\/es\/whitepapers\/donde-estan-realmente-tus-datos\/","name":"\u00bfD\u00f3nde est\u00e1n realmente tus datos? - nLighten","isPartOf":{"@id":"https:\/\/www.nlighten.com\/es\/#website"},"primaryImageOfPage":{"@id":"https:\/\/www.nlighten.com\/es\/whitepapers\/donde-estan-realmente-tus-datos\/#primaryimage"},"image":{"@id":"https:\/\/www.nlighten.com\/es\/whitepapers\/donde-estan-realmente-tus-datos\/#primaryimage"},"thumbnailUrl":"https:\/\/www.nlighten.com\/wp-content\/uploads\/2025\/11\/blog-whereis-your-data-opt.jpg","datePublished":"2025-11-26T11:39:41+00:00","dateModified":"2025-11-26T12:12:01+00:00","description":"Comprender la soberan\u00eda de los datos, la residencia de los datos y el cumplimiento normativo en la nueva era de la nube europea.","breadcrumb":{"@id":"https:\/\/www.nlighten.com\/es\/whitepapers\/donde-estan-realmente-tus-datos\/#breadcrumb"},"inLanguage":"es","potentialAction":[{"@type":"ReadAction","target":["https:\/\/www.nlighten.com\/es\/whitepapers\/donde-estan-realmente-tus-datos\/"]}]},{"@type":"ImageObject","inLanguage":"es","@id":"https:\/\/www.nlighten.com\/es\/whitepapers\/donde-estan-realmente-tus-datos\/#primaryimage","url":"https:\/\/www.nlighten.com\/wp-content\/uploads\/2025\/11\/blog-whereis-your-data-opt.jpg","contentUrl":"https:\/\/www.nlighten.com\/wp-content\/uploads\/2025\/11\/blog-whereis-your-data-opt.jpg","width":1200,"height":673,"caption":"Data server in a canyon"},{"@type":"BreadcrumbList","@id":"https:\/\/www.nlighten.com\/es\/whitepapers\/donde-estan-realmente-tus-datos\/#breadcrumb","itemListElement":[{"@type":"ListItem","position":1,"name":"Home","item":"https:\/\/www.nlighten.com\/es\/"},{"@type":"ListItem","position":2,"name":"\u00bfD\u00f3nde est\u00e1n realmente tus datos?"}]},{"@type":"WebSite","@id":"https:\/\/www.nlighten.com\/es\/#website","url":"https:\/\/www.nlighten.com\/es\/","name":"nLighten","description":"","publisher":{"@id":"https:\/\/www.nlighten.com\/es\/#organization"},"potentialAction":[{"@type":"SearchAction","target":{"@type":"EntryPoint","urlTemplate":"https:\/\/www.nlighten.com\/es\/?s={search_term_string}"},"query-input":{"@type":"PropertyValueSpecification","valueRequired":true,"valueName":"search_term_string"}}],"inLanguage":"es"},{"@type":"Organization","@id":"https:\/\/www.nlighten.com\/es\/#organization","name":"nLighten","url":"https:\/\/www.nlighten.com\/es\/","logo":{"@type":"ImageObject","inLanguage":"es","@id":"https:\/\/www.nlighten.com\/es\/#\/schema\/logo\/image\/","url":"https:\/\/www.nlighten.com\/wp-content\/uploads\/2024\/05\/nlighten_logo_green_bg.png","contentUrl":"https:\/\/www.nlighten.com\/wp-content\/uploads\/2024\/05\/nlighten_logo_green_bg.png","width":696,"height":696,"caption":"nLighten"},"image":{"@id":"https:\/\/www.nlighten.com\/es\/#\/schema\/logo\/image\/"},"sameAs":["https:\/\/www.linkedin.com\/company\/nlighten-datacenters\/"]}]}},"publishpress_future_workflow_manual_trigger":{"enabledWorkflows":[]},"_links":{"self":[{"href":"https:\/\/www.nlighten.com\/es\/wp-json\/wp\/v2\/pages\/21206","targetHints":{"allow":["GET"]}}],"collection":[{"href":"https:\/\/www.nlighten.com\/es\/wp-json\/wp\/v2\/pages"}],"about":[{"href":"https:\/\/www.nlighten.com\/es\/wp-json\/wp\/v2\/types\/page"}],"author":[{"embeddable":true,"href":"https:\/\/www.nlighten.com\/es\/wp-json\/wp\/v2\/users\/2"}],"replies":[{"embeddable":true,"href":"https:\/\/www.nlighten.com\/es\/wp-json\/wp\/v2\/comments?post=21206"}],"version-history":[{"count":0,"href":"https:\/\/www.nlighten.com\/es\/wp-json\/wp\/v2\/pages\/21206\/revisions"}],"wp:featuredmedia":[{"embeddable":true,"href":"https:\/\/www.nlighten.com\/es\/wp-json\/wp\/v2\/media\/21187"}],"wp:attachment":[{"href":"https:\/\/www.nlighten.com\/es\/wp-json\/wp\/v2\/media?parent=21206"}],"curies":[{"name":"wp","href":"https:\/\/api.w.org\/{rel}","templated":true}]}}