{"id":21024,"date":"2024-04-26T11:22:56","date_gmt":"2024-04-26T11:22:56","guid":{"rendered":"https:\/\/www.nlighten.com\/equipo\/"},"modified":"2025-11-14T10:04:37","modified_gmt":"2025-11-14T10:04:37","slug":"equipo","status":"publish","type":"page","link":"https:\/\/www.nlighten.com\/es\/equipo\/","title":{"rendered":"Equipo"},"content":{"rendered":"\t\t<div data-elementor-type=\"wp-page\" data-elementor-id=\"21024\" class=\"elementor elementor-21024 elementor-2962\" data-elementor-post-type=\"page\">\n\t\t\t\t<div class=\"elementor-element elementor-element-e0a7f14 e-flex e-con-boxed e-con e-parent\" data-id=\"e0a7f14\" data-element_type=\"container\" data-e-type=\"container\">\n\t\t\t\t\t<div class=\"e-con-inner\">\n\t\t\t\t<div class=\"elementor-element elementor-element-acc24dc elementor-widget elementor-widget-heading\" data-id=\"acc24dc\" data-element_type=\"widget\" data-e-type=\"widget\" data-widget_type=\"heading.default\">\n\t\t\t\t<div class=\"elementor-widget-container\">\n\t\t\t\t\t<h2 class=\"elementor-heading-title elementor-size-default\">Por qu\u00e9 nLighten<\/h2>\t\t\t\t<\/div>\n\t\t\t\t<\/div>\n\t\t\t\t<div class=\"elementor-element elementor-element-b3eb179 elementor-widget elementor-widget-heading\" data-id=\"b3eb179\" data-element_type=\"widget\" data-e-type=\"widget\" data-widget_type=\"heading.default\">\n\t\t\t\t<div class=\"elementor-widget-container\">\n\t\t\t\t\t<h1 class=\"elementor-heading-title elementor-size-default\">Conoce a nuestro equipo<\/h1>\t\t\t\t<\/div>\n\t\t\t\t<\/div>\n\t\t\t\t<div class=\"elementor-element elementor-element-fd83a63 elementor-widget elementor-widget-heading\" data-id=\"fd83a63\" data-element_type=\"widget\" data-e-type=\"widget\" data-widget_type=\"heading.default\">\n\t\t\t\t<div class=\"elementor-widget-container\">\n\t\t\t\t\t<h3 class=\"elementor-heading-title elementor-size-default\">Los rostros detr\u00e1s de nuestra misi\u00f3n<\/h3>\t\t\t\t<\/div>\n\t\t\t\t<\/div>\n\t\t\t\t<div class=\"elementor-element elementor-element-40db0aa elementor-widget elementor-widget-text-editor\" data-id=\"40db0aa\" data-element_type=\"widget\" data-e-type=\"widget\" data-widget_type=\"text-editor.default\">\n\t\t\t\t<div class=\"elementor-widget-container\">\n\t\t\t\t\t\t\t\t\t<p>Bienvenido al coraz\u00f3n de nLighten, donde la visi\u00f3n de nuestro equipo directivo y la dedicaci\u00f3n de m\u00e1s de 300 empleados en toda Europa impulsan nuestra misi\u00f3n hacia adelante. Juntos, estamos construyendo una nueva generaci\u00f3n de centros de datos perif\u00e9ricos \u2014 Close, Coupled e Connected \u2014 que transforman la infraestructura digital para un futuro m\u00e1s sostenible e inteligente. <\/p><p>En nLighten, las personas est\u00e1n en el centro de todo lo que hacemos. Desde nuestro equipo de gesti\u00f3n, que marca la direcci\u00f3n estrat\u00e9gica, hasta nuestros ingenieros, nuestros especialistas en operaciones y nuestros expertos en atenci\u00f3n al cliente que ofrecen excelencia cada d\u00eda, cada uno aporta su experiencia y su pasi\u00f3n \u00fanica. Esa energ\u00eda colectiva y sentido compartido del prop\u00f3sito hacen de nLighten algo m\u00e1s que una empresa: una comunidad comprometida con generar un impacto significativo en el mundo digital. <\/p>\t\t\t\t\t\t\t\t<\/div>\n\t\t\t\t<\/div>\n\t\t\t\t<div class=\"elementor-element elementor-element-55b1d67 elementor-widget elementor-widget-image\" data-id=\"55b1d67\" data-element_type=\"widget\" data-e-type=\"widget\" data-widget_type=\"image.default\">\n\t\t\t\t<div class=\"elementor-widget-container\">\n\t\t\t\t\t\t\t\t\t\t\t\t\t\t\t<img fetchpriority=\"high\" decoding=\"async\" width=\"1200\" height=\"1500\" src=\"https:\/\/www.nlighten.com\/wp-content\/uploads\/2025\/11\/Photo-Management-Team.jpg\" class=\"attachment-full size-full wp-image-21010\" alt=\"nLighten Team\" srcset=\"https:\/\/www.nlighten.com\/wp-content\/uploads\/2025\/11\/Photo-Management-Team.jpg 1200w, https:\/\/www.nlighten.com\/wp-content\/uploads\/2025\/11\/Photo-Management-Team-240x300.jpg 240w, https:\/\/www.nlighten.com\/wp-content\/uploads\/2025\/11\/Photo-Management-Team-819x1024.jpg 819w, https:\/\/www.nlighten.com\/wp-content\/uploads\/2025\/11\/Photo-Management-Team-120x150.jpg 120w, https:\/\/www.nlighten.com\/wp-content\/uploads\/2025\/11\/Photo-Management-Team-768x960.jpg 768w\" sizes=\"(max-width: 1200px) 100vw, 1200px\" \/>\t\t\t\t\t\t\t\t\t\t\t\t\t\t\t<\/div>\n\t\t\t\t<\/div>\n\t\t\t\t\t<\/div>\n\t\t\t\t<\/div>\n\t\t<div class=\"elementor-element elementor-element-4aa0912 elementor-hidden-tablet elementor-hidden-mobile e-flex e-con-boxed e-con e-parent\" data-id=\"4aa0912\" data-element_type=\"container\" data-e-type=\"container\" data-settings=\"{&quot;background_background&quot;:&quot;classic&quot;}\">\n\t\t\t\t\t<div class=\"e-con-inner\">\n\t\t\t\t<div class=\"elementor-element elementor-element-13471b7 elementor-absolute elementor-hidden-tablet elementor-hidden-mobile elementor-widget elementor-widget-image\" data-id=\"13471b7\" data-element_type=\"widget\" data-e-type=\"widget\" data-settings=\"{&quot;_position&quot;:&quot;absolute&quot;}\" data-widget_type=\"image.default\">\n\t\t\t\t<div class=\"elementor-widget-container\">\n\t\t\t\t\t\t\t\t\t\t\t\t\t\t\t<img decoding=\"async\" width=\"342\" height=\"1048\" src=\"https:\/\/www.nlighten.com\/wp-content\/uploads\/2024\/04\/services-grapic-element-large-bottom-1.webp\" class=\"attachment-full size-full wp-image-9786\" alt=\"\" srcset=\"https:\/\/www.nlighten.com\/wp-content\/uploads\/2024\/04\/services-grapic-element-large-bottom-1.webp 342w, https:\/\/www.nlighten.com\/wp-content\/uploads\/2024\/04\/services-grapic-element-large-bottom-1-98x300.webp 98w, https:\/\/www.nlighten.com\/wp-content\/uploads\/2024\/04\/services-grapic-element-large-bottom-1-334x1024.webp 334w\" sizes=\"(max-width: 342px) 100vw, 342px\" \/>\t\t\t\t\t\t\t\t\t\t\t\t\t\t\t<\/div>\n\t\t\t\t<\/div>\n\t\t\t\t\t<\/div>\n\t\t\t\t<\/div>\n\t\t<div class=\"elementor-element elementor-element-d4da12f pale-green-grad-bg e-flex e-con-boxed e-con e-parent\" data-id=\"d4da12f\" data-element_type=\"container\" data-e-type=\"container\" data-settings=\"{&quot;background_background&quot;:&quot;classic&quot;}\">\n\t\t\t\t\t<div class=\"e-con-inner\">\n\t\t\t\t<div class=\"elementor-element elementor-element-88f0fd1 elementor-widget__width-initial elementor-widget-mobile__width-inherit elementor-widget elementor-widget-text-editor\" data-id=\"88f0fd1\" data-element_type=\"widget\" data-e-type=\"widget\" data-widget_type=\"text-editor.default\">\n\t\t\t\t<div class=\"elementor-widget-container\">\n\t\t\t\t\t\t\t\t\t<p>\u00bfQuieres ponerte en contacto con nosotros?<\/p>\t\t\t\t\t\t\t\t<\/div>\n\t\t\t\t<\/div>\n\t\t\t\t<div class=\"elementor-element elementor-element-0bff2ca elementor-widget elementor-widget-button\" data-id=\"0bff2ca\" data-element_type=\"widget\" data-e-type=\"widget\" data-widget_type=\"button.default\">\n\t\t\t\t<div class=\"elementor-widget-container\">\n\t\t\t\t\t\t\t\t\t<div class=\"elementor-button-wrapper\">\n\t\t\t\t\t<a class=\"elementor-button elementor-button-link elementor-size-sm\" href=\"https:\/\/www.nlighten.com\/es\/consultas-generales\/\">\n\t\t\t\t\t\t<span class=\"elementor-button-content-wrapper\">\n\t\t\t\t\t\t\t\t\t<span class=\"elementor-button-text\">Cont\u00e1ctenos<\/span>\n\t\t\t\t\t<\/span>\n\t\t\t\t\t<\/a>\n\t\t\t\t<\/div>\n\t\t\t\t\t\t\t\t<\/div>\n\t\t\t\t<\/div>\n\t\t\t\t\t<\/div>\n\t\t\t\t<\/div>\n\t\t\t\t<\/div>\n\t\t","protected":false},"excerpt":{"rendered":"<p>Por qu\u00e9 nLighten Conoce a nuestro equipo Los rostros detr\u00e1s de nuestra misi\u00f3n Bienvenido al coraz\u00f3n de nLighten, donde la visi\u00f3n de nuestro equipo directivo y la dedicaci\u00f3n de m\u00e1s &#8230; <a title=\"Equipo\" class=\"read-more\" href=\"https:\/\/www.nlighten.com\/es\/equipo\/\" aria-label=\"Leer m\u00e1s sobre Equipo\">Leer m\u00e1s<\/a><\/p>\n","protected":false},"author":2,"featured_media":0,"parent":0,"menu_order":0,"comment_status":"closed","ping_status":"closed","template":"","meta":{"_acf_changed":false,"footnotes":""},"class_list":["post-21024","page","type-page","status-publish"],"acf":[],"yoast_head":"<!-- This site is optimized with the Yoast SEO plugin v27.2 - https:\/\/yoast.com\/product\/yoast-seo-wordpress\/ -->\n<title>Conoce al equipo de nuestra empresa | nLighten<\/title>\n<meta name=\"description\" content=\"Nuestros miembros del equipo son la fuerza impulsora detr\u00e1s de nuestra misi\u00f3n, con un compromiso hacia un objetivo compartido: proporcionar un centro de datos cerca del cliente.\" \/>\n<meta name=\"robots\" content=\"index, follow, max-snippet:-1, max-image-preview:large, max-video-preview:-1\" \/>\n<link rel=\"canonical\" href=\"https:\/\/www.nlighten.com\/es\/equipo\/\" \/>\n<meta property=\"og:locale\" content=\"es_ES\" \/>\n<meta property=\"og:type\" content=\"article\" \/>\n<meta property=\"og:title\" content=\"Conoce al equipo de nuestra empresa | nLighten\" \/>\n<meta property=\"og:description\" content=\"Nuestros miembros del equipo son la fuerza impulsora detr\u00e1s de nuestra misi\u00f3n, con un compromiso hacia un objetivo compartido: proporcionar un centro de datos cerca del cliente.\" \/>\n<meta property=\"og:url\" content=\"https:\/\/www.nlighten.com\/es\/equipo\/\" \/>\n<meta property=\"og:site_name\" content=\"nLighten\" \/>\n<meta property=\"article:modified_time\" content=\"2025-11-14T10:04:37+00:00\" \/>\n<meta property=\"og:image\" content=\"https:\/\/www.nlighten.com\/wp-content\/uploads\/2025\/11\/Photo-Management-Team.jpg\" \/>\n\t<meta property=\"og:image:width\" content=\"1200\" \/>\n\t<meta property=\"og:image:height\" content=\"1500\" \/>\n\t<meta property=\"og:image:type\" content=\"image\/jpeg\" \/>\n<meta name=\"twitter:card\" content=\"summary_large_image\" \/>\n<meta name=\"twitter:label1\" content=\"Tiempo de lectura\" \/>\n\t<meta name=\"twitter:data1\" content=\"1 minuto\" \/>\n<script type=\"application\/ld+json\" class=\"yoast-schema-graph\">{\"@context\":\"https:\/\/schema.org\",\"@graph\":[{\"@type\":\"WebPage\",\"@id\":\"https:\/\/www.nlighten.com\/es\/equipo\/\",\"url\":\"https:\/\/www.nlighten.com\/es\/equipo\/\",\"name\":\"Conoce al equipo de nuestra empresa | nLighten\",\"isPartOf\":{\"@id\":\"https:\/\/www.nlighten.com\/es\/#website\"},\"primaryImageOfPage\":{\"@id\":\"https:\/\/www.nlighten.com\/es\/equipo\/#primaryimage\"},\"image\":{\"@id\":\"https:\/\/www.nlighten.com\/es\/equipo\/#primaryimage\"},\"thumbnailUrl\":\"https:\/\/www.nlighten.com\/wp-content\/uploads\/2025\/11\/Photo-Management-Team.jpg\",\"datePublished\":\"2024-04-26T11:22:56+00:00\",\"dateModified\":\"2025-11-14T10:04:37+00:00\",\"description\":\"Nuestros miembros del equipo son la fuerza impulsora detr\u00e1s de nuestra misi\u00f3n, con un compromiso hacia un objetivo compartido: proporcionar un centro de datos cerca del cliente.\",\"breadcrumb\":{\"@id\":\"https:\/\/www.nlighten.com\/es\/equipo\/#breadcrumb\"},\"inLanguage\":\"es\",\"potentialAction\":[{\"@type\":\"ReadAction\",\"target\":[\"https:\/\/www.nlighten.com\/es\/equipo\/\"]}]},{\"@type\":\"ImageObject\",\"inLanguage\":\"es\",\"@id\":\"https:\/\/www.nlighten.com\/es\/equipo\/#primaryimage\",\"url\":\"https:\/\/www.nlighten.com\/wp-content\/uploads\/2025\/11\/Photo-Management-Team.jpg\",\"contentUrl\":\"https:\/\/www.nlighten.com\/wp-content\/uploads\/2025\/11\/Photo-Management-Team.jpg\"},{\"@type\":\"BreadcrumbList\",\"@id\":\"https:\/\/www.nlighten.com\/es\/equipo\/#breadcrumb\",\"itemListElement\":[{\"@type\":\"ListItem\",\"position\":1,\"name\":\"Home\",\"item\":\"https:\/\/www.nlighten.com\/es\/\"},{\"@type\":\"ListItem\",\"position\":2,\"name\":\"Equipo\"}]},{\"@type\":\"WebSite\",\"@id\":\"https:\/\/www.nlighten.com\/es\/#website\",\"url\":\"https:\/\/www.nlighten.com\/es\/\",\"name\":\"nLighten\",\"description\":\"\",\"publisher\":{\"@id\":\"https:\/\/www.nlighten.com\/es\/#organization\"},\"potentialAction\":[{\"@type\":\"SearchAction\",\"target\":{\"@type\":\"EntryPoint\",\"urlTemplate\":\"https:\/\/www.nlighten.com\/es\/?s={search_term_string}\"},\"query-input\":{\"@type\":\"PropertyValueSpecification\",\"valueRequired\":true,\"valueName\":\"search_term_string\"}}],\"inLanguage\":\"es\"},{\"@type\":\"Organization\",\"@id\":\"https:\/\/www.nlighten.com\/es\/#organization\",\"name\":\"nLighten\",\"url\":\"https:\/\/www.nlighten.com\/es\/\",\"logo\":{\"@type\":\"ImageObject\",\"inLanguage\":\"es\",\"@id\":\"https:\/\/www.nlighten.com\/es\/#\/schema\/logo\/image\/\",\"url\":\"https:\/\/www.nlighten.com\/wp-content\/uploads\/2024\/05\/nlighten_logo_green_bg.png\",\"contentUrl\":\"https:\/\/www.nlighten.com\/wp-content\/uploads\/2024\/05\/nlighten_logo_green_bg.png\",\"width\":696,\"height\":696,\"caption\":\"nLighten\"},\"image\":{\"@id\":\"https:\/\/www.nlighten.com\/es\/#\/schema\/logo\/image\/\"},\"sameAs\":[\"https:\/\/www.linkedin.com\/company\/nlighten-datacenters\/\"]}]}<\/script>\n<!-- \/ Yoast SEO plugin. -->","yoast_head_json":{"title":"Conoce al equipo de nuestra empresa | nLighten","description":"Nuestros miembros del equipo son la fuerza impulsora detr\u00e1s de nuestra misi\u00f3n, con un compromiso hacia un objetivo compartido: proporcionar un centro de datos cerca del cliente.","robots":{"index":"index","follow":"follow","max-snippet":"max-snippet:-1","max-image-preview":"max-image-preview:large","max-video-preview":"max-video-preview:-1"},"canonical":"https:\/\/www.nlighten.com\/es\/equipo\/","og_locale":"es_ES","og_type":"article","og_title":"Conoce al equipo de nuestra empresa | nLighten","og_description":"Nuestros miembros del equipo son la fuerza impulsora detr\u00e1s de nuestra misi\u00f3n, con un compromiso hacia un objetivo compartido: proporcionar un centro de datos cerca del cliente.","og_url":"https:\/\/www.nlighten.com\/es\/equipo\/","og_site_name":"nLighten","article_modified_time":"2025-11-14T10:04:37+00:00","og_image":[{"width":1200,"height":1500,"url":"https:\/\/www.nlighten.com\/wp-content\/uploads\/2025\/11\/Photo-Management-Team.jpg","type":"image\/jpeg"}],"twitter_card":"summary_large_image","twitter_misc":{"Tiempo de lectura":"1 minuto"},"schema":{"@context":"https:\/\/schema.org","@graph":[{"@type":"WebPage","@id":"https:\/\/www.nlighten.com\/es\/equipo\/","url":"https:\/\/www.nlighten.com\/es\/equipo\/","name":"Conoce al equipo de nuestra empresa | nLighten","isPartOf":{"@id":"https:\/\/www.nlighten.com\/es\/#website"},"primaryImageOfPage":{"@id":"https:\/\/www.nlighten.com\/es\/equipo\/#primaryimage"},"image":{"@id":"https:\/\/www.nlighten.com\/es\/equipo\/#primaryimage"},"thumbnailUrl":"https:\/\/www.nlighten.com\/wp-content\/uploads\/2025\/11\/Photo-Management-Team.jpg","datePublished":"2024-04-26T11:22:56+00:00","dateModified":"2025-11-14T10:04:37+00:00","description":"Nuestros miembros del equipo son la fuerza impulsora detr\u00e1s de nuestra misi\u00f3n, con un compromiso hacia un objetivo compartido: proporcionar un centro de datos cerca del cliente.","breadcrumb":{"@id":"https:\/\/www.nlighten.com\/es\/equipo\/#breadcrumb"},"inLanguage":"es","potentialAction":[{"@type":"ReadAction","target":["https:\/\/www.nlighten.com\/es\/equipo\/"]}]},{"@type":"ImageObject","inLanguage":"es","@id":"https:\/\/www.nlighten.com\/es\/equipo\/#primaryimage","url":"https:\/\/www.nlighten.com\/wp-content\/uploads\/2025\/11\/Photo-Management-Team.jpg","contentUrl":"https:\/\/www.nlighten.com\/wp-content\/uploads\/2025\/11\/Photo-Management-Team.jpg"},{"@type":"BreadcrumbList","@id":"https:\/\/www.nlighten.com\/es\/equipo\/#breadcrumb","itemListElement":[{"@type":"ListItem","position":1,"name":"Home","item":"https:\/\/www.nlighten.com\/es\/"},{"@type":"ListItem","position":2,"name":"Equipo"}]},{"@type":"WebSite","@id":"https:\/\/www.nlighten.com\/es\/#website","url":"https:\/\/www.nlighten.com\/es\/","name":"nLighten","description":"","publisher":{"@id":"https:\/\/www.nlighten.com\/es\/#organization"},"potentialAction":[{"@type":"SearchAction","target":{"@type":"EntryPoint","urlTemplate":"https:\/\/www.nlighten.com\/es\/?s={search_term_string}"},"query-input":{"@type":"PropertyValueSpecification","valueRequired":true,"valueName":"search_term_string"}}],"inLanguage":"es"},{"@type":"Organization","@id":"https:\/\/www.nlighten.com\/es\/#organization","name":"nLighten","url":"https:\/\/www.nlighten.com\/es\/","logo":{"@type":"ImageObject","inLanguage":"es","@id":"https:\/\/www.nlighten.com\/es\/#\/schema\/logo\/image\/","url":"https:\/\/www.nlighten.com\/wp-content\/uploads\/2024\/05\/nlighten_logo_green_bg.png","contentUrl":"https:\/\/www.nlighten.com\/wp-content\/uploads\/2024\/05\/nlighten_logo_green_bg.png","width":696,"height":696,"caption":"nLighten"},"image":{"@id":"https:\/\/www.nlighten.com\/es\/#\/schema\/logo\/image\/"},"sameAs":["https:\/\/www.linkedin.com\/company\/nlighten-datacenters\/"]}]}},"publishpress_future_workflow_manual_trigger":{"enabledWorkflows":[]},"_links":{"self":[{"href":"https:\/\/www.nlighten.com\/es\/wp-json\/wp\/v2\/pages\/21024","targetHints":{"allow":["GET"]}}],"collection":[{"href":"https:\/\/www.nlighten.com\/es\/wp-json\/wp\/v2\/pages"}],"about":[{"href":"https:\/\/www.nlighten.com\/es\/wp-json\/wp\/v2\/types\/page"}],"author":[{"embeddable":true,"href":"https:\/\/www.nlighten.com\/es\/wp-json\/wp\/v2\/users\/2"}],"replies":[{"embeddable":true,"href":"https:\/\/www.nlighten.com\/es\/wp-json\/wp\/v2\/comments?post=21024"}],"version-history":[{"count":0,"href":"https:\/\/www.nlighten.com\/es\/wp-json\/wp\/v2\/pages\/21024\/revisions"}],"wp:attachment":[{"href":"https:\/\/www.nlighten.com\/es\/wp-json\/wp\/v2\/media?parent=21024"}],"curies":[{"name":"wp","href":"https:\/\/api.w.org\/{rel}","templated":true}]}}