{"id":16930,"date":"2024-04-26T13:07:39","date_gmt":"2024-04-26T13:07:39","guid":{"rendered":"https:\/\/www.nlighten.com\/declaracion-de-sostenibilidad-ambiental\/"},"modified":"2025-10-08T08:20:03","modified_gmt":"2025-10-08T08:20:03","slug":"declaracion-de-sostenibilidad-ambiental","status":"publish","type":"page","link":"https:\/\/www.nlighten.com\/es\/all-policies\/environmental-sustainability-statement\/","title":{"rendered":"Declaraci\u00f3n de Sostenibilidad Ambiental"},"content":{"rendered":"\t\t<div data-elementor-type=\"wp-page\" data-elementor-id=\"16930\" class=\"elementor elementor-16930 elementor-3083\" data-elementor-post-type=\"page\">\n\t\t\t\t<div class=\"elementor-element elementor-element-b97a771 e-flex e-con-boxed e-con e-parent\" data-id=\"b97a771\" data-element_type=\"container\" data-e-type=\"container\">\n\t\t\t\t\t<div class=\"e-con-inner\">\n\t\t\t\t<div class=\"elementor-element elementor-element-2fd3c62 elementor-widget__width-initial elementor-widget-tablet__width-inherit elementor-widget elementor-widget-heading\" data-id=\"2fd3c62\" data-element_type=\"widget\" data-e-type=\"widget\" data-widget_type=\"heading.default\">\n\t\t\t\t<div class=\"elementor-widget-container\">\n\t\t\t\t\t<h3 class=\"elementor-heading-title elementor-size-default\">Todas las pol\u00edticas<\/h3>\t\t\t\t<\/div>\n\t\t\t\t<\/div>\n\t\t\t\t<div class=\"elementor-element elementor-element-cda50b0 elementor-widget__width-inherit elementor-widget-tablet__width-inherit elementor-widget elementor-widget-heading\" data-id=\"cda50b0\" data-element_type=\"widget\" data-e-type=\"widget\" data-widget_type=\"heading.default\">\n\t\t\t\t<div class=\"elementor-widget-container\">\n\t\t\t\t\t<h1 class=\"elementor-heading-title elementor-size-default\">Pol\u00edtica de sostenibilidad medioambiental<\/h1>\t\t\t\t<\/div>\n\t\t\t\t<\/div>\n\t\t\t\t<div class=\"elementor-element elementor-element-065c94b elementor-widget__width-inherit elementor-widget-tablet__width-inherit elementor-widget elementor-widget-heading\" data-id=\"065c94b\" data-element_type=\"widget\" data-e-type=\"widget\" data-widget_type=\"heading.default\">\n\t\t\t\t<div class=\"elementor-widget-container\">\n\t\t\t\t\t<h2 class=\"elementor-heading-title elementor-size-default\">Nuestro compromiso con la sostenibilidad medioambiental<\/h2>\t\t\t\t<\/div>\n\t\t\t\t<\/div>\n\t\t\t\t<div class=\"elementor-element elementor-element-22ffb46 elementor-widget elementor-widget-text-editor\" data-id=\"22ffb46\" data-element_type=\"widget\" data-e-type=\"widget\" data-widget_type=\"text-editor.default\">\n\t\t\t\t<div class=\"elementor-widget-container\">\n\t\t\t\t\t\t\t\t\t<p>En nLighten, reconocemos nuestra responsabilidad de operar de una manera que apoye activamente la sostenibilidad medioambiental. Nuestra Pol\u00edtica de Sostenibilidad Medioambiental describe los principios, estrategias y medidas que adoptamos para minimizar nuestro impacto medioambiental sin dejar de prestar servicios de alta calidad. <\/p><p>Puede consultar la pol\u00edtica completa en el documento adjunto. Refleja nuestros esfuerzos y compromisos en \u00e1reas como la eficiencia energ\u00e9tica, el uso de energ\u00edas renovables, la reducci\u00f3n de residuos y la participaci\u00f3n de las partes interesadas. <\/p><p><em>Nota: El documento normativo se facilita en ingl\u00e9s.<\/em><\/p>\t\t\t\t\t\t\t\t<\/div>\n\t\t\t\t<\/div>\n\t\t\t\t<div class=\"elementor-element elementor-element-daf4061 elementor-widget elementor-widget-button\" data-id=\"daf4061\" data-element_type=\"widget\" data-e-type=\"widget\" data-widget_type=\"button.default\">\n\t\t\t\t<div class=\"elementor-widget-container\">\n\t\t\t\t\t\t\t\t\t<div class=\"elementor-button-wrapper\">\n\t\t\t\t\t<a class=\"elementor-button elementor-button-link elementor-size-sm\" href=\"https:\/\/www.nlighten.com\/wp-content\/uploads\/2025\/05\/POL-GLOBAL-Environmental-Sustainability.pdf\" target=\"_blank\">\n\t\t\t\t\t\t<span class=\"elementor-button-content-wrapper\">\n\t\t\t\t\t\t\t\t\t<span class=\"elementor-button-text\">Ver la Pol\u00edtica de Sostenibilidad Ambiental de nLighten &gt;<\/span>\n\t\t\t\t\t<\/span>\n\t\t\t\t\t<\/a>\n\t\t\t\t<\/div>\n\t\t\t\t\t\t\t\t<\/div>\n\t\t\t\t<\/div>\n\t\t\t\t<div class=\"elementor-element elementor-element-1e8fd0d elementor-widget__width-inherit elementor-widget-tablet__width-inherit elementor-hidden-desktop elementor-hidden-tablet elementor-hidden-mobile elementor-widget elementor-widget-text-editor\" data-id=\"1e8fd0d\" data-element_type=\"widget\" data-e-type=\"widget\" data-widget_type=\"text-editor.default\">\n\t\t\t\t<div class=\"elementor-widget-container\">\n\t\t\t\t\t\t\t\t\t<div class=\"rich-text-policies w-richtext\"><div class=\"rich-text-policies w-richtext\"><div class=\"rich-text-policies w-richtext\"><h2>Policy Overview<\/h2><p>This Environmental Sustainability Statement is applicable to nLighten HQ BV and its affiliates (collectively, the <strong>\u201cCompany\u201d<\/strong> or <strong>\u201cnLighten\u201d<\/strong>).<\/p><p>The data center industry continues to empower the digital transformation of our society. Such growth requires increasing amounts of energy and natural resources and therefore sustainability becomes pivotal in this industry. <\/p><p>nLighten is a European provider of data center solutions. Our data centers are an essential element in the infrastructure that enables the digital marketplace and data storage and distribution. We recognize that by operating and expanding our business, our environmental footprint, including climate change impact, grows and hence requires a more sustainable and responsible manner of delivering services. Our objectives are to:   <\/p><ul role=\"list\"><li>Offer data center solutions that deliver optimized energy productivity and resource efficiency. Our ultimate ambition is to evolve to carbon-neutral data center solutions. <\/li><li>Communicate our performance regularly to our stakeholders in a transparent manner.<\/li><\/ul><p>At nLighten we want to build long-term solutions. Environmental, Social and Governance (ESG) practices are key aspects of how nLighten continues to grow its business, engage employees, support customers and minimizes its impacts on the environment. <\/p><\/div><div class=\"rich-text-policies w-richtext\"><h2>Environmental Sustainability Ambitions<\/h2><p>As part of nLighten\u2019s efforts to create and offer more sustainable data center solutions, we focus on the following actions:<\/p><ul role=\"list\"><li>Utilize to the fullest extent possible renewable energy for our data centers, with a long-term vision of only using renewable energy.<\/li><li>Continue to develop our data center-design towards the ultimate goal enabling the use of 100 % renewable energy as our main and back up energy solution, and to decrease the overall energy consumption.<\/li><li>Develop life-cycle management processes of our data centers materials and seek to reuse and recycle wherever possible. Empower and encourage our employees, customers and suppliers to improve resource efficiency in energy and water management, as well as to reduce their waste and carbon footprint. <\/li><li>Measure and report key metrics related to progress on our environmental sustainability ambitions for our data centers, with the aim of regularly reporting performance to our stakeholders.<\/li><\/ul><p>We believe it is vital to keep the energy consumption of our data centers under strict control and seek to follow the highest standards in energy efficiency. To achieve this goal, we are continuously monitoring the market to understand the development of data center energy demand and where necessary we will continue to work together with our customers and suppliers to optimize data center energy consumption efficiency across our data center footprint. This effort includes investments in:<\/p><ul role=\"list\"><li>power infrastructure to ensure the most efficient and proficient equipment is in place, including cooling systems and energy &amp; temperature reporting hardware;<\/li><li>products designed in a way that the key components can be repaired and\/or upgraded;<\/li><li>metering circuits to monitor energy consumption.<\/li><\/ul><\/div><\/div><\/div>\t\t\t\t\t\t\t\t<\/div>\n\t\t\t\t<\/div>\n\t\t\t\t\t<\/div>\n\t\t\t\t<\/div>\n\t\t\t\t<\/div>\n\t\t","protected":false},"excerpt":{"rendered":"<p>Todas las pol\u00edticas Pol\u00edtica de sostenibilidad medioambiental Nuestro compromiso con la sostenibilidad medioambiental En nLighten, reconocemos nuestra responsabilidad de operar de una manera que apoye activamente la sostenibilidad medioambiental. Nuestra &#8230; <a title=\"Declaraci\u00f3n de Sostenibilidad Ambiental\" class=\"read-more\" href=\"https:\/\/www.nlighten.com\/es\/all-policies\/environmental-sustainability-statement\/\" aria-label=\"Leer m\u00e1s sobre Declaraci\u00f3n de Sostenibilidad Ambiental\">Leer m\u00e1s<\/a><\/p>\n","protected":false},"author":1,"featured_media":0,"parent":0,"menu_order":0,"comment_status":"closed","ping_status":"closed","template":"","meta":{"_acf_changed":false,"footnotes":""},"class_list":["post-16930","page","type-page","status-publish"],"acf":[],"yoast_head":"<!-- This site is optimized with the Yoast SEO plugin v27.4 - https:\/\/yoast.com\/product\/yoast-seo-wordpress\/ -->\n<title>M\u00e1s informaci\u00f3n sobre la Declaraci\u00f3n de Sostenibilidad Ambiental | nLighten<\/title>\n<meta name=\"description\" content=\"Lea todo lo que hay que saber en nuestra Declaraci\u00f3n de Sostenibilidad Ambiental, incluidas las Ambiciones de Sostenibilidad Ambiental de nuestras empresas\" \/>\n<meta name=\"robots\" content=\"index, follow, max-snippet:-1, max-image-preview:large, max-video-preview:-1\" \/>\n<link rel=\"canonical\" href=\"https:\/\/www.nlighten.com\/es\/all-policies\/environmental-sustainability-statement\/\" \/>\n<meta property=\"og:locale\" content=\"es_ES\" \/>\n<meta property=\"og:type\" content=\"article\" \/>\n<meta property=\"og:title\" content=\"M\u00e1s informaci\u00f3n sobre la Declaraci\u00f3n de Sostenibilidad Ambiental | nLighten\" \/>\n<meta property=\"og:description\" content=\"Lea todo lo que hay que saber en nuestra Declaraci\u00f3n de Sostenibilidad Ambiental, incluidas las Ambiciones de Sostenibilidad Ambiental de nuestras empresas\" \/>\n<meta property=\"og:url\" content=\"https:\/\/www.nlighten.com\/es\/all-policies\/environmental-sustainability-statement\/\" \/>\n<meta property=\"og:site_name\" content=\"nLighten\" \/>\n<meta property=\"article:modified_time\" content=\"2025-10-08T08:20:03+00:00\" \/>\n<meta name=\"twitter:card\" content=\"summary_large_image\" \/>\n<meta name=\"twitter:label1\" content=\"Tiempo de lectura\" \/>\n\t<meta name=\"twitter:data1\" content=\"3 minutos\" \/>\n<script type=\"application\/ld+json\" class=\"yoast-schema-graph\">{\"@context\":\"https:\\\/\\\/schema.org\",\"@graph\":[{\"@type\":\"WebPage\",\"@id\":\"https:\\\/\\\/www.nlighten.com\\\/es\\\/all-policies\\\/environmental-sustainability-statement\\\/\",\"url\":\"https:\\\/\\\/www.nlighten.com\\\/es\\\/all-policies\\\/environmental-sustainability-statement\\\/\",\"name\":\"M\u00e1s informaci\u00f3n sobre la Declaraci\u00f3n de Sostenibilidad Ambiental | nLighten\",\"isPartOf\":{\"@id\":\"https:\\\/\\\/www.nlighten.com\\\/es\\\/#website\"},\"datePublished\":\"2024-04-26T13:07:39+00:00\",\"dateModified\":\"2025-10-08T08:20:03+00:00\",\"description\":\"Lea todo lo que hay que saber en nuestra Declaraci\u00f3n de Sostenibilidad Ambiental, incluidas las Ambiciones de Sostenibilidad Ambiental de nuestras empresas\",\"breadcrumb\":{\"@id\":\"https:\\\/\\\/www.nlighten.com\\\/es\\\/all-policies\\\/environmental-sustainability-statement\\\/#breadcrumb\"},\"inLanguage\":\"es\",\"potentialAction\":[{\"@type\":\"ReadAction\",\"target\":[\"https:\\\/\\\/www.nlighten.com\\\/es\\\/all-policies\\\/environmental-sustainability-statement\\\/\"]}]},{\"@type\":\"BreadcrumbList\",\"@id\":\"https:\\\/\\\/www.nlighten.com\\\/es\\\/all-policies\\\/environmental-sustainability-statement\\\/#breadcrumb\",\"itemListElement\":[{\"@type\":\"ListItem\",\"position\":1,\"name\":\"Home\",\"item\":\"https:\\\/\\\/www.nlighten.com\\\/es\\\/\"},{\"@type\":\"ListItem\",\"position\":2,\"name\":\"Declaraci\u00f3n de Sostenibilidad Ambiental\"}]},{\"@type\":\"WebSite\",\"@id\":\"https:\\\/\\\/www.nlighten.com\\\/es\\\/#website\",\"url\":\"https:\\\/\\\/www.nlighten.com\\\/es\\\/\",\"name\":\"nLighten\",\"description\":\"\",\"publisher\":{\"@id\":\"https:\\\/\\\/www.nlighten.com\\\/es\\\/#organization\"},\"potentialAction\":[{\"@type\":\"SearchAction\",\"target\":{\"@type\":\"EntryPoint\",\"urlTemplate\":\"https:\\\/\\\/www.nlighten.com\\\/es\\\/?s={search_term_string}\"},\"query-input\":{\"@type\":\"PropertyValueSpecification\",\"valueRequired\":true,\"valueName\":\"search_term_string\"}}],\"inLanguage\":\"es\"},{\"@type\":\"Organization\",\"@id\":\"https:\\\/\\\/www.nlighten.com\\\/es\\\/#organization\",\"name\":\"nLighten\",\"url\":\"https:\\\/\\\/www.nlighten.com\\\/es\\\/\",\"logo\":{\"@type\":\"ImageObject\",\"inLanguage\":\"es\",\"@id\":\"https:\\\/\\\/www.nlighten.com\\\/es\\\/#\\\/schema\\\/logo\\\/image\\\/\",\"url\":\"https:\\\/\\\/www.nlighten.com\\\/wp-content\\\/uploads\\\/2024\\\/05\\\/nlighten_logo_green_bg.png\",\"contentUrl\":\"https:\\\/\\\/www.nlighten.com\\\/wp-content\\\/uploads\\\/2024\\\/05\\\/nlighten_logo_green_bg.png\",\"width\":696,\"height\":696,\"caption\":\"nLighten\"},\"image\":{\"@id\":\"https:\\\/\\\/www.nlighten.com\\\/es\\\/#\\\/schema\\\/logo\\\/image\\\/\"},\"sameAs\":[\"https:\\\/\\\/www.linkedin.com\\\/company\\\/nlighten-datacenters\\\/\"]}]}<\/script>\n<!-- \/ Yoast SEO plugin. -->","yoast_head_json":{"title":"M\u00e1s informaci\u00f3n sobre la Declaraci\u00f3n de Sostenibilidad Ambiental | nLighten","description":"Lea todo lo que hay que saber en nuestra Declaraci\u00f3n de Sostenibilidad Ambiental, incluidas las Ambiciones de Sostenibilidad Ambiental de nuestras empresas","robots":{"index":"index","follow":"follow","max-snippet":"max-snippet:-1","max-image-preview":"max-image-preview:large","max-video-preview":"max-video-preview:-1"},"canonical":"https:\/\/www.nlighten.com\/es\/all-policies\/environmental-sustainability-statement\/","og_locale":"es_ES","og_type":"article","og_title":"M\u00e1s informaci\u00f3n sobre la Declaraci\u00f3n de Sostenibilidad Ambiental | nLighten","og_description":"Lea todo lo que hay que saber en nuestra Declaraci\u00f3n de Sostenibilidad Ambiental, incluidas las Ambiciones de Sostenibilidad Ambiental de nuestras empresas","og_url":"https:\/\/www.nlighten.com\/es\/all-policies\/environmental-sustainability-statement\/","og_site_name":"nLighten","article_modified_time":"2025-10-08T08:20:03+00:00","twitter_card":"summary_large_image","twitter_misc":{"Tiempo de lectura":"3 minutos"},"schema":{"@context":"https:\/\/schema.org","@graph":[{"@type":"WebPage","@id":"https:\/\/www.nlighten.com\/es\/all-policies\/environmental-sustainability-statement\/","url":"https:\/\/www.nlighten.com\/es\/all-policies\/environmental-sustainability-statement\/","name":"M\u00e1s informaci\u00f3n sobre la Declaraci\u00f3n de Sostenibilidad Ambiental | nLighten","isPartOf":{"@id":"https:\/\/www.nlighten.com\/es\/#website"},"datePublished":"2024-04-26T13:07:39+00:00","dateModified":"2025-10-08T08:20:03+00:00","description":"Lea todo lo que hay que saber en nuestra Declaraci\u00f3n de Sostenibilidad Ambiental, incluidas las Ambiciones de Sostenibilidad Ambiental de nuestras empresas","breadcrumb":{"@id":"https:\/\/www.nlighten.com\/es\/all-policies\/environmental-sustainability-statement\/#breadcrumb"},"inLanguage":"es","potentialAction":[{"@type":"ReadAction","target":["https:\/\/www.nlighten.com\/es\/all-policies\/environmental-sustainability-statement\/"]}]},{"@type":"BreadcrumbList","@id":"https:\/\/www.nlighten.com\/es\/all-policies\/environmental-sustainability-statement\/#breadcrumb","itemListElement":[{"@type":"ListItem","position":1,"name":"Home","item":"https:\/\/www.nlighten.com\/es\/"},{"@type":"ListItem","position":2,"name":"Declaraci\u00f3n de Sostenibilidad Ambiental"}]},{"@type":"WebSite","@id":"https:\/\/www.nlighten.com\/es\/#website","url":"https:\/\/www.nlighten.com\/es\/","name":"nLighten","description":"","publisher":{"@id":"https:\/\/www.nlighten.com\/es\/#organization"},"potentialAction":[{"@type":"SearchAction","target":{"@type":"EntryPoint","urlTemplate":"https:\/\/www.nlighten.com\/es\/?s={search_term_string}"},"query-input":{"@type":"PropertyValueSpecification","valueRequired":true,"valueName":"search_term_string"}}],"inLanguage":"es"},{"@type":"Organization","@id":"https:\/\/www.nlighten.com\/es\/#organization","name":"nLighten","url":"https:\/\/www.nlighten.com\/es\/","logo":{"@type":"ImageObject","inLanguage":"es","@id":"https:\/\/www.nlighten.com\/es\/#\/schema\/logo\/image\/","url":"https:\/\/www.nlighten.com\/wp-content\/uploads\/2024\/05\/nlighten_logo_green_bg.png","contentUrl":"https:\/\/www.nlighten.com\/wp-content\/uploads\/2024\/05\/nlighten_logo_green_bg.png","width":696,"height":696,"caption":"nLighten"},"image":{"@id":"https:\/\/www.nlighten.com\/es\/#\/schema\/logo\/image\/"},"sameAs":["https:\/\/www.linkedin.com\/company\/nlighten-datacenters\/"]}]}},"publishpress_future_workflow_manual_trigger":{"enabledWorkflows":[]},"_links":{"self":[{"href":"https:\/\/www.nlighten.com\/es\/wp-json\/wp\/v2\/pages\/16930","targetHints":{"allow":["GET"]}}],"collection":[{"href":"https:\/\/www.nlighten.com\/es\/wp-json\/wp\/v2\/pages"}],"about":[{"href":"https:\/\/www.nlighten.com\/es\/wp-json\/wp\/v2\/types\/page"}],"author":[{"embeddable":true,"href":"https:\/\/www.nlighten.com\/es\/wp-json\/wp\/v2\/users\/1"}],"replies":[{"embeddable":true,"href":"https:\/\/www.nlighten.com\/es\/wp-json\/wp\/v2\/comments?post=16930"}],"version-history":[{"count":0,"href":"https:\/\/www.nlighten.com\/es\/wp-json\/wp\/v2\/pages\/16930\/revisions"}],"wp:attachment":[{"href":"https:\/\/www.nlighten.com\/es\/wp-json\/wp\/v2\/media?parent=16930"}],"curies":[{"name":"wp","href":"https:\/\/api.w.org\/{rel}","templated":true}]}}