{"id":4107,"date":"2024-04-26T12:55:38","date_gmt":"2024-04-26T12:55:38","guid":{"rendered":"https:\/\/www.nlighten.com\/impressum\/"},"modified":"2024-08-27T13:09:37","modified_gmt":"2024-08-27T13:09:37","slug":"impressum","status":"publish","type":"page","link":"https:\/\/www.nlighten.com\/de\/impressum\/","title":{"rendered":"Impressum"},"content":{"rendered":"\t\t<div data-elementor-type=\"wp-page\" data-elementor-id=\"4107\" class=\"elementor elementor-4107 elementor-3047\" data-elementor-post-type=\"page\">\n\t\t\t\t<div class=\"elementor-element elementor-element-b97a771 e-flex e-con-boxed e-con e-parent\" data-id=\"b97a771\" data-element_type=\"container\" data-e-type=\"container\">\n\t\t\t\t\t<div class=\"e-con-inner\">\n\t\t\t\t<div class=\"elementor-element elementor-element-cda50b0 elementor-widget__width-inherit elementor-widget-tablet__width-inherit elementor-widget elementor-widget-heading\" data-id=\"cda50b0\" data-element_type=\"widget\" data-e-type=\"widget\" data-widget_type=\"heading.default\">\n\t\t\t\t<div class=\"elementor-widget-container\">\n\t\t\t\t\t<h1 class=\"elementor-heading-title elementor-size-default\">Impressum<\/h1>\t\t\t\t<\/div>\n\t\t\t\t<\/div>\n\t\t\t\t<div class=\"elementor-element elementor-element-1e8fd0d elementor-widget__width-inherit elementor-widget-tablet__width-inherit elementor-widget elementor-widget-text-editor\" data-id=\"1e8fd0d\" data-element_type=\"widget\" data-e-type=\"widget\" data-widget_type=\"text-editor.default\">\n\t\t\t\t<div class=\"elementor-widget-container\">\n\t\t\t\t\t\t\t\t\t<h3 style=\"font-weight: 900; margin-bottom: 36px;\">nLighten Deutschland GmbH<\/h3><p>Schwalbacher Str. 60\u201362<br \/>65760 Eschborn<br \/>Deutschland<\/p><p><span style=\"font-weight: 900;\">Firmenregistrierungsnummer<\/span><br \/>HRB126317<\/p><p><span style=\"font-weight: 900;\">USt. Id. Nummer<\/span><br \/>DE352411644<\/p><p><span style=\"font-weight: 900;\">E-Mail<\/span><br \/><a href=\"mailto:info@nlighten.com\">info@nlighten.com<\/a><\/p><p><span style=\"font-weight: 900;\">Bevollm\u00e4chtigte Vertreter<\/span><br \/>Harro Beusker, Chad McCarthy<\/p><p><em>Aus Gr\u00fcnden der besseren Lesbarkeit wird auf die gleichzeitige Verwendung der Sprachformen m\u00e4nnlich, weiblich und divers (m\/w\/d) verzichtet. S\u00e4mtliche Personenbezeichnungen gelten gleicherma\u00dfen f\u00fcr alle Geschlechter. <\/em><\/p>\t\t\t\t\t\t\t\t<\/div>\n\t\t\t\t<\/div>\n\t\t\t\t\t<\/div>\n\t\t\t\t<\/div>\n\t\t\t\t<\/div>\n\t\t","protected":false},"excerpt":{"rendered":"<p>Impressum nLighten Deutschland GmbH Schwalbacher Str. 60\u20136265760 EschbornDeutschland FirmenregistrierungsnummerHRB126317 USt. Id. NummerDE352411644 E-Mailinfo@nlighten.com Bevollm\u00e4chtigte VertreterHarro Beusker, Chad McCarthy Aus Gr\u00fcnden der besseren Lesbarkeit wird auf die gleichzeitige Verwendung der Sprachformen &#8230; <a title=\"Impressum\" class=\"read-more\" href=\"https:\/\/www.nlighten.com\/de\/impressum\/\" aria-label=\"Mehr Informationen \u00fcber Impressum\">Weiterlesen<\/a><\/p>\n","protected":false},"author":1,"featured_media":0,"parent":0,"menu_order":0,"comment_status":"closed","ping_status":"closed","template":"","meta":{"_acf_changed":false,"footnotes":""},"class_list":["post-4107","page","type-page","status-publish"],"acf":[],"yoast_head":"<!-- This site is optimized with the Yoast SEO plugin v27.4 - https:\/\/yoast.com\/product\/yoast-seo-wordpress\/ -->\n<title>Gesch\u00e4ftsinformationen finden Sie im Impressum | nLighten<\/title>\n<meta name=\"description\" content=\"Mehr \u00fcber das Unternehmen nLighten erfahren Sie in unserem Impressum. Wir freuen uns auf die Zusammenarbeit mit Ihnen und hoffen, bald von Ihnen zu h\u00f6ren\" \/>\n<meta name=\"robots\" content=\"index, follow, max-snippet:-1, max-image-preview:large, max-video-preview:-1\" \/>\n<link rel=\"canonical\" href=\"https:\/\/www.nlighten.com\/de\/impressum\/\" \/>\n<meta property=\"og:locale\" content=\"de_DE\" \/>\n<meta property=\"og:type\" content=\"article\" \/>\n<meta property=\"og:title\" content=\"Gesch\u00e4ftsinformationen finden Sie im Impressum | nLighten\" \/>\n<meta property=\"og:description\" content=\"Mehr \u00fcber das Unternehmen nLighten erfahren Sie in unserem Impressum. Wir freuen uns auf die Zusammenarbeit mit Ihnen und hoffen, bald von Ihnen zu h\u00f6ren\" \/>\n<meta property=\"og:url\" content=\"https:\/\/www.nlighten.com\/de\/impressum\/\" \/>\n<meta property=\"og:site_name\" content=\"nLighten\" \/>\n<meta property=\"article:modified_time\" content=\"2024-08-27T13:09:37+00:00\" \/>\n<meta name=\"twitter:card\" content=\"summary_large_image\" \/>\n<meta name=\"twitter:label1\" content=\"Gesch\u00e4tzte Lesezeit\" \/>\n\t<meta name=\"twitter:data1\" content=\"1\u00a0Minute\" \/>\n<script type=\"application\/ld+json\" class=\"yoast-schema-graph\">{\"@context\":\"https:\\\/\\\/schema.org\",\"@graph\":[{\"@type\":\"WebPage\",\"@id\":\"https:\\\/\\\/www.nlighten.com\\\/de\\\/impressum\\\/\",\"url\":\"https:\\\/\\\/www.nlighten.com\\\/de\\\/impressum\\\/\",\"name\":\"Gesch\u00e4ftsinformationen finden Sie im Impressum | nLighten\",\"isPartOf\":{\"@id\":\"https:\\\/\\\/www.nlighten.com\\\/de\\\/#website\"},\"datePublished\":\"2024-04-26T12:55:38+00:00\",\"dateModified\":\"2024-08-27T13:09:37+00:00\",\"description\":\"Mehr \u00fcber das Unternehmen nLighten erfahren Sie in unserem Impressum. Wir freuen uns auf die Zusammenarbeit mit Ihnen und hoffen, bald von Ihnen zu h\u00f6ren\",\"breadcrumb\":{\"@id\":\"https:\\\/\\\/www.nlighten.com\\\/de\\\/impressum\\\/#breadcrumb\"},\"inLanguage\":\"de\",\"potentialAction\":[{\"@type\":\"ReadAction\",\"target\":[\"https:\\\/\\\/www.nlighten.com\\\/de\\\/impressum\\\/\"]}]},{\"@type\":\"BreadcrumbList\",\"@id\":\"https:\\\/\\\/www.nlighten.com\\\/de\\\/impressum\\\/#breadcrumb\",\"itemListElement\":[{\"@type\":\"ListItem\",\"position\":1,\"name\":\"Home\",\"item\":\"https:\\\/\\\/www.nlighten.com\\\/de\\\/\"},{\"@type\":\"ListItem\",\"position\":2,\"name\":\"Impressum\"}]},{\"@type\":\"WebSite\",\"@id\":\"https:\\\/\\\/www.nlighten.com\\\/de\\\/#website\",\"url\":\"https:\\\/\\\/www.nlighten.com\\\/de\\\/\",\"name\":\"nLighten\",\"description\":\"\",\"publisher\":{\"@id\":\"https:\\\/\\\/www.nlighten.com\\\/de\\\/#organization\"},\"potentialAction\":[{\"@type\":\"SearchAction\",\"target\":{\"@type\":\"EntryPoint\",\"urlTemplate\":\"https:\\\/\\\/www.nlighten.com\\\/de\\\/?s={search_term_string}\"},\"query-input\":{\"@type\":\"PropertyValueSpecification\",\"valueRequired\":true,\"valueName\":\"search_term_string\"}}],\"inLanguage\":\"de\"},{\"@type\":\"Organization\",\"@id\":\"https:\\\/\\\/www.nlighten.com\\\/de\\\/#organization\",\"name\":\"nLighten\",\"url\":\"https:\\\/\\\/www.nlighten.com\\\/de\\\/\",\"logo\":{\"@type\":\"ImageObject\",\"inLanguage\":\"de\",\"@id\":\"https:\\\/\\\/www.nlighten.com\\\/de\\\/#\\\/schema\\\/logo\\\/image\\\/\",\"url\":\"https:\\\/\\\/www.nlighten.com\\\/wp-content\\\/uploads\\\/2024\\\/05\\\/nlighten_logo_green_bg.png\",\"contentUrl\":\"https:\\\/\\\/www.nlighten.com\\\/wp-content\\\/uploads\\\/2024\\\/05\\\/nlighten_logo_green_bg.png\",\"width\":696,\"height\":696,\"caption\":\"nLighten\"},\"image\":{\"@id\":\"https:\\\/\\\/www.nlighten.com\\\/de\\\/#\\\/schema\\\/logo\\\/image\\\/\"},\"sameAs\":[\"https:\\\/\\\/www.linkedin.com\\\/company\\\/nlighten-datacenters\\\/\"]}]}<\/script>\n<!-- \/ Yoast SEO plugin. -->","yoast_head_json":{"title":"Gesch\u00e4ftsinformationen finden Sie im Impressum | nLighten","description":"Mehr \u00fcber das Unternehmen nLighten erfahren Sie in unserem Impressum. Wir freuen uns auf die Zusammenarbeit mit Ihnen und hoffen, bald von Ihnen zu h\u00f6ren","robots":{"index":"index","follow":"follow","max-snippet":"max-snippet:-1","max-image-preview":"max-image-preview:large","max-video-preview":"max-video-preview:-1"},"canonical":"https:\/\/www.nlighten.com\/de\/impressum\/","og_locale":"de_DE","og_type":"article","og_title":"Gesch\u00e4ftsinformationen finden Sie im Impressum | nLighten","og_description":"Mehr \u00fcber das Unternehmen nLighten erfahren Sie in unserem Impressum. Wir freuen uns auf die Zusammenarbeit mit Ihnen und hoffen, bald von Ihnen zu h\u00f6ren","og_url":"https:\/\/www.nlighten.com\/de\/impressum\/","og_site_name":"nLighten","article_modified_time":"2024-08-27T13:09:37+00:00","twitter_card":"summary_large_image","twitter_misc":{"Gesch\u00e4tzte Lesezeit":"1\u00a0Minute"},"schema":{"@context":"https:\/\/schema.org","@graph":[{"@type":"WebPage","@id":"https:\/\/www.nlighten.com\/de\/impressum\/","url":"https:\/\/www.nlighten.com\/de\/impressum\/","name":"Gesch\u00e4ftsinformationen finden Sie im Impressum | nLighten","isPartOf":{"@id":"https:\/\/www.nlighten.com\/de\/#website"},"datePublished":"2024-04-26T12:55:38+00:00","dateModified":"2024-08-27T13:09:37+00:00","description":"Mehr \u00fcber das Unternehmen nLighten erfahren Sie in unserem Impressum. Wir freuen uns auf die Zusammenarbeit mit Ihnen und hoffen, bald von Ihnen zu h\u00f6ren","breadcrumb":{"@id":"https:\/\/www.nlighten.com\/de\/impressum\/#breadcrumb"},"inLanguage":"de","potentialAction":[{"@type":"ReadAction","target":["https:\/\/www.nlighten.com\/de\/impressum\/"]}]},{"@type":"BreadcrumbList","@id":"https:\/\/www.nlighten.com\/de\/impressum\/#breadcrumb","itemListElement":[{"@type":"ListItem","position":1,"name":"Home","item":"https:\/\/www.nlighten.com\/de\/"},{"@type":"ListItem","position":2,"name":"Impressum"}]},{"@type":"WebSite","@id":"https:\/\/www.nlighten.com\/de\/#website","url":"https:\/\/www.nlighten.com\/de\/","name":"nLighten","description":"","publisher":{"@id":"https:\/\/www.nlighten.com\/de\/#organization"},"potentialAction":[{"@type":"SearchAction","target":{"@type":"EntryPoint","urlTemplate":"https:\/\/www.nlighten.com\/de\/?s={search_term_string}"},"query-input":{"@type":"PropertyValueSpecification","valueRequired":true,"valueName":"search_term_string"}}],"inLanguage":"de"},{"@type":"Organization","@id":"https:\/\/www.nlighten.com\/de\/#organization","name":"nLighten","url":"https:\/\/www.nlighten.com\/de\/","logo":{"@type":"ImageObject","inLanguage":"de","@id":"https:\/\/www.nlighten.com\/de\/#\/schema\/logo\/image\/","url":"https:\/\/www.nlighten.com\/wp-content\/uploads\/2024\/05\/nlighten_logo_green_bg.png","contentUrl":"https:\/\/www.nlighten.com\/wp-content\/uploads\/2024\/05\/nlighten_logo_green_bg.png","width":696,"height":696,"caption":"nLighten"},"image":{"@id":"https:\/\/www.nlighten.com\/de\/#\/schema\/logo\/image\/"},"sameAs":["https:\/\/www.linkedin.com\/company\/nlighten-datacenters\/"]}]}},"publishpress_future_workflow_manual_trigger":{"enabledWorkflows":[]},"_links":{"self":[{"href":"https:\/\/www.nlighten.com\/de\/wp-json\/wp\/v2\/pages\/4107","targetHints":{"allow":["GET"]}}],"collection":[{"href":"https:\/\/www.nlighten.com\/de\/wp-json\/wp\/v2\/pages"}],"about":[{"href":"https:\/\/www.nlighten.com\/de\/wp-json\/wp\/v2\/types\/page"}],"author":[{"embeddable":true,"href":"https:\/\/www.nlighten.com\/de\/wp-json\/wp\/v2\/users\/1"}],"replies":[{"embeddable":true,"href":"https:\/\/www.nlighten.com\/de\/wp-json\/wp\/v2\/comments?post=4107"}],"version-history":[{"count":0,"href":"https:\/\/www.nlighten.com\/de\/wp-json\/wp\/v2\/pages\/4107\/revisions"}],"wp:attachment":[{"href":"https:\/\/www.nlighten.com\/de\/wp-json\/wp\/v2\/media?parent=4107"}],"curies":[{"name":"wp","href":"https:\/\/api.w.org\/{rel}","templated":true}]}}