{"id":4095,"date":"2024-04-26T13:09:42","date_gmt":"2024-04-26T13:09:42","guid":{"rendered":"https:\/\/www.nlighten.com\/richtlinien-fuer-gesundheits-und-arbeitsschutz\/"},"modified":"2025-10-08T08:22:34","modified_gmt":"2025-10-08T08:22:34","slug":"health-and-safety-policy","status":"publish","type":"page","link":"https:\/\/www.nlighten.com\/de\/richtlinien\/health-and-safety-policy\/","title":{"rendered":"nLighten Health and Safety Policy"},"content":{"rendered":"\t\t<div data-elementor-type=\"wp-page\" data-elementor-id=\"4095\" class=\"elementor elementor-4095 elementor-3094\" data-elementor-post-type=\"page\">\n\t\t\t\t<div class=\"elementor-element elementor-element-b97a771 e-flex e-con-boxed e-con e-parent\" data-id=\"b97a771\" data-element_type=\"container\" data-e-type=\"container\">\n\t\t\t\t\t<div class=\"e-con-inner\">\n\t\t\t\t<div class=\"elementor-element elementor-element-2fd3c62 elementor-widget__width-initial elementor-widget-tablet__width-inherit elementor-widget elementor-widget-heading\" data-id=\"2fd3c62\" data-element_type=\"widget\" data-e-type=\"widget\" data-widget_type=\"heading.default\">\n\t\t\t\t<div class=\"elementor-widget-container\">\n\t\t\t\t\t<h3 class=\"elementor-heading-title elementor-size-default\">Richtlinien<\/h3>\t\t\t\t<\/div>\n\t\t\t\t<\/div>\n\t\t\t\t<div class=\"elementor-element elementor-element-cda50b0 elementor-widget__width-inherit elementor-widget-tablet__width-inherit elementor-widget elementor-widget-heading\" data-id=\"cda50b0\" data-element_type=\"widget\" data-e-type=\"widget\" data-widget_type=\"heading.default\">\n\t\t\t\t<div class=\"elementor-widget-container\">\n\t\t\t\t\t<h1 class=\"elementor-heading-title elementor-size-default\">Gesundheits- und Sicherheitsrichtlinie<\/h1>\t\t\t\t<\/div>\n\t\t\t\t<\/div>\n\t\t\t\t<div class=\"elementor-element elementor-element-98b1169 elementor-widget__width-inherit elementor-widget-tablet__width-inherit elementor-widget elementor-widget-heading\" data-id=\"98b1169\" data-element_type=\"widget\" data-e-type=\"widget\" data-widget_type=\"heading.default\">\n\t\t\t\t<div class=\"elementor-widget-container\">\n\t\t\t\t\t<h2 class=\"elementor-heading-title elementor-size-default\">Unser Engagement f\u00fcr Gesundheit, Sicherheit und Wohlbefinden<\/h2>\t\t\t\t<\/div>\n\t\t\t\t<\/div>\n\t\t\t\t<div class=\"elementor-element elementor-element-17a4398 elementor-widget elementor-widget-text-editor\" data-id=\"17a4398\" data-element_type=\"widget\" data-e-type=\"widget\" data-widget_type=\"text-editor.default\">\n\t\t\t\t<div class=\"elementor-widget-container\">\n\t\t\t\t\t\t\t\t\t<p>Bei nLighten setzen wir uns daf\u00fcr ein, die Gesundheit, Sicherheit und das Wohlbefinden aller Personen, die an unseren T\u00e4tigkeiten beteiligt sind, zu gew\u00e4hrleisten. Unsere Gesundheits- und Sicherheitsrichtlinie beschreibt die Grunds\u00e4tze, Verantwortlichkeiten und Ma\u00dfnahmen, mit denen wir an all unseren Standorten ein sicheres Arbeitsumfeld schaffen und aufrechterhalten.<\/p><p>Die vollst\u00e4ndige Richtlinie k\u00f6nnen Sie im eingebetteten Dokument unten einsehen. Sie enth\u00e4lt Informationen zu unserem Ansatz in den Bereichen Risikomanagement, Schulungen, Reaktion auf Zwischenf\u00e4lle sowie kontinuierliche Verbesserung unserer Gesundheits- und Sicherheitspraktiken.<\/p><p><em>Hinweis: Das Richtliniendokument ist in englischer Sprache verfasst.<\/em><\/p>\t\t\t\t\t\t\t\t<\/div>\n\t\t\t\t<\/div>\n\t\t\t\t<div class=\"elementor-element elementor-element-d4ae1c0 elementor-widget elementor-widget-button\" data-id=\"d4ae1c0\" data-element_type=\"widget\" data-e-type=\"widget\" data-widget_type=\"button.default\">\n\t\t\t\t<div class=\"elementor-widget-container\">\n\t\t\t\t\t\t\t\t\t<div class=\"elementor-button-wrapper\">\n\t\t\t\t\t<a class=\"elementor-button elementor-button-link elementor-size-sm\" href=\"https:\/\/www.nlighten.com\/wp-content\/uploads\/2025\/05\/POL-GLOBAL-Health-and-Safety.pdf\" target=\"_blank\">\n\t\t\t\t\t\t<span class=\"elementor-button-content-wrapper\">\n\t\t\t\t\t\t\t\t\t<span class=\"elementor-button-text\">Gesundheits- und Sicherheitsrichtlinien von nLighten ansehen<\/span>\n\t\t\t\t\t<\/span>\n\t\t\t\t\t<\/a>\n\t\t\t\t<\/div>\n\t\t\t\t\t\t\t\t<\/div>\n\t\t\t\t<\/div>\n\t\t\t\t\t<\/div>\n\t\t\t\t<\/div>\n\t\t<div class=\"elementor-element elementor-element-30486d6 elementor-hidden-desktop elementor-hidden-tablet elementor-hidden-mobile e-flex e-con-boxed e-con e-parent\" data-id=\"30486d6\" data-element_type=\"container\" data-e-type=\"container\">\n\t\t\t\t\t<div class=\"e-con-inner\">\n\t\t<div class=\"elementor-element elementor-element-5459a2f e-con-full e-flex e-con e-child\" data-id=\"5459a2f\" data-element_type=\"container\" data-e-type=\"container\">\n\t\t\t\t<div class=\"elementor-element elementor-element-b3f0d1a elementor-widget elementor-widget-heading\" data-id=\"b3f0d1a\" data-element_type=\"widget\" data-e-type=\"widget\" data-widget_type=\"heading.default\">\n\t\t\t\t<div class=\"elementor-widget-container\">\n\t\t\t\t\t<h2 class=\"elementor-heading-title elementor-size-default\">Einf\u00fchrung<\/h2>\t\t\t\t<\/div>\n\t\t\t\t<\/div>\n\t\t\t\t<div class=\"elementor-element elementor-element-e055380 elementor-widget elementor-widget-text-editor\" data-id=\"e055380\" data-element_type=\"widget\" data-e-type=\"widget\" data-widget_type=\"text-editor.default\">\n\t\t\t\t<div class=\"elementor-widget-container\">\n\t\t\t\t\t\t\t\t\t<p>Diese Gesundheits- und Arbeitsschutzrichtlinie (\u201e<strong>Richtlinie<\/strong>\u201c) gilt f\u00fcr nLighten HQ B.V. und seine verbundenen Unternehmen (nachfolgend das \u201e<strong>Unternehmen<\/strong>\u201c oder \u201e<strong>nLighten<\/strong>\u201c).<\/p><p>Wir bei nLighten sind uns unserer Verantwortung bewusst, das Wohlergehen und die Sicherheit unserer Mitarbeiter, Partner und Besucher zu sch\u00fctzen. Das Unternehmen hat sich verpflichtet, Verletzungen und Krankheiten vorzubeugen, Gefahren zu beseitigen, Gesundheits- und Sicherheitsrisiken zu vermeiden und ein sicheres Arbeitsumfeld zu schaffen.<\/p><p>Wir konzentrieren uns auf die Umsetzung von Prozessen zur Verbesserung von Gesundheit und Sicherheit, darunter:<\/p><ul><li>Bereitstellung von Ressourcen, Informationen, Anweisungen, Schulungen und \u00dcberwachung, um ein sicheres Arbeitsumfeld zu schaffen<\/li><li>Entwicklung und Aktualisierung von Notfallpl\u00e4nen f\u00fcr alle unsere Rechenzentren und Sicherstellung, dass die Ausr\u00fcstung und Brandschutzzertifizierungen gem\u00e4\u00df den lokalen Anforderungen \u00fcberpr\u00fcft werden<\/li><li>Risikobewertung und Risikomanagementpl\u00e4ne<\/li><li>Entsorgung von ungenutzten Maschinen<\/li><li>Elektrostatik- und Strom\u00fcberwachungsprogramm<\/li><li>Integration umfassender Brandschutzkontrollen<\/li><li>Beschr\u00e4nkung des physischen Zugangs zu Gefahrenbereichen<\/li><li>Strenge Kontrolle von Subunternehmern, um sicherzustellen, dass alle Aktivit\u00e4ten mit dem Standortmanagement koordiniert werden<\/li><li>Ausstattung unserer Mitarbeiter mit geeigneter Ausr\u00fcstung, um einen besseren Schutz zu erreichen und Arbeitsunf\u00e4lle zu vermeiden<\/li><li>Bereitstellung geeigneter Schulungen f\u00fcr unsere Mitarbeiter, um den sicheren Betrieb der Rechenzentren zu gew\u00e4hrleisten<\/li><li>Ergonomische Verbesserungen<\/li><li>Betriebliche Verfahren zur Minimierung des Risikos der Verbreitung von Infektionen am Arbeitsplatz<\/li><\/ul><p>Alle Mitarbeiter, Auftragnehmer und Besucher sind f\u00fcr die Einhaltung der Gesundheits- und Sicherheitsvorschriften und -praktiken sowie f\u00fcr die Meldung von Unf\u00e4llen, Verletzungen und unsicheren Ger\u00e4ten, Praktiken oder Bedingungen verantwortlich. Gewalt und bedrohliches Verhalten sind nicht erlaubt. Alle Vorf\u00e4lle oder Meldungen k\u00f6nnen an <a href=\"mailto:compliance@nlighten.com\">compliance@nlighten.com<\/a> gesendet werden.<\/p><p>Mitarbeiter sollten in einem Zustand zur Arbeit erscheinen, in dem sie in der Lage sind, ihre Aufgaben zu erf\u00fcllen und nicht unter dem Einfluss von Drogen oder Alkohol stehen. Drogenkonsum am Arbeitsplatz wird nicht toleriert, da das Unternehmen verpflichtet ist, die geltenden nationalen Gesetze und Vorschriften zu Gesundheit und Sicherheit einzuhalten. Gleichzeitig erkennen wir an, dass Mitarbeiter, die unter Drogen- oder Alkoholabh\u00e4ngigkeit leiden, behandelt werden k\u00f6nnen, und ermutigen unsere Mitarbeiter, professionelle Behandlung und Beratung in Anspruch zu nehmen. F\u00fcr Fragen zur anf\u00e4nglichen Unterst\u00fctzung kann der Compliance-Beauftragte unter <a href=\"mailto:compliance@nlighten.com\">compliance@nlighten.com<\/a> kontaktiert werden.<\/p><p>Diese Richtlinie gilt gegebenenfalls auch f\u00fcr Dritte, einschlie\u00dflich Vertreter, H\u00e4ndler oder Lieferanten, Auftragnehmer und Subunternehmer, die Zugang zu unseren B\u00fcros oder Rechenzentren haben. Bitte richten Sie alle Fragen zu dieser Richtlinie an <a href=\"mailto:compliance@nlighten.com\">compliance@nlighten.com<\/a>.<\/p>\t\t\t\t\t\t\t\t<\/div>\n\t\t\t\t<\/div>\n\t\t\t\t<\/div>\n\t\t\t\t\t<\/div>\n\t\t\t\t<\/div>\n\t\t\t\t<\/div>\n\t\t","protected":false},"excerpt":{"rendered":"<p>Richtlinien Gesundheits- und Sicherheitsrichtlinie Unser Engagement f\u00fcr Gesundheit, Sicherheit und Wohlbefinden Bei nLighten setzen wir uns daf\u00fcr ein, die Gesundheit, Sicherheit und das Wohlbefinden aller Personen, die an unseren T\u00e4tigkeiten &#8230; <a title=\"nLighten Health and Safety Policy\" class=\"read-more\" href=\"https:\/\/www.nlighten.com\/de\/richtlinien\/health-and-safety-policy\/\" aria-label=\"Mehr Informationen \u00fcber nLighten Health and Safety Policy\">Weiterlesen<\/a><\/p>\n","protected":false},"author":1,"featured_media":0,"parent":0,"menu_order":0,"comment_status":"closed","ping_status":"closed","template":"","meta":{"_acf_changed":false,"footnotes":""},"class_list":["post-4095","page","type-page","status-publish"],"acf":[],"yoast_head":"<!-- This site is optimized with the Yoast SEO plugin v27.4 - https:\/\/yoast.com\/product\/yoast-seo-wordpress\/ -->\n<title>Unser Gesundheitsschutz und Arbeitsschutz | nLighten<\/title>\n<meta name=\"description\" content=\"Hier finden Sie alles \u00fcber die Richtlinien f\u00fcr den Gesundheits- und Arbeitsschutz unseres Unternehmens. Sollten Sie Fragen haben, lassen Sie es uns bitte wissen\" \/>\n<meta name=\"robots\" content=\"index, follow, max-snippet:-1, max-image-preview:large, max-video-preview:-1\" \/>\n<link rel=\"canonical\" href=\"https:\/\/www.nlighten.com\/de\/richtlinien\/health-and-safety-policy\/\" \/>\n<meta property=\"og:locale\" content=\"de_DE\" \/>\n<meta property=\"og:type\" content=\"article\" \/>\n<meta property=\"og:title\" content=\"Unser Gesundheitsschutz und Arbeitsschutz | nLighten\" \/>\n<meta property=\"og:description\" content=\"Hier finden Sie alles \u00fcber die Richtlinien f\u00fcr den Gesundheits- und Arbeitsschutz unseres Unternehmens. Sollten Sie Fragen haben, lassen Sie es uns bitte wissen\" \/>\n<meta property=\"og:url\" content=\"https:\/\/www.nlighten.com\/de\/richtlinien\/health-and-safety-policy\/\" \/>\n<meta property=\"og:site_name\" content=\"nLighten\" \/>\n<meta property=\"article:modified_time\" content=\"2025-10-08T08:22:34+00:00\" \/>\n<meta name=\"twitter:card\" content=\"summary_large_image\" \/>\n<meta name=\"twitter:label1\" content=\"Gesch\u00e4tzte Lesezeit\" \/>\n\t<meta name=\"twitter:data1\" content=\"3\u00a0Minuten\" \/>\n<script type=\"application\/ld+json\" class=\"yoast-schema-graph\">{\"@context\":\"https:\\\/\\\/schema.org\",\"@graph\":[{\"@type\":\"WebPage\",\"@id\":\"https:\\\/\\\/www.nlighten.com\\\/de\\\/richtlinien\\\/health-and-safety-policy\\\/\",\"url\":\"https:\\\/\\\/www.nlighten.com\\\/de\\\/richtlinien\\\/health-and-safety-policy\\\/\",\"name\":\"Unser Gesundheitsschutz und Arbeitsschutz | nLighten\",\"isPartOf\":{\"@id\":\"https:\\\/\\\/www.nlighten.com\\\/de\\\/#website\"},\"datePublished\":\"2024-04-26T13:09:42+00:00\",\"dateModified\":\"2025-10-08T08:22:34+00:00\",\"description\":\"Hier finden Sie alles \u00fcber die Richtlinien f\u00fcr den Gesundheits- und Arbeitsschutz unseres Unternehmens. Sollten Sie Fragen haben, lassen Sie es uns bitte wissen\",\"breadcrumb\":{\"@id\":\"https:\\\/\\\/www.nlighten.com\\\/de\\\/richtlinien\\\/health-and-safety-policy\\\/#breadcrumb\"},\"inLanguage\":\"de\",\"potentialAction\":[{\"@type\":\"ReadAction\",\"target\":[\"https:\\\/\\\/www.nlighten.com\\\/de\\\/richtlinien\\\/health-and-safety-policy\\\/\"]}]},{\"@type\":\"BreadcrumbList\",\"@id\":\"https:\\\/\\\/www.nlighten.com\\\/de\\\/richtlinien\\\/health-and-safety-policy\\\/#breadcrumb\",\"itemListElement\":[{\"@type\":\"ListItem\",\"position\":1,\"name\":\"Home\",\"item\":\"https:\\\/\\\/www.nlighten.com\\\/de\\\/\"},{\"@type\":\"ListItem\",\"position\":2,\"name\":\"nLighten Health and Safety Policy\"}]},{\"@type\":\"WebSite\",\"@id\":\"https:\\\/\\\/www.nlighten.com\\\/de\\\/#website\",\"url\":\"https:\\\/\\\/www.nlighten.com\\\/de\\\/\",\"name\":\"nLighten\",\"description\":\"\",\"publisher\":{\"@id\":\"https:\\\/\\\/www.nlighten.com\\\/de\\\/#organization\"},\"potentialAction\":[{\"@type\":\"SearchAction\",\"target\":{\"@type\":\"EntryPoint\",\"urlTemplate\":\"https:\\\/\\\/www.nlighten.com\\\/de\\\/?s={search_term_string}\"},\"query-input\":{\"@type\":\"PropertyValueSpecification\",\"valueRequired\":true,\"valueName\":\"search_term_string\"}}],\"inLanguage\":\"de\"},{\"@type\":\"Organization\",\"@id\":\"https:\\\/\\\/www.nlighten.com\\\/de\\\/#organization\",\"name\":\"nLighten\",\"url\":\"https:\\\/\\\/www.nlighten.com\\\/de\\\/\",\"logo\":{\"@type\":\"ImageObject\",\"inLanguage\":\"de\",\"@id\":\"https:\\\/\\\/www.nlighten.com\\\/de\\\/#\\\/schema\\\/logo\\\/image\\\/\",\"url\":\"https:\\\/\\\/www.nlighten.com\\\/wp-content\\\/uploads\\\/2024\\\/05\\\/nlighten_logo_green_bg.png\",\"contentUrl\":\"https:\\\/\\\/www.nlighten.com\\\/wp-content\\\/uploads\\\/2024\\\/05\\\/nlighten_logo_green_bg.png\",\"width\":696,\"height\":696,\"caption\":\"nLighten\"},\"image\":{\"@id\":\"https:\\\/\\\/www.nlighten.com\\\/de\\\/#\\\/schema\\\/logo\\\/image\\\/\"},\"sameAs\":[\"https:\\\/\\\/www.linkedin.com\\\/company\\\/nlighten-datacenters\\\/\"]}]}<\/script>\n<!-- \/ Yoast SEO plugin. -->","yoast_head_json":{"title":"Unser Gesundheitsschutz und Arbeitsschutz | nLighten","description":"Hier finden Sie alles \u00fcber die Richtlinien f\u00fcr den Gesundheits- und Arbeitsschutz unseres Unternehmens. Sollten Sie Fragen haben, lassen Sie es uns bitte wissen","robots":{"index":"index","follow":"follow","max-snippet":"max-snippet:-1","max-image-preview":"max-image-preview:large","max-video-preview":"max-video-preview:-1"},"canonical":"https:\/\/www.nlighten.com\/de\/richtlinien\/health-and-safety-policy\/","og_locale":"de_DE","og_type":"article","og_title":"Unser Gesundheitsschutz und Arbeitsschutz | nLighten","og_description":"Hier finden Sie alles \u00fcber die Richtlinien f\u00fcr den Gesundheits- und Arbeitsschutz unseres Unternehmens. Sollten Sie Fragen haben, lassen Sie es uns bitte wissen","og_url":"https:\/\/www.nlighten.com\/de\/richtlinien\/health-and-safety-policy\/","og_site_name":"nLighten","article_modified_time":"2025-10-08T08:22:34+00:00","twitter_card":"summary_large_image","twitter_misc":{"Gesch\u00e4tzte Lesezeit":"3\u00a0Minuten"},"schema":{"@context":"https:\/\/schema.org","@graph":[{"@type":"WebPage","@id":"https:\/\/www.nlighten.com\/de\/richtlinien\/health-and-safety-policy\/","url":"https:\/\/www.nlighten.com\/de\/richtlinien\/health-and-safety-policy\/","name":"Unser Gesundheitsschutz und Arbeitsschutz | nLighten","isPartOf":{"@id":"https:\/\/www.nlighten.com\/de\/#website"},"datePublished":"2024-04-26T13:09:42+00:00","dateModified":"2025-10-08T08:22:34+00:00","description":"Hier finden Sie alles \u00fcber die Richtlinien f\u00fcr den Gesundheits- und Arbeitsschutz unseres Unternehmens. Sollten Sie Fragen haben, lassen Sie es uns bitte wissen","breadcrumb":{"@id":"https:\/\/www.nlighten.com\/de\/richtlinien\/health-and-safety-policy\/#breadcrumb"},"inLanguage":"de","potentialAction":[{"@type":"ReadAction","target":["https:\/\/www.nlighten.com\/de\/richtlinien\/health-and-safety-policy\/"]}]},{"@type":"BreadcrumbList","@id":"https:\/\/www.nlighten.com\/de\/richtlinien\/health-and-safety-policy\/#breadcrumb","itemListElement":[{"@type":"ListItem","position":1,"name":"Home","item":"https:\/\/www.nlighten.com\/de\/"},{"@type":"ListItem","position":2,"name":"nLighten Health and Safety Policy"}]},{"@type":"WebSite","@id":"https:\/\/www.nlighten.com\/de\/#website","url":"https:\/\/www.nlighten.com\/de\/","name":"nLighten","description":"","publisher":{"@id":"https:\/\/www.nlighten.com\/de\/#organization"},"potentialAction":[{"@type":"SearchAction","target":{"@type":"EntryPoint","urlTemplate":"https:\/\/www.nlighten.com\/de\/?s={search_term_string}"},"query-input":{"@type":"PropertyValueSpecification","valueRequired":true,"valueName":"search_term_string"}}],"inLanguage":"de"},{"@type":"Organization","@id":"https:\/\/www.nlighten.com\/de\/#organization","name":"nLighten","url":"https:\/\/www.nlighten.com\/de\/","logo":{"@type":"ImageObject","inLanguage":"de","@id":"https:\/\/www.nlighten.com\/de\/#\/schema\/logo\/image\/","url":"https:\/\/www.nlighten.com\/wp-content\/uploads\/2024\/05\/nlighten_logo_green_bg.png","contentUrl":"https:\/\/www.nlighten.com\/wp-content\/uploads\/2024\/05\/nlighten_logo_green_bg.png","width":696,"height":696,"caption":"nLighten"},"image":{"@id":"https:\/\/www.nlighten.com\/de\/#\/schema\/logo\/image\/"},"sameAs":["https:\/\/www.linkedin.com\/company\/nlighten-datacenters\/"]}]}},"publishpress_future_workflow_manual_trigger":{"enabledWorkflows":[]},"_links":{"self":[{"href":"https:\/\/www.nlighten.com\/de\/wp-json\/wp\/v2\/pages\/4095","targetHints":{"allow":["GET"]}}],"collection":[{"href":"https:\/\/www.nlighten.com\/de\/wp-json\/wp\/v2\/pages"}],"about":[{"href":"https:\/\/www.nlighten.com\/de\/wp-json\/wp\/v2\/types\/page"}],"author":[{"embeddable":true,"href":"https:\/\/www.nlighten.com\/de\/wp-json\/wp\/v2\/users\/1"}],"replies":[{"embeddable":true,"href":"https:\/\/www.nlighten.com\/de\/wp-json\/wp\/v2\/comments?post=4095"}],"version-history":[{"count":0,"href":"https:\/\/www.nlighten.com\/de\/wp-json\/wp\/v2\/pages\/4095\/revisions"}],"wp:attachment":[{"href":"https:\/\/www.nlighten.com\/de\/wp-json\/wp\/v2\/media?parent=4095"}],"curies":[{"name":"wp","href":"https:\/\/api.w.org\/{rel}","templated":true}]}}