{"id":4011,"date":"2024-04-26T13:07:39","date_gmt":"2024-04-26T13:07:39","guid":{"rendered":"https:\/\/www.nlighten.com\/erklaerung-zur-oekologischen-nachhaltigkeit\/"},"modified":"2025-10-08T08:40:01","modified_gmt":"2025-10-08T08:40:01","slug":"environmental-sustainability-statement","status":"publish","type":"page","link":"https:\/\/www.nlighten.com\/de\/all-policies\/environmental-sustainability-statement\/","title":{"rendered":"Environmental Sustainability Statement"},"content":{"rendered":"\t\t<div data-elementor-type=\"wp-page\" data-elementor-id=\"4011\" class=\"elementor elementor-4011 elementor-3083\" data-elementor-post-type=\"page\">\n\t\t\t\t<div class=\"elementor-element elementor-element-b97a771 e-flex e-con-boxed e-con e-parent\" data-id=\"b97a771\" data-element_type=\"container\" data-e-type=\"container\">\n\t\t\t\t\t<div class=\"e-con-inner\">\n\t\t\t\t<div class=\"elementor-element elementor-element-2fd3c62 elementor-widget__width-initial elementor-widget-tablet__width-inherit elementor-widget elementor-widget-heading\" data-id=\"2fd3c62\" data-element_type=\"widget\" data-e-type=\"widget\" data-widget_type=\"heading.default\">\n\t\t\t\t<div class=\"elementor-widget-container\">\n\t\t\t\t\t<h3 class=\"elementor-heading-title elementor-size-default\">Richtlinien<\/h3>\t\t\t\t<\/div>\n\t\t\t\t<\/div>\n\t\t\t\t<div class=\"elementor-element elementor-element-cda50b0 elementor-widget__width-inherit elementor-widget-tablet__width-inherit elementor-widget elementor-widget-heading\" data-id=\"cda50b0\" data-element_type=\"widget\" data-e-type=\"widget\" data-widget_type=\"heading.default\">\n\t\t\t\t<div class=\"elementor-widget-container\">\n\t\t\t\t\t<h1 class=\"elementor-heading-title elementor-size-default\">Politik der \u00f6kologischen Nachhaltigkeit<\/h1>\t\t\t\t<\/div>\n\t\t\t\t<\/div>\n\t\t\t\t<div class=\"elementor-element elementor-element-3ae8b39 elementor-widget__width-inherit elementor-widget-tablet__width-inherit elementor-widget elementor-widget-heading\" data-id=\"3ae8b39\" data-element_type=\"widget\" data-e-type=\"widget\" data-widget_type=\"heading.default\">\n\t\t\t\t<div class=\"elementor-widget-container\">\n\t\t\t\t\t<h2 class=\"elementor-heading-title elementor-size-default\">Unser Engagement f\u00fcr \u00f6kologische Nachhaltigkeit<\/h2>\t\t\t\t<\/div>\n\t\t\t\t<\/div>\n\t\t\t\t<div class=\"elementor-element elementor-element-3633d5b elementor-widget elementor-widget-text-editor\" data-id=\"3633d5b\" data-element_type=\"widget\" data-e-type=\"widget\" data-widget_type=\"text-editor.default\">\n\t\t\t\t<div class=\"elementor-widget-container\">\n\t\t\t\t\t\t\t\t\t<p>Wir bei nLighten sind uns unserer Verantwortung bewusst, auf eine Art und Weise zu arbeiten, die die \u00f6kologische Nachhaltigkeit aktiv unterst\u00fctzt. Unsere Politik der \u00f6kologischen Nachhaltigkeit beschreibt die Grunds\u00e4tze, Strategien und Ma\u00dfnahmen, die wir ergreifen, um unsere Auswirkungen auf die Umwelt zu minimieren, w\u00e4hrend wir weiterhin qualitativ hochwertige Dienstleistungen anbieten.<\/p><p>Die vollst\u00e4ndige Richtlinie k\u00f6nnen Sie in dem unten eingebetteten Dokument einsehen. Sie spiegelt unser kontinuierliches Engagement und unsere Ma\u00dfnahmen in Bereichen wie Energieeffizienz, Nutzung erneuerbarer Energien, Abfallvermeidung und Einbindung unserer Interessengruppen wider.<\/p><p><em>Bitte beachten Sie: Das Dokument ist in englischer Sprache verfasst.<\/em><\/p>\t\t\t\t\t\t\t\t<\/div>\n\t\t\t\t<\/div>\n\t\t\t\t<div class=\"elementor-element elementor-element-703fdac elementor-widget elementor-widget-button\" data-id=\"703fdac\" data-element_type=\"widget\" data-e-type=\"widget\" data-widget_type=\"button.default\">\n\t\t\t\t<div class=\"elementor-widget-container\">\n\t\t\t\t\t\t\t\t\t<div class=\"elementor-button-wrapper\">\n\t\t\t\t\t<a class=\"elementor-button elementor-button-link elementor-size-sm\" href=\"https:\/\/www.nlighten.com\/wp-content\/uploads\/2025\/05\/POL-GLOBAL-Environmental-Sustainability.pdf\" target=\"_blank\">\n\t\t\t\t\t\t<span class=\"elementor-button-content-wrapper\">\n\t\t\t\t\t\t\t\t\t<span class=\"elementor-button-text\">Sehen Sie sich die Umwelt- und Nachhaltigkeitsrichtlinie von nLighten an &gt;<\/span>\n\t\t\t\t\t<\/span>\n\t\t\t\t\t<\/a>\n\t\t\t\t<\/div>\n\t\t\t\t\t\t\t\t<\/div>\n\t\t\t\t<\/div>\n\t\t\t\t\t<\/div>\n\t\t\t\t<\/div>\n\t\t<div class=\"elementor-element elementor-element-d5da8f0 elementor-hidden-desktop elementor-hidden-tablet elementor-hidden-mobile e-flex e-con-boxed e-con e-parent\" data-id=\"d5da8f0\" data-element_type=\"container\" data-e-type=\"container\">\n\t\t\t\t\t<div class=\"e-con-inner\">\n\t\t<div class=\"elementor-element elementor-element-cfa274a e-con-full e-flex e-con e-child\" data-id=\"cfa274a\" data-element_type=\"container\" data-e-type=\"container\">\n\t\t\t\t<div class=\"elementor-element elementor-element-18d48e0 elementor-widget elementor-widget-heading\" data-id=\"18d48e0\" data-element_type=\"widget\" data-e-type=\"widget\" data-widget_type=\"heading.default\">\n\t\t\t\t<div class=\"elementor-widget-container\">\n\t\t\t\t\t<h2 class=\"elementor-heading-title elementor-size-default\">\u00dcbersicht \u00fcber die Richtlinie <\/h2>\t\t\t\t<\/div>\n\t\t\t\t<\/div>\n\t\t\t\t<div class=\"elementor-element elementor-element-32cd2fc elementor-widget elementor-widget-text-editor\" data-id=\"32cd2fc\" data-element_type=\"widget\" data-e-type=\"widget\" data-widget_type=\"text-editor.default\">\n\t\t\t\t<div class=\"elementor-widget-container\">\n\t\t\t\t\t\t\t\t\t<p>Diese Erkl\u00e4rung zur \u00f6kologischen Nachhaltigkeit gilt f\u00fcr nLighten HQ B.V. und seine verbundenen Unternehmen (nachfolgend das \u201e<strong>Unternehmen<\/strong>\u201c oder \u201e<strong>nLighten<\/strong>\u201c).<\/p><p>Die Rechenzentrumsindustrie tr\u00e4gt weiterhin zur digitalen Transformation unserer Gesellschaft bei. Dieses Wachstum erfordert immer gr\u00f6\u00dfere Mengen an Energie und nat\u00fcrlichen Ressourcen, weshalb Nachhaltigkeit in diesem Sektor eine zentrale Rolle spielt.<\/p><p>nLighten ist ein europ\u00e4ischer Anbieter von Rechenzentrumsl\u00f6sungen. Unsere Rechenzentren sind ein wesentlicher Bestandteil der Infrastruktur, die den digitalen Marktplatz sowie die Speicherung und Verteilung von Daten erm\u00f6glicht. Wir sind uns bewusst, dass unser \u00f6kologischer Fu\u00dfabdruck, einschlie\u00dflich der Auswirkungen des Klimawandels, mit dem Betrieb und der Ausweitung unseres Gesch\u00e4fts w\u00e4chst und daher eine nachhaltigere und verantwortungsvollere Art der Leistungserbringung erforderlich ist. Um dies zu erreichen, haben wir uns folgende Ziele gesetzt:<\/p><ul><li>Wir bieten L\u00f6sungen f\u00fcr Rechenzentren mit optimierter Energieproduktivit\u00e4t und Ressourceneffizienz an. Unser ultimatives Ziel ist es, klimaneutrale Rechenzentren zu betreiben.<\/li><li>Wir kommunizieren unsere Leistungen regelm\u00e4\u00dfig und transparent an unsere Stakeholder.<\/li><\/ul><p>Unser Ziel bei nLighten ist die Entwicklung langfristiger L\u00f6sungen. Umwelt-, Sozial- und Governance-Praktiken (ESG) sind wichtige Aspekte, wenn es darum geht, wie nLighten sein Gesch\u00e4ft ausbaut, seine Mitarbeiter einbezieht, seine Kunden unterst\u00fctzt und seine Auswirkungen auf die Umwelt minimiert.<\/p>\t\t\t\t\t\t\t\t<\/div>\n\t\t\t\t<\/div>\n\t\t\t\t<div class=\"elementor-element elementor-element-4311a4d elementor-widget elementor-widget-heading\" data-id=\"4311a4d\" data-element_type=\"widget\" data-e-type=\"widget\" data-widget_type=\"heading.default\">\n\t\t\t\t<div class=\"elementor-widget-container\">\n\t\t\t\t\t<h2 class=\"elementor-heading-title elementor-size-default\">Ziele f\u00fcr \u00f6kologische Nachhaltigkeit <\/h2>\t\t\t\t<\/div>\n\t\t\t\t<\/div>\n\t\t\t\t<div class=\"elementor-element elementor-element-55b9504 elementor-widget elementor-widget-text-editor\" data-id=\"55b9504\" data-element_type=\"widget\" data-e-type=\"widget\" data-widget_type=\"text-editor.default\">\n\t\t\t\t<div class=\"elementor-widget-container\">\n\t\t\t\t\t\t\t\t\t<p>Im Rahmen der Bem\u00fchungen von nLighten, nachhaltigere L\u00f6sungen f\u00fcr Rechenzentren zu entwickeln und anzubieten, konzentrieren wir uns auf die folgenden Ma\u00dfnahmen:<\/p><ul><li>Nutzung erneuerbarer Energien f\u00fcr unsere Rechenzentren in gr\u00f6\u00dftm\u00f6glichem Umfang, mit der langfristigen Vision, ausschlie\u00dflich erneuerbare Energien zu nutzen. Weiterentwicklung des Designs unserer Rechenzentren mit dem Ziel, 100\u00a0% erneuerbare Energie als Prim\u00e4r- und Backup-L\u00f6sung einzusetzen und den Energieverbrauch insgesamt zu senken.<\/li><\/ul><p>Entwicklung von Lebenszyklus-Managementprozessen f\u00fcr die Materialien unserer Rechenzentren und Bem\u00fchen um Wiederverwendung und Recycling, wo immer dies m\u00f6glich ist. Bef\u00e4higung und Ermutigung unserer Mitarbeiter, Kunden und Lieferanten zur Verbesserung der Ressourceneffizienz im Energie- und Wassermanagement sowie zur Verringerung ihrer Abfall- und CO2-Bilanz.Messung und Meldung der wichtigsten Kennzahlen in Bezug auf die Fortschritte bei der Verwirklichung unserer Ziele in Bezug auf die \u00f6kologische Nachhaltigkeit unserer Rechenzentren, mit dem Ziel, unsere Stakeholder regelm\u00e4\u00dfig \u00fcber die Fortschritte zu informieren.Wir halten es f\u00fcr unerl\u00e4sslich, den Energieverbrauch unserer Rechenzentren unter strenger Kontrolle zu halten, und streben danach, die h\u00f6chsten Energieeffizienzstandards zu erreichen. Um dieses Ziel zu erreichen, beobachten wir kontinuierlich den Markt, um die Entwicklung des Energiebedarfs von Rechenzentren besser analysieren zu k\u00f6nnen. Wo n\u00f6tig, werden wir kontinuierlich mit unseren Kunden und Lieferanten zusammenarbeiten, um die Energieeffizienz unserer Rechenzentren zu optimieren. Diese Bem\u00fchungen umfassen Investitionen in:<\/p><ul><li>die Energieinfrastruktur, um sicherzustellen, dass die effizientesten und leistungsf\u00e4higsten Ger\u00e4te zur Verf\u00fcgung stehen, einschlie\u00dflich der K\u00fchlsysteme und Hardware f\u00fcr Energie- und Temperatur\u00fcberwachung;<\/li><li>Produkte, die so konzipiert sind, dass ihre Hauptkomponenten repariert und\/oder nachger\u00fcstet werden k\u00f6nnen;<\/li><li>Messkreise zur \u00dcberwachung des Energieverbrauchs.<\/li><\/ul>\t\t\t\t\t\t\t\t<\/div>\n\t\t\t\t<\/div>\n\t\t\t\t<\/div>\n\t\t\t\t\t<\/div>\n\t\t\t\t<\/div>\n\t\t\t\t<\/div>\n\t\t","protected":false},"excerpt":{"rendered":"<p>Richtlinien Politik der \u00f6kologischen Nachhaltigkeit Unser Engagement f\u00fcr \u00f6kologische Nachhaltigkeit Wir bei nLighten sind uns unserer Verantwortung bewusst, auf eine Art und Weise zu arbeiten, die die \u00f6kologische Nachhaltigkeit aktiv &#8230; <a title=\"Environmental Sustainability Statement\" class=\"read-more\" href=\"https:\/\/www.nlighten.com\/de\/all-policies\/environmental-sustainability-statement\/\" aria-label=\"Mehr Informationen \u00fcber Environmental Sustainability Statement\">Weiterlesen<\/a><\/p>\n","protected":false},"author":1,"featured_media":0,"parent":0,"menu_order":0,"comment_status":"closed","ping_status":"closed","template":"","meta":{"_acf_changed":false,"footnotes":""},"class_list":["post-4011","page","type-page","status-publish"],"acf":[],"yoast_head":"<!-- This site is optimized with the Yoast SEO plugin v27.4 - https:\/\/yoast.com\/product\/yoast-seo-wordpress\/ -->\n<title>Unsere Erkl\u00e4rung zur \u00f6kologischen Nachhaltigkeit | nLighten<\/title>\n<meta name=\"description\" content=\"Lesen Sie hier alles, was Sie \u00fcber unsere Erkl\u00e4rung zur \u00f6kologischen Nachhaltigkeit wissen m\u00fcssen, einschlie\u00dflich der nachhaltigen Ziele unseres Unternehmens\" \/>\n<meta name=\"robots\" content=\"index, follow, max-snippet:-1, max-image-preview:large, max-video-preview:-1\" \/>\n<link rel=\"canonical\" href=\"https:\/\/www.nlighten.com\/de\/all-policies\/environmental-sustainability-statement\/\" \/>\n<meta property=\"og:locale\" content=\"de_DE\" \/>\n<meta property=\"og:type\" content=\"article\" \/>\n<meta property=\"og:title\" content=\"Unsere Erkl\u00e4rung zur \u00f6kologischen Nachhaltigkeit | nLighten\" \/>\n<meta property=\"og:description\" content=\"Lesen Sie hier alles, was Sie \u00fcber unsere Erkl\u00e4rung zur \u00f6kologischen Nachhaltigkeit wissen m\u00fcssen, einschlie\u00dflich der nachhaltigen Ziele unseres Unternehmens\" \/>\n<meta property=\"og:url\" content=\"https:\/\/www.nlighten.com\/de\/all-policies\/environmental-sustainability-statement\/\" \/>\n<meta property=\"og:site_name\" content=\"nLighten\" \/>\n<meta property=\"article:modified_time\" content=\"2025-10-08T08:40:01+00:00\" \/>\n<meta name=\"twitter:card\" content=\"summary_large_image\" \/>\n<meta name=\"twitter:label1\" content=\"Gesch\u00e4tzte Lesezeit\" \/>\n\t<meta name=\"twitter:data1\" content=\"3\u00a0Minuten\" \/>\n<script type=\"application\/ld+json\" class=\"yoast-schema-graph\">{\"@context\":\"https:\\\/\\\/schema.org\",\"@graph\":[{\"@type\":\"WebPage\",\"@id\":\"https:\\\/\\\/www.nlighten.com\\\/de\\\/all-policies\\\/environmental-sustainability-statement\\\/\",\"url\":\"https:\\\/\\\/www.nlighten.com\\\/de\\\/all-policies\\\/environmental-sustainability-statement\\\/\",\"name\":\"Unsere Erkl\u00e4rung zur \u00f6kologischen Nachhaltigkeit | nLighten\",\"isPartOf\":{\"@id\":\"https:\\\/\\\/www.nlighten.com\\\/de\\\/#website\"},\"datePublished\":\"2024-04-26T13:07:39+00:00\",\"dateModified\":\"2025-10-08T08:40:01+00:00\",\"description\":\"Lesen Sie hier alles, was Sie \u00fcber unsere Erkl\u00e4rung zur \u00f6kologischen Nachhaltigkeit wissen m\u00fcssen, einschlie\u00dflich der nachhaltigen Ziele unseres Unternehmens\",\"breadcrumb\":{\"@id\":\"https:\\\/\\\/www.nlighten.com\\\/de\\\/all-policies\\\/environmental-sustainability-statement\\\/#breadcrumb\"},\"inLanguage\":\"de\",\"potentialAction\":[{\"@type\":\"ReadAction\",\"target\":[\"https:\\\/\\\/www.nlighten.com\\\/de\\\/all-policies\\\/environmental-sustainability-statement\\\/\"]}]},{\"@type\":\"BreadcrumbList\",\"@id\":\"https:\\\/\\\/www.nlighten.com\\\/de\\\/all-policies\\\/environmental-sustainability-statement\\\/#breadcrumb\",\"itemListElement\":[{\"@type\":\"ListItem\",\"position\":1,\"name\":\"Home\",\"item\":\"https:\\\/\\\/www.nlighten.com\\\/de\\\/\"},{\"@type\":\"ListItem\",\"position\":2,\"name\":\"Environmental Sustainability Statement\"}]},{\"@type\":\"WebSite\",\"@id\":\"https:\\\/\\\/www.nlighten.com\\\/de\\\/#website\",\"url\":\"https:\\\/\\\/www.nlighten.com\\\/de\\\/\",\"name\":\"nLighten\",\"description\":\"\",\"publisher\":{\"@id\":\"https:\\\/\\\/www.nlighten.com\\\/de\\\/#organization\"},\"potentialAction\":[{\"@type\":\"SearchAction\",\"target\":{\"@type\":\"EntryPoint\",\"urlTemplate\":\"https:\\\/\\\/www.nlighten.com\\\/de\\\/?s={search_term_string}\"},\"query-input\":{\"@type\":\"PropertyValueSpecification\",\"valueRequired\":true,\"valueName\":\"search_term_string\"}}],\"inLanguage\":\"de\"},{\"@type\":\"Organization\",\"@id\":\"https:\\\/\\\/www.nlighten.com\\\/de\\\/#organization\",\"name\":\"nLighten\",\"url\":\"https:\\\/\\\/www.nlighten.com\\\/de\\\/\",\"logo\":{\"@type\":\"ImageObject\",\"inLanguage\":\"de\",\"@id\":\"https:\\\/\\\/www.nlighten.com\\\/de\\\/#\\\/schema\\\/logo\\\/image\\\/\",\"url\":\"https:\\\/\\\/www.nlighten.com\\\/wp-content\\\/uploads\\\/2024\\\/05\\\/nlighten_logo_green_bg.png\",\"contentUrl\":\"https:\\\/\\\/www.nlighten.com\\\/wp-content\\\/uploads\\\/2024\\\/05\\\/nlighten_logo_green_bg.png\",\"width\":696,\"height\":696,\"caption\":\"nLighten\"},\"image\":{\"@id\":\"https:\\\/\\\/www.nlighten.com\\\/de\\\/#\\\/schema\\\/logo\\\/image\\\/\"},\"sameAs\":[\"https:\\\/\\\/www.linkedin.com\\\/company\\\/nlighten-datacenters\\\/\"]}]}<\/script>\n<!-- \/ Yoast SEO plugin. -->","yoast_head_json":{"title":"Unsere Erkl\u00e4rung zur \u00f6kologischen Nachhaltigkeit | nLighten","description":"Lesen Sie hier alles, was Sie \u00fcber unsere Erkl\u00e4rung zur \u00f6kologischen Nachhaltigkeit wissen m\u00fcssen, einschlie\u00dflich der nachhaltigen Ziele unseres Unternehmens","robots":{"index":"index","follow":"follow","max-snippet":"max-snippet:-1","max-image-preview":"max-image-preview:large","max-video-preview":"max-video-preview:-1"},"canonical":"https:\/\/www.nlighten.com\/de\/all-policies\/environmental-sustainability-statement\/","og_locale":"de_DE","og_type":"article","og_title":"Unsere Erkl\u00e4rung zur \u00f6kologischen Nachhaltigkeit | nLighten","og_description":"Lesen Sie hier alles, was Sie \u00fcber unsere Erkl\u00e4rung zur \u00f6kologischen Nachhaltigkeit wissen m\u00fcssen, einschlie\u00dflich der nachhaltigen Ziele unseres Unternehmens","og_url":"https:\/\/www.nlighten.com\/de\/all-policies\/environmental-sustainability-statement\/","og_site_name":"nLighten","article_modified_time":"2025-10-08T08:40:01+00:00","twitter_card":"summary_large_image","twitter_misc":{"Gesch\u00e4tzte Lesezeit":"3\u00a0Minuten"},"schema":{"@context":"https:\/\/schema.org","@graph":[{"@type":"WebPage","@id":"https:\/\/www.nlighten.com\/de\/all-policies\/environmental-sustainability-statement\/","url":"https:\/\/www.nlighten.com\/de\/all-policies\/environmental-sustainability-statement\/","name":"Unsere Erkl\u00e4rung zur \u00f6kologischen Nachhaltigkeit | nLighten","isPartOf":{"@id":"https:\/\/www.nlighten.com\/de\/#website"},"datePublished":"2024-04-26T13:07:39+00:00","dateModified":"2025-10-08T08:40:01+00:00","description":"Lesen Sie hier alles, was Sie \u00fcber unsere Erkl\u00e4rung zur \u00f6kologischen Nachhaltigkeit wissen m\u00fcssen, einschlie\u00dflich der nachhaltigen Ziele unseres Unternehmens","breadcrumb":{"@id":"https:\/\/www.nlighten.com\/de\/all-policies\/environmental-sustainability-statement\/#breadcrumb"},"inLanguage":"de","potentialAction":[{"@type":"ReadAction","target":["https:\/\/www.nlighten.com\/de\/all-policies\/environmental-sustainability-statement\/"]}]},{"@type":"BreadcrumbList","@id":"https:\/\/www.nlighten.com\/de\/all-policies\/environmental-sustainability-statement\/#breadcrumb","itemListElement":[{"@type":"ListItem","position":1,"name":"Home","item":"https:\/\/www.nlighten.com\/de\/"},{"@type":"ListItem","position":2,"name":"Environmental Sustainability Statement"}]},{"@type":"WebSite","@id":"https:\/\/www.nlighten.com\/de\/#website","url":"https:\/\/www.nlighten.com\/de\/","name":"nLighten","description":"","publisher":{"@id":"https:\/\/www.nlighten.com\/de\/#organization"},"potentialAction":[{"@type":"SearchAction","target":{"@type":"EntryPoint","urlTemplate":"https:\/\/www.nlighten.com\/de\/?s={search_term_string}"},"query-input":{"@type":"PropertyValueSpecification","valueRequired":true,"valueName":"search_term_string"}}],"inLanguage":"de"},{"@type":"Organization","@id":"https:\/\/www.nlighten.com\/de\/#organization","name":"nLighten","url":"https:\/\/www.nlighten.com\/de\/","logo":{"@type":"ImageObject","inLanguage":"de","@id":"https:\/\/www.nlighten.com\/de\/#\/schema\/logo\/image\/","url":"https:\/\/www.nlighten.com\/wp-content\/uploads\/2024\/05\/nlighten_logo_green_bg.png","contentUrl":"https:\/\/www.nlighten.com\/wp-content\/uploads\/2024\/05\/nlighten_logo_green_bg.png","width":696,"height":696,"caption":"nLighten"},"image":{"@id":"https:\/\/www.nlighten.com\/de\/#\/schema\/logo\/image\/"},"sameAs":["https:\/\/www.linkedin.com\/company\/nlighten-datacenters\/"]}]}},"publishpress_future_workflow_manual_trigger":{"enabledWorkflows":[]},"_links":{"self":[{"href":"https:\/\/www.nlighten.com\/de\/wp-json\/wp\/v2\/pages\/4011","targetHints":{"allow":["GET"]}}],"collection":[{"href":"https:\/\/www.nlighten.com\/de\/wp-json\/wp\/v2\/pages"}],"about":[{"href":"https:\/\/www.nlighten.com\/de\/wp-json\/wp\/v2\/types\/page"}],"author":[{"embeddable":true,"href":"https:\/\/www.nlighten.com\/de\/wp-json\/wp\/v2\/users\/1"}],"replies":[{"embeddable":true,"href":"https:\/\/www.nlighten.com\/de\/wp-json\/wp\/v2\/comments?post=4011"}],"version-history":[{"count":0,"href":"https:\/\/www.nlighten.com\/de\/wp-json\/wp\/v2\/pages\/4011\/revisions"}],"wp:attachment":[{"href":"https:\/\/www.nlighten.com\/de\/wp-json\/wp\/v2\/media?parent=4011"}],"curies":[{"name":"wp","href":"https:\/\/api.w.org\/{rel}","templated":true}]}}