{"id":3939,"date":"2024-04-19T09:26:57","date_gmt":"2024-04-19T09:26:57","guid":{"rendered":"https:\/\/www.nlighten.com\/close\/"},"modified":"2025-10-08T09:06:46","modified_gmt":"2025-10-08T09:06:46","slug":"close","status":"publish","type":"page","link":"https:\/\/www.nlighten.com\/de\/close\/","title":{"rendered":"Close"},"content":{"rendered":"\t\t<div data-elementor-type=\"wp-page\" data-elementor-id=\"3939\" class=\"elementor elementor-3939 elementor-59\" data-elementor-post-type=\"page\">\n\t\t\t\t<div class=\"elementor-element elementor-element-f0bdc01 e-con-full elementor-hidden-tablet elementor-hidden-mobile e-flex e-con e-parent\" data-id=\"f0bdc01\" data-element_type=\"container\" data-e-type=\"container\" data-settings=\"{&quot;background_background&quot;:&quot;classic&quot;}\">\n\t\t<div class=\"elementor-element elementor-element-d222338 e-flex e-con-boxed e-con e-child\" data-id=\"d222338\" data-element_type=\"container\" data-e-type=\"container\" data-settings=\"{&quot;background_background&quot;:&quot;classic&quot;}\">\n\t\t\t\t\t<div class=\"e-con-inner\">\n\t\t<div class=\"elementor-element elementor-element-26f61e0 e-con-full e-flex e-con e-child\" data-id=\"26f61e0\" data-element_type=\"container\" data-e-type=\"container\">\n\t\t\t\t<div class=\"elementor-element elementor-element-1aee6fd elementor-widget elementor-widget-heading\" data-id=\"1aee6fd\" data-element_type=\"widget\" data-e-type=\"widget\" data-widget_type=\"heading.default\">\n\t\t\t\t<div class=\"elementor-widget-container\">\n\t\t\t\t\t<h1 class=\"elementor-heading-title elementor-size-default\"><span style=\"color:var( --e-global-color-4e82ce6 );font-weight: 300\">nLighten<\/span><br>\nDas Rechenzentrum<br>\n\u201cin meiner N\u00e4he\u201d<\/h1>\t\t\t\t<\/div>\n\t\t\t\t<\/div>\n\t\t\t\t<\/div>\n\t\t<div class=\"elementor-element elementor-element-8639117 e-con-full e-flex e-con e-child\" data-id=\"8639117\" data-element_type=\"container\" data-e-type=\"container\" data-settings=\"{&quot;background_background&quot;:&quot;classic&quot;}\">\n\t\t\t\t<\/div>\n\t\t\t\t\t<\/div>\n\t\t\t\t<\/div>\n\t\t\t\t<\/div>\n\t\t<div class=\"elementor-element elementor-element-b6c9eda background-gradient-section elementor-hidden-desktop e-flex e-con-boxed e-con e-parent\" data-id=\"b6c9eda\" data-element_type=\"container\" data-e-type=\"container\">\n\t\t\t\t\t<div class=\"e-con-inner\">\n\t\t<div class=\"elementor-element elementor-element-b629328 e-con-full e-flex e-con e-child\" data-id=\"b629328\" data-element_type=\"container\" data-e-type=\"container\">\n\t\t\t\t<div class=\"elementor-element elementor-element-a245433 elementor-widget elementor-widget-heading\" data-id=\"a245433\" data-element_type=\"widget\" data-e-type=\"widget\" data-widget_type=\"heading.default\">\n\t\t\t\t<div class=\"elementor-widget-container\">\n\t\t\t\t\t<h1 class=\"elementor-heading-title elementor-size-default\"><span style=\"color:var( --e-global-color-4e82ce6 );font-weight: 300\">nLighten<\/span><br>\nDas Rechenzentrum<br>\n\u201cin meiner N\u00e4he\u201d<\/h1>\t\t\t\t<\/div>\n\t\t\t\t<\/div>\n\t\t\t\t<\/div>\n\t\t<div class=\"elementor-element elementor-element-9f0abbe e-con-full e-flex e-con e-child\" data-id=\"9f0abbe\" data-element_type=\"container\" data-e-type=\"container\">\n\t\t\t\t<div class=\"elementor-element elementor-element-2d152fa elementor-widget elementor-widget-image\" data-id=\"2d152fa\" data-element_type=\"widget\" data-e-type=\"widget\" data-widget_type=\"image.default\">\n\t\t\t\t<div class=\"elementor-widget-container\">\n\t\t\t\t\t\t\t\t\t\t\t\t\t\t\t<img fetchpriority=\"high\" decoding=\"async\" width=\"991\" height=\"657\" src=\"https:\/\/www.nlighten.com\/wp-content\/uploads\/2024\/04\/652d421c3cb8095bc56b0078_close-mobile.webp\" class=\"attachment-full size-full wp-image-3477\" alt=\"\" srcset=\"https:\/\/www.nlighten.com\/wp-content\/uploads\/2024\/04\/652d421c3cb8095bc56b0078_close-mobile.webp 991w, https:\/\/www.nlighten.com\/wp-content\/uploads\/2024\/04\/652d421c3cb8095bc56b0078_close-mobile-300x199.webp 300w, https:\/\/www.nlighten.com\/wp-content\/uploads\/2024\/04\/652d421c3cb8095bc56b0078_close-mobile-768x509.webp 768w\" sizes=\"(max-width: 991px) 100vw, 991px\" \/>\t\t\t\t\t\t\t\t\t\t\t\t\t\t\t<\/div>\n\t\t\t\t<\/div>\n\t\t\t\t<\/div>\n\t\t\t\t\t<\/div>\n\t\t\t\t<\/div>\n\t\t<div class=\"elementor-element elementor-element-03cf02b background-gradient-section e-flex e-con-boxed e-con e-parent\" data-id=\"03cf02b\" data-element_type=\"container\" data-e-type=\"container\" data-settings=\"{&quot;background_background&quot;:&quot;classic&quot;}\">\n\t\t\t\t\t<div class=\"e-con-inner\">\n\t\t\t\t<div class=\"elementor-element elementor-element-6750b6c elementor-absolute elementor-hidden-tablet elementor-hidden-mobile elementor-widget elementor-widget-image\" data-id=\"6750b6c\" data-element_type=\"widget\" data-e-type=\"widget\" data-settings=\"{&quot;_position&quot;:&quot;absolute&quot;}\" data-widget_type=\"image.default\">\n\t\t\t\t<div class=\"elementor-widget-container\">\n\t\t\t\t\t\t\t\t\t\t\t\t\t\t\t<img decoding=\"async\" width=\"401\" height=\"835\" src=\"https:\/\/www.nlighten.com\/wp-content\/uploads\/2024\/04\/graphic-element-intro-top-a-home.webp\" class=\"attachment-full size-full wp-image-3423\" alt=\"\" srcset=\"https:\/\/www.nlighten.com\/wp-content\/uploads\/2024\/04\/graphic-element-intro-top-a-home.webp 401w, https:\/\/www.nlighten.com\/wp-content\/uploads\/2024\/04\/graphic-element-intro-top-a-home-144x300.webp 144w\" sizes=\"(max-width: 401px) 100vw, 401px\" \/>\t\t\t\t\t\t\t\t\t\t\t\t\t\t\t<\/div>\n\t\t\t\t<\/div>\n\t\t\t\t<div class=\"elementor-element elementor-element-4a8e1e5 elementor-absolute elementor-hidden-tablet elementor-hidden-mobile elementor-widget elementor-widget-image\" data-id=\"4a8e1e5\" data-element_type=\"widget\" data-e-type=\"widget\" data-settings=\"{&quot;_position&quot;:&quot;absolute&quot;}\" data-widget_type=\"image.default\">\n\t\t\t\t<div class=\"elementor-widget-container\">\n\t\t\t\t\t\t\t\t\t\t\t\t\t\t\t<img decoding=\"async\" width=\"401\" height=\"868\" src=\"https:\/\/www.nlighten.com\/wp-content\/uploads\/2024\/04\/graphic-element-intro-top-b-home.webp\" class=\"attachment-full size-full wp-image-3420\" alt=\"\" srcset=\"https:\/\/www.nlighten.com\/wp-content\/uploads\/2024\/04\/graphic-element-intro-top-b-home.webp 401w, https:\/\/www.nlighten.com\/wp-content\/uploads\/2024\/04\/graphic-element-intro-top-b-home-139x300.webp 139w\" sizes=\"(max-width: 401px) 100vw, 401px\" \/>\t\t\t\t\t\t\t\t\t\t\t\t\t\t\t<\/div>\n\t\t\t\t<\/div>\n\t\t\t\t\t<\/div>\n\t\t\t\t<\/div>\n\t\t<div class=\"elementor-element elementor-element-2a854b6 background-gradient-section e-flex e-con-boxed e-con e-parent\" data-id=\"2a854b6\" data-element_type=\"container\" data-e-type=\"container\" data-settings=\"{&quot;background_background&quot;:&quot;classic&quot;}\">\n\t\t\t\t\t<div class=\"e-con-inner\">\n\t\t<div class=\"elementor-element elementor-element-a50d250 e-con-full e-flex e-con e-child\" data-id=\"a50d250\" data-element_type=\"container\" data-e-type=\"container\" data-settings=\"{&quot;background_background&quot;:&quot;classic&quot;}\">\n\t\t<div class=\"elementor-element elementor-element-44e9e31 e-con-full e-flex e-con e-child\" data-id=\"44e9e31\" data-element_type=\"container\" data-e-type=\"container\">\n\t\t\t\t<div class=\"elementor-element elementor-element-fe7a5bf elementor-widget__width-initial elementor-widget elementor-widget-text-editor\" data-id=\"fe7a5bf\" data-element_type=\"widget\" data-e-type=\"widget\" data-widget_type=\"text-editor.default\">\n\t\t\t\t<div class=\"elementor-widget-container\">\n\t\t\t\t\t\t\t\t\t<p>nLighten ist eine digitale Infrastrukturplattform. Wir betreiben Edge-Rechenzentren verteilt in mehreren wichtigen europ\u00e4ischen Wirtschaftszentren. Diese erm\u00f6glichen der lokalen Industrie, privaten Nutzern und mobilen Mitarbeitern einen ausgezeichneten Netzwerkzugang mit geringer Latenz.  <\/p>\n\t\t\t\t\t\t\t\t<\/div>\n\t\t\t\t<\/div>\n\t\t\t\t<\/div>\n\t\t\t\t<\/div>\n\t\t\t\t\t<\/div>\n\t\t\t\t<\/div>\n\t\t<div class=\"elementor-element elementor-element-e200248 e-con-full e-flex e-con e-parent\" data-id=\"e200248\" data-element_type=\"container\" data-e-type=\"container\" data-settings=\"{&quot;background_background&quot;:&quot;classic&quot;}\">\n\t\t\t\t<div class=\"elementor-element elementor-element-dbe9c4f elementor-absolute elementor-hidden-tablet elementor-hidden-mobile elementor-widget elementor-widget-image\" data-id=\"dbe9c4f\" data-element_type=\"widget\" data-e-type=\"widget\" data-settings=\"{&quot;_position&quot;:&quot;absolute&quot;}\" data-widget_type=\"image.default\">\n\t\t\t\t<div class=\"elementor-widget-container\">\n\t\t\t\t\t\t\t\t\t\t\t\t\t\t\t<img loading=\"lazy\" decoding=\"async\" width=\"342\" height=\"1048\" src=\"https:\/\/www.nlighten.com\/wp-content\/uploads\/2024\/04\/services-grapic-element-large-bottom-1.webp\" class=\"attachment-full size-full wp-image-3426\" alt=\"\" srcset=\"https:\/\/www.nlighten.com\/wp-content\/uploads\/2024\/04\/services-grapic-element-large-bottom-1.webp 342w, https:\/\/www.nlighten.com\/wp-content\/uploads\/2024\/04\/services-grapic-element-large-bottom-1-98x300.webp 98w, https:\/\/www.nlighten.com\/wp-content\/uploads\/2024\/04\/services-grapic-element-large-bottom-1-334x1024.webp 334w\" sizes=\"(max-width: 342px) 100vw, 342px\" \/>\t\t\t\t\t\t\t\t\t\t\t\t\t\t\t<\/div>\n\t\t\t\t<\/div>\n\t\t\t\t<\/div>\n\t\t<div class=\"elementor-element elementor-element-8bbe218 e-flex e-con-boxed e-con e-parent\" data-id=\"8bbe218\" data-element_type=\"container\" data-e-type=\"container\" data-settings=\"{&quot;background_background&quot;:&quot;classic&quot;}\">\n\t\t\t\t\t<div class=\"e-con-inner\">\n\t\t<div class=\"elementor-element elementor-element-8c59be9 e-flex e-con-boxed e-con e-child\" data-id=\"8c59be9\" data-element_type=\"container\" data-e-type=\"container\">\n\t\t\t\t\t<div class=\"e-con-inner\">\n\t\t\t\t<div class=\"elementor-element elementor-element-9df5f40 elementor-widget elementor-widget-heading\" data-id=\"9df5f40\" data-element_type=\"widget\" data-e-type=\"widget\" data-widget_type=\"heading.default\">\n\t\t\t\t<div class=\"elementor-widget-container\">\n\t\t\t\t\t<h2 class=\"elementor-heading-title elementor-size-default\">nLighten \u2014 Ihr Partner in der N\u00e4he<\/h2>\t\t\t\t<\/div>\n\t\t\t\t<\/div>\n\t\t\t\t<div class=\"elementor-element elementor-element-2c0991d elementor-widget elementor-widget-text-editor\" data-id=\"2c0991d\" data-element_type=\"widget\" data-e-type=\"widget\" data-widget_type=\"text-editor.default\">\n\t\t\t\t<div class=\"elementor-widget-container\">\n\t\t\t\t\t\t\t\t\t<p>Wenn wir von N\u00e4he sprechen, geht unser Anwendungsbereich \u00fcber die blo\u00dfe geografische Bequemlichkeit hinaus. Wir haben eine <strong><a href=\"https:\/\/www.nlighten.com\/de\/vorteile-von-edge-rechenzentren\/\">Edge-Rechenzentrumsinfrastruktur<\/a><\/strong> aufgebaut, die speziell auf die <strong><a href=\"http:\/\/www.nlighten.com\/de\/services-und-loesungen\/colocation-services\/\">Unterst\u00fctzung von Colocation-Anwendungen<\/a><\/strong> und Anwendungen mit minimaler Latenz ausgelegt ist.<\/p><p>Die Edge-Rechenzentren von nLighten befinden sich <strong><a href=\"http:\/\/www.nlighten.com\/de\/standorte-detailseiten\/nlighten-edge-standorte\/\">an erstklassigen Standorten<\/a><\/strong> \u2014 in unmittelbarer N\u00e4he zu unseren Kunden und deren Kunden, zu Mitarbeitern, die remote arbeiten, und zu unseren strategischen Partnern.<\/p><p>Unsere Kunden erhalten Zugang zum umfassendsten Edge-Infrastrukturnetzwerk in ganz Europa. Diese Plattform f\u00f6rdert ein gesch\u00e4ftiges \u00d6kosystem f\u00fcr lokale Unternehmen, Content-Verteilung, Netzwerkverbindungen und Cloud-L\u00f6sungen.<\/p><p>Bei nLighten unterst\u00fctzen wir sie alle mit hochverf\u00fcgbaren Einrichtungen, die auf die lokalen Anforderungen zugeschnitten sind. Wir bei nLighten sind gro\u00df genug, um die Infrastrukturplattform der n\u00e4chsten Generation anzubieten, und dennoch agil genug, um schnell \u2014 und lokal \u2014 auf Ihre spezifischen Bed\u00fcrfnisse zu reagieren.<\/p>\t\t\t\t\t\t\t\t<\/div>\n\t\t\t\t<\/div>\n\t\t\t\t\t<\/div>\n\t\t\t\t<\/div>\n\t\t\t\t\t<\/div>\n\t\t\t\t<\/div>\n\t\t<div class=\"elementor-element elementor-element-e87834d light-green-bg e-flex e-con-boxed e-con e-parent\" data-id=\"e87834d\" data-element_type=\"container\" data-e-type=\"container\" data-settings=\"{&quot;background_background&quot;:&quot;classic&quot;}\">\n\t\t\t\t\t<div class=\"e-con-inner\">\n\t\t<div class=\"elementor-element elementor-element-dbb4b63 e-con-full e-flex e-con e-child\" data-id=\"dbb4b63\" data-element_type=\"container\" data-e-type=\"container\" data-settings=\"{&quot;background_background&quot;:&quot;classic&quot;}\">\n\t\t\t\t<div class=\"elementor-element elementor-element-615a377 elementor-widget elementor-widget-heading\" data-id=\"615a377\" data-element_type=\"widget\" data-e-type=\"widget\" data-widget_type=\"heading.default\">\n\t\t\t\t<div class=\"elementor-widget-container\">\n\t\t\t\t\t<h2 class=\"elementor-heading-title elementor-size-default\">Haben Sie eine Frage, ein Anliegen oder wollen Sie einfach mit uns ins Gespr\u00e4ch kommen?<\/h2>\t\t\t\t<\/div>\n\t\t\t\t<\/div>\n\t\t\t\t<div class=\"elementor-element elementor-element-54948c9 elementor-widget elementor-widget-heading\" data-id=\"54948c9\" data-element_type=\"widget\" data-e-type=\"widget\" data-widget_type=\"heading.default\">\n\t\t\t\t<div class=\"elementor-widget-container\">\n\t\t\t\t\t<h3 class=\"elementor-heading-title elementor-size-default\">Lassen Sie uns gemeinsam herausfinden, welches Modell f\u00fcr Sie am besten geeignet ist.<\/h3>\t\t\t\t<\/div>\n\t\t\t\t<\/div>\n\t\t\t\t<div class=\"elementor-element elementor-element-8804d5e elementor-widget elementor-widget-button\" data-id=\"8804d5e\" data-element_type=\"widget\" data-e-type=\"widget\" data-widget_type=\"button.default\">\n\t\t\t\t<div class=\"elementor-widget-container\">\n\t\t\t\t\t\t\t\t\t<div class=\"elementor-button-wrapper\">\n\t\t\t\t\t<a class=\"elementor-button elementor-button-link elementor-size-sm\" href=\"https:\/\/www.nlighten.com\/de\/allgemeine-anfragen\/\">\n\t\t\t\t\t\t<span class=\"elementor-button-content-wrapper\">\n\t\t\t\t\t\t\t\t\t<span class=\"elementor-button-text\">Kontaktieren Sie uns<\/span>\n\t\t\t\t\t<\/span>\n\t\t\t\t\t<\/a>\n\t\t\t\t<\/div>\n\t\t\t\t\t\t\t\t<\/div>\n\t\t\t\t<\/div>\n\t\t\t\t<\/div>\n\t\t\t\t\t<\/div>\n\t\t\t\t<\/div>\n\t\t\t\t<\/div>\n\t\t","protected":false},"excerpt":{"rendered":"<p>nLighten Das Rechenzentrum \u201cin meiner N\u00e4he\u201d nLighten Das Rechenzentrum \u201cin meiner N\u00e4he\u201d nLighten ist eine digitale Infrastrukturplattform. Wir betreiben Edge-Rechenzentren verteilt in mehreren wichtigen europ\u00e4ischen Wirtschaftszentren. Diese erm\u00f6glichen der lokalen &#8230; <a title=\"Close\" class=\"read-more\" href=\"https:\/\/www.nlighten.com\/de\/close\/\" aria-label=\"Mehr Informationen \u00fcber Close\">Weiterlesen<\/a><\/p>\n","protected":false},"author":1,"featured_media":0,"parent":0,"menu_order":0,"comment_status":"closed","ping_status":"closed","template":"","meta":{"_acf_changed":false,"footnotes":""},"class_list":["post-3939","page","type-page","status-publish"],"acf":[],"yoast_head":"<!-- This site is optimized with the Yoast SEO plugin v27.2 - https:\/\/yoast.com\/product\/yoast-seo-wordpress\/ -->\n<title>Rechenzentrum in Kundenn\u00e4he | Europa &amp; UK | nLighten<\/title>\n<meta name=\"description\" content=\"Unsere Rechenzentrum sind mit Standorten in wichtigen europ\u00e4ischen Wirtschaftszentren vertreten. Weil f\u00fcr uns Kundenn\u00e4he &amp; N\u00e4he zu unseren Partnern wichtig ist.\" \/>\n<meta name=\"robots\" content=\"index, follow, max-snippet:-1, max-image-preview:large, max-video-preview:-1\" \/>\n<link rel=\"canonical\" href=\"https:\/\/www.nlighten.com\/de\/close\/\" \/>\n<meta property=\"og:locale\" content=\"de_DE\" \/>\n<meta property=\"og:type\" content=\"article\" \/>\n<meta property=\"og:title\" content=\"Rechenzentrum in Kundenn\u00e4he | Europa &amp; UK | nLighten\" \/>\n<meta property=\"og:description\" content=\"Unsere Rechenzentrum sind mit Standorten in wichtigen europ\u00e4ischen Wirtschaftszentren vertreten. Weil f\u00fcr uns Kundenn\u00e4he &amp; N\u00e4he zu unseren Partnern wichtig ist.\" \/>\n<meta property=\"og:url\" content=\"https:\/\/www.nlighten.com\/de\/close\/\" \/>\n<meta property=\"og:site_name\" content=\"nLighten\" \/>\n<meta property=\"article:modified_time\" content=\"2025-10-08T09:06:46+00:00\" \/>\n<meta property=\"og:image\" content=\"https:\/\/www.nlighten.com\/wp-content\/uploads\/2024\/04\/652d421c3cb8095bc56b0078_close-mobile.webp\" \/>\n<meta name=\"twitter:card\" content=\"summary_large_image\" \/>\n<meta name=\"twitter:label1\" content=\"Gesch\u00e4tzte Lesezeit\" \/>\n\t<meta name=\"twitter:data1\" content=\"2\u00a0Minuten\" \/>\n<script type=\"application\/ld+json\" class=\"yoast-schema-graph\">{\"@context\":\"https:\/\/schema.org\",\"@graph\":[{\"@type\":\"WebPage\",\"@id\":\"https:\/\/www.nlighten.com\/de\/close\/\",\"url\":\"https:\/\/www.nlighten.com\/de\/close\/\",\"name\":\"Rechenzentrum in Kundenn\u00e4he | Europa & UK | nLighten\",\"isPartOf\":{\"@id\":\"https:\/\/www.nlighten.com\/de\/#website\"},\"primaryImageOfPage\":{\"@id\":\"https:\/\/www.nlighten.com\/de\/close\/#primaryimage\"},\"image\":{\"@id\":\"https:\/\/www.nlighten.com\/de\/close\/#primaryimage\"},\"thumbnailUrl\":\"https:\/\/www.nlighten.com\/wp-content\/uploads\/2024\/04\/652d421c3cb8095bc56b0078_close-mobile.webp\",\"datePublished\":\"2024-04-19T09:26:57+00:00\",\"dateModified\":\"2025-10-08T09:06:46+00:00\",\"description\":\"Unsere Rechenzentrum sind mit Standorten in wichtigen europ\u00e4ischen Wirtschaftszentren vertreten. Weil f\u00fcr uns Kundenn\u00e4he & N\u00e4he zu unseren Partnern wichtig ist.\",\"breadcrumb\":{\"@id\":\"https:\/\/www.nlighten.com\/de\/close\/#breadcrumb\"},\"inLanguage\":\"de\",\"potentialAction\":[{\"@type\":\"ReadAction\",\"target\":[\"https:\/\/www.nlighten.com\/de\/close\/\"]}]},{\"@type\":\"ImageObject\",\"inLanguage\":\"de\",\"@id\":\"https:\/\/www.nlighten.com\/de\/close\/#primaryimage\",\"url\":\"https:\/\/www.nlighten.com\/wp-content\/uploads\/2024\/04\/652d421c3cb8095bc56b0078_close-mobile.webp\",\"contentUrl\":\"https:\/\/www.nlighten.com\/wp-content\/uploads\/2024\/04\/652d421c3cb8095bc56b0078_close-mobile.webp\"},{\"@type\":\"BreadcrumbList\",\"@id\":\"https:\/\/www.nlighten.com\/de\/close\/#breadcrumb\",\"itemListElement\":[{\"@type\":\"ListItem\",\"position\":1,\"name\":\"Home\",\"item\":\"https:\/\/www.nlighten.com\/de\/\"},{\"@type\":\"ListItem\",\"position\":2,\"name\":\"Close\"}]},{\"@type\":\"WebSite\",\"@id\":\"https:\/\/www.nlighten.com\/de\/#website\",\"url\":\"https:\/\/www.nlighten.com\/de\/\",\"name\":\"nLighten\",\"description\":\"\",\"publisher\":{\"@id\":\"https:\/\/www.nlighten.com\/de\/#organization\"},\"potentialAction\":[{\"@type\":\"SearchAction\",\"target\":{\"@type\":\"EntryPoint\",\"urlTemplate\":\"https:\/\/www.nlighten.com\/de\/?s={search_term_string}\"},\"query-input\":{\"@type\":\"PropertyValueSpecification\",\"valueRequired\":true,\"valueName\":\"search_term_string\"}}],\"inLanguage\":\"de\"},{\"@type\":\"Organization\",\"@id\":\"https:\/\/www.nlighten.com\/de\/#organization\",\"name\":\"nLighten\",\"url\":\"https:\/\/www.nlighten.com\/de\/\",\"logo\":{\"@type\":\"ImageObject\",\"inLanguage\":\"de\",\"@id\":\"https:\/\/www.nlighten.com\/de\/#\/schema\/logo\/image\/\",\"url\":\"https:\/\/www.nlighten.com\/wp-content\/uploads\/2024\/05\/nlighten_logo_green_bg.png\",\"contentUrl\":\"https:\/\/www.nlighten.com\/wp-content\/uploads\/2024\/05\/nlighten_logo_green_bg.png\",\"width\":696,\"height\":696,\"caption\":\"nLighten\"},\"image\":{\"@id\":\"https:\/\/www.nlighten.com\/de\/#\/schema\/logo\/image\/\"},\"sameAs\":[\"https:\/\/www.linkedin.com\/company\/nlighten-datacenters\/\"]}]}<\/script>\n<!-- \/ Yoast SEO plugin. -->","yoast_head_json":{"title":"Rechenzentrum in Kundenn\u00e4he | Europa & UK | nLighten","description":"Unsere Rechenzentrum sind mit Standorten in wichtigen europ\u00e4ischen Wirtschaftszentren vertreten. Weil f\u00fcr uns Kundenn\u00e4he & N\u00e4he zu unseren Partnern wichtig ist.","robots":{"index":"index","follow":"follow","max-snippet":"max-snippet:-1","max-image-preview":"max-image-preview:large","max-video-preview":"max-video-preview:-1"},"canonical":"https:\/\/www.nlighten.com\/de\/close\/","og_locale":"de_DE","og_type":"article","og_title":"Rechenzentrum in Kundenn\u00e4he | Europa & UK | nLighten","og_description":"Unsere Rechenzentrum sind mit Standorten in wichtigen europ\u00e4ischen Wirtschaftszentren vertreten. Weil f\u00fcr uns Kundenn\u00e4he & N\u00e4he zu unseren Partnern wichtig ist.","og_url":"https:\/\/www.nlighten.com\/de\/close\/","og_site_name":"nLighten","article_modified_time":"2025-10-08T09:06:46+00:00","og_image":[{"url":"https:\/\/www.nlighten.com\/wp-content\/uploads\/2024\/04\/652d421c3cb8095bc56b0078_close-mobile.webp","type":"","width":"","height":""}],"twitter_card":"summary_large_image","twitter_misc":{"Gesch\u00e4tzte Lesezeit":"2\u00a0Minuten"},"schema":{"@context":"https:\/\/schema.org","@graph":[{"@type":"WebPage","@id":"https:\/\/www.nlighten.com\/de\/close\/","url":"https:\/\/www.nlighten.com\/de\/close\/","name":"Rechenzentrum in Kundenn\u00e4he | Europa & UK | nLighten","isPartOf":{"@id":"https:\/\/www.nlighten.com\/de\/#website"},"primaryImageOfPage":{"@id":"https:\/\/www.nlighten.com\/de\/close\/#primaryimage"},"image":{"@id":"https:\/\/www.nlighten.com\/de\/close\/#primaryimage"},"thumbnailUrl":"https:\/\/www.nlighten.com\/wp-content\/uploads\/2024\/04\/652d421c3cb8095bc56b0078_close-mobile.webp","datePublished":"2024-04-19T09:26:57+00:00","dateModified":"2025-10-08T09:06:46+00:00","description":"Unsere Rechenzentrum sind mit Standorten in wichtigen europ\u00e4ischen Wirtschaftszentren vertreten. Weil f\u00fcr uns Kundenn\u00e4he & N\u00e4he zu unseren Partnern wichtig ist.","breadcrumb":{"@id":"https:\/\/www.nlighten.com\/de\/close\/#breadcrumb"},"inLanguage":"de","potentialAction":[{"@type":"ReadAction","target":["https:\/\/www.nlighten.com\/de\/close\/"]}]},{"@type":"ImageObject","inLanguage":"de","@id":"https:\/\/www.nlighten.com\/de\/close\/#primaryimage","url":"https:\/\/www.nlighten.com\/wp-content\/uploads\/2024\/04\/652d421c3cb8095bc56b0078_close-mobile.webp","contentUrl":"https:\/\/www.nlighten.com\/wp-content\/uploads\/2024\/04\/652d421c3cb8095bc56b0078_close-mobile.webp"},{"@type":"BreadcrumbList","@id":"https:\/\/www.nlighten.com\/de\/close\/#breadcrumb","itemListElement":[{"@type":"ListItem","position":1,"name":"Home","item":"https:\/\/www.nlighten.com\/de\/"},{"@type":"ListItem","position":2,"name":"Close"}]},{"@type":"WebSite","@id":"https:\/\/www.nlighten.com\/de\/#website","url":"https:\/\/www.nlighten.com\/de\/","name":"nLighten","description":"","publisher":{"@id":"https:\/\/www.nlighten.com\/de\/#organization"},"potentialAction":[{"@type":"SearchAction","target":{"@type":"EntryPoint","urlTemplate":"https:\/\/www.nlighten.com\/de\/?s={search_term_string}"},"query-input":{"@type":"PropertyValueSpecification","valueRequired":true,"valueName":"search_term_string"}}],"inLanguage":"de"},{"@type":"Organization","@id":"https:\/\/www.nlighten.com\/de\/#organization","name":"nLighten","url":"https:\/\/www.nlighten.com\/de\/","logo":{"@type":"ImageObject","inLanguage":"de","@id":"https:\/\/www.nlighten.com\/de\/#\/schema\/logo\/image\/","url":"https:\/\/www.nlighten.com\/wp-content\/uploads\/2024\/05\/nlighten_logo_green_bg.png","contentUrl":"https:\/\/www.nlighten.com\/wp-content\/uploads\/2024\/05\/nlighten_logo_green_bg.png","width":696,"height":696,"caption":"nLighten"},"image":{"@id":"https:\/\/www.nlighten.com\/de\/#\/schema\/logo\/image\/"},"sameAs":["https:\/\/www.linkedin.com\/company\/nlighten-datacenters\/"]}]}},"publishpress_future_workflow_manual_trigger":{"enabledWorkflows":[]},"_links":{"self":[{"href":"https:\/\/www.nlighten.com\/de\/wp-json\/wp\/v2\/pages\/3939","targetHints":{"allow":["GET"]}}],"collection":[{"href":"https:\/\/www.nlighten.com\/de\/wp-json\/wp\/v2\/pages"}],"about":[{"href":"https:\/\/www.nlighten.com\/de\/wp-json\/wp\/v2\/types\/page"}],"author":[{"embeddable":true,"href":"https:\/\/www.nlighten.com\/de\/wp-json\/wp\/v2\/users\/1"}],"replies":[{"embeddable":true,"href":"https:\/\/www.nlighten.com\/de\/wp-json\/wp\/v2\/comments?post=3939"}],"version-history":[{"count":0,"href":"https:\/\/www.nlighten.com\/de\/wp-json\/wp\/v2\/pages\/3939\/revisions"}],"wp:attachment":[{"href":"https:\/\/www.nlighten.com\/de\/wp-json\/wp\/v2\/media?parent=3939"}],"curies":[{"name":"wp","href":"https:\/\/api.w.org\/{rel}","templated":true}]}}