{"id":3921,"date":"2024-04-26T08:39:07","date_gmt":"2024-04-26T08:39:07","guid":{"rendered":"https:\/\/www.nlighten.com\/karriere\/"},"modified":"2025-10-08T10:08:26","modified_gmt":"2025-10-08T10:08:26","slug":"karriere","status":"publish","type":"page","link":"https:\/\/www.nlighten.com\/de\/karriere\/","title":{"rendered":"Karriere"},"content":{"rendered":"\t\t<div data-elementor-type=\"wp-page\" data-elementor-id=\"3921\" class=\"elementor elementor-3921 elementor-2804\" data-elementor-post-type=\"page\">\n\t\t\t\t<div class=\"elementor-element elementor-element-3a68bc5 e-flex e-con-boxed e-con e-parent\" data-id=\"3a68bc5\" data-element_type=\"container\" data-e-type=\"container\" data-settings=\"{&quot;background_background&quot;:&quot;classic&quot;}\">\n\t\t\t\t\t<div class=\"e-con-inner\">\n\t\t\t\t<div class=\"elementor-element elementor-element-cda50b0 elementor-widget__width-inherit elementor-widget-tablet__width-inherit elementor-widget elementor-widget-heading\" data-id=\"cda50b0\" data-element_type=\"widget\" data-e-type=\"widget\" data-widget_type=\"heading.default\">\n\t\t\t\t<div class=\"elementor-widget-container\">\n\t\t\t\t\t<h1 class=\"elementor-heading-title elementor-size-default\">Werden Sie Teil unseres Teams<\/h1>\t\t\t\t<\/div>\n\t\t\t\t<\/div>\n\t\t\t\t<div class=\"elementor-element elementor-element-df8dd41 elementor-widget__width-inherit elementor-widget-tablet__width-inherit elementor-widget elementor-widget-text-editor\" data-id=\"df8dd41\" data-element_type=\"widget\" data-e-type=\"widget\" data-widget_type=\"text-editor.default\">\n\t\t\t\t<div class=\"elementor-widget-container\">\n\t\t\t\t\t\t\t\t\t<p>Wie ist es, bei nLighten zu arbeiten? Aufregend. Abwechslungsreich. Und inspirierend. Wir sind ein dynamisches, kreatives, internationales Team und das Unternehmen w\u00e4chst schnell, ist zukunftsorientiert und innovativ. Deshalb sind wir immer auf der Suche nach talentierten und engagierten Menschen, die bei uns arbeiten und ihre Karriere auf die n\u00e4chste Stufe bringen wollen.      <\/p>\n\t\t\t\t\t\t\t\t<\/div>\n\t\t\t\t<\/div>\n\t\t\t\t<div class=\"elementor-element elementor-element-35405b3 elementor-widget elementor-widget-image\" data-id=\"35405b3\" data-element_type=\"widget\" data-e-type=\"widget\" data-widget_type=\"image.default\">\n\t\t\t\t<div class=\"elementor-widget-container\">\n\t\t\t\t\t\t\t\t\t\t\t\t\t\t\t<img fetchpriority=\"high\" decoding=\"async\" width=\"800\" height=\"533\" src=\"https:\/\/www.nlighten.com\/wp-content\/uploads\/2025\/04\/christian.jpg\" class=\"attachment-large size-large wp-image-16181\" alt=\"Christian\" srcset=\"https:\/\/www.nlighten.com\/wp-content\/uploads\/2025\/04\/christian.jpg 800w, https:\/\/www.nlighten.com\/wp-content\/uploads\/2025\/04\/christian-300x200.jpg 300w, https:\/\/www.nlighten.com\/wp-content\/uploads\/2025\/04\/christian-150x100.jpg 150w, https:\/\/www.nlighten.com\/wp-content\/uploads\/2025\/04\/christian-768x512.jpg 768w\" sizes=\"(max-width: 800px) 100vw, 800px\" \/>\t\t\t\t\t\t\t\t\t\t\t\t\t\t\t<\/div>\n\t\t\t\t<\/div>\n\t\t\t\t<div class=\"elementor-element elementor-element-5d4a52a elementor-widget elementor-widget-text-editor\" data-id=\"5d4a52a\" data-element_type=\"widget\" data-e-type=\"widget\" data-widget_type=\"text-editor.default\">\n\t\t\t\t<div class=\"elementor-widget-container\">\n\t\t\t\t\t\t\t\t\t<p>Bei nLighten sind wir unserer Mission verpflichtet und glauben an die Kraft der Zusammenarbeit und Kreativit\u00e4t. Wir bieten eine unterst\u00fctzende und vertrauensvolle Arbeitskultur. Au\u00dferdem bieten wir viele M\u00f6glichkeiten zur pers\u00f6nlichen und beruflichen Weiterentwicklung. Unsere Mitarbeitenden sind unser gr\u00f6\u00dftes Kapital, und wir sch\u00e4tzen ihre Beitr\u00e4ge und Ideen.   <\/p>\n<p>Interessieren Sie sich f\u00fcr die Welt der Edge-Rechenzentren? Und f\u00fcr die Herausforderung, sie nachhaltiger zu gestalten? Dann bewerben Sie sich bei uns \u2013 wir freuen uns darauf, Sie kennenzulernen!   <\/p>\n\t\t\t\t\t\t\t\t<\/div>\n\t\t\t\t<\/div>\n\t\t\t\t\t<\/div>\n\t\t\t\t<\/div>\n\t\t<div class=\"elementor-element elementor-element-8fd9d54 e-flex e-con-boxed e-con e-parent\" data-id=\"8fd9d54\" data-element_type=\"container\" data-e-type=\"container\" data-settings=\"{&quot;background_background&quot;:&quot;gradient&quot;}\">\n\t\t\t\t\t<div class=\"e-con-inner\">\n\t\t\t\t<div class=\"elementor-element elementor-element-b909ff3 mailto-link-cta elementor-widget elementor-widget-heading\" data-id=\"b909ff3\" data-element_type=\"widget\" data-e-type=\"widget\" data-widget_type=\"heading.default\">\n\t\t\t\t<div class=\"elementor-widget-container\">\n\t\t\t\t\t<h3 class=\"elementor-heading-title elementor-size-default\"><a href=\"mailto:recruitment@nlighten.com\">Kontaktieren Sie uns: <span style=\"color:var(--e-global-color-secondary)\">recruitment@nlighten.com<\/span><\/a><\/h3>\t\t\t\t<\/div>\n\t\t\t\t<\/div>\n\t\t\t\t\t<\/div>\n\t\t\t\t<\/div>\n\t\t\t\t<\/div>\n\t\t","protected":false},"excerpt":{"rendered":"<p>Werden Sie Teil unseres Teams Wie ist es, bei nLighten zu arbeiten? Aufregend. Abwechslungsreich. Und inspirierend. Wir sind ein dynamisches, kreatives, internationales Team und das Unternehmen w\u00e4chst schnell, ist zukunftsorientiert &#8230; <a title=\"Karriere\" class=\"read-more\" href=\"https:\/\/www.nlighten.com\/de\/karriere\/\" aria-label=\"Mehr Informationen \u00fcber Karriere\">Weiterlesen<\/a><\/p>\n","protected":false},"author":1,"featured_media":0,"parent":0,"menu_order":0,"comment_status":"closed","ping_status":"closed","template":"","meta":{"_acf_changed":false,"footnotes":""},"class_list":["post-3921","page","type-page","status-publish"],"acf":[],"yoast_head":"<!-- This site is optimized with the Yoast SEO plugin v27.4 - https:\/\/yoast.com\/product\/yoast-seo-wordpress\/ -->\n<title>Jobs und Karriere | Wir freuen uns auf Sie | nLighten<\/title>\n<meta name=\"description\" content=\"Sie suchen eine spannende und abwechslungsreiche T\u00e4tigkeit, die Spa\u00df macht? Unser Unternehmen freut sich auf Ihre Bewerbung und darauf, Sie kennenzulernen\" \/>\n<meta name=\"robots\" content=\"index, follow, max-snippet:-1, max-image-preview:large, max-video-preview:-1\" \/>\n<link rel=\"canonical\" href=\"https:\/\/www.nlighten.com\/de\/karriere\/\" \/>\n<meta property=\"og:locale\" content=\"de_DE\" \/>\n<meta property=\"og:type\" content=\"article\" \/>\n<meta property=\"og:title\" content=\"Jobs und Karriere | Wir freuen uns auf Sie | nLighten\" \/>\n<meta property=\"og:description\" content=\"Sie suchen eine spannende und abwechslungsreiche T\u00e4tigkeit, die Spa\u00df macht? Unser Unternehmen freut sich auf Ihre Bewerbung und darauf, Sie kennenzulernen\" \/>\n<meta property=\"og:url\" content=\"https:\/\/www.nlighten.com\/de\/karriere\/\" \/>\n<meta property=\"og:site_name\" content=\"nLighten\" \/>\n<meta property=\"article:modified_time\" content=\"2025-10-08T10:08:26+00:00\" \/>\n<meta property=\"og:image\" content=\"https:\/\/www.nlighten.com\/wp-content\/uploads\/2025\/04\/christian.jpg\" \/>\n<meta name=\"twitter:card\" content=\"summary_large_image\" \/>\n<meta name=\"twitter:label1\" content=\"Gesch\u00e4tzte Lesezeit\" \/>\n\t<meta name=\"twitter:data1\" content=\"1\u00a0Minute\" \/>\n<script type=\"application\/ld+json\" class=\"yoast-schema-graph\">{\"@context\":\"https:\\\/\\\/schema.org\",\"@graph\":[{\"@type\":\"WebPage\",\"@id\":\"https:\\\/\\\/www.nlighten.com\\\/de\\\/karriere\\\/\",\"url\":\"https:\\\/\\\/www.nlighten.com\\\/de\\\/karriere\\\/\",\"name\":\"Jobs und Karriere | Wir freuen uns auf Sie | nLighten\",\"isPartOf\":{\"@id\":\"https:\\\/\\\/www.nlighten.com\\\/de\\\/#website\"},\"primaryImageOfPage\":{\"@id\":\"https:\\\/\\\/www.nlighten.com\\\/de\\\/karriere\\\/#primaryimage\"},\"image\":{\"@id\":\"https:\\\/\\\/www.nlighten.com\\\/de\\\/karriere\\\/#primaryimage\"},\"thumbnailUrl\":\"https:\\\/\\\/www.nlighten.com\\\/wp-content\\\/uploads\\\/2025\\\/04\\\/christian.jpg\",\"datePublished\":\"2024-04-26T08:39:07+00:00\",\"dateModified\":\"2025-10-08T10:08:26+00:00\",\"description\":\"Sie suchen eine spannende und abwechslungsreiche T\u00e4tigkeit, die Spa\u00df macht? Unser Unternehmen freut sich auf Ihre Bewerbung und darauf, Sie kennenzulernen\",\"breadcrumb\":{\"@id\":\"https:\\\/\\\/www.nlighten.com\\\/de\\\/karriere\\\/#breadcrumb\"},\"inLanguage\":\"de\",\"potentialAction\":[{\"@type\":\"ReadAction\",\"target\":[\"https:\\\/\\\/www.nlighten.com\\\/de\\\/karriere\\\/\"]}]},{\"@type\":\"ImageObject\",\"inLanguage\":\"de\",\"@id\":\"https:\\\/\\\/www.nlighten.com\\\/de\\\/karriere\\\/#primaryimage\",\"url\":\"https:\\\/\\\/www.nlighten.com\\\/wp-content\\\/uploads\\\/2025\\\/04\\\/christian.jpg\",\"contentUrl\":\"https:\\\/\\\/www.nlighten.com\\\/wp-content\\\/uploads\\\/2025\\\/04\\\/christian.jpg\"},{\"@type\":\"BreadcrumbList\",\"@id\":\"https:\\\/\\\/www.nlighten.com\\\/de\\\/karriere\\\/#breadcrumb\",\"itemListElement\":[{\"@type\":\"ListItem\",\"position\":1,\"name\":\"Home\",\"item\":\"https:\\\/\\\/www.nlighten.com\\\/de\\\/\"},{\"@type\":\"ListItem\",\"position\":2,\"name\":\"Karriere\"}]},{\"@type\":\"WebSite\",\"@id\":\"https:\\\/\\\/www.nlighten.com\\\/de\\\/#website\",\"url\":\"https:\\\/\\\/www.nlighten.com\\\/de\\\/\",\"name\":\"nLighten\",\"description\":\"\",\"publisher\":{\"@id\":\"https:\\\/\\\/www.nlighten.com\\\/de\\\/#organization\"},\"potentialAction\":[{\"@type\":\"SearchAction\",\"target\":{\"@type\":\"EntryPoint\",\"urlTemplate\":\"https:\\\/\\\/www.nlighten.com\\\/de\\\/?s={search_term_string}\"},\"query-input\":{\"@type\":\"PropertyValueSpecification\",\"valueRequired\":true,\"valueName\":\"search_term_string\"}}],\"inLanguage\":\"de\"},{\"@type\":\"Organization\",\"@id\":\"https:\\\/\\\/www.nlighten.com\\\/de\\\/#organization\",\"name\":\"nLighten\",\"url\":\"https:\\\/\\\/www.nlighten.com\\\/de\\\/\",\"logo\":{\"@type\":\"ImageObject\",\"inLanguage\":\"de\",\"@id\":\"https:\\\/\\\/www.nlighten.com\\\/de\\\/#\\\/schema\\\/logo\\\/image\\\/\",\"url\":\"https:\\\/\\\/www.nlighten.com\\\/wp-content\\\/uploads\\\/2024\\\/05\\\/nlighten_logo_green_bg.png\",\"contentUrl\":\"https:\\\/\\\/www.nlighten.com\\\/wp-content\\\/uploads\\\/2024\\\/05\\\/nlighten_logo_green_bg.png\",\"width\":696,\"height\":696,\"caption\":\"nLighten\"},\"image\":{\"@id\":\"https:\\\/\\\/www.nlighten.com\\\/de\\\/#\\\/schema\\\/logo\\\/image\\\/\"},\"sameAs\":[\"https:\\\/\\\/www.linkedin.com\\\/company\\\/nlighten-datacenters\\\/\"]}]}<\/script>\n<!-- \/ Yoast SEO plugin. -->","yoast_head_json":{"title":"Jobs und Karriere | Wir freuen uns auf Sie | nLighten","description":"Sie suchen eine spannende und abwechslungsreiche T\u00e4tigkeit, die Spa\u00df macht? Unser Unternehmen freut sich auf Ihre Bewerbung und darauf, Sie kennenzulernen","robots":{"index":"index","follow":"follow","max-snippet":"max-snippet:-1","max-image-preview":"max-image-preview:large","max-video-preview":"max-video-preview:-1"},"canonical":"https:\/\/www.nlighten.com\/de\/karriere\/","og_locale":"de_DE","og_type":"article","og_title":"Jobs und Karriere | Wir freuen uns auf Sie | nLighten","og_description":"Sie suchen eine spannende und abwechslungsreiche T\u00e4tigkeit, die Spa\u00df macht? Unser Unternehmen freut sich auf Ihre Bewerbung und darauf, Sie kennenzulernen","og_url":"https:\/\/www.nlighten.com\/de\/karriere\/","og_site_name":"nLighten","article_modified_time":"2025-10-08T10:08:26+00:00","og_image":[{"url":"https:\/\/www.nlighten.com\/wp-content\/uploads\/2025\/04\/christian.jpg","type":"","width":"","height":""}],"twitter_card":"summary_large_image","twitter_misc":{"Gesch\u00e4tzte Lesezeit":"1\u00a0Minute"},"schema":{"@context":"https:\/\/schema.org","@graph":[{"@type":"WebPage","@id":"https:\/\/www.nlighten.com\/de\/karriere\/","url":"https:\/\/www.nlighten.com\/de\/karriere\/","name":"Jobs und Karriere | Wir freuen uns auf Sie | nLighten","isPartOf":{"@id":"https:\/\/www.nlighten.com\/de\/#website"},"primaryImageOfPage":{"@id":"https:\/\/www.nlighten.com\/de\/karriere\/#primaryimage"},"image":{"@id":"https:\/\/www.nlighten.com\/de\/karriere\/#primaryimage"},"thumbnailUrl":"https:\/\/www.nlighten.com\/wp-content\/uploads\/2025\/04\/christian.jpg","datePublished":"2024-04-26T08:39:07+00:00","dateModified":"2025-10-08T10:08:26+00:00","description":"Sie suchen eine spannende und abwechslungsreiche T\u00e4tigkeit, die Spa\u00df macht? Unser Unternehmen freut sich auf Ihre Bewerbung und darauf, Sie kennenzulernen","breadcrumb":{"@id":"https:\/\/www.nlighten.com\/de\/karriere\/#breadcrumb"},"inLanguage":"de","potentialAction":[{"@type":"ReadAction","target":["https:\/\/www.nlighten.com\/de\/karriere\/"]}]},{"@type":"ImageObject","inLanguage":"de","@id":"https:\/\/www.nlighten.com\/de\/karriere\/#primaryimage","url":"https:\/\/www.nlighten.com\/wp-content\/uploads\/2025\/04\/christian.jpg","contentUrl":"https:\/\/www.nlighten.com\/wp-content\/uploads\/2025\/04\/christian.jpg"},{"@type":"BreadcrumbList","@id":"https:\/\/www.nlighten.com\/de\/karriere\/#breadcrumb","itemListElement":[{"@type":"ListItem","position":1,"name":"Home","item":"https:\/\/www.nlighten.com\/de\/"},{"@type":"ListItem","position":2,"name":"Karriere"}]},{"@type":"WebSite","@id":"https:\/\/www.nlighten.com\/de\/#website","url":"https:\/\/www.nlighten.com\/de\/","name":"nLighten","description":"","publisher":{"@id":"https:\/\/www.nlighten.com\/de\/#organization"},"potentialAction":[{"@type":"SearchAction","target":{"@type":"EntryPoint","urlTemplate":"https:\/\/www.nlighten.com\/de\/?s={search_term_string}"},"query-input":{"@type":"PropertyValueSpecification","valueRequired":true,"valueName":"search_term_string"}}],"inLanguage":"de"},{"@type":"Organization","@id":"https:\/\/www.nlighten.com\/de\/#organization","name":"nLighten","url":"https:\/\/www.nlighten.com\/de\/","logo":{"@type":"ImageObject","inLanguage":"de","@id":"https:\/\/www.nlighten.com\/de\/#\/schema\/logo\/image\/","url":"https:\/\/www.nlighten.com\/wp-content\/uploads\/2024\/05\/nlighten_logo_green_bg.png","contentUrl":"https:\/\/www.nlighten.com\/wp-content\/uploads\/2024\/05\/nlighten_logo_green_bg.png","width":696,"height":696,"caption":"nLighten"},"image":{"@id":"https:\/\/www.nlighten.com\/de\/#\/schema\/logo\/image\/"},"sameAs":["https:\/\/www.linkedin.com\/company\/nlighten-datacenters\/"]}]}},"publishpress_future_workflow_manual_trigger":{"enabledWorkflows":[]},"_links":{"self":[{"href":"https:\/\/www.nlighten.com\/de\/wp-json\/wp\/v2\/pages\/3921","targetHints":{"allow":["GET"]}}],"collection":[{"href":"https:\/\/www.nlighten.com\/de\/wp-json\/wp\/v2\/pages"}],"about":[{"href":"https:\/\/www.nlighten.com\/de\/wp-json\/wp\/v2\/types\/page"}],"author":[{"embeddable":true,"href":"https:\/\/www.nlighten.com\/de\/wp-json\/wp\/v2\/users\/1"}],"replies":[{"embeddable":true,"href":"https:\/\/www.nlighten.com\/de\/wp-json\/wp\/v2\/comments?post=3921"}],"version-history":[{"count":0,"href":"https:\/\/www.nlighten.com\/de\/wp-json\/wp\/v2\/pages\/3921\/revisions"}],"wp:attachment":[{"href":"https:\/\/www.nlighten.com\/de\/wp-json\/wp\/v2\/media?parent=3921"}],"curies":[{"name":"wp","href":"https:\/\/api.w.org\/{rel}","templated":true}]}}