{"id":3808,"date":"2024-04-25T16:11:27","date_gmt":"2024-04-25T16:11:27","guid":{"rendered":"https:\/\/www.nlighten.com\/ueber-uns\/"},"modified":"2026-04-13T11:40:33","modified_gmt":"2026-04-13T11:40:33","slug":"ueber-uns","status":"publish","type":"page","link":"https:\/\/www.nlighten.com\/de\/ueber-uns\/","title":{"rendered":"\u00dcber uns"},"content":{"rendered":"\t\t<div data-elementor-type=\"wp-page\" data-elementor-id=\"3808\" class=\"elementor elementor-3808 elementor-2691\" data-elementor-post-type=\"page\">\n\t\t\t\t<div class=\"elementor-element elementor-element-3a68bc5 e-flex e-con-boxed e-con e-parent\" data-id=\"3a68bc5\" data-element_type=\"container\" data-e-type=\"container\" data-settings=\"{&quot;background_background&quot;:&quot;classic&quot;,&quot;motion_fx_motion_fx_scrolling&quot;:&quot;yes&quot;,&quot;motion_fx_devices&quot;:[&quot;desktop&quot;,&quot;tablet&quot;,&quot;mobile&quot;]}\">\n\t\t\t\t\t<div class=\"e-con-inner\">\n\t\t\t\t<div class=\"elementor-element elementor-element-cda50b0 elementor-widget__width-inherit elementor-widget-tablet__width-inherit elementor-widget elementor-widget-heading\" data-id=\"cda50b0\" data-element_type=\"widget\" data-e-type=\"widget\" data-widget_type=\"heading.default\">\n\t\t\t\t<div class=\"elementor-widget-container\">\n\t\t\t\t\t<h1 class=\"elementor-heading-title elementor-size-default\">Wer wir sind<\/h1>\t\t\t\t<\/div>\n\t\t\t\t<\/div>\n\t\t\t\t<div class=\"elementor-element elementor-element-df8dd41 elementor-widget__width-initial elementor-widget-tablet__width-inherit elementor-widget elementor-widget-text-editor\" data-id=\"df8dd41\" data-element_type=\"widget\" data-e-type=\"widget\" data-widget_type=\"text-editor.default\">\n\t\t\t\t<div class=\"elementor-widget-container\">\n\t\t\t\t\t\t\t\t\t<p>Unsere Gr\u00fcnder, Harro Beusker und Chad McCarthy, sind beide Veteranen in der europ\u00e4ischen Rechenzentrumsbranche. Sie setzten ihre Vision in die Tat um und schufen mit nLighten eine hochmoderne Edge-Rechenzentrumsplattform, die die Spitzenperformance von heute mit den Nachhaltigkeitsanforderungen von morgen verbindet. Wie profitieren Sie davon? Ultra-niedrige Latenzzeiten, intelligente Ressourcennutzung und europ\u00e4ische Datenhoheit.   <\/p>\n\t\t\t\t\t\t\t\t<\/div>\n\t\t\t\t<\/div>\n\t\t\t\t\t<\/div>\n\t\t\t\t<\/div>\n\t\t<div class=\"elementor-element elementor-element-01912ba e-flex e-con-boxed e-con e-parent\" data-id=\"01912ba\" data-element_type=\"container\" data-e-type=\"container\">\n\t\t\t\t\t<div class=\"e-con-inner\">\n\t\t<div class=\"elementor-element elementor-element-fe47963 e-flex e-con-boxed e-con e-child\" data-id=\"fe47963\" data-element_type=\"container\" data-e-type=\"container\">\n\t\t\t\t\t<div class=\"e-con-inner\">\n\t\t\t\t<div class=\"elementor-element elementor-element-d6bdeb0 elementor-widget elementor-widget-text-editor\" data-id=\"d6bdeb0\" data-element_type=\"widget\" data-e-type=\"widget\" data-widget_type=\"text-editor.default\">\n\t\t\t\t<div class=\"elementor-widget-container\">\n\t\t\t\t\t\t\t\t\t<p><em>\u201cnLighten besteht aus einem Team erfahrener Experten und Expertinnen aus der Rechenzentrumsbranche, die einen Wandel in der Rechenzentrumsbranche herbeif\u00fchren. nLighten ist ein Netzwerk von Edge-Rechenzentren, die n\u00e4her am Kunden sind. Unser Ziel ist es, die Nachhaltigkeit von Rechenzentren zu verbessern und Konnektivit\u00e4t in die Region zu bringen. Wir sind Close, Coupled und Connected.\u201d<\/p>\n<p><\/em><strong>HARRO BEUSKER \u00b7 GR\u00dcNDER UND CEO<\/strong><\/p>\n\t\t\t\t\t\t\t\t<\/div>\n\t\t\t\t<\/div>\n\t\t\t\t\t<\/div>\n\t\t\t\t<\/div>\n\t\t<div class=\"elementor-element elementor-element-a90ee17 e-flex e-con-boxed e-con e-child\" data-id=\"a90ee17\" data-element_type=\"container\" data-e-type=\"container\">\n\t\t\t\t\t<div class=\"e-con-inner\">\n\t\t\t\t<div class=\"elementor-element elementor-element-f143820 elementor-widget elementor-widget-image\" data-id=\"f143820\" data-element_type=\"widget\" data-e-type=\"widget\" data-settings=\"{&quot;motion_fx_motion_fx_scrolling&quot;:&quot;yes&quot;,&quot;motion_fx_translateY_effect&quot;:&quot;yes&quot;,&quot;motion_fx_translateY_direction&quot;:&quot;negative&quot;,&quot;motion_fx_translateY_speed&quot;:{&quot;unit&quot;:&quot;px&quot;,&quot;size&quot;:1,&quot;sizes&quot;:[]},&quot;motion_fx_translateY_affectedRange&quot;:{&quot;unit&quot;:&quot;%&quot;,&quot;size&quot;:&quot;&quot;,&quot;sizes&quot;:{&quot;start&quot;:27,&quot;end&quot;:71}},&quot;motion_fx_devices&quot;:[&quot;desktop&quot;,&quot;tablet&quot;,&quot;mobile&quot;]}\" data-widget_type=\"image.default\">\n\t\t\t\t<div class=\"elementor-widget-container\">\n\t\t\t\t\t\t\t\t\t\t\t\t\t\t\t<img fetchpriority=\"high\" decoding=\"async\" width=\"500\" height=\"607\" src=\"https:\/\/www.nlighten.com\/wp-content\/uploads\/2024\/04\/Harro-Beusker-p-500.webp\" class=\"attachment-large size-large wp-image-3465\" alt=\"Harro Beusker\" srcset=\"https:\/\/www.nlighten.com\/wp-content\/uploads\/2024\/04\/Harro-Beusker-p-500.webp 500w, https:\/\/www.nlighten.com\/wp-content\/uploads\/2024\/04\/Harro-Beusker-p-500-247x300.webp 247w\" sizes=\"(max-width: 500px) 100vw, 500px\" \/>\t\t\t\t\t\t\t\t\t\t\t\t\t\t\t<\/div>\n\t\t\t\t<\/div>\n\t\t\t\t<div class=\"elementor-element elementor-element-30e3127 elementor-widget elementor-widget-image\" data-id=\"30e3127\" data-element_type=\"widget\" data-e-type=\"widget\" data-settings=\"{&quot;motion_fx_motion_fx_scrolling&quot;:&quot;yes&quot;,&quot;motion_fx_translateY_effect&quot;:&quot;yes&quot;,&quot;motion_fx_translateY_direction&quot;:&quot;negative&quot;,&quot;motion_fx_translateY_speed&quot;:{&quot;unit&quot;:&quot;px&quot;,&quot;size&quot;:1,&quot;sizes&quot;:[]},&quot;motion_fx_translateY_affectedRange&quot;:{&quot;unit&quot;:&quot;%&quot;,&quot;size&quot;:&quot;&quot;,&quot;sizes&quot;:{&quot;start&quot;:27,&quot;end&quot;:71}},&quot;motion_fx_devices&quot;:[&quot;desktop&quot;,&quot;tablet&quot;,&quot;mobile&quot;]}\" data-widget_type=\"image.default\">\n\t\t\t\t<div class=\"elementor-widget-container\">\n\t\t\t\t\t\t\t\t\t\t\t\t\t\t\t<img decoding=\"async\" width=\"500\" height=\"650\" src=\"https:\/\/www.nlighten.com\/wp-content\/uploads\/2024\/04\/Chad-McCarthy-p-500.webp\" class=\"attachment-large size-large wp-image-3762\" alt=\"Chad McCarthy\" srcset=\"https:\/\/www.nlighten.com\/wp-content\/uploads\/2024\/04\/Chad-McCarthy-p-500.webp 500w, https:\/\/www.nlighten.com\/wp-content\/uploads\/2024\/04\/Chad-McCarthy-p-500-231x300.webp 231w\" sizes=\"(max-width: 500px) 100vw, 500px\" \/>\t\t\t\t\t\t\t\t\t\t\t\t\t\t\t<\/div>\n\t\t\t\t<\/div>\n\t\t\t\t\t<\/div>\n\t\t\t\t<\/div>\n\t\t<div class=\"elementor-element elementor-element-bb34aab e-flex e-con-boxed e-con e-child\" data-id=\"bb34aab\" data-element_type=\"container\" data-e-type=\"container\">\n\t\t\t\t\t<div class=\"e-con-inner\">\n\t\t\t\t<div class=\"elementor-element elementor-element-799a8c9 elementor-widget elementor-widget-text-editor\" data-id=\"799a8c9\" data-element_type=\"widget\" data-e-type=\"widget\" data-widget_type=\"text-editor.default\">\n\t\t\t\t<div class=\"elementor-widget-container\">\n\t\t\t\t\t\t\t\t\t<p><em>\u201cDurch die Integration von Rechenzentren in kommunale Energieinitiativen legen wir den Grundstein f\u00fcr eine nachhaltigere digitale Wirtschaft.\u201d<\/em><\/p>\n<p><strong>CHAD MCCARTHY \u00b7 GR\u00dcNDER UND CTO<\/strong><\/p>\n\t\t\t\t\t\t\t\t<\/div>\n\t\t\t\t<\/div>\n\t\t\t\t\t<\/div>\n\t\t\t\t<\/div>\n\t\t\t\t\t<\/div>\n\t\t\t\t<\/div>\n\t\t<div class=\"elementor-element elementor-element-92bb1d4 e-flex e-con-boxed e-con e-parent\" data-id=\"92bb1d4\" data-element_type=\"container\" data-e-type=\"container\">\n\t\t\t\t\t<div class=\"e-con-inner\">\n\t\t\t\t<div class=\"elementor-element elementor-element-42a136a elementor-widget__width-initial elementor-widget elementor-widget-text-editor\" data-id=\"42a136a\" data-element_type=\"widget\" data-e-type=\"widget\" data-widget_type=\"text-editor.default\">\n\t\t\t\t<div class=\"elementor-widget-container\">\n\t\t\t\t\t\t\t\t\t<div class=\"ceos-description-text\">\n\nWerden Sie ein Teil der (R)Evolution des Rechenzentrums. nLighten ist die richtige Wahl f\u00fcr Sie, wenn Sie Gesch\u00e4ftsanwendungen betreiben m\u00fcssen, die f\u00fcr Sie und Ihre Stakeholder einen Mehrwert schaffen.\n\n<\/div>\n<div class=\"ceos-description-text\">nLighten ist eine digitale Infrastrukturplattform von <a style=\"font-size:var(--text-l);\" href=\"https:\/\/isquaredcapital.com\/\" target=\"_blank\" rel=\"noopener\" aria-label=\"I Squared Capital - opens in new window\">I Squared Capital<\/a>, einem weltweit f\u00fchrenden Infrastrukturinvestor.<\/div>\t\t\t\t\t\t\t\t<\/div>\n\t\t\t\t<\/div>\n\t\t\t\t\t<\/div>\n\t\t\t\t<\/div>\n\t\t<div class=\"elementor-element elementor-element-8fd9d54 e-flex e-con-boxed e-con e-parent\" data-id=\"8fd9d54\" data-element_type=\"container\" data-e-type=\"container\" data-settings=\"{&quot;background_background&quot;:&quot;gradient&quot;}\">\n\t\t\t\t\t<div class=\"e-con-inner\">\n\t\t\t\t<div class=\"elementor-element elementor-element-5920c50 elementor-widget__width-initial elementor-widget-mobile__width-inherit elementor-widget elementor-widget-text-editor\" data-id=\"5920c50\" data-element_type=\"widget\" data-e-type=\"widget\" data-widget_type=\"text-editor.default\">\n\t\t\t\t<div class=\"elementor-widget-container\">\n\t\t\t\t\t\t\t\t\t<p>Haben Sie eine Frage, ein Anliegen oder wollen Sie einfach mit uns ins Gespr\u00e4ch kommen?<\/p>\n\t\t\t\t\t\t\t\t<\/div>\n\t\t\t\t<\/div>\n\t\t\t\t<div class=\"elementor-element elementor-element-134ce78 elementor-widget elementor-widget-button\" data-id=\"134ce78\" data-element_type=\"widget\" data-e-type=\"widget\" data-widget_type=\"button.default\">\n\t\t\t\t<div class=\"elementor-widget-container\">\n\t\t\t\t\t\t\t\t\t<div class=\"elementor-button-wrapper\">\n\t\t\t\t\t<a class=\"elementor-button elementor-button-link elementor-size-sm\" href=\"https:\/\/www.nlighten.com\/de\/allgemeine-anfragen\/\">\n\t\t\t\t\t\t<span class=\"elementor-button-content-wrapper\">\n\t\t\t\t\t\t\t\t\t<span class=\"elementor-button-text\">Kontaktieren Sie uns<\/span>\n\t\t\t\t\t<\/span>\n\t\t\t\t\t<\/a>\n\t\t\t\t<\/div>\n\t\t\t\t\t\t\t\t<\/div>\n\t\t\t\t<\/div>\n\t\t\t\t\t<\/div>\n\t\t\t\t<\/div>\n\t\t\t\t<\/div>\n\t\t","protected":false},"excerpt":{"rendered":"<p>Wer wir sind Unsere Gr\u00fcnder, Harro Beusker und Chad McCarthy, sind beide Veteranen in der europ\u00e4ischen Rechenzentrumsbranche. Sie setzten ihre Vision in die Tat um und schufen mit nLighten eine &#8230; <a title=\"\u00dcber uns\" class=\"read-more\" href=\"https:\/\/www.nlighten.com\/de\/ueber-uns\/\" aria-label=\"Mehr Informationen \u00fcber \u00dcber uns\">Weiterlesen<\/a><\/p>\n","protected":false},"author":2,"featured_media":0,"parent":0,"menu_order":0,"comment_status":"closed","ping_status":"closed","template":"","meta":{"_acf_changed":false,"footnotes":""},"class_list":["post-3808","page","type-page","status-publish"],"acf":[],"yoast_head":"<!-- This site is optimized with the Yoast SEO plugin v27.4 - https:\/\/yoast.com\/product\/yoast-seo-wordpress\/ -->\n<title>Unsere Mission: hochmoderne Edge-Rechenzentren | nLighten<\/title>\n<meta name=\"description\" content=\"Rechenzentrumsplattformen, die Spitzenperformance mit Nachhaltigkeit verbinden.\" \/>\n<meta name=\"robots\" content=\"index, follow, max-snippet:-1, max-image-preview:large, max-video-preview:-1\" \/>\n<link rel=\"canonical\" href=\"https:\/\/www.nlighten.com\/de\/ueber-uns\/\" \/>\n<meta property=\"og:locale\" content=\"de_DE\" \/>\n<meta property=\"og:type\" content=\"article\" \/>\n<meta property=\"og:title\" content=\"Unsere Mission: hochmoderne Edge-Rechenzentren | nLighten\" \/>\n<meta property=\"og:description\" content=\"Rechenzentrumsplattformen, die Spitzenperformance mit Nachhaltigkeit verbinden.\" \/>\n<meta property=\"og:url\" content=\"https:\/\/www.nlighten.com\/de\/ueber-uns\/\" \/>\n<meta property=\"og:site_name\" content=\"nLighten\" \/>\n<meta property=\"article:modified_time\" content=\"2026-04-13T11:40:33+00:00\" \/>\n<meta property=\"og:image\" content=\"https:\/\/www.nlighten.com\/wp-content\/uploads\/2024\/04\/Harro-Beusker-p-500.webp\" \/>\n<meta name=\"twitter:card\" content=\"summary_large_image\" \/>\n<meta name=\"twitter:label1\" content=\"Gesch\u00e4tzte Lesezeit\" \/>\n\t<meta name=\"twitter:data1\" content=\"2\u00a0Minuten\" \/>\n<script type=\"application\/ld+json\" class=\"yoast-schema-graph\">{\"@context\":\"https:\\\/\\\/schema.org\",\"@graph\":[{\"@type\":\"WebPage\",\"@id\":\"https:\\\/\\\/www.nlighten.com\\\/de\\\/ueber-uns\\\/\",\"url\":\"https:\\\/\\\/www.nlighten.com\\\/de\\\/ueber-uns\\\/\",\"name\":\"Unsere Mission: hochmoderne Edge-Rechenzentren | nLighten\",\"isPartOf\":{\"@id\":\"https:\\\/\\\/www.nlighten.com\\\/de\\\/#website\"},\"primaryImageOfPage\":{\"@id\":\"https:\\\/\\\/www.nlighten.com\\\/de\\\/ueber-uns\\\/#primaryimage\"},\"image\":{\"@id\":\"https:\\\/\\\/www.nlighten.com\\\/de\\\/ueber-uns\\\/#primaryimage\"},\"thumbnailUrl\":\"https:\\\/\\\/www.nlighten.com\\\/wp-content\\\/uploads\\\/2024\\\/04\\\/Harro-Beusker-p-500.webp\",\"datePublished\":\"2024-04-25T16:11:27+00:00\",\"dateModified\":\"2026-04-13T11:40:33+00:00\",\"description\":\"Rechenzentrumsplattformen, die Spitzenperformance mit Nachhaltigkeit verbinden.\",\"breadcrumb\":{\"@id\":\"https:\\\/\\\/www.nlighten.com\\\/de\\\/ueber-uns\\\/#breadcrumb\"},\"inLanguage\":\"de\",\"potentialAction\":[{\"@type\":\"ReadAction\",\"target\":[\"https:\\\/\\\/www.nlighten.com\\\/de\\\/ueber-uns\\\/\"]}]},{\"@type\":\"ImageObject\",\"inLanguage\":\"de\",\"@id\":\"https:\\\/\\\/www.nlighten.com\\\/de\\\/ueber-uns\\\/#primaryimage\",\"url\":\"https:\\\/\\\/www.nlighten.com\\\/wp-content\\\/uploads\\\/2024\\\/04\\\/Harro-Beusker-p-500.webp\",\"contentUrl\":\"https:\\\/\\\/www.nlighten.com\\\/wp-content\\\/uploads\\\/2024\\\/04\\\/Harro-Beusker-p-500.webp\"},{\"@type\":\"BreadcrumbList\",\"@id\":\"https:\\\/\\\/www.nlighten.com\\\/de\\\/ueber-uns\\\/#breadcrumb\",\"itemListElement\":[{\"@type\":\"ListItem\",\"position\":1,\"name\":\"Home\",\"item\":\"https:\\\/\\\/www.nlighten.com\\\/de\\\/\"},{\"@type\":\"ListItem\",\"position\":2,\"name\":\"\u00dcber uns\"}]},{\"@type\":\"WebSite\",\"@id\":\"https:\\\/\\\/www.nlighten.com\\\/de\\\/#website\",\"url\":\"https:\\\/\\\/www.nlighten.com\\\/de\\\/\",\"name\":\"nLighten\",\"description\":\"\",\"publisher\":{\"@id\":\"https:\\\/\\\/www.nlighten.com\\\/de\\\/#organization\"},\"potentialAction\":[{\"@type\":\"SearchAction\",\"target\":{\"@type\":\"EntryPoint\",\"urlTemplate\":\"https:\\\/\\\/www.nlighten.com\\\/de\\\/?s={search_term_string}\"},\"query-input\":{\"@type\":\"PropertyValueSpecification\",\"valueRequired\":true,\"valueName\":\"search_term_string\"}}],\"inLanguage\":\"de\"},{\"@type\":\"Organization\",\"@id\":\"https:\\\/\\\/www.nlighten.com\\\/de\\\/#organization\",\"name\":\"nLighten\",\"url\":\"https:\\\/\\\/www.nlighten.com\\\/de\\\/\",\"logo\":{\"@type\":\"ImageObject\",\"inLanguage\":\"de\",\"@id\":\"https:\\\/\\\/www.nlighten.com\\\/de\\\/#\\\/schema\\\/logo\\\/image\\\/\",\"url\":\"https:\\\/\\\/www.nlighten.com\\\/wp-content\\\/uploads\\\/2024\\\/05\\\/nlighten_logo_green_bg.png\",\"contentUrl\":\"https:\\\/\\\/www.nlighten.com\\\/wp-content\\\/uploads\\\/2024\\\/05\\\/nlighten_logo_green_bg.png\",\"width\":696,\"height\":696,\"caption\":\"nLighten\"},\"image\":{\"@id\":\"https:\\\/\\\/www.nlighten.com\\\/de\\\/#\\\/schema\\\/logo\\\/image\\\/\"},\"sameAs\":[\"https:\\\/\\\/www.linkedin.com\\\/company\\\/nlighten-datacenters\\\/\"]}]}<\/script>\n<!-- \/ Yoast SEO plugin. -->","yoast_head_json":{"title":"Unsere Mission: hochmoderne Edge-Rechenzentren | nLighten","description":"Rechenzentrumsplattformen, die Spitzenperformance mit Nachhaltigkeit verbinden.","robots":{"index":"index","follow":"follow","max-snippet":"max-snippet:-1","max-image-preview":"max-image-preview:large","max-video-preview":"max-video-preview:-1"},"canonical":"https:\/\/www.nlighten.com\/de\/ueber-uns\/","og_locale":"de_DE","og_type":"article","og_title":"Unsere Mission: hochmoderne Edge-Rechenzentren | nLighten","og_description":"Rechenzentrumsplattformen, die Spitzenperformance mit Nachhaltigkeit verbinden.","og_url":"https:\/\/www.nlighten.com\/de\/ueber-uns\/","og_site_name":"nLighten","article_modified_time":"2026-04-13T11:40:33+00:00","og_image":[{"url":"https:\/\/www.nlighten.com\/wp-content\/uploads\/2024\/04\/Harro-Beusker-p-500.webp","type":"","width":"","height":""}],"twitter_card":"summary_large_image","twitter_misc":{"Gesch\u00e4tzte Lesezeit":"2\u00a0Minuten"},"schema":{"@context":"https:\/\/schema.org","@graph":[{"@type":"WebPage","@id":"https:\/\/www.nlighten.com\/de\/ueber-uns\/","url":"https:\/\/www.nlighten.com\/de\/ueber-uns\/","name":"Unsere Mission: hochmoderne Edge-Rechenzentren | nLighten","isPartOf":{"@id":"https:\/\/www.nlighten.com\/de\/#website"},"primaryImageOfPage":{"@id":"https:\/\/www.nlighten.com\/de\/ueber-uns\/#primaryimage"},"image":{"@id":"https:\/\/www.nlighten.com\/de\/ueber-uns\/#primaryimage"},"thumbnailUrl":"https:\/\/www.nlighten.com\/wp-content\/uploads\/2024\/04\/Harro-Beusker-p-500.webp","datePublished":"2024-04-25T16:11:27+00:00","dateModified":"2026-04-13T11:40:33+00:00","description":"Rechenzentrumsplattformen, die Spitzenperformance mit Nachhaltigkeit verbinden.","breadcrumb":{"@id":"https:\/\/www.nlighten.com\/de\/ueber-uns\/#breadcrumb"},"inLanguage":"de","potentialAction":[{"@type":"ReadAction","target":["https:\/\/www.nlighten.com\/de\/ueber-uns\/"]}]},{"@type":"ImageObject","inLanguage":"de","@id":"https:\/\/www.nlighten.com\/de\/ueber-uns\/#primaryimage","url":"https:\/\/www.nlighten.com\/wp-content\/uploads\/2024\/04\/Harro-Beusker-p-500.webp","contentUrl":"https:\/\/www.nlighten.com\/wp-content\/uploads\/2024\/04\/Harro-Beusker-p-500.webp"},{"@type":"BreadcrumbList","@id":"https:\/\/www.nlighten.com\/de\/ueber-uns\/#breadcrumb","itemListElement":[{"@type":"ListItem","position":1,"name":"Home","item":"https:\/\/www.nlighten.com\/de\/"},{"@type":"ListItem","position":2,"name":"\u00dcber uns"}]},{"@type":"WebSite","@id":"https:\/\/www.nlighten.com\/de\/#website","url":"https:\/\/www.nlighten.com\/de\/","name":"nLighten","description":"","publisher":{"@id":"https:\/\/www.nlighten.com\/de\/#organization"},"potentialAction":[{"@type":"SearchAction","target":{"@type":"EntryPoint","urlTemplate":"https:\/\/www.nlighten.com\/de\/?s={search_term_string}"},"query-input":{"@type":"PropertyValueSpecification","valueRequired":true,"valueName":"search_term_string"}}],"inLanguage":"de"},{"@type":"Organization","@id":"https:\/\/www.nlighten.com\/de\/#organization","name":"nLighten","url":"https:\/\/www.nlighten.com\/de\/","logo":{"@type":"ImageObject","inLanguage":"de","@id":"https:\/\/www.nlighten.com\/de\/#\/schema\/logo\/image\/","url":"https:\/\/www.nlighten.com\/wp-content\/uploads\/2024\/05\/nlighten_logo_green_bg.png","contentUrl":"https:\/\/www.nlighten.com\/wp-content\/uploads\/2024\/05\/nlighten_logo_green_bg.png","width":696,"height":696,"caption":"nLighten"},"image":{"@id":"https:\/\/www.nlighten.com\/de\/#\/schema\/logo\/image\/"},"sameAs":["https:\/\/www.linkedin.com\/company\/nlighten-datacenters\/"]}]}},"publishpress_future_workflow_manual_trigger":{"enabledWorkflows":[]},"_links":{"self":[{"href":"https:\/\/www.nlighten.com\/de\/wp-json\/wp\/v2\/pages\/3808","targetHints":{"allow":["GET"]}}],"collection":[{"href":"https:\/\/www.nlighten.com\/de\/wp-json\/wp\/v2\/pages"}],"about":[{"href":"https:\/\/www.nlighten.com\/de\/wp-json\/wp\/v2\/types\/page"}],"author":[{"embeddable":true,"href":"https:\/\/www.nlighten.com\/de\/wp-json\/wp\/v2\/users\/2"}],"replies":[{"embeddable":true,"href":"https:\/\/www.nlighten.com\/de\/wp-json\/wp\/v2\/comments?post=3808"}],"version-history":[{"count":3,"href":"https:\/\/www.nlighten.com\/de\/wp-json\/wp\/v2\/pages\/3808\/revisions"}],"predecessor-version":[{"id":27370,"href":"https:\/\/www.nlighten.com\/de\/wp-json\/wp\/v2\/pages\/3808\/revisions\/27370"}],"wp:attachment":[{"href":"https:\/\/www.nlighten.com\/de\/wp-json\/wp\/v2\/media?parent=3808"}],"curies":[{"name":"wp","href":"https:\/\/api.w.org\/{rel}","templated":true}]}}